{"id":4233,"date":"2025-12-19T03:56:56","date_gmt":"2025-12-19T03:56:56","guid":{"rendered":"https:\/\/www.queencncmachinery.com\/?post_type=product&#038;p=4233"},"modified":"2025-12-19T03:59:00","modified_gmt":"2025-12-19T03:59:00","slug":"nesting-atc-cnc-router-with-loading-and-unloading-table-and-labeling-and-drilling-bank-and-saw","status":"publish","type":"product","link":"https:\/\/www.queencncmachinery.com\/tr\/urun\/nesting-atc-cnc-router-with-loading-and-unloading-table-and-labeling-and-drilling-bank-and-saw\/","title":{"rendered":"Y\u00fckleme ve bo\u015faltma masas\u0131, etiketleme ve delme bankas\u0131 ve testere ile yerle\u015ftirme ATC CNC router"},"content":{"rendered":"<p><strong>Y\u00fckleme ve bo\u015faltma masas\u0131, etiketleme ve delme bankas\u0131 ve testere ile yerle\u015ftirme ATC CNC router<\/strong><\/p>\n<table>\n<tbody>\n<tr>\n<td width=\"333\">Model (iste\u011fe ba\u011fl\u0131)<\/td>\n<td width=\"518\">QN1530L<\/td>\n<\/tr>\n<tr>\n<td width=\"333\">X\uff0cY\uff0cZ ekseni \u00e7al\u0131\u015fma alan\u0131<\/td>\n<td width=\"518\">1500*3000*200mm<\/td>\n<\/tr>\n<tr>\n<td width=\"333\">K\u0131lavuz ray<\/td>\n<td width=\"518\">Taiwan30 T-Win Kare k\u0131lavuz lineer ray<\/td>\n<\/tr>\n<tr>\n<td width=\"333\">X,Y yap\u0131s\u0131<\/td>\n<td width=\"518\">Y\u00fcksek hassasiyetli kremayer ve pinyon \u015fanz\u0131man<\/td>\n<\/tr>\n<tr>\n<td width=\"333\">Z ekseni<\/td>\n<td width=\"518\">TBI vidal\u0131 mil<\/td>\n<\/tr>\n<tr>\n<td width=\"333\">Kontrol sistemi<\/td>\n<td width=\"518\">Syntec kontrol sistemi<\/td>\n<\/tr>\n<tr>\n<td width=\"333\">B\u00fct\u00fcn yap\u0131<\/td>\n<td width=\"518\">D\u00f6kme \u00e7elik<\/td>\n<\/tr>\n<tr>\n<td width=\"333\">Maksimum Makine r\u00f6lanti h\u0131z\u0131<\/td>\n<td width=\"518\">70m\/dak<\/td>\n<\/tr>\n<tr>\n<td width=\"333\">Maksimum grav\u00fcr h\u0131z\u0131<\/td>\n<td width=\"518\">30m\/dak<\/td>\n<\/tr>\n<tr>\n<td width=\"333\">Maksimum kesme h\u0131z\u0131<\/td>\n<td width=\"518\">20m\/dak<\/td>\n<\/tr>\n<tr>\n<td width=\"333\">\u00c7\u00f6z\u00fcn\u00fcrl\u00fck<\/td>\n<td width=\"518\">0.01mm<\/td>\n<\/tr>\n<tr>\n<td width=\"333\">\u0130\u015fleme do\u011frulu\u011fu<\/td>\n<td width=\"518\">&lt;0,05 mm<\/td>\n<\/tr>\n<tr>\n<td width=\"333\">Ah\u015fap tutma<\/td>\n<td width=\"518\">Vakum emilimi (emme yoluyla)<\/td>\n<\/tr>\n<tr>\n<td width=\"333\">Rekabet\u00e7i yaz\u0131l\u0131m<\/td>\n<td width=\"518\">AutoCAD,Artcam,Photoshop,Type3,Artcut,Ucancam,powermill<\/td>\n<\/tr>\n<tr>\n<td width=\"333\">Imagine format\u0131nda grafik<\/td>\n<td width=\"518\">BMP,GIF,JPGE,PCX,TGA,TIFF,PTLCDR,DMG,DXF,<\/td>\n<\/tr>\n<tr>\n<td width=\"333\">\u0130\u015f mili g\u00fcc\u00fc<\/td>\n<td width=\"518\">11KW HQD ATC hava so\u011futmal\u0131 i\u015f mili<\/td>\n<\/tr>\n<tr>\n<td width=\"333\">\u0130\u015f mili d\u00f6n\u00fc\u015f h\u0131z\u0131<\/td>\n<td width=\"518\">6000-24000rmp\/dk<\/td>\n<\/tr>\n<tr>\n<td width=\"333\">Ara\u00e7 dergisi<\/td>\n<td width=\"518\">Lineer ATC sistemi, beyaz 16 adet kesici<\/td>\n<\/tr>\n<tr>\n<td width=\"333\">Sondaj Blo\u011fu<\/td>\n<td width=\"518\">12 dikey sondaj+4 Yatay Sondaj<\/td>\n<\/tr>\n<tr>\n<td width=\"333\">Kesici \u00e7ap\u0131<\/td>\n<td width=\"518\">\u03c63.175~\u03c620<\/td>\n<\/tr>\n<tr>\n<td width=\"333\">S\u00fcr\u00fc\u015f sistemi<\/td>\n<td width=\"518\">1500W Leadshine servo sistemi<\/td>\n<\/tr>\n<tr>\n<td width=\"333\">\u0130\u015fletim dili<\/td>\n<td width=\"518\">G kodu, plt, mmg, uoo, bmp, F\/S<\/td>\n<\/tr>\n<tr>\n<td width=\"333\">\u00c7al\u0131\u015fma gerilimi<\/td>\n<td width=\"518\">AC380V\/50Hz veya 220V<\/td>\n<\/tr>\n<tr>\n<td width=\"333\">\u00c7al\u0131\u015fma ortam\u0131<\/td>\n<td width=\"518\">Temperature:0-45;Humidity:30%~70%<\/td>\n<\/tr>\n<tr>\n<td width=\"333\">Opsiyonel par\u00e7alar ile<\/td>\n<td width=\"518\">Vakumlu \u00e7al\u0131\u015fma masas\u0131, toz toplay\u0131c\u0131<\/td>\n<\/tr>\n<tr>\n<td width=\"333\">Makine par\u00e7alar\u0131<\/td>\n<td width=\"518\">11kw HQD hava so\u011futmal\u0131 i\u015f mili<\/p>\n<p>Leadshine servo motor ve s\u00fcr\u00fcc\u00fc<\/p>\n<p>Syntec kontrol sistemi<\/p>\n<p>Tayvan 30 kare k\u0131lavuz ray<\/p>\n<p>11KW invert\u00f6r ekipman\u0131<\/p>\n<p>2 adet 7.5KW Kuru vakum pompas\u0131 ve vakum \u00e7al\u0131\u015fma masas\u0131<\/p>\n<p>Otomatik ya\u011flama sistemi<\/p>\n<p>otomatik tak\u0131m \u00f6l\u00e7\u00fcm\u00fc<\/p>\n<p>Shimpo Red\u00fckt\u00f6r<\/p>\n<p>16 tak\u0131m tutucu ve pensler<\/p>\n<p>Toz toplay\u0131c\u0131 3kw<\/p>\n<p>kontrol kutusu\/anahtar\/f\u0131r\u00e7a<\/td>\n<\/tr>\n<\/tbody>\n<\/table>\n<p>Nesting CNC Router Makine detaylar\u0131:<\/p>\n<p><img alt=\"\" fetchpriority=\"high\" decoding=\"async\" class=\"alignnone size-full wp-image-4241\" src=\"https:\/\/www.queencncmachinery.com\/wp-content\/uploads\/2025\/12\/IMG_3783-scaled.jpg\" width=\"2560\" height=\"1920\" srcset=\"https:\/\/www.queencncmachinery.com\/wp-content\/uploads\/2025\/12\/IMG_3783-scaled.jpg 2560w, https:\/\/www.queencncmachinery.com\/wp-content\/uploads\/2025\/12\/IMG_3783-300x225.jpg 300w, https:\/\/www.queencncmachinery.com\/wp-content\/uploads\/2025\/12\/IMG_3783-1024x768.jpg 1024w, https:\/\/www.queencncmachinery.com\/wp-content\/uploads\/2025\/12\/IMG_3783-768x576.jpg 768w, https:\/\/www.queencncmachinery.com\/wp-content\/uploads\/2025\/12\/IMG_3783-1536x1152.jpg 1536w, https:\/\/www.queencncmachinery.com\/wp-content\/uploads\/2025\/12\/IMG_3783-2048x1536.jpg 2048w, https:\/\/www.queencncmachinery.com\/wp-content\/uploads\/2025\/12\/IMG_3783-16x12.jpg 16w, https:\/\/www.queencncmachinery.com\/wp-content\/uploads\/2025\/12\/IMG_3783-800x600.jpg 800w\" sizes=\"(max-width: 2560px) 100vw, 2560px\" \/> <img alt=\"\" decoding=\"async\" class=\"alignnone size-full wp-image-4242\" src=\"https:\/\/www.queencncmachinery.com\/wp-content\/uploads\/2025\/12\/IMG_3788-scaled.jpg\" width=\"2560\" height=\"1920\" srcset=\"https:\/\/www.queencncmachinery.com\/wp-content\/uploads\/2025\/12\/IMG_3788-scaled.jpg 2560w, https:\/\/www.queencncmachinery.com\/wp-content\/uploads\/2025\/12\/IMG_3788-300x225.jpg 300w, https:\/\/www.queencncmachinery.com\/wp-content\/uploads\/2025\/12\/IMG_3788-1024x768.jpg 1024w, https:\/\/www.queencncmachinery.com\/wp-content\/uploads\/2025\/12\/IMG_3788-768x576.jpg 768w, https:\/\/www.queencncmachinery.com\/wp-content\/uploads\/2025\/12\/IMG_3788-1536x1152.jpg 1536w, https:\/\/www.queencncmachinery.com\/wp-content\/uploads\/2025\/12\/IMG_3788-2048x1536.jpg 2048w, https:\/\/www.queencncmachinery.com\/wp-content\/uploads\/2025\/12\/IMG_3788-16x12.jpg 16w, https:\/\/www.queencncmachinery.com\/wp-content\/uploads\/2025\/12\/IMG_3788-800x600.jpg 800w\" sizes=\"(max-width: 2560px) 100vw, 2560px\" \/><img alt=\"\" decoding=\"async\" class=\"alignnone size-full wp-image-4240\" src=\"https:\/\/www.queencncmachinery.com\/wp-content\/uploads\/2025\/12\/IMG_3759-scaled.jpg\" width=\"2560\" height=\"1920\" srcset=\"https:\/\/www.queencncmachinery.com\/wp-content\/uploads\/2025\/12\/IMG_3759-scaled.jpg 2560w, https:\/\/www.queencncmachinery.com\/wp-content\/uploads\/2025\/12\/IMG_3759-300x225.jpg 300w, https:\/\/www.queencncmachinery.com\/wp-content\/uploads\/2025\/12\/IMG_3759-1024x768.jpg 1024w, https:\/\/www.queencncmachinery.com\/wp-content\/uploads\/2025\/12\/IMG_3759-768x576.jpg 768w, https:\/\/www.queencncmachinery.com\/wp-content\/uploads\/2025\/12\/IMG_3759-1536x1152.jpg 1536w, https:\/\/www.queencncmachinery.com\/wp-content\/uploads\/2025\/12\/IMG_3759-2048x1536.jpg 2048w, https:\/\/www.queencncmachinery.com\/wp-content\/uploads\/2025\/12\/IMG_3759-16x12.jpg 16w, https:\/\/www.queencncmachinery.com\/wp-content\/uploads\/2025\/12\/IMG_3759-800x600.jpg 800w\" sizes=\"(max-width: 2560px) 100vw, 2560px\" \/><img alt=\"\" loading=\"lazy\" decoding=\"async\" class=\"alignnone size-full wp-image-4239\" src=\"https:\/\/www.queencncmachinery.com\/wp-content\/uploads\/2025\/12\/IMG_3733-scaled.jpg\" width=\"2560\" height=\"1920\" srcset=\"https:\/\/www.queencncmachinery.com\/wp-content\/uploads\/2025\/12\/IMG_3733-scaled.jpg 2560w, https:\/\/www.queencncmachinery.com\/wp-content\/uploads\/2025\/12\/IMG_3733-300x225.jpg 300w, https:\/\/www.queencncmachinery.com\/wp-content\/uploads\/2025\/12\/IMG_3733-1024x768.jpg 1024w, https:\/\/www.queencncmachinery.com\/wp-content\/uploads\/2025\/12\/IMG_3733-768x576.jpg 768w, https:\/\/www.queencncmachinery.com\/wp-content\/uploads\/2025\/12\/IMG_3733-1536x1152.jpg 1536w, https:\/\/www.queencncmachinery.com\/wp-content\/uploads\/2025\/12\/IMG_3733-2048x1536.jpg 2048w, https:\/\/www.queencncmachinery.com\/wp-content\/uploads\/2025\/12\/IMG_3733-16x12.jpg 16w, https:\/\/www.queencncmachinery.com\/wp-content\/uploads\/2025\/12\/IMG_3733-800x600.jpg 800w\" sizes=\"(max-width: 2560px) 100vw, 2560px\" \/><img alt=\"\" loading=\"lazy\" decoding=\"async\" class=\"alignnone size-full wp-image-4238\" src=\"https:\/\/www.queencncmachinery.com\/wp-content\/uploads\/2025\/12\/IMG_3698-scaled.jpg\" width=\"2560\" height=\"1920\" srcset=\"https:\/\/www.queencncmachinery.com\/wp-content\/uploads\/2025\/12\/IMG_3698-scaled.jpg 2560w, https:\/\/www.queencncmachinery.com\/wp-content\/uploads\/2025\/12\/IMG_3698-300x225.jpg 300w, https:\/\/www.queencncmachinery.com\/wp-content\/uploads\/2025\/12\/IMG_3698-1024x768.jpg 1024w, https:\/\/www.queencncmachinery.com\/wp-content\/uploads\/2025\/12\/IMG_3698-768x576.jpg 768w, https:\/\/www.queencncmachinery.com\/wp-content\/uploads\/2025\/12\/IMG_3698-1536x1152.jpg 1536w, https:\/\/www.queencncmachinery.com\/wp-content\/uploads\/2025\/12\/IMG_3698-2048x1536.jpg 2048w, https:\/\/www.queencncmachinery.com\/wp-content\/uploads\/2025\/12\/IMG_3698-16x12.jpg 16w, https:\/\/www.queencncmachinery.com\/wp-content\/uploads\/2025\/12\/IMG_3698-800x600.jpg 800w\" sizes=\"(max-width: 2560px) 100vw, 2560px\" \/><!--more--><\/p>","protected":false},"excerpt":{"rendered":"<p>Nesting ATC CNC router with loading and unloading table and labeling and drilling bank and saw Model (option) QN1530L X\uff0cY\uff0cZ axis working area 1500*3000*200mm Guide rail Taiwan30 T-Win Square guide linear rail X,Y structure High-precision rack and pinion transmission Z axis TBI ball screw Control system Syntec control system Whole structure Cast steel Max Machine [&hellip;]<\/p>","protected":false},"featured_media":4236,"comment_status":"open","ping_status":"closed","template":"","meta":{"_seopress_robots_primary_cat":"none","_seopress_titles_title":"","_seopress_titles_desc":"","_seopress_robots_index":"","_uag_custom_page_level_css":"","site-sidebar-layout":"default","site-content-layout":"","ast-site-content-layout":"default","site-content-style":"default","site-sidebar-style":"default","ast-global-header-display":"","ast-banner-title-visibility":"","ast-main-header-display":"","ast-hfb-above-header-display":"","ast-hfb-below-header-display":"","ast-hfb-mobile-header-display":"","site-post-title":"","ast-breadcrumbs-content":"","ast-featured-img":"","footer-sml-layout":"","ast-disable-related-posts":"","theme-transparent-header-meta":"default","adv-header-id-meta":"","stick-header-meta":"default","header-above-stick-meta":"","header-main-stick-meta":"","header-below-stick-meta":"","astra-migrate-meta-layouts":"set","ast-page-background-enabled":"default","ast-page-background-meta":{"desktop":{"background-color":"","background-image":"","background-repeat":"repeat","background-position":"center center","background-size":"auto","background-attachment":"scroll","background-type":"","background-media":"","overlay-type":"","overlay-color":"","overlay-opacity":"","overlay-gradient":""},"tablet":{"background-color":"","background-image":"","background-repeat":"repeat","background-position":"center center","background-size":"auto","background-attachment":"scroll","background-type":"","background-media":"","overlay-type":"","overlay-color":"","overlay-opacity":"","overlay-gradient":""},"mobile":{"background-color":"","background-image":"","background-repeat":"repeat","background-position":"center center","background-size":"auto","background-attachment":"scroll","background-type":"","background-media":"","overlay-type":"","overlay-color":"","overlay-opacity":"","overlay-gradient":""}},"ast-content-background-meta":{"desktop":{"background-color":"var(--ast-global-color-5)","background-image":"","background-repeat":"repeat","background-position":"center center","background-size":"auto","background-attachment":"scroll","background-type":"","background-media":"","overlay-type":"","overlay-color":"","overlay-opacity":"","overlay-gradient":""},"tablet":{"background-color":"var(--ast-global-color-5)","background-image":"","background-repeat":"repeat","background-position":"center center","background-size":"auto","background-attachment":"scroll","background-type":"","background-media":"","overlay-type":"","overlay-color":"","overlay-opacity":"","overlay-gradient":""},"mobile":{"background-color":"var(--ast-global-color-5)","background-image":"","background-repeat":"repeat","background-position":"center center","background-size":"auto","background-attachment":"scroll","background-type":"","background-media":"","overlay-type":"","overlay-color":"","overlay-opacity":"","overlay-gradient":""}}},"product_brand":[],"product_cat":[74],"product_tag":[],"class_list":{"0":"post-4233","1":"product","2":"type-product","3":"status-publish","4":"has-post-thumbnail","6":"product_cat-atc-cnc-router","7":"desktop-align-left","8":"tablet-align-left","9":"mobile-align-left","10":"ast-product-gallery-layout-horizontal-slider","11":"ast-magnify-disabled","12":"ast-product-tabs-layout-distributed","14":"first","15":"instock","16":"shipping-taxable","17":"product-type-simple"},"uagb_featured_image_src":{"full":["https:\/\/www.queencncmachinery.com\/wp-content\/uploads\/2025\/12\/\u5fae\u4fe1\u56fe\u7247_20250616135652.png",1076,579,false],"thumbnail":["https:\/\/www.queencncmachinery.com\/wp-content\/uploads\/2025\/12\/\u5fae\u4fe1\u56fe\u7247_20250616135652-150x150.png",150,150,true],"medium":["https:\/\/www.queencncmachinery.com\/wp-content\/uploads\/2025\/12\/\u5fae\u4fe1\u56fe\u7247_20250616135652-300x161.png",300,161,true],"medium_large":["https:\/\/www.queencncmachinery.com\/wp-content\/uploads\/2025\/12\/\u5fae\u4fe1\u56fe\u7247_20250616135652-768x413.png",768,413,true],"large":["https:\/\/www.queencncmachinery.com\/wp-content\/uploads\/2025\/12\/\u5fae\u4fe1\u56fe\u7247_20250616135652-1024x551.png",1024,551,true],"1536x1536":["https:\/\/www.queencncmachinery.com\/wp-content\/uploads\/2025\/12\/\u5fae\u4fe1\u56fe\u7247_20250616135652.png",1076,579,false],"2048x2048":["https:\/\/www.queencncmachinery.com\/wp-content\/uploads\/2025\/12\/\u5fae\u4fe1\u56fe\u7247_20250616135652.png",1076,579,false],"trp-custom-language-flag":["https:\/\/www.queencncmachinery.com\/wp-content\/uploads\/2025\/12\/\u5fae\u4fe1\u56fe\u7247_20250616135652-18x10.png",18,10,true],"woocommerce_thumbnail":["https:\/\/www.queencncmachinery.com\/wp-content\/uploads\/2025\/12\/\u5fae\u4fe1\u56fe\u7247_20250616135652-800x430.png",800,430,true],"woocommerce_single":["https:\/\/www.queencncmachinery.com\/wp-content\/uploads\/2025\/12\/\u5fae\u4fe1\u56fe\u7247_20250616135652-800x430.png",800,430,true],"woocommerce_gallery_thumbnail":["https:\/\/www.queencncmachinery.com\/wp-content\/uploads\/2025\/12\/\u5fae\u4fe1\u56fe\u7247_20250616135652-100x100.png",100,100,true]},"uagb_author_info":{"display_name":"jinxing6611@gmail.com","author_link":"https:\/\/www.queencncmachinery.com\/tr\/author\/"},"uagb_comment_info":0,"uagb_excerpt":"Nesting ATC CNC router with loading and unloading table and labeling and drilling bank and saw Model (option) QN1530L X\uff0cY\uff0cZ axis working area 1500*3000*200mm Guide rail Taiwan30 T-Win Square guide linear rail X,Y structure High-precision rack and pinion transmission Z axis TBI ball screw Control system Syntec control system Whole structure Cast steel Max Machine&hellip;","_links":{"self":[{"href":"https:\/\/www.queencncmachinery.com\/tr\/wp-json\/wp\/v2\/product\/4233","targetHints":{"allow":["GET"]}}],"collection":[{"href":"https:\/\/www.queencncmachinery.com\/tr\/wp-json\/wp\/v2\/product"}],"about":[{"href":"https:\/\/www.queencncmachinery.com\/tr\/wp-json\/wp\/v2\/types\/product"}],"replies":[{"embeddable":true,"href":"https:\/\/www.queencncmachinery.com\/tr\/wp-json\/wp\/v2\/comments?post=4233"}],"wp:featuredmedia":[{"embeddable":true,"href":"https:\/\/www.queencncmachinery.com\/tr\/wp-json\/wp\/v2\/media\/4236"}],"wp:attachment":[{"href":"https:\/\/www.queencncmachinery.com\/tr\/wp-json\/wp\/v2\/media?parent=4233"}],"wp:term":[{"taxonomy":"product_brand","embeddable":true,"href":"https:\/\/www.queencncmachinery.com\/tr\/wp-json\/wp\/v2\/product_brand?post=4233"},{"taxonomy":"product_cat","embeddable":true,"href":"https:\/\/www.queencncmachinery.com\/tr\/wp-json\/wp\/v2\/product_cat?post=4233"},{"taxonomy":"product_tag","embeddable":true,"href":"https:\/\/www.queencncmachinery.com\/tr\/wp-json\/wp\/v2\/product_tag?post=4233"}],"curies":[{"name":"wp","href":"https:\/\/api.w.org\/{rel}","templated":true}]}}