{"id":4218,"date":"2025-12-04T08:45:43","date_gmt":"2025-12-04T08:45:43","guid":{"rendered":"https:\/\/www.queencncmachinery.com\/?post_type=product&#038;p=4218"},"modified":"2025-12-04T08:48:45","modified_gmt":"2025-12-04T08:48:45","slug":"cnc-router-and-co2-laser-combined-machine","status":"publish","type":"product","link":"https:\/\/www.queencncmachinery.com\/tr\/urun\/cnc-router-and-co2-laser-combined-machine\/","title":{"rendered":"CNC Router ve Co2 lazer Kombine Makine"},"content":{"rendered":"<p><strong>CNC Router ve Co2 lazer Kombine Makine Parametreleri<\/strong><\/p>\n<table>\n<tbody>\n<tr>\n<td width=\"333\">Model (iste\u011fe ba\u011fl\u0131)<\/td>\n<td width=\"518\">QN1325L<\/td>\n<\/tr>\n<tr>\n<td width=\"333\">X\uff0cY\uff0cZ ekseni \u00e7al\u0131\u015fma alan\u0131<\/td>\n<td width=\"518\">1300*2500*200mm<\/td>\n<\/tr>\n<tr>\n<td width=\"333\">K\u0131lavuz ray<\/td>\n<td width=\"518\">Taiwan30 Kare k\u0131lavuz lineer ray<\/td>\n<\/tr>\n<tr>\n<td width=\"333\">X,Y yap\u0131s\u0131<\/td>\n<td width=\"518\">Y\u00fcksek hassasiyetli kremayer ve pinyon \u015fanz\u0131man<\/td>\n<\/tr>\n<tr>\n<td width=\"333\">Z ekseni<\/td>\n<td width=\"518\">bilyal\u0131 vida<\/td>\n<\/tr>\n<tr>\n<td width=\"333\">Kontrol sistemi<\/td>\n<td width=\"518\">LNC kontrol sistemi<\/td>\n<\/tr>\n<tr>\n<td width=\"333\">B\u00fct\u00fcn yap\u0131<\/td>\n<td width=\"518\">D\u00f6kme \u00e7elik<\/td>\n<\/tr>\n<tr>\n<td width=\"333\">Maksimum Makine r\u00f6lanti h\u0131z\u0131<\/td>\n<td width=\"518\">70m\/dak<\/td>\n<\/tr>\n<tr>\n<td width=\"333\">Maksimum \u00e7al\u0131\u015fma h\u0131z\u0131<\/td>\n<td width=\"518\">30m\/dak<\/td>\n<\/tr>\n<tr>\n<td width=\"333\">Maksimum kesme h\u0131z\u0131<\/td>\n<td width=\"518\">20m\/dak<\/td>\n<\/tr>\n<tr>\n<td width=\"333\">\u00c7\u00f6z\u00fcn\u00fcrl\u00fck<\/td>\n<td width=\"518\">0.01mm<\/td>\n<\/tr>\n<tr>\n<td width=\"333\">\u0130\u015fleme do\u011frulu\u011fu<\/td>\n<td width=\"518\">&lt;0,05 mm<\/td>\n<\/tr>\n<tr>\n<td width=\"333\">Ah\u015fap tutma<\/td>\n<td width=\"518\">Vakum emilimi (emme yoluyla)<\/td>\n<\/tr>\n<tr>\n<td width=\"333\">Rekabet\u00e7i yaz\u0131l\u0131m<\/td>\n<td width=\"518\">AutoCAD,Artcam,Photoshop,Type3,Artcut,Ucancam,powermill<\/td>\n<\/tr>\n<tr>\n<td width=\"333\">Imagine format\u0131nda grafik<\/td>\n<td width=\"518\">BMP,GIF,JPGE,PCX,TGA,TIFF,PTLCDR,DMG,DXF,<\/td>\n<\/tr>\n<tr>\n<td width=\"333\">\u0130\u015f mili g\u00fcc\u00fc<\/td>\n<td width=\"518\">9KW HQD ATC hava so\u011futmal\u0131 i\u015f mili<\/td>\n<\/tr>\n<tr>\n<td width=\"333\">\u0130\u015f mili d\u00f6n\u00fc\u015f h\u0131z\u0131<\/td>\n<td width=\"518\">6000-24000rmp\/dk<\/td>\n<\/tr>\n<tr>\n<td width=\"333\">Ara\u00e7 dergisi<\/td>\n<td width=\"518\">Lineer ATC sistemi, beyaz 12 adet kesici<\/td>\n<\/tr>\n<tr>\n<td width=\"333\">Kesici \u00e7ap\u0131<\/td>\n<td width=\"518\">\u03c63.175~\u03c625<\/td>\n<\/tr>\n<tr>\n<td width=\"333\">S\u00fcr\u00fc\u015f sistemi<\/td>\n<td width=\"518\">Leadshine servo sistemi<\/td>\n<\/tr>\n<tr>\n<td width=\"333\">\u0130\u015fletim dili<\/td>\n<td width=\"518\">G kodu, plt, mmg, uoo, bmp, F\/S<\/td>\n<\/tr>\n<tr>\n<td width=\"333\">\u00c7al\u0131\u015fma gerilimi<\/td>\n<td width=\"518\">AC380V\/50Hz veya 220V<\/td>\n<\/tr>\n<tr>\n<td width=\"333\">\u00c7al\u0131\u015fma ortam\u0131<\/td>\n<td width=\"518\">Temperature:0-45;Humidity:30%~70%<\/td>\n<\/tr>\n<tr>\n<td width=\"333\">Opsiyonel par\u00e7alar ile<\/td>\n<td width=\"518\">Vakumlu \u00e7al\u0131\u015fma masas\u0131, toz toplay\u0131c\u0131<\/td>\n<\/tr>\n<tr>\n<td width=\"333\">Makine par\u00e7alar\u0131<\/td>\n<td width=\"518\">9kw HQD hava so\u011futmal\u0131 i\u015f mili<\/p>\n<p>Leadshine servo motor ve s\u00fcr\u00fcc\u00fc<\/p>\n<p>LNC kontrol sistemi<\/p>\n<p>Tayvan 30 kare k\u0131lavuz ray<\/p>\n<p>11KW invert\u00f6r ekipman\u0131<\/p>\n<p>7.5KW Hava so\u011futmal\u0131 vakum pompas\u0131 ve vakum \u00e7al\u0131\u015fma masas\u0131<\/p>\n<p>Otomatik ya\u011flama sistemi<\/p>\n<p>otomatik tak\u0131m \u00f6l\u00e7\u00fcm\u00fc<\/p>\n<p>Shimpo Red\u00fckt\u00f6r<\/p>\n<p>12 tak\u0131m tutucu ve pensler<\/p>\n<p>Toz toplay\u0131c\u0131 3kw<\/p>\n<p>kontrol kutusu\/anahtar\/f\u0131r\u00e7a<\/p>\n<p>kullan\u0131m k\u0131lavuzu \/CD video\/tasar\u0131m yaz\u0131l\u0131m\u0131<\/td>\n<\/tr>\n<\/tbody>\n<\/table>\n<table>\n<tbody>\n<tr>\n<td width=\"277\">Lazer tipi<\/td>\n<td width=\"321\">M\u00fch\u00fcrl\u00fc CO<sub>2<\/sub>\u00a0lazer t\u00fcp\u00fc<\/td>\n<td rowspan=\"18\" width=\"371\">&nbsp;<\/p>\n<p><img alt=\"\" fetchpriority=\"high\" decoding=\"async\" class=\"alignnone size-full wp-image-4222\" src=\"https:\/\/www.queencncmachinery.com\/wp-content\/uploads\/2025\/12\/IMG_4810-scaled.jpg\" width=\"2560\" height=\"1920\" srcset=\"https:\/\/www.queencncmachinery.com\/wp-content\/uploads\/2025\/12\/IMG_4810-scaled.jpg 2560w, https:\/\/www.queencncmachinery.com\/wp-content\/uploads\/2025\/12\/IMG_4810-300x225.jpg 300w, https:\/\/www.queencncmachinery.com\/wp-content\/uploads\/2025\/12\/IMG_4810-1024x768.jpg 1024w, https:\/\/www.queencncmachinery.com\/wp-content\/uploads\/2025\/12\/IMG_4810-768x576.jpg 768w, https:\/\/www.queencncmachinery.com\/wp-content\/uploads\/2025\/12\/IMG_4810-1536x1152.jpg 1536w, https:\/\/www.queencncmachinery.com\/wp-content\/uploads\/2025\/12\/IMG_4810-2048x1536.jpg 2048w, https:\/\/www.queencncmachinery.com\/wp-content\/uploads\/2025\/12\/IMG_4810-16x12.jpg 16w, https:\/\/www.queencncmachinery.com\/wp-content\/uploads\/2025\/12\/IMG_4810-800x600.jpg 800w\" sizes=\"(max-width: 2560px) 100vw, 2560px\" \/><\/td>\n<\/tr>\n<tr>\n<td width=\"277\">Lazer g\u00fcc\u00fc<\/td>\n<td width=\"321\">150W lazer t\u00fcp\u00fc<\/td>\n<\/tr>\n<tr>\n<td width=\"277\">Kesim alan\u0131<\/td>\n<td width=\"321\">1300*2500mm<\/td>\n<\/tr>\n<tr>\n<td width=\"277\">Konum do\u011frulu\u011funu s\u0131f\u0131rlama<\/td>\n<td width=\"321\">+\/-0,05 mm<\/td>\n<\/tr>\n<tr>\n<td width=\"277\">\u00c7al\u0131\u015fma gerilimi<\/td>\n<td width=\"321\">AC110-220V +\/-10%.50-60HZ<\/td>\n<\/tr>\n<tr>\n<td width=\"277\">G\u00fc\u00e7<\/td>\n<td width=\"321\">Maksimum 1500W<\/td>\n<\/tr>\n<tr>\n<td width=\"277\">\u00c7al\u0131\u015fma s\u0131cakl\u0131\u011f\u0131<\/td>\n<td width=\"321\">0-45 derece<\/td>\n<\/tr>\n<tr>\n<td width=\"277\">\u00c7al\u0131\u015fma nemi<\/td>\n<td width=\"321\">5-95%<\/td>\n<\/tr>\n<tr>\n<td width=\"277\">Minimum \u015fekillendirme karakteri<\/td>\n<td width=\"321\">\u0130ngilizce 1*1mm<\/td>\n<\/tr>\n<tr>\n<td width=\"277\">Desteklenen grafik format\u0131<\/td>\n<td width=\"321\">BMP, PLT, DST, DXF ve AI<\/td>\n<\/tr>\n<tr>\n<td width=\"277\">S\u00fcr\u00fc\u015f sistemi<\/td>\n<td width=\"321\">Leadshine step S\u00fcr\u00fc\u015f<\/td>\n<\/tr>\n<tr>\n<td width=\"277\">So\u011futma modu<\/td>\n<td width=\"321\">Su so\u011futma ve koruma sistemi<\/td>\n<\/tr>\n<tr>\n<td width=\"277\">Yard\u0131mc\u0131 ekipman<\/td>\n<td width=\"321\">Egzoz fan\u0131, hava egzoz borusu, Hava kompres\u00f6r\u00fc<\/td>\n<\/tr>\n<tr>\n<td width=\"277\">Kontrol sistemi<\/td>\n<td width=\"321\">Ruida kontrol sistemi<\/td>\n<\/tr>\n<tr>\n<td width=\"277\">Uyumlu yaz\u0131l\u0131m<\/td>\n<td width=\"321\">Coreldraw otomatik CAD photoshop<\/td>\n<\/tr>\n<tr>\n<td width=\"277\">Lazer tipi<\/td>\n<td width=\"321\">M\u00fch\u00fcrl\u00fc CO<sub>2<\/sub>\u00a0lazer t\u00fcp\u00fc<\/td>\n<\/tr>\n<tr>\n<td width=\"277\">Konum do\u011frulu\u011funu s\u0131f\u0131rlama<\/td>\n<td width=\"321\">+\/-0,05 mm<\/td>\n<\/tr>\n<tr>\n<td width=\"277\">\u00c7al\u0131\u015fma gerilimi<\/td>\n<td width=\"321\">AC110-220V +\/-10%.50-60HZ<\/td>\n<\/tr>\n<\/tbody>\n<\/table>","protected":false},"excerpt":{"rendered":"<p>CNC Router And Co2 laser Combined Machine Parameters Model (option) QN1325L X\uff0cY\uff0cZ axis working area 1300*2500*200mm Guide rail Taiwan30 Square guide linear rail X,Y structure High-precision rack and pinion transmission Z axis ball screw Control system LNC control system Whole structure Cast steel Max Machine idling speed 70m\/min Max.working\u00a0speed 30m\/min Maxing cutting speed 20m\/min Resolution [&hellip;]<\/p>","protected":false},"featured_media":4221,"comment_status":"open","ping_status":"closed","template":"","meta":{"_seopress_robots_primary_cat":"none","_seopress_titles_title":"","_seopress_titles_desc":"","_seopress_robots_index":"","_uag_custom_page_level_css":"","site-sidebar-layout":"default","site-content-layout":"","ast-site-content-layout":"default","site-content-style":"default","site-sidebar-style":"default","ast-global-header-display":"","ast-banner-title-visibility":"","ast-main-header-display":"","ast-hfb-above-header-display":"","ast-hfb-below-header-display":"","ast-hfb-mobile-header-display":"","site-post-title":"","ast-breadcrumbs-content":"","ast-featured-img":"","footer-sml-layout":"","ast-disable-related-posts":"","theme-transparent-header-meta":"default","adv-header-id-meta":"","stick-header-meta":"default","header-above-stick-meta":"","header-main-stick-meta":"","header-below-stick-meta":"","astra-migrate-meta-layouts":"set","ast-page-background-enabled":"default","ast-page-background-meta":{"desktop":{"background-color":"","background-image":"","background-repeat":"repeat","background-position":"center center","background-size":"auto","background-attachment":"scroll","background-type":"","background-media":"","overlay-type":"","overlay-color":"","overlay-opacity":"","overlay-gradient":""},"tablet":{"background-color":"","background-image":"","background-repeat":"repeat","background-position":"center center","background-size":"auto","background-attachment":"scroll","background-type":"","background-media":"","overlay-type":"","overlay-color":"","overlay-opacity":"","overlay-gradient":""},"mobile":{"background-color":"","background-image":"","background-repeat":"repeat","background-position":"center center","background-size":"auto","background-attachment":"scroll","background-type":"","background-media":"","overlay-type":"","overlay-color":"","overlay-opacity":"","overlay-gradient":""}},"ast-content-background-meta":{"desktop":{"background-color":"var(--ast-global-color-5)","background-image":"","background-repeat":"repeat","background-position":"center center","background-size":"auto","background-attachment":"scroll","background-type":"","background-media":"","overlay-type":"","overlay-color":"","overlay-opacity":"","overlay-gradient":""},"tablet":{"background-color":"var(--ast-global-color-5)","background-image":"","background-repeat":"repeat","background-position":"center center","background-size":"auto","background-attachment":"scroll","background-type":"","background-media":"","overlay-type":"","overlay-color":"","overlay-opacity":"","overlay-gradient":""},"mobile":{"background-color":"var(--ast-global-color-5)","background-image":"","background-repeat":"repeat","background-position":"center center","background-size":"auto","background-attachment":"scroll","background-type":"","background-media":"","overlay-type":"","overlay-color":"","overlay-opacity":"","overlay-gradient":""}}},"product_brand":[],"product_cat":[74,70],"product_tag":[],"class_list":{"0":"post-4218","1":"product","2":"type-product","3":"status-publish","4":"has-post-thumbnail","6":"product_cat-atc-cnc-router","7":"product_cat-cnc-routers","8":"desktop-align-left","9":"tablet-align-left","10":"mobile-align-left","11":"ast-product-gallery-layout-horizontal-slider","12":"ast-magnify-disabled","13":"ast-product-tabs-layout-distributed","15":"first","16":"instock","17":"shipping-taxable","18":"product-type-simple"},"uagb_featured_image_src":{"full":["https:\/\/www.queencncmachinery.com\/wp-content\/uploads\/2025\/12\/\u5fae\u4fe1\u56fe\u7247_20240326173746.jpg",1920,1080,false],"thumbnail":["https:\/\/www.queencncmachinery.com\/wp-content\/uploads\/2025\/12\/\u5fae\u4fe1\u56fe\u7247_20240326173746-150x150.jpg",150,150,true],"medium":["https:\/\/www.queencncmachinery.com\/wp-content\/uploads\/2025\/12\/\u5fae\u4fe1\u56fe\u7247_20240326173746-300x169.jpg",300,169,true],"medium_large":["https:\/\/www.queencncmachinery.com\/wp-content\/uploads\/2025\/12\/\u5fae\u4fe1\u56fe\u7247_20240326173746-768x432.jpg",768,432,true],"large":["https:\/\/www.queencncmachinery.com\/wp-content\/uploads\/2025\/12\/\u5fae\u4fe1\u56fe\u7247_20240326173746-1024x576.jpg",1024,576,true],"1536x1536":["https:\/\/www.queencncmachinery.com\/wp-content\/uploads\/2025\/12\/\u5fae\u4fe1\u56fe\u7247_20240326173746-1536x864.jpg",1536,864,true],"2048x2048":["https:\/\/www.queencncmachinery.com\/wp-content\/uploads\/2025\/12\/\u5fae\u4fe1\u56fe\u7247_20240326173746.jpg",1920,1080,false],"trp-custom-language-flag":["https:\/\/www.queencncmachinery.com\/wp-content\/uploads\/2025\/12\/\u5fae\u4fe1\u56fe\u7247_20240326173746-18x10.jpg",18,10,true],"woocommerce_thumbnail":["https:\/\/www.queencncmachinery.com\/wp-content\/uploads\/2025\/12\/\u5fae\u4fe1\u56fe\u7247_20240326173746-800x450.jpg",800,450,true],"woocommerce_single":["https:\/\/www.queencncmachinery.com\/wp-content\/uploads\/2025\/12\/\u5fae\u4fe1\u56fe\u7247_20240326173746-800x450.jpg",800,450,true],"woocommerce_gallery_thumbnail":["https:\/\/www.queencncmachinery.com\/wp-content\/uploads\/2025\/12\/\u5fae\u4fe1\u56fe\u7247_20240326173746-100x100.jpg",100,100,true]},"uagb_author_info":{"display_name":"jinxing6611@gmail.com","author_link":"https:\/\/www.queencncmachinery.com\/tr\/author\/"},"uagb_comment_info":0,"uagb_excerpt":"CNC Router And Co2 laser Combined Machine Parameters Model (option) QN1325L X\uff0cY\uff0cZ axis working area 1300*2500*200mm Guide rail Taiwan30 Square guide linear rail X,Y structure High-precision rack and pinion transmission Z axis ball screw Control system LNC control system Whole structure Cast steel Max Machine idling speed 70m\/min Max.working\u00a0speed 30m\/min Maxing cutting speed 20m\/min Resolution&hellip;","_links":{"self":[{"href":"https:\/\/www.queencncmachinery.com\/tr\/wp-json\/wp\/v2\/product\/4218","targetHints":{"allow":["GET"]}}],"collection":[{"href":"https:\/\/www.queencncmachinery.com\/tr\/wp-json\/wp\/v2\/product"}],"about":[{"href":"https:\/\/www.queencncmachinery.com\/tr\/wp-json\/wp\/v2\/types\/product"}],"replies":[{"embeddable":true,"href":"https:\/\/www.queencncmachinery.com\/tr\/wp-json\/wp\/v2\/comments?post=4218"}],"wp:featuredmedia":[{"embeddable":true,"href":"https:\/\/www.queencncmachinery.com\/tr\/wp-json\/wp\/v2\/media\/4221"}],"wp:attachment":[{"href":"https:\/\/www.queencncmachinery.com\/tr\/wp-json\/wp\/v2\/media?parent=4218"}],"wp:term":[{"taxonomy":"product_brand","embeddable":true,"href":"https:\/\/www.queencncmachinery.com\/tr\/wp-json\/wp\/v2\/product_brand?post=4218"},{"taxonomy":"product_cat","embeddable":true,"href":"https:\/\/www.queencncmachinery.com\/tr\/wp-json\/wp\/v2\/product_cat?post=4218"},{"taxonomy":"product_tag","embeddable":true,"href":"https:\/\/www.queencncmachinery.com\/tr\/wp-json\/wp\/v2\/product_tag?post=4218"}],"curies":[{"name":"wp","href":"https:\/\/api.w.org\/{rel}","templated":true}]}}