{"id":4211,"date":"2025-12-04T08:16:56","date_gmt":"2025-12-04T08:16:56","guid":{"rendered":"https:\/\/www.queencncmachinery.com\/?post_type=product&#038;p=4211"},"modified":"2025-12-04T08:17:59","modified_gmt":"2025-12-04T08:17:59","slug":"hot-selling-qn1325-13002500mm-cnc-router","status":"publish","type":"product","link":"https:\/\/www.queencncmachinery.com\/tr\/urun\/hot-selling-qn1325-13002500mm-cnc-router\/","title":{"rendered":"S\u0131cak sat\u0131\u015f QN1325 1300*2500mm CNC Router"},"content":{"rendered":"<table>\n<tbody>\n<tr>\n<td colspan=\"2\" width=\"828\">QN1325 CNC Router Parametreleri<\/td>\n<\/tr>\n<tr>\n<td width=\"414\">X \u00c7al\u0131\u015fma Alan\u0131<\/td>\n<td width=\"414\">1300mm<\/td>\n<\/tr>\n<tr>\n<td width=\"414\">Y \u00c7al\u0131\u015fma Alan\u0131<\/td>\n<td width=\"414\">2500mm<\/td>\n<\/tr>\n<tr>\n<td width=\"414\">Z \u00c7al\u0131\u015fma Alan\u0131<\/td>\n<td width=\"414\">200 mm<\/td>\n<\/tr>\n<tr>\n<td width=\"414\">Seyahat Konumland\u0131rma Do\u011frulu\u011fu<\/td>\n<td width=\"414\">\u00b10,05 mm<\/td>\n<\/tr>\n<tr>\n<td width=\"414\">Yeniden Konumland\u0131rma Konumland\u0131rma Do\u011frulu\u011fu<\/td>\n<td width=\"414\">\u00b10,02 mm<\/td>\n<\/tr>\n<tr>\n<td width=\"414\">X,Y,Z Yap\u0131s\u0131<\/td>\n<td width=\"414\">XY Di\u015fli \u00c7ark Z vidal\u0131 mil<\/td>\n<\/tr>\n<tr>\n<td width=\"414\">Maks. G\u00fc\u00e7 T\u00fcketimi (\u0130\u015f mili olmadan)<\/td>\n<td width=\"414\">15KW i\u00e7inde<\/td>\n<\/tr>\n<tr>\n<td width=\"414\">Maks. H\u0131zl\u0131 Seyahat H\u0131z\u0131<\/td>\n<td width=\"414\">25000 mm\/dak<\/td>\n<\/tr>\n<tr>\n<td width=\"414\">Maks. \u00c7al\u0131\u015fma H\u0131z\u0131<\/td>\n<td width=\"414\">20000 mm\/dak<\/td>\n<\/tr>\n<tr>\n<td width=\"414\">Mil<\/td>\n<td width=\"414\">5.5kw su mili HQD<\/td>\n<\/tr>\n<tr>\n<td width=\"414\">\u0130\u015f Mili H\u0131z\u0131<\/td>\n<td width=\"414\">0-24000rpm<\/td>\n<\/tr>\n<tr>\n<td width=\"414\">Tahrik Motoru<\/td>\n<td width=\"414\">Servo\/stepper sistemi<\/td>\n<\/tr>\n<tr>\n<td width=\"414\">Komuta<\/td>\n<td width=\"414\">G-code*.u00*.mmg*.plt<\/td>\n<\/tr>\n<tr>\n<td width=\"414\">\u00c7al\u0131\u015fma gerilimi<\/td>\n<td width=\"414\">AC380V\/50Hz-60HZ<\/td>\n<\/tr>\n<tr>\n<td width=\"414\">Kontrol Sistemi<\/td>\n<td width=\"414\">NK105G2\/DSP kol kontrol\u00fc<\/td>\n<\/tr>\n<tr>\n<td width=\"414\">Kontrol kabini<\/td>\n<td width=\"414\">Ba\u011f\u0131ms\u0131z kontrol kutusu<\/td>\n<\/tr>\n<\/tbody>\n<\/table>\n<p><strong>Almanya'da Makine m\u00fc\u015fteri yeri<\/strong><\/p>\n<p><img alt=\"\" fetchpriority=\"high\" decoding=\"async\" class=\"alignnone size-full wp-image-3894\" src=\"https:\/\/www.queencncmachinery.com\/wp-content\/uploads\/2025\/11\/118824000_942384352840094_7276658045000673715_n.jpg\" width=\"640\" height=\"640\" srcset=\"https:\/\/www.queencncmachinery.com\/wp-content\/uploads\/2025\/11\/118824000_942384352840094_7276658045000673715_n.jpg 640w, https:\/\/www.queencncmachinery.com\/wp-content\/uploads\/2025\/11\/118824000_942384352840094_7276658045000673715_n-300x300.jpg 300w, https:\/\/www.queencncmachinery.com\/wp-content\/uploads\/2025\/11\/118824000_942384352840094_7276658045000673715_n-150x150.jpg 150w, https:\/\/www.queencncmachinery.com\/wp-content\/uploads\/2025\/11\/118824000_942384352840094_7276658045000673715_n-12x12.jpg 12w, https:\/\/www.queencncmachinery.com\/wp-content\/uploads\/2025\/11\/118824000_942384352840094_7276658045000673715_n-100x100.jpg 100w\" sizes=\"(max-width: 640px) 100vw, 640px\" \/><\/p>\n<p><img alt=\"\" decoding=\"async\" class=\"alignnone size-full wp-image-3895\" src=\"https:\/\/www.queencncmachinery.com\/wp-content\/uploads\/2025\/11\/123959207_195610685392574_2055548859351556828_n-1.jpg\" width=\"640\" height=\"640\" srcset=\"https:\/\/www.queencncmachinery.com\/wp-content\/uploads\/2025\/11\/123959207_195610685392574_2055548859351556828_n-1.jpg 640w, https:\/\/www.queencncmachinery.com\/wp-content\/uploads\/2025\/11\/123959207_195610685392574_2055548859351556828_n-1-300x300.jpg 300w, https:\/\/www.queencncmachinery.com\/wp-content\/uploads\/2025\/11\/123959207_195610685392574_2055548859351556828_n-1-150x150.jpg 150w, https:\/\/www.queencncmachinery.com\/wp-content\/uploads\/2025\/11\/123959207_195610685392574_2055548859351556828_n-1-12x12.jpg 12w, https:\/\/www.queencncmachinery.com\/wp-content\/uploads\/2025\/11\/123959207_195610685392574_2055548859351556828_n-1-100x100.jpg 100w\" sizes=\"(max-width: 640px) 100vw, 640px\" \/><\/p>\n<p>&nbsp;<\/p>\n<p>&nbsp;<\/p>","protected":false},"excerpt":{"rendered":"<p>QN1325 CNC Router Parameters X Working Area 1300mm Y Working Area 2500mm Z Working Area 200mm Traveling Positioning Accuracy \u00b10.05mm Repositioning Positioning Accuracy \u00b10.02mm X,Y ,Z Structure XY Gear Wheel \u00a0Z ball screw Max. Power Consumption(Without spindle) Within 15KW Max. Rapid Travel Rate 25000mm\/min Max. Working Speed 20000mm\/min Spindle 5.5kw water spindle HQD Spindle Speed [&hellip;]<\/p>","protected":false},"featured_media":4214,"comment_status":"open","ping_status":"closed","template":"","meta":{"_seopress_robots_primary_cat":"none","_seopress_titles_title":"","_seopress_titles_desc":"","_seopress_robots_index":"","_uag_custom_page_level_css":"","site-sidebar-layout":"default","site-content-layout":"","ast-site-content-layout":"default","site-content-style":"default","site-sidebar-style":"default","ast-global-header-display":"","ast-banner-title-visibility":"","ast-main-header-display":"","ast-hfb-above-header-display":"","ast-hfb-below-header-display":"","ast-hfb-mobile-header-display":"","site-post-title":"","ast-breadcrumbs-content":"","ast-featured-img":"","footer-sml-layout":"","ast-disable-related-posts":"","theme-transparent-header-meta":"default","adv-header-id-meta":"","stick-header-meta":"default","header-above-stick-meta":"","header-main-stick-meta":"","header-below-stick-meta":"","astra-migrate-meta-layouts":"set","ast-page-background-enabled":"default","ast-page-background-meta":{"desktop":{"background-color":"","background-image":"","background-repeat":"repeat","background-position":"center center","background-size":"auto","background-attachment":"scroll","background-type":"","background-media":"","overlay-type":"","overlay-color":"","overlay-opacity":"","overlay-gradient":""},"tablet":{"background-color":"","background-image":"","background-repeat":"repeat","background-position":"center center","background-size":"auto","background-attachment":"scroll","background-type":"","background-media":"","overlay-type":"","overlay-color":"","overlay-opacity":"","overlay-gradient":""},"mobile":{"background-color":"","background-image":"","background-repeat":"repeat","background-position":"center center","background-size":"auto","background-attachment":"scroll","background-type":"","background-media":"","overlay-type":"","overlay-color":"","overlay-opacity":"","overlay-gradient":""}},"ast-content-background-meta":{"desktop":{"background-color":"var(--ast-global-color-5)","background-image":"","background-repeat":"repeat","background-position":"center center","background-size":"auto","background-attachment":"scroll","background-type":"","background-media":"","overlay-type":"","overlay-color":"","overlay-opacity":"","overlay-gradient":""},"tablet":{"background-color":"var(--ast-global-color-5)","background-image":"","background-repeat":"repeat","background-position":"center center","background-size":"auto","background-attachment":"scroll","background-type":"","background-media":"","overlay-type":"","overlay-color":"","overlay-opacity":"","overlay-gradient":""},"mobile":{"background-color":"var(--ast-global-color-5)","background-image":"","background-repeat":"repeat","background-position":"center center","background-size":"auto","background-attachment":"scroll","background-type":"","background-media":"","overlay-type":"","overlay-color":"","overlay-opacity":"","overlay-gradient":""}}},"product_brand":[],"product_cat":[75],"product_tag":[],"class_list":{"0":"post-4211","1":"product","2":"type-product","3":"status-publish","4":"has-post-thumbnail","6":"product_cat-normal-cnc-router","7":"desktop-align-left","8":"tablet-align-left","9":"mobile-align-left","10":"ast-product-gallery-layout-horizontal-slider","11":"ast-magnify-disabled","12":"ast-product-tabs-layout-distributed","14":"first","15":"instock","16":"shipping-taxable","17":"product-type-simple"},"uagb_featured_image_src":{"full":["https:\/\/www.queencncmachinery.com\/wp-content\/uploads\/2025\/12\/\u5fae\u4fe1\u56fe\u7247_20180927160415.jpg",1440,1080,false],"thumbnail":["https:\/\/www.queencncmachinery.com\/wp-content\/uploads\/2025\/12\/\u5fae\u4fe1\u56fe\u7247_20180927160415-150x150.jpg",150,150,true],"medium":["https:\/\/www.queencncmachinery.com\/wp-content\/uploads\/2025\/12\/\u5fae\u4fe1\u56fe\u7247_20180927160415-300x225.jpg",300,225,true],"medium_large":["https:\/\/www.queencncmachinery.com\/wp-content\/uploads\/2025\/12\/\u5fae\u4fe1\u56fe\u7247_20180927160415-768x576.jpg",768,576,true],"large":["https:\/\/www.queencncmachinery.com\/wp-content\/uploads\/2025\/12\/\u5fae\u4fe1\u56fe\u7247_20180927160415-1024x768.jpg",1024,768,true],"1536x1536":["https:\/\/www.queencncmachinery.com\/wp-content\/uploads\/2025\/12\/\u5fae\u4fe1\u56fe\u7247_20180927160415.jpg",1440,1080,false],"2048x2048":["https:\/\/www.queencncmachinery.com\/wp-content\/uploads\/2025\/12\/\u5fae\u4fe1\u56fe\u7247_20180927160415.jpg",1440,1080,false],"trp-custom-language-flag":["https:\/\/www.queencncmachinery.com\/wp-content\/uploads\/2025\/12\/\u5fae\u4fe1\u56fe\u7247_20180927160415-16x12.jpg",16,12,true],"woocommerce_thumbnail":["https:\/\/www.queencncmachinery.com\/wp-content\/uploads\/2025\/12\/\u5fae\u4fe1\u56fe\u7247_20180927160415-800x600.jpg",800,600,true],"woocommerce_single":["https:\/\/www.queencncmachinery.com\/wp-content\/uploads\/2025\/12\/\u5fae\u4fe1\u56fe\u7247_20180927160415-800x600.jpg",800,600,true],"woocommerce_gallery_thumbnail":["https:\/\/www.queencncmachinery.com\/wp-content\/uploads\/2025\/12\/\u5fae\u4fe1\u56fe\u7247_20180927160415-100x100.jpg",100,100,true]},"uagb_author_info":{"display_name":"jinxing6611@gmail.com","author_link":"https:\/\/www.queencncmachinery.com\/tr\/author\/"},"uagb_comment_info":0,"uagb_excerpt":"QN1325 CNC Router Parameters X Working Area 1300mm Y Working Area 2500mm Z Working Area 200mm Traveling Positioning Accuracy \u00b10.05mm Repositioning Positioning Accuracy \u00b10.02mm X,Y ,Z Structure XY Gear Wheel \u00a0Z ball screw Max. Power Consumption(Without spindle) Within 15KW Max. Rapid Travel Rate 25000mm\/min Max. Working Speed 20000mm\/min Spindle 5.5kw water spindle HQD Spindle Speed&hellip;","_links":{"self":[{"href":"https:\/\/www.queencncmachinery.com\/tr\/wp-json\/wp\/v2\/product\/4211","targetHints":{"allow":["GET"]}}],"collection":[{"href":"https:\/\/www.queencncmachinery.com\/tr\/wp-json\/wp\/v2\/product"}],"about":[{"href":"https:\/\/www.queencncmachinery.com\/tr\/wp-json\/wp\/v2\/types\/product"}],"replies":[{"embeddable":true,"href":"https:\/\/www.queencncmachinery.com\/tr\/wp-json\/wp\/v2\/comments?post=4211"}],"wp:featuredmedia":[{"embeddable":true,"href":"https:\/\/www.queencncmachinery.com\/tr\/wp-json\/wp\/v2\/media\/4214"}],"wp:attachment":[{"href":"https:\/\/www.queencncmachinery.com\/tr\/wp-json\/wp\/v2\/media?parent=4211"}],"wp:term":[{"taxonomy":"product_brand","embeddable":true,"href":"https:\/\/www.queencncmachinery.com\/tr\/wp-json\/wp\/v2\/product_brand?post=4211"},{"taxonomy":"product_cat","embeddable":true,"href":"https:\/\/www.queencncmachinery.com\/tr\/wp-json\/wp\/v2\/product_cat?post=4211"},{"taxonomy":"product_tag","embeddable":true,"href":"https:\/\/www.queencncmachinery.com\/tr\/wp-json\/wp\/v2\/product_tag?post=4211"}],"curies":[{"name":"wp","href":"https:\/\/api.w.org\/{rel}","templated":true}]}}