{"id":3610,"date":"2025-11-04T13:58:06","date_gmt":"2025-11-04T13:58:06","guid":{"rendered":"https:\/\/www.queencncmachinery.com\/?post_type=product&#038;p=3610"},"modified":"2025-11-04T13:58:06","modified_gmt":"2025-11-04T13:58:06","slug":"5-axis-foam-cutting-machine","status":"publish","type":"product","link":"https:\/\/www.queencncmachinery.com\/tr\/urun\/5-axis-foam-cutting-machine\/","title":{"rendered":"5 eksenli K\u00f6p\u00fck Kesme Makinesi"},"content":{"rendered":"<table>\n<tbody>\n<tr>\n<td colspan=\"2\" width=\"558\"><strong>Tan\u0131m ve \u00d6zellikler:<\/strong><\/td>\n<\/tr>\n<tr>\n<td width=\"251\">X \u00c7al\u0131\u015fma Alan\u0131<\/td>\n<td width=\"307\">2000mm<\/td>\n<\/tr>\n<tr>\n<td width=\"251\">Y \u00c7al\u0131\u015fma Alan\u0131<\/td>\n<td width=\"307\">3000mm<\/td>\n<\/tr>\n<tr>\n<td width=\"251\">Z \u00c7al\u0131\u015fma Alan\u0131<\/td>\n<td width=\"307\">1300mm<\/td>\n<\/tr>\n<tr>\n<td width=\"251\">Seyahat Konumland\u0131rma Do\u011frulu\u011fu<\/td>\n<td width=\"307\">\u00b10,5 mm<\/td>\n<\/tr>\n<tr>\n<td width=\"251\">Yeniden Konumland\u0131rma Konumland\u0131rma Do\u011frulu\u011fu<\/td>\n<td width=\"307\">\u00b10.2<em>mm<\/em><\/td>\n<\/tr>\n<tr>\n<td width=\"251\">\u00c7al\u0131\u015fma dpi<\/td>\n<td width=\"307\">\u00b10,04 mm<\/td>\n<\/tr>\n<tr>\n<td width=\"251\">D\u00f6nme H\u0131z\u0131<\/td>\n<td width=\"307\">0-6000 mm\/dak<\/td>\n<\/tr>\n<tr>\n<td width=\"251\">Makine Yap\u0131s\u0131<\/td>\n<td width=\"307\">Kal\u0131n kaynakl\u0131 \u00e7elik<\/td>\n<\/tr>\n<tr>\n<td width=\"251\">Komuta<\/td>\n<td width=\"307\">G-code*.u00*.mmg*.plt<\/td>\n<\/tr>\n<tr>\n<td width=\"251\">\u00c7al\u0131\u015fma gerilimi<\/td>\n<td width=\"307\">AC220V50HZ\/380V<\/td>\n<\/tr>\n<tr>\n<td width=\"251\">Paket ile birlikte a\u011f\u0131rl\u0131k<\/td>\n<td width=\"307\">900kgs<\/td>\n<\/tr>\n<tr>\n<td width=\"251\">Kontrol Sistemi<\/td>\n<td width=\"307\">Mach3 kontrol sistemi<\/td>\n<\/tr>\n<tr>\n<td width=\"251\">Yaz\u0131l\u0131m<\/td>\n<td width=\"307\">CAXACAD<\/td>\n<\/tr>\n<tr>\n<td width=\"251\">Voltaj Reg\u00fclat\u00f6r\u00fc<\/td>\n<td width=\"307\">1KVA-10KVA<\/td>\n<\/tr>\n<tr>\n<td width=\"251\">K\u0131lavuz Ray<\/td>\n<td width=\"307\">Tayvan meydan rehberi<\/td>\n<\/tr>\n<tr>\n<td width=\"251\">S\u00fcr\u00fcc\u00fc sistemi<\/td>\n<td width=\"307\">Step motor ve s\u00fcr\u00fcc\u00fc<\/td>\n<\/tr>\n<tr>\n<td rowspan=\"2\" width=\"251\">Opsiyon<\/td>\n<td width=\"307\">\u00c7oklu kablolar (10 kablo i\u00e7inde destek)<\/td>\n<\/tr>\n<tr>\n<td width=\"307\">D\u00f6ner tabla masas\u0131<\/td>\n<\/tr>\n<\/tbody>\n<\/table>","protected":false},"excerpt":{"rendered":"<p>Description &amp; Specifications: X Working Area 2000mm Y Working Area 3000mm Z Working Area 1300mm Traveling Positioning Accuracy \u00b10.5mm Repositioning Positioning Accuracy \u00b10.2mm Working dpi \u00b10.04mm Rotating Speed 0-6000mm\/min Machine Structure Thick welded steel Command G-code*.u00*.mmg*.plt Working voltage AC220V50HZ\/380V Weight with package 900kgs Control System Mach3 control system Software CAXACAD Voltage Regulator 1KVA-10KVA Guide Rail [&hellip;]<\/p>","protected":false},"featured_media":3613,"comment_status":"open","ping_status":"closed","template":"","meta":{"_seopress_robots_primary_cat":"","_seopress_titles_title":"","_seopress_titles_desc":"","_seopress_robots_index":"","_uag_custom_page_level_css":"","site-sidebar-layout":"default","site-content-layout":"","ast-site-content-layout":"default","site-content-style":"default","site-sidebar-style":"default","ast-global-header-display":"","ast-banner-title-visibility":"","ast-main-header-display":"","ast-hfb-above-header-display":"","ast-hfb-below-header-display":"","ast-hfb-mobile-header-display":"","site-post-title":"","ast-breadcrumbs-content":"","ast-featured-img":"","footer-sml-layout":"","ast-disable-related-posts":"","theme-transparent-header-meta":"default","adv-header-id-meta":"","stick-header-meta":"default","header-above-stick-meta":"","header-main-stick-meta":"","header-below-stick-meta":"","astra-migrate-meta-layouts":"set","ast-page-background-enabled":"default","ast-page-background-meta":{"desktop":{"background-color":"","background-image":"","background-repeat":"repeat","background-position":"center center","background-size":"auto","background-attachment":"scroll","background-type":"","background-media":"","overlay-type":"","overlay-color":"","overlay-opacity":"","overlay-gradient":""},"tablet":{"background-color":"","background-image":"","background-repeat":"repeat","background-position":"center center","background-size":"auto","background-attachment":"scroll","background-type":"","background-media":"","overlay-type":"","overlay-color":"","overlay-opacity":"","overlay-gradient":""},"mobile":{"background-color":"","background-image":"","background-repeat":"repeat","background-position":"center center","background-size":"auto","background-attachment":"scroll","background-type":"","background-media":"","overlay-type":"","overlay-color":"","overlay-opacity":"","overlay-gradient":""}},"ast-content-background-meta":{"desktop":{"background-color":"var(--ast-global-color-5)","background-image":"","background-repeat":"repeat","background-position":"center center","background-size":"auto","background-attachment":"scroll","background-type":"","background-media":"","overlay-type":"","overlay-color":"","overlay-opacity":"","overlay-gradient":""},"tablet":{"background-color":"var(--ast-global-color-5)","background-image":"","background-repeat":"repeat","background-position":"center center","background-size":"auto","background-attachment":"scroll","background-type":"","background-media":"","overlay-type":"","overlay-color":"","overlay-opacity":"","overlay-gradient":""},"mobile":{"background-color":"var(--ast-global-color-5)","background-image":"","background-repeat":"repeat","background-position":"center center","background-size":"auto","background-attachment":"scroll","background-type":"","background-media":"","overlay-type":"","overlay-color":"","overlay-opacity":"","overlay-gradient":""}}},"product_brand":[],"product_cat":[84],"product_tag":[],"class_list":{"0":"post-3610","1":"product","2":"type-product","3":"status-publish","4":"has-post-thumbnail","6":"product_cat-hot-wire-foam-cutting-machine","7":"desktop-align-left","8":"tablet-align-left","9":"mobile-align-left","10":"ast-product-gallery-layout-horizontal-slider","11":"ast-product-gallery-with-no-image","12":"ast-magnify-disabled","13":"ast-product-tabs-layout-distributed","15":"first","16":"instock","17":"shipping-taxable","18":"product-type-simple"},"uagb_featured_image_src":{"full":["https:\/\/www.queencncmachinery.com\/wp-content\/uploads\/2025\/11\/\u5fae\u4fe1\u56fe\u7247_20221229093823.jpg",1920,1080,false],"thumbnail":["https:\/\/www.queencncmachinery.com\/wp-content\/uploads\/2025\/11\/\u5fae\u4fe1\u56fe\u7247_20221229093823-150x150.jpg",150,150,true],"medium":["https:\/\/www.queencncmachinery.com\/wp-content\/uploads\/2025\/11\/\u5fae\u4fe1\u56fe\u7247_20221229093823-300x169.jpg",300,169,true],"medium_large":["https:\/\/www.queencncmachinery.com\/wp-content\/uploads\/2025\/11\/\u5fae\u4fe1\u56fe\u7247_20221229093823-768x432.jpg",768,432,true],"large":["https:\/\/www.queencncmachinery.com\/wp-content\/uploads\/2025\/11\/\u5fae\u4fe1\u56fe\u7247_20221229093823-1024x576.jpg",1024,576,true],"1536x1536":["https:\/\/www.queencncmachinery.com\/wp-content\/uploads\/2025\/11\/\u5fae\u4fe1\u56fe\u7247_20221229093823-1536x864.jpg",1536,864,true],"2048x2048":["https:\/\/www.queencncmachinery.com\/wp-content\/uploads\/2025\/11\/\u5fae\u4fe1\u56fe\u7247_20221229093823.jpg",1920,1080,false],"trp-custom-language-flag":["https:\/\/www.queencncmachinery.com\/wp-content\/uploads\/2025\/11\/\u5fae\u4fe1\u56fe\u7247_20221229093823-18x10.jpg",18,10,true],"woocommerce_thumbnail":["https:\/\/www.queencncmachinery.com\/wp-content\/uploads\/2025\/11\/\u5fae\u4fe1\u56fe\u7247_20221229093823-800x450.jpg",800,450,true],"woocommerce_single":["https:\/\/www.queencncmachinery.com\/wp-content\/uploads\/2025\/11\/\u5fae\u4fe1\u56fe\u7247_20221229093823-800x450.jpg",800,450,true],"woocommerce_gallery_thumbnail":["https:\/\/www.queencncmachinery.com\/wp-content\/uploads\/2025\/11\/\u5fae\u4fe1\u56fe\u7247_20221229093823-100x100.jpg",100,100,true]},"uagb_author_info":{"display_name":"jinxing6611@gmail.com","author_link":"https:\/\/www.queencncmachinery.com\/tr\/author\/"},"uagb_comment_info":0,"uagb_excerpt":"Description &amp; Specifications: X Working Area 2000mm Y Working Area 3000mm Z Working Area 1300mm Traveling Positioning Accuracy \u00b10.5mm Repositioning Positioning Accuracy \u00b10.2mm Working dpi \u00b10.04mm Rotating Speed 0-6000mm\/min Machine Structure Thick welded steel Command G-code*.u00*.mmg*.plt Working voltage AC220V50HZ\/380V Weight with package 900kgs Control System Mach3 control system Software CAXACAD Voltage Regulator 1KVA-10KVA Guide Rail&hellip;","_links":{"self":[{"href":"https:\/\/www.queencncmachinery.com\/tr\/wp-json\/wp\/v2\/product\/3610","targetHints":{"allow":["GET"]}}],"collection":[{"href":"https:\/\/www.queencncmachinery.com\/tr\/wp-json\/wp\/v2\/product"}],"about":[{"href":"https:\/\/www.queencncmachinery.com\/tr\/wp-json\/wp\/v2\/types\/product"}],"replies":[{"embeddable":true,"href":"https:\/\/www.queencncmachinery.com\/tr\/wp-json\/wp\/v2\/comments?post=3610"}],"wp:featuredmedia":[{"embeddable":true,"href":"https:\/\/www.queencncmachinery.com\/tr\/wp-json\/wp\/v2\/media\/3613"}],"wp:attachment":[{"href":"https:\/\/www.queencncmachinery.com\/tr\/wp-json\/wp\/v2\/media?parent=3610"}],"wp:term":[{"taxonomy":"product_brand","embeddable":true,"href":"https:\/\/www.queencncmachinery.com\/tr\/wp-json\/wp\/v2\/product_brand?post=3610"},{"taxonomy":"product_cat","embeddable":true,"href":"https:\/\/www.queencncmachinery.com\/tr\/wp-json\/wp\/v2\/product_cat?post=3610"},{"taxonomy":"product_tag","embeddable":true,"href":"https:\/\/www.queencncmachinery.com\/tr\/wp-json\/wp\/v2\/product_tag?post=3610"}],"curies":[{"name":"wp","href":"https:\/\/api.w.org\/{rel}","templated":true}]}}