{"id":3598,"date":"2025-11-04T13:52:11","date_gmt":"2025-11-04T13:52:11","guid":{"rendered":"https:\/\/www.queencncmachinery.com\/?post_type=product&#038;p=3598"},"modified":"2025-11-18T06:37:10","modified_gmt":"2025-11-18T06:37:10","slug":"cnc-oscillating-knife-cutting-machine","status":"publish","type":"product","link":"https:\/\/www.queencncmachinery.com\/tr\/urun\/cnc-oscillating-knife-cutting-machine\/","title":{"rendered":"CNC Sal\u0131n\u0131ml\u0131 B\u0131\u00e7ak Kesme Makinesi"},"content":{"rendered":"<div class=\"ast-oembed-container\" style=\"height: 100%;\"><iframe title=\"s\u00fcr\u00fckle kesi\u0307mli\u0307 cnc di\u0307ji\u0307tal bi\u00e7ak kesme maki\u0307nesi\u0307\" width=\"422\" height=\"750\" src=\"https:\/\/www.youtube.com\/embed\/sgt01HoCKiY?feature=oembed\" frameborder=\"0\" allow=\"accelerometer; autoplay; clipboard-write; encrypted-media; gyroscope; picture-in-picture; web-share\" referrerpolicy=\"strict-origin-when-cross-origin\" allowfullscreen><\/iframe><\/div>\n<table>\n<tbody>\n<tr>\n<td colspan=\"2\" width=\"662\"><strong>Tan\u0131m ve \u00d6zellikler:<\/strong><\/td>\n<\/tr>\n<tr>\n<td width=\"211\">X \u00e7al\u0131\u015fma boyutu<\/td>\n<td width=\"451\">1600mm<\/td>\n<\/tr>\n<tr>\n<td width=\"211\">Y \u00e7al\u0131\u015fma boyutu<\/td>\n<td width=\"451\">2500mm<\/td>\n<\/tr>\n<tr>\n<td width=\"211\">Z Kesme kal\u0131nl\u0131\u011f\u0131<\/td>\n<td width=\"451\">50mm<\/td>\n<\/tr>\n<tr>\n<td width=\"211\">Kesme kafas\u0131<\/td>\n<td width=\"451\">cnc Sal\u0131n\u0131ml\u0131 b\u0131\u00e7ak kesme kafas\u0131 ve katlama kafas\u0131<\/td>\n<\/tr>\n<tr>\n<td width=\"211\">G\u00f6r\u00fcnt\u00fcleme yolu<\/td>\n<td width=\"451\">\u0130ngilizce LED dokunmatik ekran<\/td>\n<\/tr>\n<tr>\n<td width=\"211\">Makine masas\u0131<\/td>\n<td width=\"451\">Otomatik y\u00fckleme Emme Tablas\u0131, tekstil, kau\u00e7uk, etiket ve di\u011fer yumu\u015fak malzemeler i\u00e7in uygundur<\/td>\n<\/tr>\n<tr>\n<td width=\"211\">Veri aktar\u0131m yolu<\/td>\n<td width=\"451\">Intel<\/td>\n<\/tr>\n<tr>\n<td width=\"211\">Vakum pompas\u0131<\/td>\n<td width=\"451\">9KW hava tipi vakum masas\u0131<\/td>\n<\/tr>\n<tr>\n<td width=\"211\">S\u00fcr\u00fc\u015f sistemi<\/td>\n<td width=\"451\">Panasonic veya delta veya huichuan servo s\u00fcr\u00fcc\u00fc ve motor<\/td>\n<\/tr>\n<tr>\n<td width=\"211\">Kontrol sistemi<\/td>\n<td width=\"451\">6 eksenli kontrol\u00f6r<\/td>\n<\/tr>\n<tr>\n<td width=\"211\">Rehberlik sistemi<\/td>\n<td width=\"451\">Tayvan PMI 20<\/td>\n<\/tr>\n<tr>\n<td width=\"211\">Alet sens\u00f6r\u00fc<\/td>\n<td width=\"451\">ile<\/td>\n<\/tr>\n<tr>\n<td width=\"211\">\u015eanz\u0131man<\/td>\n<td width=\"451\">kremayer pinyon<\/td>\n<\/tr>\n<tr>\n<td width=\"211\">Kesme h\u0131z\u0131<\/td>\n<td width=\"451\">30m\/dak<\/td>\n<\/tr>\n<tr>\n<td width=\"211\">Seyahat h\u0131z\u0131<\/td>\n<td width=\"451\">50m\/dak<\/td>\n<\/tr>\n<tr>\n<td width=\"211\">A\u011f\u0131rl\u0131k<\/td>\n<td width=\"451\">Yakla\u015f\u0131k 1500kgs<\/td>\n<\/tr>\n<tr>\n<td width=\"211\">Boyut<\/td>\n<td width=\"451\">2250*3500*1650mm<\/td>\n<\/tr>\n<tr>\n<td width=\"211\">Gerilim<\/td>\n<td width=\"451\">3 faz 380V veya 220V 50HZ\/60hz<\/td>\n<\/tr>\n<tr>\n<td width=\"211\">Yaz\u0131l\u0131m<\/td>\n<td width=\"451\">Vcutworks, makinede bu yaz\u0131l\u0131m var<\/td>\n<\/tr>\n<\/tbody>\n<\/table>\n<p>Farkl\u0131 i\u015flevlere sahip farkl\u0131 ara\u00e7lar<\/p>\n<p>1.Elektronik Sal\u0131n\u0131ml\u0131 Alet - yumu\u015fak ve orta yo\u011funluktaki malzemeleri kesmek i\u00e7in 1 mm stroklu.<\/p>\n<p>\u00dcniversal Kesme Aleti - .196 in\u00e7 kal\u0131nl\u0131\u011fa kadar olan malzemelerin boydan boya kesilmesi i\u00e7in. D\u00fc\u015f\u00fck maliyetle y\u00fcksek h\u0131zda kesim.<\/p>\n<p>Uygulanabilir malzeme: reklam KT plaka tahtas\u0131, vesicant tahtas\u0131, ABS plastik, dalgalanma plastik levha, oluklu mukavva, mukavva, sunta, toz ge\u00e7irmez ayak paspas\u0131, hal\u0131, s\u0131zd\u0131rmazl\u0131k contas\u0131, karbon fiber vb.<\/p>\n<p>2.Kiss Cut Tool (yar\u0131m kesim) - vinil, folyo, filmler, ince medya, karton, tekstil ve di\u011fer ince alt tabakalar\u0131 kesmek i\u00e7in.<\/p>\n<p>3.Drive D\u00f6ner Alet (Yuvarlak b\u0131\u00e7ak) - Dokuma \u00f6rme malzeme, tekstil ve ince bak\u0131r levhay\u0131 \u00e7ok iyi kesmek i\u00e7in uygundur<\/p>\n<p>Farkl\u0131 malzeme kesimleri i\u00e7in farkl\u0131 b\u0131\u00e7ak tak\u0131labilir<\/p>\n<p>Uygulanabilir malzeme: koyun kesme pazen, UV tekstil, karbon fiber, cam elyaf, flama afi\u015f, bayrak kuma\u015flar\u0131, \u0131\u015f\u0131k ge\u00e7irmez kuma\u015flar ve di\u011fer tekstil t\u00fcrleri<\/p>\n<p>4. Freze Mili. \u00c7ok \u00e7e\u015fitli uygulamalarda ve alt tabakalarda sa\u011flam performans i\u00e7in tasarlanm\u0131\u015ft\u0131r. Y\u00f6nlendirici, Kiss-Cut arac\u0131 gibi hassas grav\u00fcr de yapabilir.<\/p>\n<p>5. V-Cut Aletleri - k\u00f6p\u00fck \u00e7ekirdek veya yap\u0131\u015ft\u0131r\u0131lm\u0131\u015f malzemelerden karma\u015f\u0131k yap\u0131sal tasar\u0131mlar \u00fcretmek i\u00e7in m\u00fckemmeldir. Alet 5 farkl\u0131 a\u00e7\u0131da kesim i\u00e7in ayarlanabilir. 0\u00b0, 15\u00b0, 22.5\u00b0, 30\u00b0, 45\u00b0.<\/p>\n<p>6. K\u0131rma tekerle\u011fi - Farkl\u0131 kal\u0131nl\u0131ktaki kartonlar i\u00e7in farkl\u0131 boyutta k\u0131rma tekerle\u011fi, ince karton k\u0131rma i\u00e7in kullan\u0131lan daha k\u00fc\u00e7\u00fck tekerlek ve daha kal\u0131n karton k\u0131rma i\u00e7in kullan\u0131lan daha b\u00fcy\u00fck tekerlek<\/p>\n<p>Uygulanabilir malzeme: oluklu mukavva, ka\u011f\u0131t karton, plastik dalga tahtas\u0131<\/p>\n<p>7. Pn\u00f6matik Sal\u0131n\u0131ml\u0131 Alet - y\u00fcksek sal\u0131n\u0131m frekans\u0131na sahip hava tahrikli bir cihazd\u0131r. 8 mm'ye kadar strok, \u00f6zel bir b\u0131\u00e7ak kullanarak 1,96\u2033 kal\u0131nl\u0131\u011fa kadar sert ve y\u00fcksek yo\u011funluklu malzemeleri kesmek i\u00e7in uygundur. (Opsiyonel)<\/p>\n<p>8. B\u0131\u00e7a\u011f\u0131 s\u00fcr\u00fckleyin<\/p>\n<p>H\u0131zl\u0131 h\u0131z, y\u00fcksek performans, d\u00fc\u015f\u00fck bak\u0131m maliyeti ile kesebilir, farkl\u0131 b\u0131\u00e7ak ile farkl\u0131 tasar\u0131m, y\u00fcksek verimlilik, \u00e7ap kesebilir: B\u0131\u00e7ak i\u00e7in D40mm<\/p>\n<p>Uygulanabilir malzeme: PP ka\u011f\u0131t, PP sak\u0131z uygulamas\u0131, \u0131\u015f\u0131\u011f\u0131 yans\u0131tan malzeme, araba yap\u0131\u015ft\u0131rma pedi, ABS plastikler, ince plastikler, kau\u00e7uk levha, suni deri, KT levha, ka\u011f\u0131t levha, pvc genle\u015fme levhas\u0131, Chevron levha, yumu\u015fak cam.<\/p>\n<p>9. Delme kafas\u0131<\/p>\n<p>10. \u0130\u015faretleme kalemi<\/p>\n<p>11. Otomatik y\u00fckleme tablosu<\/p>\n<p>12.K\u00fc\u00e7\u00fck ccd<\/p>\n<p>13.Big ccd ve projekt\u00f6r<\/p>","protected":false},"excerpt":{"rendered":"<p>Description &amp; Specifications: X working size 1600mm Y working size 2500mm Z Cutting thickness 50mm Cutting head cnc Oscillating knife cutting head\u00a0and creasing\u00a0head Display way English LED touch screen Machine table Auto loading Suction Table, suitable for textile,\u00a0rubber,sticker and other soft material Data transfer way Intel Vacuum pump 9KW air\u00a0type vacuum table Driving system Panasonic\u00a0or [&hellip;]<\/p>","protected":false},"featured_media":3601,"comment_status":"open","ping_status":"closed","template":"","meta":{"_seopress_robots_primary_cat":"none","_seopress_titles_title":"","_seopress_titles_desc":"","_seopress_robots_index":"","_uag_custom_page_level_css":"","site-sidebar-layout":"default","site-content-layout":"","ast-site-content-layout":"default","site-content-style":"default","site-sidebar-style":"default","ast-global-header-display":"","ast-banner-title-visibility":"","ast-main-header-display":"","ast-hfb-above-header-display":"","ast-hfb-below-header-display":"","ast-hfb-mobile-header-display":"","site-post-title":"","ast-breadcrumbs-content":"","ast-featured-img":"","footer-sml-layout":"","ast-disable-related-posts":"","theme-transparent-header-meta":"default","adv-header-id-meta":"","stick-header-meta":"default","header-above-stick-meta":"","header-main-stick-meta":"","header-below-stick-meta":"","astra-migrate-meta-layouts":"set","ast-page-background-enabled":"default","ast-page-background-meta":{"desktop":{"background-color":"","background-image":"","background-repeat":"repeat","background-position":"center center","background-size":"auto","background-attachment":"scroll","background-type":"","background-media":"","overlay-type":"","overlay-color":"","overlay-opacity":"","overlay-gradient":""},"tablet":{"background-color":"","background-image":"","background-repeat":"repeat","background-position":"center center","background-size":"auto","background-attachment":"scroll","background-type":"","background-media":"","overlay-type":"","overlay-color":"","overlay-opacity":"","overlay-gradient":""},"mobile":{"background-color":"","background-image":"","background-repeat":"repeat","background-position":"center center","background-size":"auto","background-attachment":"scroll","background-type":"","background-media":"","overlay-type":"","overlay-color":"","overlay-opacity":"","overlay-gradient":""}},"ast-content-background-meta":{"desktop":{"background-color":"var(--ast-global-color-5)","background-image":"","background-repeat":"repeat","background-position":"center center","background-size":"auto","background-attachment":"scroll","background-type":"","background-media":"","overlay-type":"","overlay-color":"","overlay-opacity":"","overlay-gradient":""},"tablet":{"background-color":"var(--ast-global-color-5)","background-image":"","background-repeat":"repeat","background-position":"center center","background-size":"auto","background-attachment":"scroll","background-type":"","background-media":"","overlay-type":"","overlay-color":"","overlay-opacity":"","overlay-gradient":""},"mobile":{"background-color":"var(--ast-global-color-5)","background-image":"","background-repeat":"repeat","background-position":"center center","background-size":"auto","background-attachment":"scroll","background-type":"","background-media":"","overlay-type":"","overlay-color":"","overlay-opacity":"","overlay-gradient":""}}},"product_brand":[],"product_cat":[81],"product_tag":[],"class_list":{"0":"post-3598","1":"product","2":"type-product","3":"status-publish","4":"has-post-thumbnail","6":"product_cat-cnc-oscillating-knife-cutting-machine-cnc-oscillating-knife-cutting-machine","7":"desktop-align-left","8":"tablet-align-left","9":"mobile-align-left","10":"ast-product-gallery-layout-horizontal-slider","11":"ast-product-gallery-with-no-image","12":"ast-magnify-disabled","13":"ast-product-tabs-layout-distributed","15":"first","16":"instock","17":"shipping-taxable","18":"product-type-simple"},"uagb_featured_image_src":{"full":["https:\/\/www.queencncmachinery.com\/wp-content\/uploads\/2025\/11\/QQ20250403-102632.png",1072,581,false],"thumbnail":["https:\/\/www.queencncmachinery.com\/wp-content\/uploads\/2025\/11\/QQ20250403-102632-150x150.png",150,150,true],"medium":["https:\/\/www.queencncmachinery.com\/wp-content\/uploads\/2025\/11\/QQ20250403-102632-300x163.png",300,163,true],"medium_large":["https:\/\/www.queencncmachinery.com\/wp-content\/uploads\/2025\/11\/QQ20250403-102632-768x416.png",768,416,true],"large":["https:\/\/www.queencncmachinery.com\/wp-content\/uploads\/2025\/11\/QQ20250403-102632-1024x555.png",1024,555,true],"1536x1536":["https:\/\/www.queencncmachinery.com\/wp-content\/uploads\/2025\/11\/QQ20250403-102632.png",1072,581,false],"2048x2048":["https:\/\/www.queencncmachinery.com\/wp-content\/uploads\/2025\/11\/QQ20250403-102632.png",1072,581,false],"trp-custom-language-flag":["https:\/\/www.queencncmachinery.com\/wp-content\/uploads\/2025\/11\/QQ20250403-102632-18x10.png",18,10,true],"woocommerce_thumbnail":["https:\/\/www.queencncmachinery.com\/wp-content\/uploads\/2025\/11\/QQ20250403-102632-800x434.png",800,434,true],"woocommerce_single":["https:\/\/www.queencncmachinery.com\/wp-content\/uploads\/2025\/11\/QQ20250403-102632-800x434.png",800,434,true],"woocommerce_gallery_thumbnail":["https:\/\/www.queencncmachinery.com\/wp-content\/uploads\/2025\/11\/QQ20250403-102632-100x100.png",100,100,true]},"uagb_author_info":{"display_name":"jinxing6611@gmail.com","author_link":"https:\/\/www.queencncmachinery.com\/tr\/author\/"},"uagb_comment_info":0,"uagb_excerpt":"Description &amp; Specifications: X working size 1600mm Y working size 2500mm Z Cutting thickness 50mm Cutting head cnc Oscillating knife cutting head\u00a0and creasing\u00a0head Display way English LED touch screen Machine table Auto loading Suction Table, suitable for textile,\u00a0rubber,sticker and other soft material Data transfer way Intel Vacuum pump 9KW air\u00a0type vacuum table Driving system Panasonic\u00a0or&hellip;","_links":{"self":[{"href":"https:\/\/www.queencncmachinery.com\/tr\/wp-json\/wp\/v2\/product\/3598","targetHints":{"allow":["GET"]}}],"collection":[{"href":"https:\/\/www.queencncmachinery.com\/tr\/wp-json\/wp\/v2\/product"}],"about":[{"href":"https:\/\/www.queencncmachinery.com\/tr\/wp-json\/wp\/v2\/types\/product"}],"replies":[{"embeddable":true,"href":"https:\/\/www.queencncmachinery.com\/tr\/wp-json\/wp\/v2\/comments?post=3598"}],"wp:featuredmedia":[{"embeddable":true,"href":"https:\/\/www.queencncmachinery.com\/tr\/wp-json\/wp\/v2\/media\/3601"}],"wp:attachment":[{"href":"https:\/\/www.queencncmachinery.com\/tr\/wp-json\/wp\/v2\/media?parent=3598"}],"wp:term":[{"taxonomy":"product_brand","embeddable":true,"href":"https:\/\/www.queencncmachinery.com\/tr\/wp-json\/wp\/v2\/product_brand?post=3598"},{"taxonomy":"product_cat","embeddable":true,"href":"https:\/\/www.queencncmachinery.com\/tr\/wp-json\/wp\/v2\/product_cat?post=3598"},{"taxonomy":"product_tag","embeddable":true,"href":"https:\/\/www.queencncmachinery.com\/tr\/wp-json\/wp\/v2\/product_tag?post=3598"}],"curies":[{"name":"wp","href":"https:\/\/api.w.org\/{rel}","templated":true}]}}