{"id":3594,"date":"2025-11-04T13:50:34","date_gmt":"2025-11-04T13:50:34","guid":{"rendered":"https:\/\/www.queencncmachinery.com\/?post_type=product&#038;p=3594"},"modified":"2025-11-19T05:28:13","modified_gmt":"2025-11-19T05:28:13","slug":"auto-loading-cnc-knife-cutting-machine","status":"publish","type":"product","link":"https:\/\/www.queencncmachinery.com\/tr\/urun\/auto-loading-cnc-knife-cutting-machine\/","title":{"rendered":"Otomatik Y\u00fcklemeli CNC B\u0131\u00e7ak Kesme Makinesi"},"content":{"rendered":"<div class=\"ast-oembed-container\" style=\"height: 100%;\"><iframe title=\"otomatik besleme kuma\u015f d\u00f6ner tahrikli b\u0131\u00e7ak kesme makinesi\" width=\"500\" height=\"281\" src=\"https:\/\/www.youtube.com\/embed\/Ed_Z8MUNxAI?feature=oembed\" frameborder=\"0\" allow=\"accelerometer; autoplay; clipboard-write; encrypted-media; gyroscope; picture-in-picture; web-share\" referrerpolicy=\"strict-origin-when-cross-origin\" allowfullscreen><\/iframe><\/div>\n<table>\n<tbody>\n<tr>\n<td colspan=\"2\" width=\"662\"><strong>Tan\u0131m ve \u00d6zellikler:<\/strong><\/td>\n<\/tr>\n<tr>\n<td width=\"211\">X \u00e7al\u0131\u015fma boyutu<\/td>\n<td width=\"451\">1600mm<\/td>\n<\/tr>\n<tr>\n<td width=\"211\">Y \u00e7al\u0131\u015fma boyutu<\/td>\n<td width=\"451\">2500mm<\/td>\n<\/tr>\n<tr>\n<td width=\"211\">Z Kesme kal\u0131nl\u0131\u011f\u0131<\/td>\n<td width=\"451\">50mm<\/td>\n<\/tr>\n<tr>\n<td width=\"211\">Kesme kafas\u0131<\/td>\n<td width=\"451\">d\u00f6ner tahrikli kafal\u0131 cnc sal\u0131n\u0131ml\u0131 b\u0131\u00e7ak makinesi<\/td>\n<\/tr>\n<tr>\n<td width=\"211\">G\u00f6r\u00fcnt\u00fcleme yolu<\/td>\n<td width=\"451\">\u0130ngilizce LED dokunmatik ekran<\/td>\n<\/tr>\n<tr>\n<td width=\"211\">Makine masas\u0131<\/td>\n<td width=\"451\">Otomatik y\u00fckleme Emme Tablas\u0131, tekstil, kau\u00e7uk, etiket ve di\u011fer yumu\u015fak malzemeler i\u00e7in uygundur<\/td>\n<\/tr>\n<tr>\n<td width=\"211\">Veri aktar\u0131m yolu<\/td>\n<td width=\"451\">Intel<\/td>\n<\/tr>\n<tr>\n<td width=\"211\">Vakum pompas\u0131<\/td>\n<td width=\"451\">9KW hava tipi vakum masas\u0131<\/td>\n<\/tr>\n<tr>\n<td width=\"211\">S\u00fcr\u00fc\u015f sistemi<\/td>\n<td width=\"451\">Panasonic veya delta veya huichuan servo s\u00fcr\u00fcc\u00fc ve motor<\/td>\n<\/tr>\n<tr>\n<td width=\"211\">Kontrol sistemi<\/td>\n<td width=\"451\">6 eksenli kontrol\u00f6r<\/td>\n<\/tr>\n<tr>\n<td width=\"211\">Rehberlik sistemi<\/td>\n<td width=\"451\">Tayvan PMI 20<\/td>\n<\/tr>\n<tr>\n<td width=\"211\">Alet sens\u00f6r\u00fc<\/td>\n<td width=\"451\">ile<\/td>\n<\/tr>\n<tr>\n<td width=\"211\">\u015eanz\u0131man<\/td>\n<td width=\"451\">kremayer pinyon<\/td>\n<\/tr>\n<tr>\n<td width=\"211\">Kesme h\u0131z\u0131<\/td>\n<td width=\"451\">30m\/dak<\/td>\n<\/tr>\n<tr>\n<td width=\"211\">Seyahat h\u0131z\u0131<\/td>\n<td width=\"451\">50m\/dak<\/td>\n<\/tr>\n<tr>\n<td width=\"211\">A\u011f\u0131rl\u0131k<\/td>\n<td width=\"451\">Yakla\u015f\u0131k 1500kgs<\/td>\n<\/tr>\n<tr>\n<td width=\"211\">Boyut<\/td>\n<td width=\"451\">2250*3500*1650mm<\/td>\n<\/tr>\n<tr>\n<td width=\"211\">Gerilim<\/td>\n<td width=\"451\">3 faz 380V veya 220V 50HZ\/60hz<\/td>\n<\/tr>\n<tr>\n<td width=\"211\">Yaz\u0131l\u0131m<\/td>\n<td width=\"451\">Vcutworks, makinede bu yaz\u0131l\u0131m var<\/td>\n<\/tr>\n<\/tbody>\n<\/table>\n<p>&nbsp;<\/p>\n<p>Farkl\u0131 i\u015flevlere sahip farkl\u0131 ara\u00e7lar<\/p>\n<p>&nbsp;<\/p>\n<p>1.Elektronik Sal\u0131n\u0131ml\u0131 Alet - yumu\u015fak ve orta yo\u011funluktaki malzemeleri kesmek i\u00e7in 1 mm stroklu.<\/p>\n<p>\u00dcniversal Kesme Aleti - .196 in\u00e7 kal\u0131nl\u0131\u011fa kadar olan malzemelerin boydan boya kesilmesi i\u00e7in. D\u00fc\u015f\u00fck maliyetle y\u00fcksek h\u0131zda kesim.<\/p>\n<p>Uygulanabilir malzeme: reklam KT plaka tahtas\u0131, vesicant tahtas\u0131, ABS plastik, dalgalanma plastik levha, oluklu mukavva, mukavva, sunta, toz ge\u00e7irmez ayak paspas\u0131, hal\u0131, s\u0131zd\u0131rmazl\u0131k contas\u0131, karbon fiber vb.<\/p>","protected":false},"excerpt":{"rendered":"<p>Description &amp; Specifications: X working size 1600mm Y working size 2500mm Z Cutting thickness 50mm Cutting head cnc Oscillating knife machine with rotary driven head Display way English LED touch screen Machine table Auto loading Suction Table, suitable for textile,\u00a0rubber,sticker and other soft material Data transfer way Intel Vacuum pump 9KW air\u00a0type vacuum table Driving [&hellip;]<\/p>","protected":false},"featured_media":3597,"comment_status":"open","ping_status":"closed","template":"","meta":{"_seopress_robots_primary_cat":"none","_seopress_titles_title":"","_seopress_titles_desc":"","_seopress_robots_index":"","_uag_custom_page_level_css":"","site-sidebar-layout":"default","site-content-layout":"","ast-site-content-layout":"default","site-content-style":"default","site-sidebar-style":"default","ast-global-header-display":"","ast-banner-title-visibility":"","ast-main-header-display":"","ast-hfb-above-header-display":"","ast-hfb-below-header-display":"","ast-hfb-mobile-header-display":"","site-post-title":"","ast-breadcrumbs-content":"","ast-featured-img":"","footer-sml-layout":"","ast-disable-related-posts":"","theme-transparent-header-meta":"default","adv-header-id-meta":"","stick-header-meta":"default","header-above-stick-meta":"","header-main-stick-meta":"","header-below-stick-meta":"","astra-migrate-meta-layouts":"set","ast-page-background-enabled":"default","ast-page-background-meta":{"desktop":{"background-color":"","background-image":"","background-repeat":"repeat","background-position":"center center","background-size":"auto","background-attachment":"scroll","background-type":"","background-media":"","overlay-type":"","overlay-color":"","overlay-opacity":"","overlay-gradient":""},"tablet":{"background-color":"","background-image":"","background-repeat":"repeat","background-position":"center center","background-size":"auto","background-attachment":"scroll","background-type":"","background-media":"","overlay-type":"","overlay-color":"","overlay-opacity":"","overlay-gradient":""},"mobile":{"background-color":"","background-image":"","background-repeat":"repeat","background-position":"center center","background-size":"auto","background-attachment":"scroll","background-type":"","background-media":"","overlay-type":"","overlay-color":"","overlay-opacity":"","overlay-gradient":""}},"ast-content-background-meta":{"desktop":{"background-color":"var(--ast-global-color-5)","background-image":"","background-repeat":"repeat","background-position":"center center","background-size":"auto","background-attachment":"scroll","background-type":"","background-media":"","overlay-type":"","overlay-color":"","overlay-opacity":"","overlay-gradient":""},"tablet":{"background-color":"var(--ast-global-color-5)","background-image":"","background-repeat":"repeat","background-position":"center center","background-size":"auto","background-attachment":"scroll","background-type":"","background-media":"","overlay-type":"","overlay-color":"","overlay-opacity":"","overlay-gradient":""},"mobile":{"background-color":"var(--ast-global-color-5)","background-image":"","background-repeat":"repeat","background-position":"center center","background-size":"auto","background-attachment":"scroll","background-type":"","background-media":"","overlay-type":"","overlay-color":"","overlay-opacity":"","overlay-gradient":""}}},"product_brand":[],"product_cat":[80],"product_tag":[],"class_list":{"0":"post-3594","1":"product","2":"type-product","3":"status-publish","4":"has-post-thumbnail","6":"product_cat-auto-loading-cnc-knife-cutting-machine","7":"desktop-align-left","8":"tablet-align-left","9":"mobile-align-left","10":"ast-product-gallery-layout-horizontal-slider","11":"ast-product-gallery-with-no-image","12":"ast-magnify-disabled","13":"ast-product-tabs-layout-distributed","15":"first","16":"instock","17":"shipping-taxable","18":"product-type-simple"},"uagb_featured_image_src":{"full":["https:\/\/www.queencncmachinery.com\/wp-content\/uploads\/2025\/11\/1564039269.jpg",750,750,false],"thumbnail":["https:\/\/www.queencncmachinery.com\/wp-content\/uploads\/2025\/11\/1564039269-150x150.jpg",150,150,true],"medium":["https:\/\/www.queencncmachinery.com\/wp-content\/uploads\/2025\/11\/1564039269-300x300.jpg",300,300,true],"medium_large":["https:\/\/www.queencncmachinery.com\/wp-content\/uploads\/2025\/11\/1564039269.jpg",750,750,false],"large":["https:\/\/www.queencncmachinery.com\/wp-content\/uploads\/2025\/11\/1564039269.jpg",750,750,false],"1536x1536":["https:\/\/www.queencncmachinery.com\/wp-content\/uploads\/2025\/11\/1564039269.jpg",750,750,false],"2048x2048":["https:\/\/www.queencncmachinery.com\/wp-content\/uploads\/2025\/11\/1564039269.jpg",750,750,false],"trp-custom-language-flag":["https:\/\/www.queencncmachinery.com\/wp-content\/uploads\/2025\/11\/1564039269-12x12.jpg",12,12,true],"woocommerce_thumbnail":["https:\/\/www.queencncmachinery.com\/wp-content\/uploads\/2025\/11\/1564039269.jpg",750,750,false],"woocommerce_single":["https:\/\/www.queencncmachinery.com\/wp-content\/uploads\/2025\/11\/1564039269.jpg",750,750,false],"woocommerce_gallery_thumbnail":["https:\/\/www.queencncmachinery.com\/wp-content\/uploads\/2025\/11\/1564039269-100x100.jpg",100,100,true]},"uagb_author_info":{"display_name":"jinxing6611@gmail.com","author_link":"https:\/\/www.queencncmachinery.com\/tr\/author\/"},"uagb_comment_info":0,"uagb_excerpt":"Description &amp; Specifications: X working size 1600mm Y working size 2500mm Z Cutting thickness 50mm Cutting head cnc Oscillating knife machine with rotary driven head Display way English LED touch screen Machine table Auto loading Suction Table, suitable for textile,\u00a0rubber,sticker and other soft material Data transfer way Intel Vacuum pump 9KW air\u00a0type vacuum table Driving&hellip;","_links":{"self":[{"href":"https:\/\/www.queencncmachinery.com\/tr\/wp-json\/wp\/v2\/product\/3594","targetHints":{"allow":["GET"]}}],"collection":[{"href":"https:\/\/www.queencncmachinery.com\/tr\/wp-json\/wp\/v2\/product"}],"about":[{"href":"https:\/\/www.queencncmachinery.com\/tr\/wp-json\/wp\/v2\/types\/product"}],"replies":[{"embeddable":true,"href":"https:\/\/www.queencncmachinery.com\/tr\/wp-json\/wp\/v2\/comments?post=3594"}],"wp:featuredmedia":[{"embeddable":true,"href":"https:\/\/www.queencncmachinery.com\/tr\/wp-json\/wp\/v2\/media\/3597"}],"wp:attachment":[{"href":"https:\/\/www.queencncmachinery.com\/tr\/wp-json\/wp\/v2\/media?parent=3594"}],"wp:term":[{"taxonomy":"product_brand","embeddable":true,"href":"https:\/\/www.queencncmachinery.com\/tr\/wp-json\/wp\/v2\/product_brand?post=3594"},{"taxonomy":"product_cat","embeddable":true,"href":"https:\/\/www.queencncmachinery.com\/tr\/wp-json\/wp\/v2\/product_cat?post=3594"},{"taxonomy":"product_tag","embeddable":true,"href":"https:\/\/www.queencncmachinery.com\/tr\/wp-json\/wp\/v2\/product_tag?post=3594"}],"curies":[{"name":"wp","href":"https:\/\/api.w.org\/{rel}","templated":true}]}}