{"id":3582,"date":"2025-11-04T13:46:31","date_gmt":"2025-11-04T13:46:31","guid":{"rendered":"https:\/\/www.queencncmachinery.com\/?post_type=product&#038;p=3582"},"modified":"2025-11-04T13:46:31","modified_gmt":"2025-11-04T13:46:31","slug":"qn30-qn50-fiber-marking-machine","status":"publish","type":"product","link":"https:\/\/www.queencncmachinery.com\/tr\/urun\/qn30-qn50-fiber-marking-machine\/","title":{"rendered":"QN30 QN50 Fiber \u0130\u015faretleme Makinesi"},"content":{"rendered":"<p><strong><b>Teknik Parametre:<\/b><\/strong><\/p>\n<table>\n<tbody>\n<tr>\n<td colspan=\"2\" width=\"727\">Fiber lazer markalama makinesi<\/td>\n<\/tr>\n<tr>\n<td width=\"234\">\u00dcr\u00fcn No.<\/td>\n<td width=\"493\">QN80\/QN100W\/QN200<\/td>\n<\/tr>\n<tr>\n<td width=\"234\">Lazer G\u00fcc\u00fc<\/td>\n<td width=\"493\">JPT80W 100W 200W<\/td>\n<\/tr>\n<tr>\n<td width=\"234\">Lazer Dalga Boyu<\/td>\n<td width=\"493\">1064nm<\/td>\n<\/tr>\n<tr>\n<td width=\"234\">\u0130\u015faretleme Aral\u0131\u011f\u0131<\/td>\n<td width=\"493\">110*110mm, 175*175mm, 200*200mm veya 300*300mm<\/td>\n<\/tr>\n<tr>\n<td width=\"234\">\u0130\u015faretleme H\u0131z\u0131<\/td>\n<td width=\"493\">\u22648000 mm\/s<\/td>\n<\/tr>\n<tr>\n<td width=\"234\">Minimum Karakter<\/td>\n<td width=\"493\">0.2mm<\/td>\n<\/tr>\n<tr>\n<td width=\"234\">Minimum Hat Geni\u015fli\u011fi<\/td>\n<td width=\"493\">0,015 mm<\/td>\n<\/tr>\n<tr>\n<td width=\"234\">Tekrar Do\u011frulu\u011fu<\/td>\n<td width=\"493\">\u00b10.001mm<\/td>\n<\/tr>\n<tr>\n<td width=\"234\">G\u00fc\u00e7 Kararl\u0131l\u0131\u011f\u0131<\/td>\n<td width=\"493\">&lt;5%rms<\/td>\n<\/tr>\n<tr>\n<td width=\"234\">\u0130\u015faretleme derinli\u011fi<\/td>\n<td width=\"493\">0.3mm<\/td>\n<\/tr>\n<tr>\n<td width=\"234\">Lazer I\u015f\u0131n Kalitesi<\/td>\n<td width=\"493\">M2\uff1c1.2<\/td>\n<\/tr>\n<tr>\n<td width=\"234\">Tekrarlama S\u0131kl\u0131\u011f\u0131<\/td>\n<td width=\"493\">20KHz-80KHz<\/td>\n<\/tr>\n<tr>\n<td width=\"234\">So\u011futma Sistemi<\/td>\n<td width=\"493\">Hava so\u011futma<\/td>\n<\/tr>\n<tr>\n<td width=\"234\">\u00c7al\u0131\u015fma S\u0131cakl\u0131\u011f\u0131<\/td>\n<td width=\"493\">15-35\u2103<\/td>\n<\/tr>\n<tr>\n<td width=\"234\">G\u00fc\u00e7 Kayna\u011f\u0131<\/td>\n<td width=\"493\">220V\/50Hz veya 110V<\/td>\n<\/tr>\n<tr>\n<td width=\"234\">Destekleyici format<\/td>\n<td width=\"493\">BMP, GIF, JPG, PCX, TGA, TIFF, PLT, CDR, DMG, DXF vb.<\/td>\n<\/tr>\n<tr>\n<td width=\"234\">Genel G\u00fc\u00e7<\/td>\n<td width=\"493\">0.5KW<\/td>\n<\/tr>\n<tr>\n<td width=\"234\">Makine boyutu<\/td>\n<td width=\"493\">930mm X 910mm X 1620mm<\/td>\n<\/tr>\n<tr>\n<td width=\"234\">Net A\u011f\u0131rl\u0131k<\/td>\n<td width=\"493\">85KG<\/td>\n<\/tr>\n<tr>\n<td width=\"234\">Makine standart par\u00e7alar\u0131<\/td>\n<td width=\"493\">80W 100W 200W Fiber lazer<\/p>\n<p>galvanometre tarama sistemi<\/p>\n<p>Orijinal EZCAD yaz\u0131l\u0131m\u0131<\/p>\n<p>Hava so\u011futma<\/p>\n<p>Y\u00fcksek s\u0131cakl\u0131k dayan\u0131m\u0131<\/p>\n<p>fiber lazer \u00fcreticisi<\/p>\n<p>Al\u00fcminyum dekorlu g\u00f6r\u00fcn\u00fcm<\/p>\n<p>lazer kontrol kart\u0131<\/p>\n<p>Titre\u015fimli ayna<\/p>\n<p>USB aray\u00fcz\u00fc<\/td>\n<\/tr>\n<\/tbody>\n<\/table>\n<p>&nbsp;<\/p>","protected":false},"excerpt":{"rendered":"<p>Technical Parameter: Fiber\u00a0laser\u00a0marking\u00a0machine Item\u00a0No. QN80\/QN100W\/QN200 Laser\u00a0Power JPT80W 100W 200W Laser\u00a0Wavelength 1064nm Marking\u00a0Range 110*110mm,175*175mm,200*200mm or 300*300mm Marking\u00a0Speed \u22648000mm\/s Minimum\u00a0Character 0.2mm Minimum\u00a0Line\u00a0Width 0.015mm Repeat\u00a0\u00a0Accuracy \u00b10.001mm Power\u00a0Stability &lt;5%rms Marking depth 0.3mm Laser\u00a0Beam\u00a0Quality M2\uff1c1.2 Repeat\u00a0Frequency 20KHz-80KHz Cooling\u00a0System Air\u00a0cooling Operating\u00a0Temperature 15-35\u2103 Power\u00a0Supply 220V\/50Hz or 110V Supporting\u00a0format BMP,\u00a0GIF,\u00a0JPG,\u00a0PCX,\u00a0TGA,\u00a0TIFF,\u00a0PLT,\u00a0CDR,\u00a0DMG,\u00a0DXF\u00a0etc. General\u00a0Power 0.5KW Machine\u00a0dimension 930mm\u00a0X\u00a0910mm\u00a0X\u00a01620mm Net\u00a0Weight 85KG Machine standard parts 80W 100W 200W\u00a0Fiber laser [&hellip;]<\/p>","protected":false},"featured_media":3585,"comment_status":"open","ping_status":"closed","template":"","meta":{"_seopress_robots_primary_cat":"","_seopress_titles_title":"","_seopress_titles_desc":"","_seopress_robots_index":"","_uag_custom_page_level_css":"","site-sidebar-layout":"default","site-content-layout":"","ast-site-content-layout":"default","site-content-style":"default","site-sidebar-style":"default","ast-global-header-display":"","ast-banner-title-visibility":"","ast-main-header-display":"","ast-hfb-above-header-display":"","ast-hfb-below-header-display":"","ast-hfb-mobile-header-display":"","site-post-title":"","ast-breadcrumbs-content":"","ast-featured-img":"","footer-sml-layout":"","ast-disable-related-posts":"","theme-transparent-header-meta":"default","adv-header-id-meta":"","stick-header-meta":"default","header-above-stick-meta":"","header-main-stick-meta":"","header-below-stick-meta":"","astra-migrate-meta-layouts":"set","ast-page-background-enabled":"default","ast-page-background-meta":{"desktop":{"background-color":"","background-image":"","background-repeat":"repeat","background-position":"center center","background-size":"auto","background-attachment":"scroll","background-type":"","background-media":"","overlay-type":"","overlay-color":"","overlay-opacity":"","overlay-gradient":""},"tablet":{"background-color":"","background-image":"","background-repeat":"repeat","background-position":"center center","background-size":"auto","background-attachment":"scroll","background-type":"","background-media":"","overlay-type":"","overlay-color":"","overlay-opacity":"","overlay-gradient":""},"mobile":{"background-color":"","background-image":"","background-repeat":"repeat","background-position":"center center","background-size":"auto","background-attachment":"scroll","background-type":"","background-media":"","overlay-type":"","overlay-color":"","overlay-opacity":"","overlay-gradient":""}},"ast-content-background-meta":{"desktop":{"background-color":"var(--ast-global-color-5)","background-image":"","background-repeat":"repeat","background-position":"center center","background-size":"auto","background-attachment":"scroll","background-type":"","background-media":"","overlay-type":"","overlay-color":"","overlay-opacity":"","overlay-gradient":""},"tablet":{"background-color":"var(--ast-global-color-5)","background-image":"","background-repeat":"repeat","background-position":"center center","background-size":"auto","background-attachment":"scroll","background-type":"","background-media":"","overlay-type":"","overlay-color":"","overlay-opacity":"","overlay-gradient":""},"mobile":{"background-color":"var(--ast-global-color-5)","background-image":"","background-repeat":"repeat","background-position":"center center","background-size":"auto","background-attachment":"scroll","background-type":"","background-media":"","overlay-type":"","overlay-color":"","overlay-opacity":"","overlay-gradient":""}}},"product_brand":[],"product_cat":[78],"product_tag":[],"class_list":{"0":"post-3582","1":"product","2":"type-product","3":"status-publish","4":"has-post-thumbnail","6":"product_cat-fiber-marking-machine","7":"desktop-align-left","8":"tablet-align-left","9":"mobile-align-left","10":"ast-product-gallery-layout-horizontal-slider","11":"ast-product-gallery-with-no-image","12":"ast-magnify-disabled","13":"ast-product-tabs-layout-distributed","15":"first","16":"instock","17":"shipping-taxable","18":"product-type-simple"},"uagb_featured_image_src":{"full":["https:\/\/www.queencncmachinery.com\/wp-content\/uploads\/2025\/11\/Desktop-Fiber-Laser-Marking-Machine.jpg",800,800,false],"thumbnail":["https:\/\/www.queencncmachinery.com\/wp-content\/uploads\/2025\/11\/Desktop-Fiber-Laser-Marking-Machine-150x150.jpg",150,150,true],"medium":["https:\/\/www.queencncmachinery.com\/wp-content\/uploads\/2025\/11\/Desktop-Fiber-Laser-Marking-Machine-300x300.jpg",300,300,true],"medium_large":["https:\/\/www.queencncmachinery.com\/wp-content\/uploads\/2025\/11\/Desktop-Fiber-Laser-Marking-Machine-768x768.jpg",768,768,true],"large":["https:\/\/www.queencncmachinery.com\/wp-content\/uploads\/2025\/11\/Desktop-Fiber-Laser-Marking-Machine.jpg",800,800,false],"1536x1536":["https:\/\/www.queencncmachinery.com\/wp-content\/uploads\/2025\/11\/Desktop-Fiber-Laser-Marking-Machine.jpg",800,800,false],"2048x2048":["https:\/\/www.queencncmachinery.com\/wp-content\/uploads\/2025\/11\/Desktop-Fiber-Laser-Marking-Machine.jpg",800,800,false],"trp-custom-language-flag":["https:\/\/www.queencncmachinery.com\/wp-content\/uploads\/2025\/11\/Desktop-Fiber-Laser-Marking-Machine-12x12.jpg",12,12,true],"woocommerce_thumbnail":["https:\/\/www.queencncmachinery.com\/wp-content\/uploads\/2025\/11\/Desktop-Fiber-Laser-Marking-Machine.jpg",800,800,false],"woocommerce_single":["https:\/\/www.queencncmachinery.com\/wp-content\/uploads\/2025\/11\/Desktop-Fiber-Laser-Marking-Machine.jpg",800,800,false],"woocommerce_gallery_thumbnail":["https:\/\/www.queencncmachinery.com\/wp-content\/uploads\/2025\/11\/Desktop-Fiber-Laser-Marking-Machine-100x100.jpg",100,100,true]},"uagb_author_info":{"display_name":"jinxing6611@gmail.com","author_link":"https:\/\/www.queencncmachinery.com\/tr\/author\/"},"uagb_comment_info":0,"uagb_excerpt":"Technical Parameter: Fiber\u00a0laser\u00a0marking\u00a0machine Item\u00a0No. QN80\/QN100W\/QN200 Laser\u00a0Power JPT80W 100W 200W Laser\u00a0Wavelength 1064nm Marking\u00a0Range 110*110mm,175*175mm,200*200mm or 300*300mm Marking\u00a0Speed \u22648000mm\/s Minimum\u00a0Character 0.2mm Minimum\u00a0Line\u00a0Width 0.015mm Repeat\u00a0\u00a0Accuracy \u00b10.001mm Power\u00a0Stability &lt;5%rms Marking depth 0.3mm Laser\u00a0Beam\u00a0Quality M2\uff1c1.2 Repeat\u00a0Frequency 20KHz-80KHz Cooling\u00a0System Air\u00a0cooling Operating\u00a0Temperature 15-35\u2103 Power\u00a0Supply 220V\/50Hz or 110V Supporting\u00a0format BMP,\u00a0GIF,\u00a0JPG,\u00a0PCX,\u00a0TGA,\u00a0TIFF,\u00a0PLT,\u00a0CDR,\u00a0DMG,\u00a0DXF\u00a0etc. General\u00a0Power 0.5KW Machine\u00a0dimension 930mm\u00a0X\u00a0910mm\u00a0X\u00a01620mm Net\u00a0Weight 85KG Machine standard parts 80W 100W 200W\u00a0Fiber laser&hellip;","_links":{"self":[{"href":"https:\/\/www.queencncmachinery.com\/tr\/wp-json\/wp\/v2\/product\/3582","targetHints":{"allow":["GET"]}}],"collection":[{"href":"https:\/\/www.queencncmachinery.com\/tr\/wp-json\/wp\/v2\/product"}],"about":[{"href":"https:\/\/www.queencncmachinery.com\/tr\/wp-json\/wp\/v2\/types\/product"}],"replies":[{"embeddable":true,"href":"https:\/\/www.queencncmachinery.com\/tr\/wp-json\/wp\/v2\/comments?post=3582"}],"wp:featuredmedia":[{"embeddable":true,"href":"https:\/\/www.queencncmachinery.com\/tr\/wp-json\/wp\/v2\/media\/3585"}],"wp:attachment":[{"href":"https:\/\/www.queencncmachinery.com\/tr\/wp-json\/wp\/v2\/media?parent=3582"}],"wp:term":[{"taxonomy":"product_brand","embeddable":true,"href":"https:\/\/www.queencncmachinery.com\/tr\/wp-json\/wp\/v2\/product_brand?post=3582"},{"taxonomy":"product_cat","embeddable":true,"href":"https:\/\/www.queencncmachinery.com\/tr\/wp-json\/wp\/v2\/product_cat?post=3582"},{"taxonomy":"product_tag","embeddable":true,"href":"https:\/\/www.queencncmachinery.com\/tr\/wp-json\/wp\/v2\/product_tag?post=3582"}],"curies":[{"name":"wp","href":"https:\/\/api.w.org\/{rel}","templated":true}]}}