{"id":3572,"date":"2025-11-04T13:43:39","date_gmt":"2025-11-04T13:43:39","guid":{"rendered":"https:\/\/www.queencncmachinery.com\/?post_type=product&#038;p=3572"},"modified":"2025-11-04T13:43:39","modified_gmt":"2025-11-04T13:43:39","slug":"qn6090-laser-cutting-engraving-machine","status":"publish","type":"product","link":"https:\/\/www.queencncmachinery.com\/tr\/urun\/qn6090-laser-cutting-engraving-machine\/","title":{"rendered":"QN6090 Lazer Kesim Grav\u00fcr Makinesi"},"content":{"rendered":"<table>\n<tbody>\n<tr>\n<td width=\"222\">Model<\/td>\n<td width=\"355\">QN6090<\/td>\n<\/tr>\n<tr>\n<td width=\"222\">Lazer tipi<\/td>\n<td width=\"355\">M\u00fch\u00fcrl\u00fc CO<sub>2<\/sub>\u00a0lazer t\u00fcp\u00fc<\/td>\n<\/tr>\n<tr>\n<td width=\"222\">Lazer g\u00fcc\u00fc<\/td>\n<td width=\"355\">60W 80W 100W 130W 150W 180W lazer t\u00fcp\u00fc<\/td>\n<\/tr>\n<tr>\n<td width=\"222\">Kesim alan\u0131<\/td>\n<td width=\"355\">600*900mm<\/td>\n<\/tr>\n<tr>\n<td width=\"222\">Konum do\u011frulu\u011funu s\u0131f\u0131rlama<\/td>\n<td width=\"355\">+\/-0,05 mm<\/td>\n<\/tr>\n<tr>\n<td width=\"222\">\u00c7al\u0131\u015fma gerilimi<\/td>\n<td width=\"355\">AC110-220V +\/-10%.50-60HZ<\/td>\n<\/tr>\n<tr>\n<td width=\"222\">G\u00fc\u00e7<\/td>\n<td width=\"355\">Maksimum 1500W<\/td>\n<\/tr>\n<tr>\n<td width=\"222\">\u00c7al\u0131\u015fma s\u0131cakl\u0131\u011f\u0131<\/td>\n<td width=\"355\">0-45 derece<\/td>\n<\/tr>\n<tr>\n<td width=\"222\">\u00c7al\u0131\u015fma nemi<\/td>\n<td width=\"355\">5-95%<\/td>\n<\/tr>\n<tr>\n<td width=\"222\">Minimum \u015fekillendirme karakteri<\/td>\n<td width=\"355\">\u0130ngilizce 1*1mm<\/td>\n<\/tr>\n<tr>\n<td width=\"222\">Desteklenen grafik format\u0131<\/td>\n<td width=\"355\">BMP, PLT, DST, DXF ve AI<\/td>\n<\/tr>\n<tr>\n<td width=\"222\">S\u00fcr\u00fc\u015f sistemi<\/td>\n<td width=\"355\">step<\/td>\n<\/tr>\n<tr>\n<td width=\"222\">So\u011futma modu<\/td>\n<td width=\"355\">Su so\u011futma ve koruma sistemi<\/td>\n<\/tr>\n<tr>\n<td width=\"222\">Yard\u0131mc\u0131 ekipman<\/td>\n<td width=\"355\">Egzoz fan\u0131, hava egzoz borusu, Hava kompres\u00f6r\u00fc<\/td>\n<\/tr>\n<tr>\n<td width=\"222\">Kontrol sistemi<\/td>\n<td width=\"355\">Ruida6445G kontrol sistemi<\/td>\n<\/tr>\n<tr>\n<td width=\"222\">Uyumlu yaz\u0131l\u0131m<\/td>\n<td width=\"355\">Coreldraw otomatik CAD photoshop<\/td>\n<\/tr>\n<tr>\n<td width=\"222\">Lazer tipi<\/td>\n<td width=\"355\">M\u00fch\u00fcrl\u00fc CO<sub>2<\/sub>\u00a0lazer t\u00fcp\u00fc<\/td>\n<\/tr>\n<tr>\n<td width=\"222\">Konum do\u011frulu\u011funu s\u0131f\u0131rlama<\/td>\n<td width=\"355\">+\/-0,05 mm<\/td>\n<\/tr>\n<tr>\n<td width=\"222\">\u00c7al\u0131\u015fma gerilimi<\/td>\n<td width=\"355\">AC110-220V +\/-10%.50-60HZ<\/td>\n<\/tr>\n<\/tbody>\n<\/table>","protected":false},"excerpt":{"rendered":"<p>Model QN6090 Laser type Sealed CO2\u00a0laser tube Laser power 60W\u00a080W 100W 130W 150W 180W\u00a0laser tube Cutting area 600*900mm Resetting position accuracy +\/-0.05mm Working voltage AC110-220V +\/-10%.50-60HZ Power 1500W max Operating temperature 0-45 degree Operating humidity 5-95% Minimum shaping character English 1*1mm Graphic format supported BMP, PLT, DST, DXF, and AI Driving system stepper Cooling mode [&hellip;]<\/p>","protected":false},"featured_media":3575,"comment_status":"open","ping_status":"closed","template":"","meta":{"_seopress_robots_primary_cat":"","_seopress_titles_title":"","_seopress_titles_desc":"","_seopress_robots_index":"","_uag_custom_page_level_css":"","site-sidebar-layout":"default","site-content-layout":"","ast-site-content-layout":"default","site-content-style":"default","site-sidebar-style":"default","ast-global-header-display":"","ast-banner-title-visibility":"","ast-main-header-display":"","ast-hfb-above-header-display":"","ast-hfb-below-header-display":"","ast-hfb-mobile-header-display":"","site-post-title":"","ast-breadcrumbs-content":"","ast-featured-img":"","footer-sml-layout":"","ast-disable-related-posts":"","theme-transparent-header-meta":"default","adv-header-id-meta":"","stick-header-meta":"default","header-above-stick-meta":"","header-main-stick-meta":"","header-below-stick-meta":"","astra-migrate-meta-layouts":"set","ast-page-background-enabled":"default","ast-page-background-meta":{"desktop":{"background-color":"","background-image":"","background-repeat":"repeat","background-position":"center center","background-size":"auto","background-attachment":"scroll","background-type":"","background-media":"","overlay-type":"","overlay-color":"","overlay-opacity":"","overlay-gradient":""},"tablet":{"background-color":"","background-image":"","background-repeat":"repeat","background-position":"center center","background-size":"auto","background-attachment":"scroll","background-type":"","background-media":"","overlay-type":"","overlay-color":"","overlay-opacity":"","overlay-gradient":""},"mobile":{"background-color":"","background-image":"","background-repeat":"repeat","background-position":"center center","background-size":"auto","background-attachment":"scroll","background-type":"","background-media":"","overlay-type":"","overlay-color":"","overlay-opacity":"","overlay-gradient":""}},"ast-content-background-meta":{"desktop":{"background-color":"var(--ast-global-color-5)","background-image":"","background-repeat":"repeat","background-position":"center center","background-size":"auto","background-attachment":"scroll","background-type":"","background-media":"","overlay-type":"","overlay-color":"","overlay-opacity":"","overlay-gradient":""},"tablet":{"background-color":"var(--ast-global-color-5)","background-image":"","background-repeat":"repeat","background-position":"center center","background-size":"auto","background-attachment":"scroll","background-type":"","background-media":"","overlay-type":"","overlay-color":"","overlay-opacity":"","overlay-gradient":""},"mobile":{"background-color":"var(--ast-global-color-5)","background-image":"","background-repeat":"repeat","background-position":"center center","background-size":"auto","background-attachment":"scroll","background-type":"","background-media":"","overlay-type":"","overlay-color":"","overlay-opacity":"","overlay-gradient":""}}},"product_brand":[],"product_cat":[77],"product_tag":[],"class_list":{"0":"post-3572","1":"product","2":"type-product","3":"status-publish","4":"has-post-thumbnail","6":"product_cat-co2-laser-cutting-and-engraving-machine","7":"desktop-align-left","8":"tablet-align-left","9":"mobile-align-left","10":"ast-product-gallery-layout-horizontal-slider","11":"ast-product-gallery-with-no-image","12":"ast-magnify-disabled","13":"ast-product-tabs-layout-distributed","15":"first","16":"instock","17":"shipping-taxable","18":"product-type-simple"},"uagb_featured_image_src":{"full":["https:\/\/www.queencncmachinery.com\/wp-content\/uploads\/2025\/11\/mtxx28.jpg",750,750,false],"thumbnail":["https:\/\/www.queencncmachinery.com\/wp-content\/uploads\/2025\/11\/mtxx28-150x150.jpg",150,150,true],"medium":["https:\/\/www.queencncmachinery.com\/wp-content\/uploads\/2025\/11\/mtxx28-300x300.jpg",300,300,true],"medium_large":["https:\/\/www.queencncmachinery.com\/wp-content\/uploads\/2025\/11\/mtxx28.jpg",750,750,false],"large":["https:\/\/www.queencncmachinery.com\/wp-content\/uploads\/2025\/11\/mtxx28.jpg",750,750,false],"1536x1536":["https:\/\/www.queencncmachinery.com\/wp-content\/uploads\/2025\/11\/mtxx28.jpg",750,750,false],"2048x2048":["https:\/\/www.queencncmachinery.com\/wp-content\/uploads\/2025\/11\/mtxx28.jpg",750,750,false],"trp-custom-language-flag":["https:\/\/www.queencncmachinery.com\/wp-content\/uploads\/2025\/11\/mtxx28-12x12.jpg",12,12,true],"woocommerce_thumbnail":["https:\/\/www.queencncmachinery.com\/wp-content\/uploads\/2025\/11\/mtxx28.jpg",750,750,false],"woocommerce_single":["https:\/\/www.queencncmachinery.com\/wp-content\/uploads\/2025\/11\/mtxx28.jpg",750,750,false],"woocommerce_gallery_thumbnail":["https:\/\/www.queencncmachinery.com\/wp-content\/uploads\/2025\/11\/mtxx28-100x100.jpg",100,100,true]},"uagb_author_info":{"display_name":"jinxing6611@gmail.com","author_link":"https:\/\/www.queencncmachinery.com\/tr\/author\/"},"uagb_comment_info":0,"uagb_excerpt":"Model QN6090 Laser type Sealed CO2\u00a0laser tube Laser power 60W\u00a080W 100W 130W 150W 180W\u00a0laser tube Cutting area 600*900mm Resetting position accuracy +\/-0.05mm Working voltage AC110-220V +\/-10%.50-60HZ Power 1500W max Operating temperature 0-45 degree Operating humidity 5-95% Minimum shaping character English 1*1mm Graphic format supported BMP, PLT, DST, DXF, and AI Driving system stepper Cooling mode&hellip;","_links":{"self":[{"href":"https:\/\/www.queencncmachinery.com\/tr\/wp-json\/wp\/v2\/product\/3572","targetHints":{"allow":["GET"]}}],"collection":[{"href":"https:\/\/www.queencncmachinery.com\/tr\/wp-json\/wp\/v2\/product"}],"about":[{"href":"https:\/\/www.queencncmachinery.com\/tr\/wp-json\/wp\/v2\/types\/product"}],"replies":[{"embeddable":true,"href":"https:\/\/www.queencncmachinery.com\/tr\/wp-json\/wp\/v2\/comments?post=3572"}],"wp:featuredmedia":[{"embeddable":true,"href":"https:\/\/www.queencncmachinery.com\/tr\/wp-json\/wp\/v2\/media\/3575"}],"wp:attachment":[{"href":"https:\/\/www.queencncmachinery.com\/tr\/wp-json\/wp\/v2\/media?parent=3572"}],"wp:term":[{"taxonomy":"product_brand","embeddable":true,"href":"https:\/\/www.queencncmachinery.com\/tr\/wp-json\/wp\/v2\/product_brand?post=3572"},{"taxonomy":"product_cat","embeddable":true,"href":"https:\/\/www.queencncmachinery.com\/tr\/wp-json\/wp\/v2\/product_cat?post=3572"},{"taxonomy":"product_tag","embeddable":true,"href":"https:\/\/www.queencncmachinery.com\/tr\/wp-json\/wp\/v2\/product_tag?post=3572"}],"curies":[{"name":"wp","href":"https:\/\/api.w.org\/{rel}","templated":true}]}}