{"id":3556,"date":"2025-11-04T13:38:35","date_gmt":"2025-11-04T13:38:35","guid":{"rendered":"https:\/\/www.queencncmachinery.com\/?post_type=product&#038;p=3556"},"modified":"2025-11-04T13:38:35","modified_gmt":"2025-11-04T13:38:35","slug":"co2-mixed-laser-for-thin-metal-cutting","status":"publish","type":"product","link":"https:\/\/www.queencncmachinery.com\/tr\/urun\/co2-mixed-laser-for-thin-metal-cutting\/","title":{"rendered":"\u0130nce Metal Kesimi \u0130\u00e7in Co2 Kar\u0131\u015f\u0131k Lazer"},"content":{"rendered":"<table>\n<tbody>\n<tr>\n<td colspan=\"2\" width=\"644\"><strong>Tan\u0131m ve \u00d6zellikler:<\/strong><\/td>\n<\/tr>\n<tr>\n<td width=\"249\">Model<\/td>\n<td width=\"394\">QN1325M<\/td>\n<\/tr>\n<tr>\n<td width=\"249\">Lazer tipi<\/td>\n<td width=\"394\">M\u00fch\u00fcrl\u00fc CO<sub>2<\/sub>\u00a0lazer t\u00fcp\u00fc<\/td>\n<\/tr>\n<tr>\n<td width=\"249\">Kesim i\u00e7in lazer g\u00fcc\u00fc<\/td>\n<td width=\"394\">180W-600W<\/td>\n<\/tr>\n<tr>\n<td width=\"249\">Lazer g\u00fcc\u00fc Mini<\/td>\n<td width=\"394\">80W<\/td>\n<\/tr>\n<tr>\n<td width=\"249\">Kesim alan\u0131<\/td>\n<td width=\"394\">1300*2500mm<\/td>\n<\/tr>\n<tr>\n<td width=\"249\">Konum do\u011frulu\u011funu s\u0131f\u0131rlama<\/td>\n<td width=\"394\">+\/-0,05 mm<\/td>\n<\/tr>\n<tr>\n<td width=\"249\">\u00c7al\u0131\u015fma gerilimi<\/td>\n<td width=\"394\">AC110-220V +\/-10%.50-60HZ, 40A<\/td>\n<\/tr>\n<tr>\n<td width=\"249\">G\u00fc\u00e7<\/td>\n<td width=\"394\">3.000W maks.<\/td>\n<\/tr>\n<tr>\n<td width=\"249\">\u00c7al\u0131\u015fma s\u0131cakl\u0131\u011f\u0131<\/td>\n<td width=\"394\">0-45 derece<\/td>\n<\/tr>\n<tr>\n<td width=\"249\">\u00c7al\u0131\u015fma nemi<\/td>\n<td width=\"394\">5-95%<\/td>\n<\/tr>\n<tr>\n<td width=\"249\">Minimum \u015fekillendirme karakteri<\/td>\n<td width=\"394\">\u0130ngilizce 1*1mm<\/td>\n<\/tr>\n<tr>\n<td width=\"249\">Desteklenen grafik format\u0131<\/td>\n<td width=\"394\">BMP, PLT, DST, DXF ve AI<\/td>\n<\/tr>\n<tr>\n<td width=\"249\">S\u00fcr\u00fc\u015f sistemi<\/td>\n<td width=\"394\">Step<\/td>\n<\/tr>\n<tr>\n<td width=\"249\">Kesim malzemesi<\/td>\n<td width=\"394\">Metal ve ametal<\/td>\n<\/tr>\n<tr>\n<td width=\"249\">Kesim kal\u0131nl\u0131\u011f\u0131<\/td>\n<td width=\"394\">Max 30mm akrilik, 3mm karbon \u00e7eli\u011fi, 3mm paslanmaz \u00e7elik i\u00e7in<\/td>\n<\/tr>\n<tr>\n<td width=\"249\">Lens&amp;Ayna<\/td>\n<td width=\"394\">ABD markas\u0131\/Singapur markas\u0131<\/td>\n<\/tr>\n<tr>\n<td width=\"249\">So\u011futma modu<\/td>\n<td width=\"394\">Su so\u011futma ve koruma sistemi<\/td>\n<\/tr>\n<tr>\n<td width=\"249\">Yard\u0131mc\u0131 ekipman<\/td>\n<td width=\"394\">Egzoz fan\u0131, hava egzoz borusu, Hava kompres\u00f6r\u00fc<\/td>\n<\/tr>\n<tr>\n<td width=\"249\">Kontrol sistemi<\/td>\n<td width=\"394\">RUIDA<\/td>\n<\/tr>\n<\/tbody>\n<\/table>","protected":false},"excerpt":{"rendered":"<p>Description &amp; Specifications: Model QN1325M Laser type Sealed CO2\u00a0laser tube Laser power\u00a0for cutting 180W-600W Laser power Mini 80W Cutting area 1300*2500mm Resetting position accuracy +\/-0.05mm Working voltage AC110-220V +\/-10%.50-60HZ, 40A Power 3,000W max Operating temperature 0-45 degree Operating humidity 5-95% Minimum shaping character English 1*1mm Graphic format supported BMP, PLT, DST, DXF, and AI Driving [&hellip;]<\/p>","protected":false},"featured_media":3559,"comment_status":"open","ping_status":"closed","template":"","meta":{"_seopress_robots_primary_cat":"","_seopress_titles_title":"","_seopress_titles_desc":"","_seopress_robots_index":"","_uag_custom_page_level_css":"","site-sidebar-layout":"default","site-content-layout":"","ast-site-content-layout":"default","site-content-style":"default","site-sidebar-style":"default","ast-global-header-display":"","ast-banner-title-visibility":"","ast-main-header-display":"","ast-hfb-above-header-display":"","ast-hfb-below-header-display":"","ast-hfb-mobile-header-display":"","site-post-title":"","ast-breadcrumbs-content":"","ast-featured-img":"","footer-sml-layout":"","ast-disable-related-posts":"","theme-transparent-header-meta":"default","adv-header-id-meta":"","stick-header-meta":"default","header-above-stick-meta":"","header-main-stick-meta":"","header-below-stick-meta":"","astra-migrate-meta-layouts":"set","ast-page-background-enabled":"default","ast-page-background-meta":{"desktop":{"background-color":"","background-image":"","background-repeat":"repeat","background-position":"center center","background-size":"auto","background-attachment":"scroll","background-type":"","background-media":"","overlay-type":"","overlay-color":"","overlay-opacity":"","overlay-gradient":""},"tablet":{"background-color":"","background-image":"","background-repeat":"repeat","background-position":"center center","background-size":"auto","background-attachment":"scroll","background-type":"","background-media":"","overlay-type":"","overlay-color":"","overlay-opacity":"","overlay-gradient":""},"mobile":{"background-color":"","background-image":"","background-repeat":"repeat","background-position":"center center","background-size":"auto","background-attachment":"scroll","background-type":"","background-media":"","overlay-type":"","overlay-color":"","overlay-opacity":"","overlay-gradient":""}},"ast-content-background-meta":{"desktop":{"background-color":"var(--ast-global-color-5)","background-image":"","background-repeat":"repeat","background-position":"center center","background-size":"auto","background-attachment":"scroll","background-type":"","background-media":"","overlay-type":"","overlay-color":"","overlay-opacity":"","overlay-gradient":""},"tablet":{"background-color":"var(--ast-global-color-5)","background-image":"","background-repeat":"repeat","background-position":"center center","background-size":"auto","background-attachment":"scroll","background-type":"","background-media":"","overlay-type":"","overlay-color":"","overlay-opacity":"","overlay-gradient":""},"mobile":{"background-color":"var(--ast-global-color-5)","background-image":"","background-repeat":"repeat","background-position":"center center","background-size":"auto","background-attachment":"scroll","background-type":"","background-media":"","overlay-type":"","overlay-color":"","overlay-opacity":"","overlay-gradient":""}}},"product_brand":[],"product_cat":[77],"product_tag":[],"class_list":{"0":"post-3556","1":"product","2":"type-product","3":"status-publish","4":"has-post-thumbnail","6":"product_cat-co2-laser-cutting-and-engraving-machine","7":"desktop-align-left","8":"tablet-align-left","9":"mobile-align-left","10":"ast-product-gallery-layout-horizontal-slider","11":"ast-product-gallery-with-no-image","12":"ast-magnify-disabled","13":"ast-product-tabs-layout-distributed","15":"first","16":"instock","17":"shipping-taxable","18":"product-type-simple"},"uagb_featured_image_src":{"full":["https:\/\/www.queencncmachinery.com\/wp-content\/uploads\/2025\/11\/mtxx24.jpg",750,750,false],"thumbnail":["https:\/\/www.queencncmachinery.com\/wp-content\/uploads\/2025\/11\/mtxx24-150x150.jpg",150,150,true],"medium":["https:\/\/www.queencncmachinery.com\/wp-content\/uploads\/2025\/11\/mtxx24-300x300.jpg",300,300,true],"medium_large":["https:\/\/www.queencncmachinery.com\/wp-content\/uploads\/2025\/11\/mtxx24.jpg",750,750,false],"large":["https:\/\/www.queencncmachinery.com\/wp-content\/uploads\/2025\/11\/mtxx24.jpg",750,750,false],"1536x1536":["https:\/\/www.queencncmachinery.com\/wp-content\/uploads\/2025\/11\/mtxx24.jpg",750,750,false],"2048x2048":["https:\/\/www.queencncmachinery.com\/wp-content\/uploads\/2025\/11\/mtxx24.jpg",750,750,false],"trp-custom-language-flag":["https:\/\/www.queencncmachinery.com\/wp-content\/uploads\/2025\/11\/mtxx24-12x12.jpg",12,12,true],"woocommerce_thumbnail":["https:\/\/www.queencncmachinery.com\/wp-content\/uploads\/2025\/11\/mtxx24.jpg",750,750,false],"woocommerce_single":["https:\/\/www.queencncmachinery.com\/wp-content\/uploads\/2025\/11\/mtxx24.jpg",750,750,false],"woocommerce_gallery_thumbnail":["https:\/\/www.queencncmachinery.com\/wp-content\/uploads\/2025\/11\/mtxx24-100x100.jpg",100,100,true]},"uagb_author_info":{"display_name":"jinxing6611@gmail.com","author_link":"https:\/\/www.queencncmachinery.com\/tr\/author\/"},"uagb_comment_info":0,"uagb_excerpt":"Description &amp; Specifications: Model QN1325M Laser type Sealed CO2\u00a0laser tube Laser power\u00a0for cutting 180W-600W Laser power Mini 80W Cutting area 1300*2500mm Resetting position accuracy +\/-0.05mm Working voltage AC110-220V +\/-10%.50-60HZ, 40A Power 3,000W max Operating temperature 0-45 degree Operating humidity 5-95% Minimum shaping character English 1*1mm Graphic format supported BMP, PLT, DST, DXF, and AI Driving&hellip;","_links":{"self":[{"href":"https:\/\/www.queencncmachinery.com\/tr\/wp-json\/wp\/v2\/product\/3556","targetHints":{"allow":["GET"]}}],"collection":[{"href":"https:\/\/www.queencncmachinery.com\/tr\/wp-json\/wp\/v2\/product"}],"about":[{"href":"https:\/\/www.queencncmachinery.com\/tr\/wp-json\/wp\/v2\/types\/product"}],"replies":[{"embeddable":true,"href":"https:\/\/www.queencncmachinery.com\/tr\/wp-json\/wp\/v2\/comments?post=3556"}],"wp:featuredmedia":[{"embeddable":true,"href":"https:\/\/www.queencncmachinery.com\/tr\/wp-json\/wp\/v2\/media\/3559"}],"wp:attachment":[{"href":"https:\/\/www.queencncmachinery.com\/tr\/wp-json\/wp\/v2\/media?parent=3556"}],"wp:term":[{"taxonomy":"product_brand","embeddable":true,"href":"https:\/\/www.queencncmachinery.com\/tr\/wp-json\/wp\/v2\/product_brand?post=3556"},{"taxonomy":"product_cat","embeddable":true,"href":"https:\/\/www.queencncmachinery.com\/tr\/wp-json\/wp\/v2\/product_cat?post=3556"},{"taxonomy":"product_tag","embeddable":true,"href":"https:\/\/www.queencncmachinery.com\/tr\/wp-json\/wp\/v2\/product_tag?post=3556"}],"curies":[{"name":"wp","href":"https:\/\/api.w.org\/{rel}","templated":true}]}}