{"id":3532,"date":"2025-11-04T13:08:05","date_gmt":"2025-11-04T13:08:05","guid":{"rendered":"https:\/\/www.queencncmachinery.com\/?post_type=product&#038;p=3532"},"modified":"2025-11-04T13:08:05","modified_gmt":"2025-11-04T13:08:05","slug":"widely-used-4-by-8-feet-cnc-router","status":"publish","type":"product","link":"https:\/\/www.queencncmachinery.com\/tr\/urun\/widely-used-4-by-8-feet-cnc-router\/","title":{"rendered":"Yayg\u0131n Olarak Kullan\u0131lan 4'e 8 Ayakl\u0131 CNC Router"},"content":{"rendered":"<table>\n<tbody>\n<tr>\n<td width=\"146\">Model<\/td>\n<td width=\"413\">QN1325<\/td>\n<\/tr>\n<tr>\n<td width=\"146\">Etkin \u00e7al\u0131\u015fma alan\u0131<\/td>\n<td width=\"413\">1300*2500*200mm<\/td>\n<\/tr>\n<tr>\n<td width=\"146\">X ekseni uzunlu\u011fu<\/td>\n<td width=\"413\">1300mm<\/td>\n<\/tr>\n<tr>\n<td width=\"146\">Y ekseni uzunlu\u011fu<\/td>\n<td width=\"413\">2500mm<\/td>\n<\/tr>\n<tr>\n<td width=\"146\">Z ekseni y\u00fcksekli\u011fi<\/td>\n<td width=\"413\">200mm \uff08Taleplerinize g\u00f6re Y\u00fcksek olabilir\uff09<\/td>\n<\/tr>\n<tr>\n<td width=\"146\">Makine G\u00f6vdesi<\/td>\n<td width=\"413\">A\u011f\u0131r hizmet tipi \u00e7elik d\u00f6k\u00fcm makine \u00e7er\u00e7evesi<\/td>\n<\/tr>\n<tr>\n<td width=\"146\">\u00c7al\u0131\u015fma masas\u0131<\/td>\n<td width=\"413\">\u00c7ubuk adsorpsiyon tablosu<\/td>\n<\/tr>\n<tr>\n<td width=\"146\">X ve Y ekseni<\/td>\n<td width=\"413\">25 mm do\u011frusal kare raylar, y\u00fcksek hassasiyetli Helisel kremayer ve pinyon tahrik<\/td>\n<\/tr>\n<tr>\n<td width=\"146\">Z ekseni<\/td>\n<td width=\"413\">25mm lineer quare raylar\u0131, Vidal\u0131 mil tahriki<\/td>\n<\/tr>\n<tr>\n<td width=\"146\">Mil<\/td>\n<td width=\"413\">3kw\/4.5kw\/5.5kw su veya hava so\u011futmal\u0131 i\u015f mili<\/td>\n<\/tr>\n<tr>\n<td width=\"146\">Frekans d\u00f6n\u00fc\u015ft\u00fcr\u00fcc\u00fcler<\/td>\n<td width=\"413\">Delta\/Fuling<\/td>\n<\/tr>\n<tr>\n<td width=\"146\">S\u00fcr\u00fcc\u00fc<\/td>\n<td width=\"413\">Step s\u00fcr\u00fcc\u00fc<\/td>\n<\/tr>\n<tr>\n<td width=\"146\">Motor<\/td>\n<td width=\"413\">Step motorlar<\/td>\n<\/tr>\n<tr>\n<td width=\"146\">Kontrol sistemi<\/td>\n<td width=\"413\">Mach 3 kontrol sistemi\/DSPA11\/NC Studio<\/td>\n<\/tr>\n<tr>\n<td width=\"146\">Limit anahtar\u0131<\/td>\n<td width=\"413\">Evet<\/td>\n<\/tr>\n<tr>\n<td width=\"146\">Alet sens\u00f6r\u00fc<\/td>\n<td width=\"413\">Evet<\/td>\n<\/tr>\n<tr>\n<td width=\"146\">Komuta<\/td>\n<td width=\"413\">G kodu<\/td>\n<\/tr>\n<tr>\n<td width=\"146\">Gerilim<\/td>\n<td width=\"413\">220V 50Hz\/60Hz, tek faz 380v 50Hz\/60Hz, \u00fc\u00e7 faz<\/td>\n<\/tr>\n<tr>\n<td width=\"146\">Se\u00e7enekler<\/td>\n<td width=\"413\">Toz toplay\u0131c\u0131<\/p>\n<p>Vakum masas\u0131<\/td>\n<\/tr>\n<\/tbody>\n<\/table>","protected":false},"excerpt":{"rendered":"<p>Model QN1325 Effective working area 1300*2500*200mm X axis length 1300mm Y axis length 2500mm Z axis height 200mm\uff08CAN be High according to your demands\uff09 Machine Body Heavy duty cast steel machine frame Working table Bar adsorption table X and Y axis 25mm linear square rails, high precision Helical rack and pinion drive Z axis 25mm [&hellip;]<\/p>","protected":false},"featured_media":3535,"comment_status":"open","ping_status":"closed","template":"","meta":{"_seopress_robots_primary_cat":"","_seopress_titles_title":"","_seopress_titles_desc":"","_seopress_robots_index":"","_uag_custom_page_level_css":"","site-sidebar-layout":"default","site-content-layout":"","ast-site-content-layout":"default","site-content-style":"default","site-sidebar-style":"default","ast-global-header-display":"","ast-banner-title-visibility":"","ast-main-header-display":"","ast-hfb-above-header-display":"","ast-hfb-below-header-display":"","ast-hfb-mobile-header-display":"","site-post-title":"","ast-breadcrumbs-content":"","ast-featured-img":"","footer-sml-layout":"","ast-disable-related-posts":"","theme-transparent-header-meta":"default","adv-header-id-meta":"","stick-header-meta":"default","header-above-stick-meta":"","header-main-stick-meta":"","header-below-stick-meta":"","astra-migrate-meta-layouts":"set","ast-page-background-enabled":"default","ast-page-background-meta":{"desktop":{"background-color":"","background-image":"","background-repeat":"repeat","background-position":"center center","background-size":"auto","background-attachment":"scroll","background-type":"","background-media":"","overlay-type":"","overlay-color":"","overlay-opacity":"","overlay-gradient":""},"tablet":{"background-color":"","background-image":"","background-repeat":"repeat","background-position":"center center","background-size":"auto","background-attachment":"scroll","background-type":"","background-media":"","overlay-type":"","overlay-color":"","overlay-opacity":"","overlay-gradient":""},"mobile":{"background-color":"","background-image":"","background-repeat":"repeat","background-position":"center center","background-size":"auto","background-attachment":"scroll","background-type":"","background-media":"","overlay-type":"","overlay-color":"","overlay-opacity":"","overlay-gradient":""}},"ast-content-background-meta":{"desktop":{"background-color":"var(--ast-global-color-5)","background-image":"","background-repeat":"repeat","background-position":"center center","background-size":"auto","background-attachment":"scroll","background-type":"","background-media":"","overlay-type":"","overlay-color":"","overlay-opacity":"","overlay-gradient":""},"tablet":{"background-color":"var(--ast-global-color-5)","background-image":"","background-repeat":"repeat","background-position":"center center","background-size":"auto","background-attachment":"scroll","background-type":"","background-media":"","overlay-type":"","overlay-color":"","overlay-opacity":"","overlay-gradient":""},"mobile":{"background-color":"var(--ast-global-color-5)","background-image":"","background-repeat":"repeat","background-position":"center center","background-size":"auto","background-attachment":"scroll","background-type":"","background-media":"","overlay-type":"","overlay-color":"","overlay-opacity":"","overlay-gradient":""}}},"product_brand":[],"product_cat":[75],"product_tag":[],"class_list":{"0":"post-3532","1":"product","2":"type-product","3":"status-publish","4":"has-post-thumbnail","6":"product_cat-normal-cnc-router","7":"desktop-align-left","8":"tablet-align-left","9":"mobile-align-left","10":"ast-product-gallery-layout-horizontal-slider","11":"ast-magnify-disabled","12":"ast-product-tabs-layout-distributed","14":"first","15":"instock","16":"shipping-taxable","17":"product-type-simple"},"uagb_featured_image_src":{"full":["https:\/\/www.queencncmachinery.com\/wp-content\/uploads\/2025\/11\/Photo-1.png",1009,701,false],"thumbnail":["https:\/\/www.queencncmachinery.com\/wp-content\/uploads\/2025\/11\/Photo-1-150x150.png",150,150,true],"medium":["https:\/\/www.queencncmachinery.com\/wp-content\/uploads\/2025\/11\/Photo-1-300x208.png",300,208,true],"medium_large":["https:\/\/www.queencncmachinery.com\/wp-content\/uploads\/2025\/11\/Photo-1-768x534.png",768,534,true],"large":["https:\/\/www.queencncmachinery.com\/wp-content\/uploads\/2025\/11\/Photo-1.png",1009,701,false],"1536x1536":["https:\/\/www.queencncmachinery.com\/wp-content\/uploads\/2025\/11\/Photo-1.png",1009,701,false],"2048x2048":["https:\/\/www.queencncmachinery.com\/wp-content\/uploads\/2025\/11\/Photo-1.png",1009,701,false],"trp-custom-language-flag":["https:\/\/www.queencncmachinery.com\/wp-content\/uploads\/2025\/11\/Photo-1-18x12.png",18,12,true],"woocommerce_thumbnail":["https:\/\/www.queencncmachinery.com\/wp-content\/uploads\/2025\/11\/Photo-1-800x556.png",800,556,true],"woocommerce_single":["https:\/\/www.queencncmachinery.com\/wp-content\/uploads\/2025\/11\/Photo-1-800x556.png",800,556,true],"woocommerce_gallery_thumbnail":["https:\/\/www.queencncmachinery.com\/wp-content\/uploads\/2025\/11\/Photo-1-100x100.png",100,100,true]},"uagb_author_info":{"display_name":"jinxing6611@gmail.com","author_link":"https:\/\/www.queencncmachinery.com\/tr\/author\/"},"uagb_comment_info":0,"uagb_excerpt":"Model QN1325 Effective working area 1300*2500*200mm X axis length 1300mm Y axis length 2500mm Z axis height 200mm\uff08CAN be High according to your demands\uff09 Machine Body Heavy duty cast steel machine frame Working table Bar adsorption table X and Y axis 25mm linear square rails, high precision Helical rack and pinion drive Z axis 25mm&hellip;","_links":{"self":[{"href":"https:\/\/www.queencncmachinery.com\/tr\/wp-json\/wp\/v2\/product\/3532","targetHints":{"allow":["GET"]}}],"collection":[{"href":"https:\/\/www.queencncmachinery.com\/tr\/wp-json\/wp\/v2\/product"}],"about":[{"href":"https:\/\/www.queencncmachinery.com\/tr\/wp-json\/wp\/v2\/types\/product"}],"replies":[{"embeddable":true,"href":"https:\/\/www.queencncmachinery.com\/tr\/wp-json\/wp\/v2\/comments?post=3532"}],"wp:featuredmedia":[{"embeddable":true,"href":"https:\/\/www.queencncmachinery.com\/tr\/wp-json\/wp\/v2\/media\/3535"}],"wp:attachment":[{"href":"https:\/\/www.queencncmachinery.com\/tr\/wp-json\/wp\/v2\/media?parent=3532"}],"wp:term":[{"taxonomy":"product_brand","embeddable":true,"href":"https:\/\/www.queencncmachinery.com\/tr\/wp-json\/wp\/v2\/product_brand?post=3532"},{"taxonomy":"product_cat","embeddable":true,"href":"https:\/\/www.queencncmachinery.com\/tr\/wp-json\/wp\/v2\/product_cat?post=3532"},{"taxonomy":"product_tag","embeddable":true,"href":"https:\/\/www.queencncmachinery.com\/tr\/wp-json\/wp\/v2\/product_tag?post=3532"}],"curies":[{"name":"wp","href":"https:\/\/api.w.org\/{rel}","templated":true}]}}