{"id":3524,"date":"2025-11-04T13:04:37","date_gmt":"2025-11-04T13:04:37","guid":{"rendered":"https:\/\/www.queencncmachinery.com\/?post_type=product&#038;p=3524"},"modified":"2025-11-04T13:04:37","modified_gmt":"2025-11-04T13:04:37","slug":"qn2030-servo-cnc-router","status":"publish","type":"product","link":"https:\/\/www.queencncmachinery.com\/tr\/urun\/qn2030-servo-cnc-router\/","title":{"rendered":"QN2030 Servo CNC Router"},"content":{"rendered":"<table>\n<tbody>\n<tr>\n<td colspan=\"2\" width=\"620\"><strong>Tan\u0131m ve \u00d6zellikler:<\/strong><\/td>\n<\/tr>\n<tr>\n<td width=\"352\">X \u00c7al\u0131\u015fma Alan\u0131<\/td>\n<td width=\"268\">2000mm<\/td>\n<\/tr>\n<tr>\n<td width=\"352\">Y \u00c7al\u0131\u015fma Alan\u0131<\/td>\n<td width=\"268\">3000mm<\/td>\n<\/tr>\n<tr>\n<td width=\"352\">Z \u00c7al\u0131\u015fma Alan\u0131<\/td>\n<td width=\"268\">250mm<\/td>\n<\/tr>\n<tr>\n<td width=\"352\">Seyahat Konumland\u0131rma Do\u011frulu\u011fu<\/td>\n<td width=\"268\">\u00b10,05 mm<\/td>\n<\/tr>\n<tr>\n<td width=\"352\">Yeniden Konumland\u0131rma Konumland\u0131rma Do\u011frulu\u011fu<\/td>\n<td width=\"268\">\u00b10,02 mm<\/td>\n<\/tr>\n<tr>\n<td width=\"352\">X,Y,Z Yap\u0131s\u0131<\/td>\n<td width=\"268\">XY Di\u015fli \u00c7ark Z vidal\u0131 mil<\/td>\n<\/tr>\n<tr>\n<td width=\"352\">Maks. G\u00fc\u00e7 T\u00fcketimi (\u0130\u015f mili olmadan)<\/td>\n<td width=\"268\">15KW i\u00e7inde<\/td>\n<\/tr>\n<tr>\n<td width=\"352\">Maks. H\u0131zl\u0131 Seyahat H\u0131z\u0131<\/td>\n<td width=\"268\">45m\/dak<\/td>\n<\/tr>\n<tr>\n<td width=\"352\">Maks. \u00c7al\u0131\u015fma H\u0131z\u0131<\/td>\n<td width=\"268\">25m\/dak<\/td>\n<\/tr>\n<tr>\n<td width=\"352\">Mil<\/td>\n<td width=\"268\">5.5kw Su so\u011futmal\u0131 i\u015f mili<\/td>\n<\/tr>\n<tr>\n<td width=\"352\">\u0130\u015f Mili H\u0131z\u0131<\/td>\n<td width=\"268\">0-24000rpm<\/td>\n<\/tr>\n<tr>\n<td width=\"352\">Tahrik Motoru<\/td>\n<td width=\"268\">Leadshine servo sistemi<\/td>\n<\/tr>\n<tr>\n<td width=\"352\">Komuta<\/td>\n<td width=\"268\">G-code*.u00*.mmg*.plt<\/td>\n<\/tr>\n<tr>\n<td width=\"352\">\u00c7al\u0131\u015fma gerilimi<\/td>\n<td width=\"268\">AC380V\/50Hz-60HZ veya 220V<\/td>\n<\/tr>\n<tr>\n<td width=\"352\">Kontrol Sistemi<\/td>\n<td width=\"268\">Mach3 kontrol\u00fc veya NK105 veya DSP<\/td>\n<\/tr>\n<\/tbody>\n<\/table>","protected":false},"excerpt":{"rendered":"<p>Description &amp; Specifications: X Working Area 2000mm Y Working Area 3000mm Z Working Area 250mm Traveling Positioning Accuracy \u00b10.05mm Repositioning Positioning Accuracy \u00b10.02mm X,Y ,Z Structure XY Gear Wheel \u00a0Z ball screw Max. Power Consumption(Without spindle) Within 15KW Max. Rapid Travel Rate 45m\/min Max. Working Speed 25m\/min Spindle 5.5kw Water\u00a0cooled spindle Spindle Speed 0-24000rpm Drive [&hellip;]<\/p>","protected":false},"featured_media":3527,"comment_status":"open","ping_status":"closed","template":"","meta":{"_seopress_robots_primary_cat":"","_seopress_titles_title":"","_seopress_titles_desc":"","_seopress_robots_index":"","_uag_custom_page_level_css":"","site-sidebar-layout":"default","site-content-layout":"","ast-site-content-layout":"default","site-content-style":"default","site-sidebar-style":"default","ast-global-header-display":"","ast-banner-title-visibility":"","ast-main-header-display":"","ast-hfb-above-header-display":"","ast-hfb-below-header-display":"","ast-hfb-mobile-header-display":"","site-post-title":"","ast-breadcrumbs-content":"","ast-featured-img":"","footer-sml-layout":"","ast-disable-related-posts":"","theme-transparent-header-meta":"default","adv-header-id-meta":"","stick-header-meta":"default","header-above-stick-meta":"","header-main-stick-meta":"","header-below-stick-meta":"","astra-migrate-meta-layouts":"set","ast-page-background-enabled":"default","ast-page-background-meta":{"desktop":{"background-color":"","background-image":"","background-repeat":"repeat","background-position":"center center","background-size":"auto","background-attachment":"scroll","background-type":"","background-media":"","overlay-type":"","overlay-color":"","overlay-opacity":"","overlay-gradient":""},"tablet":{"background-color":"","background-image":"","background-repeat":"repeat","background-position":"center center","background-size":"auto","background-attachment":"scroll","background-type":"","background-media":"","overlay-type":"","overlay-color":"","overlay-opacity":"","overlay-gradient":""},"mobile":{"background-color":"","background-image":"","background-repeat":"repeat","background-position":"center center","background-size":"auto","background-attachment":"scroll","background-type":"","background-media":"","overlay-type":"","overlay-color":"","overlay-opacity":"","overlay-gradient":""}},"ast-content-background-meta":{"desktop":{"background-color":"var(--ast-global-color-5)","background-image":"","background-repeat":"repeat","background-position":"center center","background-size":"auto","background-attachment":"scroll","background-type":"","background-media":"","overlay-type":"","overlay-color":"","overlay-opacity":"","overlay-gradient":""},"tablet":{"background-color":"var(--ast-global-color-5)","background-image":"","background-repeat":"repeat","background-position":"center center","background-size":"auto","background-attachment":"scroll","background-type":"","background-media":"","overlay-type":"","overlay-color":"","overlay-opacity":"","overlay-gradient":""},"mobile":{"background-color":"var(--ast-global-color-5)","background-image":"","background-repeat":"repeat","background-position":"center center","background-size":"auto","background-attachment":"scroll","background-type":"","background-media":"","overlay-type":"","overlay-color":"","overlay-opacity":"","overlay-gradient":""}}},"product_brand":[],"product_cat":[75],"product_tag":[],"class_list":{"0":"post-3524","1":"product","2":"type-product","3":"status-publish","4":"has-post-thumbnail","6":"product_cat-normal-cnc-router","7":"desktop-align-left","8":"tablet-align-left","9":"mobile-align-left","10":"ast-product-gallery-layout-horizontal-slider","11":"ast-product-gallery-with-no-image","12":"ast-magnify-disabled","13":"ast-product-tabs-layout-distributed","15":"first","16":"instock","17":"shipping-taxable","18":"product-type-simple"},"uagb_featured_image_src":{"full":["https:\/\/www.queencncmachinery.com\/wp-content\/uploads\/2025\/11\/Photo-15.jpg",2048,1536,false],"thumbnail":["https:\/\/www.queencncmachinery.com\/wp-content\/uploads\/2025\/11\/Photo-15-150x150.jpg",150,150,true],"medium":["https:\/\/www.queencncmachinery.com\/wp-content\/uploads\/2025\/11\/Photo-15-300x225.jpg",300,225,true],"medium_large":["https:\/\/www.queencncmachinery.com\/wp-content\/uploads\/2025\/11\/Photo-15-768x576.jpg",768,576,true],"large":["https:\/\/www.queencncmachinery.com\/wp-content\/uploads\/2025\/11\/Photo-15-1024x768.jpg",1024,768,true],"1536x1536":["https:\/\/www.queencncmachinery.com\/wp-content\/uploads\/2025\/11\/Photo-15-1536x1152.jpg",1536,1152,true],"2048x2048":["https:\/\/www.queencncmachinery.com\/wp-content\/uploads\/2025\/11\/Photo-15.jpg",2048,1536,false],"trp-custom-language-flag":["https:\/\/www.queencncmachinery.com\/wp-content\/uploads\/2025\/11\/Photo-15-16x12.jpg",16,12,true],"woocommerce_thumbnail":["https:\/\/www.queencncmachinery.com\/wp-content\/uploads\/2025\/11\/Photo-15-800x600.jpg",800,600,true],"woocommerce_single":["https:\/\/www.queencncmachinery.com\/wp-content\/uploads\/2025\/11\/Photo-15-800x600.jpg",800,600,true],"woocommerce_gallery_thumbnail":["https:\/\/www.queencncmachinery.com\/wp-content\/uploads\/2025\/11\/Photo-15-100x100.jpg",100,100,true]},"uagb_author_info":{"display_name":"jinxing6611@gmail.com","author_link":"https:\/\/www.queencncmachinery.com\/tr\/author\/"},"uagb_comment_info":0,"uagb_excerpt":"Description &amp; Specifications: X Working Area 2000mm Y Working Area 3000mm Z Working Area 250mm Traveling Positioning Accuracy \u00b10.05mm Repositioning Positioning Accuracy \u00b10.02mm X,Y ,Z Structure XY Gear Wheel \u00a0Z ball screw Max. Power Consumption(Without spindle) Within 15KW Max. Rapid Travel Rate 45m\/min Max. Working Speed 25m\/min Spindle 5.5kw Water\u00a0cooled spindle Spindle Speed 0-24000rpm Drive&hellip;","_links":{"self":[{"href":"https:\/\/www.queencncmachinery.com\/tr\/wp-json\/wp\/v2\/product\/3524","targetHints":{"allow":["GET"]}}],"collection":[{"href":"https:\/\/www.queencncmachinery.com\/tr\/wp-json\/wp\/v2\/product"}],"about":[{"href":"https:\/\/www.queencncmachinery.com\/tr\/wp-json\/wp\/v2\/types\/product"}],"replies":[{"embeddable":true,"href":"https:\/\/www.queencncmachinery.com\/tr\/wp-json\/wp\/v2\/comments?post=3524"}],"wp:featuredmedia":[{"embeddable":true,"href":"https:\/\/www.queencncmachinery.com\/tr\/wp-json\/wp\/v2\/media\/3527"}],"wp:attachment":[{"href":"https:\/\/www.queencncmachinery.com\/tr\/wp-json\/wp\/v2\/media?parent=3524"}],"wp:term":[{"taxonomy":"product_brand","embeddable":true,"href":"https:\/\/www.queencncmachinery.com\/tr\/wp-json\/wp\/v2\/product_brand?post=3524"},{"taxonomy":"product_cat","embeddable":true,"href":"https:\/\/www.queencncmachinery.com\/tr\/wp-json\/wp\/v2\/product_cat?post=3524"},{"taxonomy":"product_tag","embeddable":true,"href":"https:\/\/www.queencncmachinery.com\/tr\/wp-json\/wp\/v2\/product_tag?post=3524"}],"curies":[{"name":"wp","href":"https:\/\/api.w.org\/{rel}","templated":true}]}}