{"id":3513,"date":"2025-11-04T13:01:30","date_gmt":"2025-11-04T13:01:30","guid":{"rendered":"https:\/\/www.queencncmachinery.com\/?post_type=product&#038;p=3513"},"modified":"2025-11-19T05:46:22","modified_gmt":"2025-11-19T05:46:22","slug":"hot-selling-2m-by-4m-industrial-cnc-router","status":"publish","type":"product","link":"https:\/\/www.queencncmachinery.com\/tr\/urun\/hot-selling-2m-by-4m-industrial-cnc-router\/","title":{"rendered":"S\u0131cak Sat\u0131\u015f 2m x 4m End\u00fcstriyel CNC Router"},"content":{"rendered":"<div class=\"ast-oembed-container\" style=\"height: 100%;\"><iframe title=\"y\u00fcksek konfig\u00fcrasyonlar 2*4m cnc router\" width=\"500\" height=\"281\" src=\"https:\/\/www.youtube.com\/embed\/YxRc2pLmNpo?feature=oembed\" frameborder=\"0\" allow=\"accelerometer; autoplay; clipboard-write; encrypted-media; gyroscope; picture-in-picture; web-share\" referrerpolicy=\"strict-origin-when-cross-origin\" allowfullscreen><\/iframe><\/div>\n<table>\n<tbody>\n<tr>\n<td width=\"254\">Model (iste\u011fe ba\u011fl\u0131)<\/td>\n<td width=\"396\">QN2040<\/td>\n<\/tr>\n<tr>\n<td width=\"254\">\u00c7al\u0131\u015fma alan\u0131 (mm)<\/td>\n<td width=\"396\">2000*4000mm<\/td>\n<\/tr>\n<tr>\n<td width=\"254\">Z ekseni (iste\u011fe ba\u011fl\u0131)<\/td>\n<td width=\"396\">200 mm<\/td>\n<\/tr>\n<tr>\n<td width=\"254\">Yeniden konumland\u0131rma do\u011frulu\u011fu<\/td>\n<td width=\"396\">0,05 mm<\/td>\n<\/tr>\n<tr>\n<td width=\"254\">XY ekseni<\/td>\n<td width=\"396\">Kremayer ve pinyon<\/td>\n<\/tr>\n<tr>\n<td width=\"254\">Z ekseni<\/td>\n<td width=\"396\">bilyal\u0131 vida<\/td>\n<\/tr>\n<tr>\n<td width=\"254\">Torna yap\u0131s\u0131<\/td>\n<td width=\"396\">Gantry \u00e7elik d\u00f6k\u00fcm<\/td>\n<\/tr>\n<tr>\n<td width=\"254\">Y\u00f6r\u00fcngeler<\/td>\n<td width=\"396\">Taiwan30 Kare lineer k\u0131lavuz ray<\/td>\n<\/tr>\n<tr>\n<td width=\"254\">Maksimum grav\u00fcr h\u0131z\u0131<\/td>\n<td width=\"396\">35m\/dak<\/td>\n<\/tr>\n<tr>\n<td width=\"254\">Maksimum kesme h\u0131z\u0131<\/td>\n<td width=\"396\">20m\/dak<\/td>\n<\/tr>\n<tr>\n<td width=\"254\">\u0130\u015f mili g\u00fcc\u00fc<\/td>\n<td width=\"396\">5.5kw su mili<\/td>\n<\/tr>\n<tr>\n<td width=\"254\">\u0130\u015f mili h\u0131z\u0131<\/td>\n<td width=\"396\">0-24000r\/dak<\/td>\n<\/tr>\n<tr>\n<td width=\"254\">Rekabet\u00e7i yaz\u0131l\u0131m<\/td>\n<td width=\"396\">Type3,AutoCAD,ARTCAM,Photoshop<\/td>\n<\/tr>\n<tr>\n<td width=\"254\">Imagine format\u0131nda grafik<\/td>\n<td width=\"396\">BMP,GIF,JPGE,PCX,TGA,TIFF,PTLCDR,DMG,DXF<\/td>\n<\/tr>\n<tr>\n<td width=\"254\">Motor tipi<\/td>\n<td width=\"396\">servo motor<\/td>\n<\/tr>\n<tr>\n<td width=\"254\">G\u00fc\u00e7<\/td>\n<td width=\"396\">AC380V\/50Hz veya 220V\/50Hz<\/td>\n<\/tr>\n<tr>\n<td width=\"254\">Aray\u00fcz<\/td>\n<td width=\"396\">USB<\/td>\n<\/tr>\n<tr>\n<td width=\"254\">\u0130\u015fletim sistemi<\/td>\n<td width=\"396\">DSP veya NK105 kontrol sistemi<\/td>\n<\/tr>\n<tr>\n<td width=\"254\">Makine standart par\u00e7alar\u0131<\/td>\n<td width=\"396\">servo motor ve s\u00fcr\u00fcc\u00fc<\/p>\n<p>5.5kw su mili<\/p>\n<p>Tayvan 30 kare k\u0131lavuz ray<\/p>\n<p>ya\u011flama si\u0307stemi\u0307<\/p>\n<p>i\u0307nvert\u00f6r eki\u0307pmanlari<\/p>\n<p>Vakum masas\u0131<\/p>\n<p>Toz toplay\u0131c\u0131<\/p>\n<p>tasar\u0131m yaz\u0131l\u0131m\u0131<\/td>\n<\/tr>\n<\/tbody>\n<\/table>","protected":false},"excerpt":{"rendered":"<p>Model (optional) QN2040 Working area(mm) 2000*4000mm Z axis(optional) 200mm Reposition accuracy 0.05mm XY axis Rack and pinion Z axis ball screw Lathe structure Gantry cast steel Orbits Taiwan30\u00a0Square linear guide rail Max engraving speed 35m\/min Maxing cutting speed 20m\/min Spindle power 5.5kw water\u00a0spindle Spindle speed 0-24000r\/min Competitive software Type3,AutoCAD,ARTCAM,Photoshop Imagine format graphic BMP,GIF,JPGE,PCX,TGA,TIFF,PTLCDR,DMG,DXF Motor type [&hellip;]<\/p>","protected":false},"featured_media":3516,"comment_status":"open","ping_status":"closed","template":"","meta":{"_seopress_robots_primary_cat":"none","_seopress_titles_title":"","_seopress_titles_desc":"","_seopress_robots_index":"","_uag_custom_page_level_css":"","site-sidebar-layout":"default","site-content-layout":"","ast-site-content-layout":"default","site-content-style":"default","site-sidebar-style":"default","ast-global-header-display":"","ast-banner-title-visibility":"","ast-main-header-display":"","ast-hfb-above-header-display":"","ast-hfb-below-header-display":"","ast-hfb-mobile-header-display":"","site-post-title":"","ast-breadcrumbs-content":"","ast-featured-img":"","footer-sml-layout":"","ast-disable-related-posts":"","theme-transparent-header-meta":"default","adv-header-id-meta":"","stick-header-meta":"default","header-above-stick-meta":"","header-main-stick-meta":"","header-below-stick-meta":"","astra-migrate-meta-layouts":"set","ast-page-background-enabled":"default","ast-page-background-meta":{"desktop":{"background-color":"","background-image":"","background-repeat":"repeat","background-position":"center center","background-size":"auto","background-attachment":"scroll","background-type":"","background-media":"","overlay-type":"","overlay-color":"","overlay-opacity":"","overlay-gradient":""},"tablet":{"background-color":"","background-image":"","background-repeat":"repeat","background-position":"center center","background-size":"auto","background-attachment":"scroll","background-type":"","background-media":"","overlay-type":"","overlay-color":"","overlay-opacity":"","overlay-gradient":""},"mobile":{"background-color":"","background-image":"","background-repeat":"repeat","background-position":"center center","background-size":"auto","background-attachment":"scroll","background-type":"","background-media":"","overlay-type":"","overlay-color":"","overlay-opacity":"","overlay-gradient":""}},"ast-content-background-meta":{"desktop":{"background-color":"var(--ast-global-color-5)","background-image":"","background-repeat":"repeat","background-position":"center center","background-size":"auto","background-attachment":"scroll","background-type":"","background-media":"","overlay-type":"","overlay-color":"","overlay-opacity":"","overlay-gradient":""},"tablet":{"background-color":"var(--ast-global-color-5)","background-image":"","background-repeat":"repeat","background-position":"center center","background-size":"auto","background-attachment":"scroll","background-type":"","background-media":"","overlay-type":"","overlay-color":"","overlay-opacity":"","overlay-gradient":""},"mobile":{"background-color":"var(--ast-global-color-5)","background-image":"","background-repeat":"repeat","background-position":"center center","background-size":"auto","background-attachment":"scroll","background-type":"","background-media":"","overlay-type":"","overlay-color":"","overlay-opacity":"","overlay-gradient":""}}},"product_brand":[],"product_cat":[75],"product_tag":[],"class_list":{"0":"post-3513","1":"product","2":"type-product","3":"status-publish","4":"has-post-thumbnail","6":"product_cat-normal-cnc-router","7":"desktop-align-left","8":"tablet-align-left","9":"mobile-align-left","10":"ast-product-gallery-layout-horizontal-slider","11":"ast-product-gallery-with-no-image","12":"ast-magnify-disabled","13":"ast-product-tabs-layout-distributed","15":"first","16":"instock","17":"shipping-taxable","18":"product-type-simple"},"uagb_featured_image_src":{"full":["https:\/\/www.queencncmachinery.com\/wp-content\/uploads\/2025\/11\/Photo-14.jpg",1440,1083,false],"thumbnail":["https:\/\/www.queencncmachinery.com\/wp-content\/uploads\/2025\/11\/Photo-14-150x150.jpg",150,150,true],"medium":["https:\/\/www.queencncmachinery.com\/wp-content\/uploads\/2025\/11\/Photo-14-300x226.jpg",300,226,true],"medium_large":["https:\/\/www.queencncmachinery.com\/wp-content\/uploads\/2025\/11\/Photo-14-768x578.jpg",768,578,true],"large":["https:\/\/www.queencncmachinery.com\/wp-content\/uploads\/2025\/11\/Photo-14-1024x770.jpg",1024,770,true],"1536x1536":["https:\/\/www.queencncmachinery.com\/wp-content\/uploads\/2025\/11\/Photo-14.jpg",1440,1083,false],"2048x2048":["https:\/\/www.queencncmachinery.com\/wp-content\/uploads\/2025\/11\/Photo-14.jpg",1440,1083,false],"trp-custom-language-flag":["https:\/\/www.queencncmachinery.com\/wp-content\/uploads\/2025\/11\/Photo-14-16x12.jpg",16,12,true],"woocommerce_thumbnail":["https:\/\/www.queencncmachinery.com\/wp-content\/uploads\/2025\/11\/Photo-14-800x602.jpg",800,602,true],"woocommerce_single":["https:\/\/www.queencncmachinery.com\/wp-content\/uploads\/2025\/11\/Photo-14-800x602.jpg",800,602,true],"woocommerce_gallery_thumbnail":["https:\/\/www.queencncmachinery.com\/wp-content\/uploads\/2025\/11\/Photo-14-100x100.jpg",100,100,true]},"uagb_author_info":{"display_name":"jinxing6611@gmail.com","author_link":"https:\/\/www.queencncmachinery.com\/tr\/author\/"},"uagb_comment_info":0,"uagb_excerpt":"Model (optional) QN2040 Working area(mm) 2000*4000mm Z axis(optional) 200mm Reposition accuracy 0.05mm XY axis Rack and pinion Z axis ball screw Lathe structure Gantry cast steel Orbits Taiwan30\u00a0Square linear guide rail Max engraving speed 35m\/min Maxing cutting speed 20m\/min Spindle power 5.5kw water\u00a0spindle Spindle speed 0-24000r\/min Competitive software Type3,AutoCAD,ARTCAM,Photoshop Imagine format graphic BMP,GIF,JPGE,PCX,TGA,TIFF,PTLCDR,DMG,DXF Motor type&hellip;","_links":{"self":[{"href":"https:\/\/www.queencncmachinery.com\/tr\/wp-json\/wp\/v2\/product\/3513","targetHints":{"allow":["GET"]}}],"collection":[{"href":"https:\/\/www.queencncmachinery.com\/tr\/wp-json\/wp\/v2\/product"}],"about":[{"href":"https:\/\/www.queencncmachinery.com\/tr\/wp-json\/wp\/v2\/types\/product"}],"replies":[{"embeddable":true,"href":"https:\/\/www.queencncmachinery.com\/tr\/wp-json\/wp\/v2\/comments?post=3513"}],"wp:featuredmedia":[{"embeddable":true,"href":"https:\/\/www.queencncmachinery.com\/tr\/wp-json\/wp\/v2\/media\/3516"}],"wp:attachment":[{"href":"https:\/\/www.queencncmachinery.com\/tr\/wp-json\/wp\/v2\/media?parent=3513"}],"wp:term":[{"taxonomy":"product_brand","embeddable":true,"href":"https:\/\/www.queencncmachinery.com\/tr\/wp-json\/wp\/v2\/product_brand?post=3513"},{"taxonomy":"product_cat","embeddable":true,"href":"https:\/\/www.queencncmachinery.com\/tr\/wp-json\/wp\/v2\/product_cat?post=3513"},{"taxonomy":"product_tag","embeddable":true,"href":"https:\/\/www.queencncmachinery.com\/tr\/wp-json\/wp\/v2\/product_tag?post=3513"}],"curies":[{"name":"wp","href":"https:\/\/api.w.org\/{rel}","templated":true}]}}