{"id":3493,"date":"2025-11-04T12:56:36","date_gmt":"2025-11-04T12:56:36","guid":{"rendered":"https:\/\/www.queencncmachinery.com\/?post_type=product&#038;p=3493"},"modified":"2025-11-18T06:14:37","modified_gmt":"2025-11-18T06:14:37","slug":"qn2035h-linear-atc-cnc-router","status":"publish","type":"product","link":"https:\/\/www.queencncmachinery.com\/tr\/urun\/qn2035h-linear-atc-cnc-router\/","title":{"rendered":"QN2035H Lineer ATC CNC Router"},"content":{"rendered":"<div class=\"ast-oembed-container\" style=\"height: 100%;\"><iframe title=\"iyi cnc router makinesi nas\u0131l se\u00e7ilir?\" width=\"500\" height=\"281\" src=\"https:\/\/www.youtube.com\/embed\/HRairXDmErA?feature=oembed\" frameborder=\"0\" allow=\"accelerometer; autoplay; clipboard-write; encrypted-media; gyroscope; picture-in-picture; web-share\" referrerpolicy=\"strict-origin-when-cross-origin\" allowfullscreen><\/iframe><\/div>\n<p><strong><b>1.<\/b><\/strong><strong><b>NK105 kontrol\u00f6r,<\/b><\/strong>y\u00fcksek performansa, d\u00fc\u015f\u00fck g\u00fcr\u00fclt\u00fcye ve h\u0131zl\u0131 tepki h\u0131z\u0131na sahip kol kontrol\u00f6r\u00fcd\u00fcr<img alt=\"\" fetchpriority=\"high\" decoding=\"async\" class=\"alignnone wp-image-4011\" src=\"https:\/\/www.queencncmachinery.com\/wp-content\/uploads\/2025\/11\/Main-parts-1-1-scaled.png\" width=\"701\" height=\"934\" srcset=\"https:\/\/www.queencncmachinery.com\/wp-content\/uploads\/2025\/11\/Main-parts-1-1-scaled.png 1920w, https:\/\/www.queencncmachinery.com\/wp-content\/uploads\/2025\/11\/Main-parts-1-1-225x300.png 225w, https:\/\/www.queencncmachinery.com\/wp-content\/uploads\/2025\/11\/Main-parts-1-1-768x1024.png 768w, https:\/\/www.queencncmachinery.com\/wp-content\/uploads\/2025\/11\/Main-parts-1-1-1152x1536.png 1152w, https:\/\/www.queencncmachinery.com\/wp-content\/uploads\/2025\/11\/Main-parts-1-1-1536x2048.png 1536w, https:\/\/www.queencncmachinery.com\/wp-content\/uploads\/2025\/11\/Main-parts-1-1-9x12.png 9w, https:\/\/www.queencncmachinery.com\/wp-content\/uploads\/2025\/11\/Main-parts-1-1-800x1067.png 800w\" sizes=\"(max-width: 701px) 100vw, 701px\" \/><\/p>\n<p>2.<strong><b>Do\u011frusal ara\u00e7lar dergisi<\/b><\/strong>derginin arkas\u0131nda, masan\u0131n \u00f6n\u00fcnde de se\u00e7ebilirsiniz.<\/p>\n<p><img alt=\"\" decoding=\"async\" class=\"alignnone wp-image-4012\" src=\"https:\/\/www.queencncmachinery.com\/wp-content\/uploads\/2025\/11\/Main-Parts-2-scaled.png\" width=\"704\" height=\"528\" srcset=\"https:\/\/www.queencncmachinery.com\/wp-content\/uploads\/2025\/11\/Main-Parts-2-scaled.png 2560w, https:\/\/www.queencncmachinery.com\/wp-content\/uploads\/2025\/11\/Main-Parts-2-300x225.png 300w, https:\/\/www.queencncmachinery.com\/wp-content\/uploads\/2025\/11\/Main-Parts-2-1024x768.png 1024w, https:\/\/www.queencncmachinery.com\/wp-content\/uploads\/2025\/11\/Main-Parts-2-768x576.png 768w, https:\/\/www.queencncmachinery.com\/wp-content\/uploads\/2025\/11\/Main-Parts-2-1536x1152.png 1536w, https:\/\/www.queencncmachinery.com\/wp-content\/uploads\/2025\/11\/Main-Parts-2-2048x1536.png 2048w, https:\/\/www.queencncmachinery.com\/wp-content\/uploads\/2025\/11\/Main-Parts-2-16x12.png 16w, https:\/\/www.queencncmachinery.com\/wp-content\/uploads\/2025\/11\/Main-Parts-2-800x600.png 800w\" sizes=\"(max-width: 704px) 100vw, 704px\" \/><\/p>\n<p>3.<strong><b>Kur\u015fun I\u015f\u0131\u011f\u0131 <\/b><\/strong><strong><b>Servo motor<\/b><\/strong>\u00a0performans ve do\u011fruluk konusundaki avantajlar\u0131 nedeniyle daha pop\u00fclerdir.<\/p>\n<p>Ayr\u0131ca delta servo veya Japon servo da se\u00e7ebilirsiniz.<\/p>\n<p><img alt=\"\" decoding=\"async\" class=\"alignnone wp-image-3511\" src=\"https:\/\/www.queencncmachinery.com\/wp-content\/uploads\/2025\/11\/Part-4-Leadshine-Servo.jpg\" width=\"700\" height=\"1244\" srcset=\"https:\/\/www.queencncmachinery.com\/wp-content\/uploads\/2025\/11\/Part-4-Leadshine-Servo.jpg 1080w, https:\/\/www.queencncmachinery.com\/wp-content\/uploads\/2025\/11\/Part-4-Leadshine-Servo-800x1422.jpg 800w, https:\/\/www.queencncmachinery.com\/wp-content\/uploads\/2025\/11\/Part-4-Leadshine-Servo-169x300.jpg 169w, https:\/\/www.queencncmachinery.com\/wp-content\/uploads\/2025\/11\/Part-4-Leadshine-Servo-576x1024.jpg 576w, https:\/\/www.queencncmachinery.com\/wp-content\/uploads\/2025\/11\/Part-4-Leadshine-Servo-768x1365.jpg 768w, https:\/\/www.queencncmachinery.com\/wp-content\/uploads\/2025\/11\/Part-4-Leadshine-Servo-864x1536.jpg 864w, https:\/\/www.queencncmachinery.com\/wp-content\/uploads\/2025\/11\/Part-4-Leadshine-Servo-7x12.jpg 7w\" sizes=\"(max-width: 700px) 100vw, 700px\" \/><\/p>\n<p>&nbsp;<\/p>\n<table>\n<tbody>\n<tr>\n<td width=\"266\">Model (iste\u011fe ba\u011fl\u0131)<\/td>\n<td width=\"415\">QN2035H<\/td>\n<\/tr>\n<tr>\n<td width=\"266\">X\uff0cY\uff0cZ ekseni \u00e7al\u0131\u015fma alan\u0131\uff08\u00d6zelle\u015ftirilmi\u015f\uff09<\/td>\n<td width=\"415\">2000*3500*250mm<\/td>\n<\/tr>\n<tr>\n<td width=\"266\">K\u0131lavuz ray<\/td>\n<td width=\"415\">Tayvan 30 Kare k\u0131lavuz lineer ray<\/td>\n<\/tr>\n<tr>\n<td width=\"266\">X,Y yap\u0131s\u0131<\/td>\n<td width=\"415\">Y\u00fcksek hassasiyetli kremayer ve pinyon \u015fanz\u0131man<\/td>\n<\/tr>\n<tr>\n<td width=\"266\">Z ekseni<\/td>\n<td width=\"415\">vidal\u0131 mil\uff08TBI2510\uff09<\/td>\n<\/tr>\n<tr>\n<td width=\"266\">Kontrol sistemi<\/td>\n<td width=\"415\">NK105 G3kontrol sistemi<\/td>\n<\/tr>\n<tr>\n<td width=\"266\">B\u00fct\u00fcn yap\u0131<\/td>\n<td width=\"415\">D\u00f6kme \u00e7elik<\/td>\n<\/tr>\n<tr>\n<td width=\"266\">Maksimum \u00e7al\u0131\u015fma h\u0131z\u0131<\/td>\n<td width=\"415\">60m\/dak<\/td>\n<\/tr>\n<tr>\n<td width=\"266\">\u00c7\u00f6z\u00fcn\u00fcrl\u00fck<\/td>\n<td width=\"415\">0.01mm<\/td>\n<\/tr>\n<tr>\n<td width=\"266\">\u0130\u015fleme do\u011frulu\u011fu<\/td>\n<td width=\"415\">&lt;0,05 mm<\/td>\n<\/tr>\n<tr>\n<td width=\"266\">Ah\u015fap tutma<\/td>\n<td width=\"415\">Vakum emilimi (Vakum pompas\u0131 ile)<\/td>\n<\/tr>\n<tr>\n<td width=\"266\">Rekabet\u00e7i yaz\u0131l\u0131m<\/td>\n<td width=\"415\">AutoCAD,Artcam,Photoshop,Type3,Artcut,Ucancam,powermill<\/td>\n<\/tr>\n<tr>\n<td width=\"266\">Imagine format\u0131nda grafik<\/td>\n<td width=\"415\">BMP,GIF,JPGE,PCX,TGA,TIFF,PTLCDR,DMG,DXF,<\/td>\n<\/tr>\n<tr>\n<td width=\"266\">\u0130\u015f mili g\u00fcc\u00fc<\/td>\n<td width=\"415\">9KW HQD ATC hava so\u011futmal\u0131 i\u015f mili<\/td>\n<\/tr>\n<tr>\n<td width=\"266\">\u0130\u015f mili d\u00f6n\u00fc\u015f h\u0131z\u0131<\/td>\n<td width=\"415\">6000-24000rmp\/dk<\/td>\n<\/tr>\n<tr>\n<td width=\"266\">Ara\u00e7 dergisi<\/td>\n<td width=\"415\">Lineer ATC sistemi, beyaz 8 adet kesici<\/td>\n<\/tr>\n<tr>\n<td width=\"266\">Kesici \u00e7ap\u0131<\/td>\n<td width=\"415\">\u03c63.175~\u03c620<\/td>\n<\/tr>\n<tr>\n<td width=\"266\">S\u00fcr\u00fc\u015f sistemi<\/td>\n<td width=\"415\">Leadshine servo sistemi<\/td>\n<\/tr>\n<tr>\n<td width=\"266\">\u0130\u015fletim dili<\/td>\n<td width=\"415\">G kodu, plt, mmg, uoo, bmp, F\/S<\/td>\n<\/tr>\n<tr>\n<td width=\"266\">\u00c7al\u0131\u015fma gerilimi<\/td>\n<td width=\"415\">AC380V\/50Hz veya 220V<\/td>\n<\/tr>\n<tr>\n<td width=\"266\">\u00c7al\u0131\u015fma ortam\u0131<\/td>\n<td width=\"415\">Temperature:0-45;Humidity:30%~70%<\/td>\n<\/tr>\n<tr>\n<td width=\"266\">Opsiyonel par\u00e7alar ile<\/td>\n<td width=\"415\">Vakumlu \u00e7al\u0131\u015fma masas\u0131, toz toplay\u0131c\u0131<\/td>\n<\/tr>\n<\/tbody>\n<\/table>\n<p>&nbsp;<\/p>\n<p>&nbsp;<\/p>","protected":false},"excerpt":{"rendered":"<p>1.NK105 controller,it is handle controller\u00a0which\u00a0has high performance, low noise and fast response speed 2.Linear tools magazine,at the back of the magazine,you also can choose at front of the table. 3.Leadshine Servo motor\u00a0is more popular for its advantages on performance and accuracy. And you also can choose delta servo or Japan servo. &nbsp; Model (option) QN2035H [&hellip;]<\/p>","protected":false},"featured_media":3496,"comment_status":"open","ping_status":"closed","template":"","meta":{"_seopress_robots_primary_cat":"none","_seopress_titles_title":"","_seopress_titles_desc":"","_seopress_robots_index":"","_uag_custom_page_level_css":"","site-sidebar-layout":"default","site-content-layout":"","ast-site-content-layout":"default","site-content-style":"default","site-sidebar-style":"default","ast-global-header-display":"","ast-banner-title-visibility":"","ast-main-header-display":"","ast-hfb-above-header-display":"","ast-hfb-below-header-display":"","ast-hfb-mobile-header-display":"","site-post-title":"","ast-breadcrumbs-content":"","ast-featured-img":"","footer-sml-layout":"","ast-disable-related-posts":"","theme-transparent-header-meta":"default","adv-header-id-meta":"","stick-header-meta":"default","header-above-stick-meta":"","header-main-stick-meta":"","header-below-stick-meta":"","astra-migrate-meta-layouts":"set","ast-page-background-enabled":"default","ast-page-background-meta":{"desktop":{"background-color":"","background-image":"","background-repeat":"repeat","background-position":"center center","background-size":"auto","background-attachment":"scroll","background-type":"","background-media":"","overlay-type":"","overlay-color":"","overlay-opacity":"","overlay-gradient":""},"tablet":{"background-color":"","background-image":"","background-repeat":"repeat","background-position":"center center","background-size":"auto","background-attachment":"scroll","background-type":"","background-media":"","overlay-type":"","overlay-color":"","overlay-opacity":"","overlay-gradient":""},"mobile":{"background-color":"","background-image":"","background-repeat":"repeat","background-position":"center center","background-size":"auto","background-attachment":"scroll","background-type":"","background-media":"","overlay-type":"","overlay-color":"","overlay-opacity":"","overlay-gradient":""}},"ast-content-background-meta":{"desktop":{"background-color":"var(--ast-global-color-5)","background-image":"","background-repeat":"repeat","background-position":"center center","background-size":"auto","background-attachment":"scroll","background-type":"","background-media":"","overlay-type":"","overlay-color":"","overlay-opacity":"","overlay-gradient":""},"tablet":{"background-color":"var(--ast-global-color-5)","background-image":"","background-repeat":"repeat","background-position":"center center","background-size":"auto","background-attachment":"scroll","background-type":"","background-media":"","overlay-type":"","overlay-color":"","overlay-opacity":"","overlay-gradient":""},"mobile":{"background-color":"var(--ast-global-color-5)","background-image":"","background-repeat":"repeat","background-position":"center center","background-size":"auto","background-attachment":"scroll","background-type":"","background-media":"","overlay-type":"","overlay-color":"","overlay-opacity":"","overlay-gradient":""}}},"product_brand":[],"product_cat":[74],"product_tag":[86,87],"class_list":{"0":"post-3493","1":"product","2":"type-product","3":"status-publish","4":"has-post-thumbnail","6":"product_cat-atc-cnc-router","7":"product_tag-servo-atc-cnc-router","8":"product_tag-vacuum-cnc-router","9":"desktop-align-left","10":"tablet-align-left","11":"mobile-align-left","12":"ast-product-gallery-layout-horizontal-slider","13":"ast-product-gallery-with-no-image","14":"ast-magnify-disabled","15":"ast-product-tabs-layout-distributed","17":"first","18":"instock","19":"shipping-taxable","20":"product-type-simple"},"uagb_featured_image_src":{"full":["https:\/\/www.queencncmachinery.com\/wp-content\/uploads\/2025\/11\/Photo-11-scaled.jpg",2560,1920,false],"thumbnail":["https:\/\/www.queencncmachinery.com\/wp-content\/uploads\/2025\/11\/Photo-11-150x150.jpg",150,150,true],"medium":["https:\/\/www.queencncmachinery.com\/wp-content\/uploads\/2025\/11\/Photo-11-300x225.jpg",300,225,true],"medium_large":["https:\/\/www.queencncmachinery.com\/wp-content\/uploads\/2025\/11\/Photo-11-768x576.jpg",768,576,true],"large":["https:\/\/www.queencncmachinery.com\/wp-content\/uploads\/2025\/11\/Photo-11-1024x768.jpg",1024,768,true],"1536x1536":["https:\/\/www.queencncmachinery.com\/wp-content\/uploads\/2025\/11\/Photo-11-1536x1152.jpg",1536,1152,true],"2048x2048":["https:\/\/www.queencncmachinery.com\/wp-content\/uploads\/2025\/11\/Photo-11-2048x1536.jpg",2048,1536,true],"trp-custom-language-flag":["https:\/\/www.queencncmachinery.com\/wp-content\/uploads\/2025\/11\/Photo-11-16x12.jpg",16,12,true],"woocommerce_thumbnail":["https:\/\/www.queencncmachinery.com\/wp-content\/uploads\/2025\/11\/Photo-11-scaled-800x600.jpg",800,600,true],"woocommerce_single":["https:\/\/www.queencncmachinery.com\/wp-content\/uploads\/2025\/11\/Photo-11-scaled-800x600.jpg",800,600,true],"woocommerce_gallery_thumbnail":["https:\/\/www.queencncmachinery.com\/wp-content\/uploads\/2025\/11\/Photo-11-scaled-100x100.jpg",100,100,true]},"uagb_author_info":{"display_name":"jinxing6611@gmail.com","author_link":"https:\/\/www.queencncmachinery.com\/tr\/author\/"},"uagb_comment_info":0,"uagb_excerpt":"1.NK105 controller,it is handle controller\u00a0which\u00a0has high performance, low noise and fast response speed 2.Linear tools magazine,at the back of the magazine,you also can choose at front of the table. 3.Leadshine Servo motor\u00a0is more popular for its advantages on performance and accuracy. And you also can choose delta servo or Japan servo. &nbsp; Model (option) QN2035H&hellip;","_links":{"self":[{"href":"https:\/\/www.queencncmachinery.com\/tr\/wp-json\/wp\/v2\/product\/3493","targetHints":{"allow":["GET"]}}],"collection":[{"href":"https:\/\/www.queencncmachinery.com\/tr\/wp-json\/wp\/v2\/product"}],"about":[{"href":"https:\/\/www.queencncmachinery.com\/tr\/wp-json\/wp\/v2\/types\/product"}],"replies":[{"embeddable":true,"href":"https:\/\/www.queencncmachinery.com\/tr\/wp-json\/wp\/v2\/comments?post=3493"}],"wp:featuredmedia":[{"embeddable":true,"href":"https:\/\/www.queencncmachinery.com\/tr\/wp-json\/wp\/v2\/media\/3496"}],"wp:attachment":[{"href":"https:\/\/www.queencncmachinery.com\/tr\/wp-json\/wp\/v2\/media?parent=3493"}],"wp:term":[{"taxonomy":"product_brand","embeddable":true,"href":"https:\/\/www.queencncmachinery.com\/tr\/wp-json\/wp\/v2\/product_brand?post=3493"},{"taxonomy":"product_cat","embeddable":true,"href":"https:\/\/www.queencncmachinery.com\/tr\/wp-json\/wp\/v2\/product_cat?post=3493"},{"taxonomy":"product_tag","embeddable":true,"href":"https:\/\/www.queencncmachinery.com\/tr\/wp-json\/wp\/v2\/product_tag?post=3493"}],"curies":[{"name":"wp","href":"https:\/\/api.w.org\/{rel}","templated":true}]}}