{"id":3418,"date":"2025-11-04T12:38:34","date_gmt":"2025-11-04T12:38:34","guid":{"rendered":"https:\/\/www.queencncmachinery.com\/?post_type=product&#038;p=3418"},"modified":"2025-11-04T12:38:53","modified_gmt":"2025-11-04T12:38:53","slug":"atc-cnc-with-side-drilling-spindle","status":"publish","type":"product","link":"https:\/\/www.queencncmachinery.com\/tr\/urun\/atc-cnc-with-side-drilling-spindle\/","title":{"rendered":"Yan Delme Milli ATC CNC"},"content":{"rendered":"<table>\n<tbody>\n<tr>\n<td width=\"266\">Model (iste\u011fe ba\u011fl\u0131)<\/td>\n<td width=\"415\">QN1530H<\/td>\n<\/tr>\n<tr>\n<td width=\"266\">X\uff0cY\uff0cZ ekseni \u00e7al\u0131\u015fma alan\u0131<\/td>\n<td width=\"415\">1500*3000*250mm<\/td>\n<\/tr>\n<tr>\n<td width=\"266\">K\u0131lavuz ray<\/td>\n<td width=\"415\">Tayvan T-Win 30 Kare k\u0131lavuz lineer ray<\/td>\n<\/tr>\n<tr>\n<td width=\"266\">X,Y yap\u0131s\u0131<\/td>\n<td width=\"415\">Y\u00fcksek hassasiyetli kremayer ve pinyon \u015fanz\u0131man<\/td>\n<\/tr>\n<tr>\n<td width=\"266\">Z ekseni<\/td>\n<td width=\"415\">bilyal\u0131 vida<\/td>\n<\/tr>\n<tr>\n<td width=\"266\">Kontrol sistemi<\/td>\n<td width=\"415\">NK280B kontrol sistemi\/LNC\/SYNTEC<\/td>\n<\/tr>\n<tr>\n<td width=\"266\">B\u00fct\u00fcn yap\u0131<\/td>\n<td width=\"415\">Kaynakl\u0131 \u00e7elik<\/td>\n<\/tr>\n<tr>\n<td width=\"266\">Maksimum H\u0131zl\u0131 H\u0131z<\/td>\n<td width=\"415\">60m\/dak<\/td>\n<\/tr>\n<tr>\n<td width=\"266\">\u00c7\u00f6z\u00fcn\u00fcrl\u00fck<\/td>\n<td width=\"415\">0.01mm<\/td>\n<\/tr>\n<tr>\n<td width=\"266\">\u0130\u015fleme do\u011frulu\u011fu<\/td>\n<td width=\"415\">&lt;0,05 mm<\/td>\n<\/tr>\n<tr>\n<td width=\"266\">Ah\u015fap tutma<\/td>\n<td width=\"415\">Vakum emilimi (emme yoluyla)<\/td>\n<\/tr>\n<tr>\n<td width=\"266\">Rekabet\u00e7i yaz\u0131l\u0131m<\/td>\n<td width=\"415\">AutoCAD,Artcam,Photoshop,Type3,Artcut,Ucancam,powermill<\/td>\n<\/tr>\n<tr>\n<td width=\"266\">Imagine format\u0131nda grafik<\/td>\n<td width=\"415\">BMP,GIF,JPGE,PCX,TGA,TIFF,PTLCDR,DMG,DXF,<\/td>\n<\/tr>\n<tr>\n<td width=\"266\">\u0130\u015f mili g\u00fcc\u00fc<\/td>\n<td width=\"415\">9kw atc hava so\u011futma mili<\/td>\n<\/tr>\n<tr>\n<td width=\"266\">\u0130\u015f mili d\u00f6n\u00fc\u015f h\u0131z\u0131<\/td>\n<td width=\"415\">6000-24000rmp\/dk<\/td>\n<\/tr>\n<tr>\n<td width=\"266\">Ara\u00e7 dergisi<\/td>\n<td width=\"415\">Lineer ATC sistemi, beyaz 8 adet kesici<\/td>\n<\/tr>\n<tr>\n<td width=\"266\">Kesici \u00e7ap\u0131<\/td>\n<td width=\"415\">\u03c63.175~\u03c625<\/td>\n<\/tr>\n<tr>\n<td width=\"266\">S\u00fcr\u00fc\u015f sistemi<\/td>\n<td width=\"415\">servo sistem<\/td>\n<\/tr>\n<tr>\n<td width=\"266\">\u0130\u015fletim dili<\/td>\n<td width=\"415\">G kodu, plt, mmg, uoo, bmp, F\/S<\/td>\n<\/tr>\n<tr>\n<td width=\"266\">\u00c7al\u0131\u015fma gerilimi<\/td>\n<td width=\"415\">3 Faz 220V veya 380V\/50HZ<\/td>\n<\/tr>\n<tr>\n<td width=\"266\">\u00c7al\u0131\u015fma ortam\u0131<\/td>\n<td width=\"415\">Temperature:0-45;Humidity:30%~70%<\/td>\n<\/tr>\n<tr>\n<td width=\"266\">Opsiyonel par\u00e7alar ile<\/td>\n<td width=\"415\">Vakumlu \u00e7al\u0131\u015fma masas\u0131, toz toplay\u0131c\u0131<\/td>\n<\/tr>\n<\/tbody>\n<\/table>","protected":false},"excerpt":{"rendered":"<p>Model (option) QN1530H X\uff0cY\uff0cZ axis working area 1500*3000*250mm Guide rail Taiwan T-Win 30 Square guide linear rail X,Y structure High-precision rack and pinion transmission Z axis ball screw Control system NK280B control system\/LNC\/SYNTEC Whole structure Welded\u00a0steel Max.Rapid speed 60m\/min Resolution 0.01mm Processing accuracy &lt;0.05mm Wood holding Vacuum absorption(by suction) Competitive software AutoCAD,Artcam,Photoshop,Type3,Artcut,Ucancam,powermill Imagine format graphic [&hellip;]<\/p>","protected":false},"featured_media":3421,"comment_status":"open","ping_status":"closed","template":"","meta":{"_seopress_robots_primary_cat":"none","_seopress_titles_title":"","_seopress_titles_desc":"","_seopress_robots_index":"","_uag_custom_page_level_css":"","site-sidebar-layout":"default","site-content-layout":"","ast-site-content-layout":"default","site-content-style":"default","site-sidebar-style":"default","ast-global-header-display":"","ast-banner-title-visibility":"","ast-main-header-display":"","ast-hfb-above-header-display":"","ast-hfb-below-header-display":"","ast-hfb-mobile-header-display":"","site-post-title":"","ast-breadcrumbs-content":"","ast-featured-img":"","footer-sml-layout":"","ast-disable-related-posts":"","theme-transparent-header-meta":"default","adv-header-id-meta":"","stick-header-meta":"default","header-above-stick-meta":"","header-main-stick-meta":"","header-below-stick-meta":"","astra-migrate-meta-layouts":"set","ast-page-background-enabled":"default","ast-page-background-meta":{"desktop":{"background-color":"","background-image":"","background-repeat":"repeat","background-position":"center center","background-size":"auto","background-attachment":"scroll","background-type":"","background-media":"","overlay-type":"","overlay-color":"","overlay-opacity":"","overlay-gradient":""},"tablet":{"background-color":"","background-image":"","background-repeat":"repeat","background-position":"center center","background-size":"auto","background-attachment":"scroll","background-type":"","background-media":"","overlay-type":"","overlay-color":"","overlay-opacity":"","overlay-gradient":""},"mobile":{"background-color":"","background-image":"","background-repeat":"repeat","background-position":"center center","background-size":"auto","background-attachment":"scroll","background-type":"","background-media":"","overlay-type":"","overlay-color":"","overlay-opacity":"","overlay-gradient":""}},"ast-content-background-meta":{"desktop":{"background-color":"var(--ast-global-color-5)","background-image":"","background-repeat":"repeat","background-position":"center center","background-size":"auto","background-attachment":"scroll","background-type":"","background-media":"","overlay-type":"","overlay-color":"","overlay-opacity":"","overlay-gradient":""},"tablet":{"background-color":"var(--ast-global-color-5)","background-image":"","background-repeat":"repeat","background-position":"center center","background-size":"auto","background-attachment":"scroll","background-type":"","background-media":"","overlay-type":"","overlay-color":"","overlay-opacity":"","overlay-gradient":""},"mobile":{"background-color":"var(--ast-global-color-5)","background-image":"","background-repeat":"repeat","background-position":"center center","background-size":"auto","background-attachment":"scroll","background-type":"","background-media":"","overlay-type":"","overlay-color":"","overlay-opacity":"","overlay-gradient":""}}},"product_brand":[],"product_cat":[74],"product_tag":[],"class_list":{"0":"post-3418","1":"product","2":"type-product","3":"status-publish","4":"has-post-thumbnail","6":"product_cat-atc-cnc-router","7":"desktop-align-left","8":"tablet-align-left","9":"mobile-align-left","10":"ast-product-gallery-layout-horizontal-slider","11":"ast-magnify-disabled","12":"ast-product-tabs-layout-distributed","14":"first","15":"instock","16":"shipping-taxable","17":"product-type-simple"},"uagb_featured_image_src":{"full":["https:\/\/www.queencncmachinery.com\/wp-content\/uploads\/2025\/11\/Photo-4.jpg",800,521,false],"thumbnail":["https:\/\/www.queencncmachinery.com\/wp-content\/uploads\/2025\/11\/Photo-4-150x150.jpg",150,150,true],"medium":["https:\/\/www.queencncmachinery.com\/wp-content\/uploads\/2025\/11\/Photo-4-300x195.jpg",300,195,true],"medium_large":["https:\/\/www.queencncmachinery.com\/wp-content\/uploads\/2025\/11\/Photo-4-768x500.jpg",768,500,true],"large":["https:\/\/www.queencncmachinery.com\/wp-content\/uploads\/2025\/11\/Photo-4.jpg",800,521,false],"1536x1536":["https:\/\/www.queencncmachinery.com\/wp-content\/uploads\/2025\/11\/Photo-4.jpg",800,521,false],"2048x2048":["https:\/\/www.queencncmachinery.com\/wp-content\/uploads\/2025\/11\/Photo-4.jpg",800,521,false],"trp-custom-language-flag":["https:\/\/www.queencncmachinery.com\/wp-content\/uploads\/2025\/11\/Photo-4-18x12.jpg",18,12,true],"woocommerce_thumbnail":["https:\/\/www.queencncmachinery.com\/wp-content\/uploads\/2025\/11\/Photo-4.jpg",800,521,false],"woocommerce_single":["https:\/\/www.queencncmachinery.com\/wp-content\/uploads\/2025\/11\/Photo-4.jpg",800,521,false],"woocommerce_gallery_thumbnail":["https:\/\/www.queencncmachinery.com\/wp-content\/uploads\/2025\/11\/Photo-4-100x100.jpg",100,100,true]},"uagb_author_info":{"display_name":"jinxing6611@gmail.com","author_link":"https:\/\/www.queencncmachinery.com\/tr\/author\/"},"uagb_comment_info":0,"uagb_excerpt":"Model (option) QN1530H X\uff0cY\uff0cZ axis working area 1500*3000*250mm Guide rail Taiwan T-Win 30 Square guide linear rail X,Y structure High-precision rack and pinion transmission Z axis ball screw Control system NK280B control system\/LNC\/SYNTEC Whole structure Welded\u00a0steel Max.Rapid speed 60m\/min Resolution 0.01mm Processing accuracy &lt;0.05mm Wood holding Vacuum absorption(by suction) Competitive software AutoCAD,Artcam,Photoshop,Type3,Artcut,Ucancam,powermill Imagine format graphic&hellip;","_links":{"self":[{"href":"https:\/\/www.queencncmachinery.com\/tr\/wp-json\/wp\/v2\/product\/3418","targetHints":{"allow":["GET"]}}],"collection":[{"href":"https:\/\/www.queencncmachinery.com\/tr\/wp-json\/wp\/v2\/product"}],"about":[{"href":"https:\/\/www.queencncmachinery.com\/tr\/wp-json\/wp\/v2\/types\/product"}],"replies":[{"embeddable":true,"href":"https:\/\/www.queencncmachinery.com\/tr\/wp-json\/wp\/v2\/comments?post=3418"}],"wp:featuredmedia":[{"embeddable":true,"href":"https:\/\/www.queencncmachinery.com\/tr\/wp-json\/wp\/v2\/media\/3421"}],"wp:attachment":[{"href":"https:\/\/www.queencncmachinery.com\/tr\/wp-json\/wp\/v2\/media?parent=3418"}],"wp:term":[{"taxonomy":"product_brand","embeddable":true,"href":"https:\/\/www.queencncmachinery.com\/tr\/wp-json\/wp\/v2\/product_brand?post=3418"},{"taxonomy":"product_cat","embeddable":true,"href":"https:\/\/www.queencncmachinery.com\/tr\/wp-json\/wp\/v2\/product_cat?post=3418"},{"taxonomy":"product_tag","embeddable":true,"href":"https:\/\/www.queencncmachinery.com\/tr\/wp-json\/wp\/v2\/product_tag?post=3418"}],"curies":[{"name":"wp","href":"https:\/\/api.w.org\/{rel}","templated":true}]}}