{"id":3409,"date":"2025-11-04T12:33:03","date_gmt":"2025-11-04T12:33:03","guid":{"rendered":"https:\/\/www.queencncmachinery.com\/?post_type=product&#038;p=3409"},"modified":"2025-11-19T05:33:19","modified_gmt":"2025-11-19T05:33:19","slug":"1300mm-by-5000mm-atc-cnc-router","status":"publish","type":"product","link":"https:\/\/www.queencncmachinery.com\/tr\/urun\/1300mm-by-5000mm-atc-cnc-router\/","title":{"rendered":"1300mm x 5000mm ATC CNC Router"},"content":{"rendered":"<div class=\"ast-oembed-container\" style=\"height: 100%;\"><iframe title=\"Jinan Queen CNC Machinery Co, Ltd\" width=\"500\" height=\"281\" src=\"https:\/\/www.youtube.com\/embed\/HeFuZLgJEuA?start=8&#038;feature=oembed\" frameborder=\"0\" allow=\"accelerometer; autoplay; clipboard-write; encrypted-media; gyroscope; picture-in-picture; web-share\" referrerpolicy=\"strict-origin-when-cross-origin\" allowfullscreen><\/iframe><\/div>\n<table>\n<tbody>\n<tr>\n<td width=\"266\">Model (iste\u011fe ba\u011fl\u0131)<\/td>\n<td width=\"415\">QN1350C<\/td>\n<\/tr>\n<tr>\n<td width=\"266\">X\uff0cY\uff0cZ ekseni \u00e7al\u0131\u015fma alan\u0131<\/td>\n<td width=\"415\">1300*5000*250mm<\/td>\n<\/tr>\n<tr>\n<td width=\"266\">K\u0131lavuz ray<\/td>\n<td width=\"415\">Tayvan 30 Kare k\u0131lavuz lineer ray<\/td>\n<\/tr>\n<tr>\n<td width=\"266\">X,Y yap\u0131s\u0131<\/td>\n<td width=\"415\">Y\u00fcksek hassasiyetli kremayer ve pinyon \u015fanz\u0131man<\/td>\n<\/tr>\n<tr>\n<td width=\"266\">Z ekseni<\/td>\n<td width=\"415\">bilyal\u0131 vida<\/td>\n<\/tr>\n<tr>\n<td width=\"266\">Kontrol sistemi<\/td>\n<td width=\"415\">LNC kontrol sistemi<\/td>\n<\/tr>\n<tr>\n<td width=\"266\">B\u00fct\u00fcn yap\u0131<\/td>\n<td width=\"415\">D\u00f6kme \u00e7elik<\/td>\n<\/tr>\n<tr>\n<td width=\"266\">Maksimum \u00e7al\u0131\u015fma h\u0131z\u0131<\/td>\n<td width=\"415\">70m\/dak<\/td>\n<\/tr>\n<tr>\n<td width=\"266\">Maksimum kesme h\u0131z\u0131<\/td>\n<td width=\"415\">20m\/dak<\/td>\n<\/tr>\n<tr>\n<td width=\"266\">\u00c7\u00f6z\u00fcn\u00fcrl\u00fck<\/td>\n<td width=\"415\">0.01mm<\/td>\n<\/tr>\n<tr>\n<td width=\"266\">\u0130\u015fleme do\u011frulu\u011fu<\/td>\n<td width=\"415\">&lt;0,05 mm<\/td>\n<\/tr>\n<tr>\n<td width=\"266\">Ah\u015fap tutma<\/td>\n<td width=\"415\">Vakum emilimi (emme yoluyla)<\/td>\n<\/tr>\n<tr>\n<td width=\"266\">Rekabet\u00e7i yaz\u0131l\u0131m<\/td>\n<td width=\"415\">AutoCAD,Artcam,Photoshop,Type3,Artcut,Ucancam,powermill<\/td>\n<\/tr>\n<tr>\n<td width=\"266\">Imagine format\u0131nda grafik<\/td>\n<td width=\"415\">BMP,GIF,JPGE,PCX,TGA,TIFF,PTLCDR,DMG,DXF,<\/td>\n<\/tr>\n<tr>\n<td width=\"266\">\u0130\u015f mili g\u00fcc\u00fc<\/td>\n<td width=\"415\">9KW HQD ATC hava so\u011futmal\u0131 i\u015f mili<\/td>\n<\/tr>\n<tr>\n<td width=\"266\">\u0130\u015f mili d\u00f6n\u00fc\u015f h\u0131z\u0131<\/td>\n<td width=\"415\">6000-18000rmp\/dk<\/td>\n<\/tr>\n<tr>\n<td width=\"266\">Ara\u00e7 dergisi<\/td>\n<td width=\"415\">Carousle ATC sistemi, 12 adet kesici ile<\/td>\n<\/tr>\n<tr>\n<td width=\"266\">Kesici \u00e7ap\u0131<\/td>\n<td width=\"415\">\u03c63.175~\u03c620<\/td>\n<\/tr>\n<tr>\n<td width=\"266\">S\u00fcr\u00fc\u015f sistemi<\/td>\n<td width=\"415\">servo sistem<\/td>\n<\/tr>\n<tr>\n<td width=\"266\">\u0130\u015fletim dili<\/td>\n<td width=\"415\">G kodu, plt, mmg, uoo, bmp, F\/S<\/td>\n<\/tr>\n<tr>\n<td width=\"266\">\u00c7al\u0131\u015fma gerilimi<\/td>\n<td width=\"415\">AC380V\/50Hz veya 220V<\/td>\n<\/tr>\n<tr>\n<td width=\"266\">\u00c7al\u0131\u015fma ortam\u0131<\/td>\n<td width=\"415\">Temperature:0-45;Humidity:30%~70%<\/td>\n<\/tr>\n<tr>\n<td width=\"266\">Opsiyonel par\u00e7alar ile<\/td>\n<td width=\"415\">Vakumlu \u00e7al\u0131\u015fma masas\u0131, toz toplay\u0131c\u0131<\/td>\n<\/tr>\n<tr>\n<td width=\"266\">Makine par\u00e7alar\u0131<\/td>\n<td width=\"415\">9kw HQD hava so\u011futmal\u0131 i\u015f mili<\/p>\n<p>Leadshine servo motor ve s\u00fcr\u00fcc\u00fc<\/p>\n<p>LNC kontrol sistemi<\/p>\n<p>Tayvan 30 kare k\u0131lavuz ray<\/p>\n<p>11KW invert\u00f6r ekipman\u0131<\/p>\n<p>2 adet 7.5kw hava so\u011futmal\u0131 vakum pompas\u0131 ve vakum \u00e7al\u0131\u015fma masas\u0131<\/p>\n<p>Otomatik ya\u011flama sistemi<\/p>\n<p>otomatik tak\u0131m \u00f6l\u00e7\u00fcm\u00fc<\/p>\n<p>12 tak\u0131m tutucu ve pensler<\/p>\n<p>Toz toplay\u0131c\u0131 5.5kw<\/p>\n<p>kontrol kutusu\/anahtar\/f\u0131r\u00e7a<\/td>\n<\/tr>\n<\/tbody>\n<\/table>","protected":false},"excerpt":{"rendered":"<p>Model (option) QN1350C X\uff0cY\uff0cZ axis working area 1300*5000*250mm Guide rail Taiwan 30 Square guide linear rail X,Y structure High-precision rack and pinion transmission Z axis ball screw Control system LNC control system Whole structure Cast steel Max.working\u00a0speed 70m\/min Maxing cutting speed 20m\/min Resolution 0.01mm Processing accuracy &lt;0.05mm Wood holding Vacuum absorption(by suction) Competitive software AutoCAD,Artcam,Photoshop,Type3,Artcut,Ucancam,powermill [&hellip;]<\/p>","protected":false},"featured_media":3412,"comment_status":"open","ping_status":"closed","template":"","meta":{"_seopress_robots_primary_cat":"none","_seopress_titles_title":"","_seopress_titles_desc":"","_seopress_robots_index":"","_uag_custom_page_level_css":"","site-sidebar-layout":"default","site-content-layout":"","ast-site-content-layout":"default","site-content-style":"default","site-sidebar-style":"default","ast-global-header-display":"","ast-banner-title-visibility":"","ast-main-header-display":"","ast-hfb-above-header-display":"","ast-hfb-below-header-display":"","ast-hfb-mobile-header-display":"","site-post-title":"","ast-breadcrumbs-content":"","ast-featured-img":"","footer-sml-layout":"","ast-disable-related-posts":"","theme-transparent-header-meta":"default","adv-header-id-meta":"","stick-header-meta":"default","header-above-stick-meta":"","header-main-stick-meta":"","header-below-stick-meta":"","astra-migrate-meta-layouts":"set","ast-page-background-enabled":"default","ast-page-background-meta":{"desktop":{"background-color":"","background-image":"","background-repeat":"repeat","background-position":"center center","background-size":"auto","background-attachment":"scroll","background-type":"","background-media":"","overlay-type":"","overlay-color":"","overlay-opacity":"","overlay-gradient":""},"tablet":{"background-color":"","background-image":"","background-repeat":"repeat","background-position":"center center","background-size":"auto","background-attachment":"scroll","background-type":"","background-media":"","overlay-type":"","overlay-color":"","overlay-opacity":"","overlay-gradient":""},"mobile":{"background-color":"","background-image":"","background-repeat":"repeat","background-position":"center center","background-size":"auto","background-attachment":"scroll","background-type":"","background-media":"","overlay-type":"","overlay-color":"","overlay-opacity":"","overlay-gradient":""}},"ast-content-background-meta":{"desktop":{"background-color":"var(--ast-global-color-5)","background-image":"","background-repeat":"repeat","background-position":"center center","background-size":"auto","background-attachment":"scroll","background-type":"","background-media":"","overlay-type":"","overlay-color":"","overlay-opacity":"","overlay-gradient":""},"tablet":{"background-color":"var(--ast-global-color-5)","background-image":"","background-repeat":"repeat","background-position":"center center","background-size":"auto","background-attachment":"scroll","background-type":"","background-media":"","overlay-type":"","overlay-color":"","overlay-opacity":"","overlay-gradient":""},"mobile":{"background-color":"var(--ast-global-color-5)","background-image":"","background-repeat":"repeat","background-position":"center center","background-size":"auto","background-attachment":"scroll","background-type":"","background-media":"","overlay-type":"","overlay-color":"","overlay-opacity":"","overlay-gradient":""}}},"product_brand":[],"product_cat":[74],"product_tag":[],"class_list":{"0":"post-3409","1":"product","2":"type-product","3":"status-publish","4":"has-post-thumbnail","6":"product_cat-atc-cnc-router","7":"desktop-align-left","8":"tablet-align-left","9":"mobile-align-left","10":"ast-product-gallery-layout-horizontal-slider","11":"ast-product-gallery-with-no-image","12":"ast-magnify-disabled","13":"ast-product-tabs-layout-distributed","15":"first","16":"instock","17":"shipping-taxable","18":"product-type-simple"},"uagb_featured_image_src":{"full":["https:\/\/www.queencncmachinery.com\/wp-content\/uploads\/2025\/11\/Photo-2.jpg",1920,1080,false],"thumbnail":["https:\/\/www.queencncmachinery.com\/wp-content\/uploads\/2025\/11\/Photo-2-150x150.jpg",150,150,true],"medium":["https:\/\/www.queencncmachinery.com\/wp-content\/uploads\/2025\/11\/Photo-2-300x169.jpg",300,169,true],"medium_large":["https:\/\/www.queencncmachinery.com\/wp-content\/uploads\/2025\/11\/Photo-2-768x432.jpg",768,432,true],"large":["https:\/\/www.queencncmachinery.com\/wp-content\/uploads\/2025\/11\/Photo-2-1024x576.jpg",1024,576,true],"1536x1536":["https:\/\/www.queencncmachinery.com\/wp-content\/uploads\/2025\/11\/Photo-2-1536x864.jpg",1536,864,true],"2048x2048":["https:\/\/www.queencncmachinery.com\/wp-content\/uploads\/2025\/11\/Photo-2.jpg",1920,1080,false],"trp-custom-language-flag":["https:\/\/www.queencncmachinery.com\/wp-content\/uploads\/2025\/11\/Photo-2-18x10.jpg",18,10,true],"woocommerce_thumbnail":["https:\/\/www.queencncmachinery.com\/wp-content\/uploads\/2025\/11\/Photo-2-800x450.jpg",800,450,true],"woocommerce_single":["https:\/\/www.queencncmachinery.com\/wp-content\/uploads\/2025\/11\/Photo-2-800x450.jpg",800,450,true],"woocommerce_gallery_thumbnail":["https:\/\/www.queencncmachinery.com\/wp-content\/uploads\/2025\/11\/Photo-2-100x100.jpg",100,100,true]},"uagb_author_info":{"display_name":"jinxing6611@gmail.com","author_link":"https:\/\/www.queencncmachinery.com\/tr\/author\/"},"uagb_comment_info":0,"uagb_excerpt":"Model (option) QN1350C X\uff0cY\uff0cZ axis working area 1300*5000*250mm Guide rail Taiwan 30 Square guide linear rail X,Y structure High-precision rack and pinion transmission Z axis ball screw Control system LNC control system Whole structure Cast steel Max.working\u00a0speed 70m\/min Maxing cutting speed 20m\/min Resolution 0.01mm Processing accuracy &lt;0.05mm Wood holding Vacuum absorption(by suction) Competitive software AutoCAD,Artcam,Photoshop,Type3,Artcut,Ucancam,powermill&hellip;","_links":{"self":[{"href":"https:\/\/www.queencncmachinery.com\/tr\/wp-json\/wp\/v2\/product\/3409","targetHints":{"allow":["GET"]}}],"collection":[{"href":"https:\/\/www.queencncmachinery.com\/tr\/wp-json\/wp\/v2\/product"}],"about":[{"href":"https:\/\/www.queencncmachinery.com\/tr\/wp-json\/wp\/v2\/types\/product"}],"replies":[{"embeddable":true,"href":"https:\/\/www.queencncmachinery.com\/tr\/wp-json\/wp\/v2\/comments?post=3409"}],"wp:featuredmedia":[{"embeddable":true,"href":"https:\/\/www.queencncmachinery.com\/tr\/wp-json\/wp\/v2\/media\/3412"}],"wp:attachment":[{"href":"https:\/\/www.queencncmachinery.com\/tr\/wp-json\/wp\/v2\/media?parent=3409"}],"wp:term":[{"taxonomy":"product_brand","embeddable":true,"href":"https:\/\/www.queencncmachinery.com\/tr\/wp-json\/wp\/v2\/product_brand?post=3409"},{"taxonomy":"product_cat","embeddable":true,"href":"https:\/\/www.queencncmachinery.com\/tr\/wp-json\/wp\/v2\/product_cat?post=3409"},{"taxonomy":"product_tag","embeddable":true,"href":"https:\/\/www.queencncmachinery.com\/tr\/wp-json\/wp\/v2\/product_tag?post=3409"}],"curies":[{"name":"wp","href":"https:\/\/api.w.org\/{rel}","templated":true}]}}