{"id":3400,"date":"2025-11-04T12:30:45","date_gmt":"2025-11-04T12:30:45","guid":{"rendered":"https:\/\/www.queencncmachinery.com\/?post_type=product&#038;p=3400"},"modified":"2025-11-04T12:31:35","modified_gmt":"2025-11-04T12:31:35","slug":"600mm-by-1200mm-mini-atc-cnc-router","status":"publish","type":"product","link":"https:\/\/www.queencncmachinery.com\/tr\/urun\/600mm-by-1200mm-mini-atc-cnc-router\/","title":{"rendered":"600mm x 1200mm Mini ATC CNC Router"},"content":{"rendered":"<table>\n<tbody>\n<tr>\n<td width=\"222\">Model (iste\u011fe ba\u011fl\u0131)<\/td>\n<td width=\"359\">QN6090L\/6012L<\/td>\n<\/tr>\n<tr>\n<td width=\"222\">X\uff0cY\uff0cZ ekseni \u00e7al\u0131\u015fma alan\u0131<\/td>\n<td width=\"359\">600*900*200mm\/600*1200mm<\/td>\n<\/tr>\n<tr>\n<td width=\"222\">K\u0131lavuz ray<\/td>\n<td width=\"359\">Tayvan 25 Kare k\u0131lavuz lineer ray<\/td>\n<\/tr>\n<tr>\n<td width=\"222\">X,Y yap\u0131s\u0131<\/td>\n<td width=\"359\">Y\u00fcksek hassasiyetli kremayer ve pinyon \u015fanz\u0131man<\/td>\n<\/tr>\n<tr>\n<td width=\"222\">Z ekseni<\/td>\n<td width=\"359\">bilyal\u0131 vida<\/td>\n<\/tr>\n<tr>\n<td width=\"222\">Kontrol sistemi<\/td>\n<td width=\"359\">Mach3 kontrol sistemi<\/td>\n<\/tr>\n<tr>\n<td width=\"222\">B\u00fct\u00fcn yap\u0131<\/td>\n<td width=\"359\">D\u00f6kme \u00e7elik<\/td>\n<\/tr>\n<tr>\n<td width=\"222\">Maksimum grav\u00fcr h\u0131z\u0131<\/td>\n<td width=\"359\">30m\/dak<\/td>\n<\/tr>\n<tr>\n<td width=\"222\">Maksimum kesme h\u0131z\u0131<\/td>\n<td width=\"359\">20m\/dak<\/td>\n<\/tr>\n<tr>\n<td width=\"222\">\u00c7\u00f6z\u00fcn\u00fcrl\u00fck<\/td>\n<td width=\"359\">0.01mm<\/td>\n<\/tr>\n<tr>\n<td width=\"222\">\u0130\u015fleme do\u011frulu\u011fu<\/td>\n<td width=\"359\">&lt;0,05 mm<\/td>\n<\/tr>\n<tr>\n<td width=\"222\">Ah\u015fap tutma<\/td>\n<td width=\"359\">olmadan<\/td>\n<\/tr>\n<tr>\n<td width=\"222\">Rekabet\u00e7i yaz\u0131l\u0131m<\/td>\n<td width=\"359\">AutoCAD,Artcam,Photoshop,Type3,Artcut,Ucancam,powermill<\/td>\n<\/tr>\n<tr>\n<td width=\"222\">Imagine format\u0131nda grafik<\/td>\n<td width=\"359\">BMP,GIF,JPGE,PCX,TGA,TIFF,PTLCDR,DMG,DXF,<\/td>\n<\/tr>\n<tr>\n<td width=\"222\">\u0130\u015f mili g\u00fcc\u00fc<\/td>\n<td width=\"359\">9kw hava atc so\u011futma mili<\/td>\n<\/tr>\n<tr>\n<td width=\"222\">\u0130\u015f mili d\u00f6n\u00fc\u015f h\u0131z\u0131<\/td>\n<td width=\"359\">6000-24000rmp\/dk<\/td>\n<\/tr>\n<tr>\n<td width=\"222\">Ara\u00e7 dergisi<\/td>\n<td width=\"359\">Lineer ATC sistemi, beyaz 6 adet kesici<\/td>\n<\/tr>\n<tr>\n<td width=\"222\">Kesici \u00e7ap\u0131<\/td>\n<td width=\"359\">\u03c63.175~\u03c620<\/td>\n<\/tr>\n<tr>\n<td width=\"222\">S\u00fcr\u00fc\u015f sistemi<\/td>\n<td width=\"359\">servo sistem<\/td>\n<\/tr>\n<tr>\n<td width=\"222\">\u0130\u015fletim dili<\/td>\n<td width=\"359\">G kodu, plt, mmg, uoo, bmp, F\/S<\/td>\n<\/tr>\n<tr>\n<td width=\"222\">\u00c7al\u0131\u015fma gerilimi<\/td>\n<td width=\"359\">1 Faz 240V<\/td>\n<\/tr>\n<tr>\n<td width=\"222\">\u00c7al\u0131\u015fma ortam\u0131<\/td>\n<td width=\"359\">Temperature:0-45;Humidity:30%~70%<\/td>\n<\/tr>\n<tr>\n<td width=\"222\">Makine par\u00e7alar\u0131<\/td>\n<td width=\"359\">9kw hava atc so\u011futma mili<\/p>\n<p>Leadshine servo motor ve s\u00fcr\u00fcc\u00fc<\/p>\n<p>Mach3 kontrol sistemi<\/p>\n<p>Tayvan25 daha kare k\u0131lavuz ray<\/p>\n<p>i\u0307nvert\u00f6r eki\u0307pmanlari<\/p>\n<p>7.5kw vakum pompal\u0131 vakum masas\u0131<\/p>\n<p>Otomatik ya\u011flama sistemi<\/p>\n<p>otomatik tak\u0131m \u00f6l\u00e7\u00fcm\u00fc<\/p>\n<p>6 tak\u0131m tutucu ve pensler<\/p>\n<p>kontrol kutusu\/anahtar\/f\u0131r\u00e7a<\/p>\n<p>tasar\u0131m yaz\u0131l\u0131m\u0131<\/td>\n<\/tr>\n<\/tbody>\n<\/table>","protected":false},"excerpt":{"rendered":"<p>Model (option) QN6090L\/6012L X\uff0cY\uff0cZ axis working area 600*900*200mm\/600*1200mm Guide rail Taiwan 25 Square guide linear rail X,Y structure High-precision rack and pinion transmission Z axis ball screw Control system Mach3 control system Whole structure Cast steel Max.engraving speed 30m\/min Maxing cutting speed 20m\/min Resolution 0.01mm Processing accuracy &lt;0.05mm Wood holding without Competitive software AutoCAD,Artcam,Photoshop,Type3,Artcut,Ucancam,powermill Imagine [&hellip;]<\/p>","protected":false},"featured_media":3403,"comment_status":"open","ping_status":"closed","template":"","meta":{"_seopress_robots_primary_cat":"none","_seopress_titles_title":"","_seopress_titles_desc":"","_seopress_robots_index":"","_uag_custom_page_level_css":"","site-sidebar-layout":"default","site-content-layout":"","ast-site-content-layout":"default","site-content-style":"default","site-sidebar-style":"default","ast-global-header-display":"","ast-banner-title-visibility":"","ast-main-header-display":"","ast-hfb-above-header-display":"","ast-hfb-below-header-display":"","ast-hfb-mobile-header-display":"","site-post-title":"","ast-breadcrumbs-content":"","ast-featured-img":"","footer-sml-layout":"","ast-disable-related-posts":"","theme-transparent-header-meta":"default","adv-header-id-meta":"","stick-header-meta":"default","header-above-stick-meta":"","header-main-stick-meta":"","header-below-stick-meta":"","astra-migrate-meta-layouts":"set","ast-page-background-enabled":"default","ast-page-background-meta":{"desktop":{"background-color":"","background-image":"","background-repeat":"repeat","background-position":"center center","background-size":"auto","background-attachment":"scroll","background-type":"","background-media":"","overlay-type":"","overlay-color":"","overlay-opacity":"","overlay-gradient":""},"tablet":{"background-color":"","background-image":"","background-repeat":"repeat","background-position":"center center","background-size":"auto","background-attachment":"scroll","background-type":"","background-media":"","overlay-type":"","overlay-color":"","overlay-opacity":"","overlay-gradient":""},"mobile":{"background-color":"","background-image":"","background-repeat":"repeat","background-position":"center center","background-size":"auto","background-attachment":"scroll","background-type":"","background-media":"","overlay-type":"","overlay-color":"","overlay-opacity":"","overlay-gradient":""}},"ast-content-background-meta":{"desktop":{"background-color":"var(--ast-global-color-5)","background-image":"","background-repeat":"repeat","background-position":"center center","background-size":"auto","background-attachment":"scroll","background-type":"","background-media":"","overlay-type":"","overlay-color":"","overlay-opacity":"","overlay-gradient":""},"tablet":{"background-color":"var(--ast-global-color-5)","background-image":"","background-repeat":"repeat","background-position":"center center","background-size":"auto","background-attachment":"scroll","background-type":"","background-media":"","overlay-type":"","overlay-color":"","overlay-opacity":"","overlay-gradient":""},"mobile":{"background-color":"var(--ast-global-color-5)","background-image":"","background-repeat":"repeat","background-position":"center center","background-size":"auto","background-attachment":"scroll","background-type":"","background-media":"","overlay-type":"","overlay-color":"","overlay-opacity":"","overlay-gradient":""}}},"product_brand":[],"product_cat":[74],"product_tag":[],"class_list":{"0":"post-3400","1":"product","2":"type-product","3":"status-publish","4":"has-post-thumbnail","6":"product_cat-atc-cnc-router","7":"desktop-align-left","8":"tablet-align-left","9":"mobile-align-left","10":"ast-product-gallery-layout-horizontal-slider","11":"ast-magnify-disabled","12":"ast-product-tabs-layout-distributed","14":"first","15":"instock","16":"shipping-taxable","17":"product-type-simple"},"uagb_featured_image_src":{"full":["https:\/\/www.queencncmachinery.com\/wp-content\/uploads\/2025\/11\/Photo-1-scaled.jpg",2560,1920,false],"thumbnail":["https:\/\/www.queencncmachinery.com\/wp-content\/uploads\/2025\/11\/Photo-1-150x150.jpg",150,150,true],"medium":["https:\/\/www.queencncmachinery.com\/wp-content\/uploads\/2025\/11\/Photo-1-300x225.jpg",300,225,true],"medium_large":["https:\/\/www.queencncmachinery.com\/wp-content\/uploads\/2025\/11\/Photo-1-768x576.jpg",768,576,true],"large":["https:\/\/www.queencncmachinery.com\/wp-content\/uploads\/2025\/11\/Photo-1-1024x768.jpg",1024,768,true],"1536x1536":["https:\/\/www.queencncmachinery.com\/wp-content\/uploads\/2025\/11\/Photo-1-1536x1152.jpg",1536,1152,true],"2048x2048":["https:\/\/www.queencncmachinery.com\/wp-content\/uploads\/2025\/11\/Photo-1-2048x1536.jpg",2048,1536,true],"trp-custom-language-flag":["https:\/\/www.queencncmachinery.com\/wp-content\/uploads\/2025\/11\/Photo-1-16x12.jpg",16,12,true],"woocommerce_thumbnail":["https:\/\/www.queencncmachinery.com\/wp-content\/uploads\/2025\/11\/Photo-1-scaled-800x600.jpg",800,600,true],"woocommerce_single":["https:\/\/www.queencncmachinery.com\/wp-content\/uploads\/2025\/11\/Photo-1-scaled-800x600.jpg",800,600,true],"woocommerce_gallery_thumbnail":["https:\/\/www.queencncmachinery.com\/wp-content\/uploads\/2025\/11\/Photo-1-scaled-100x100.jpg",100,100,true]},"uagb_author_info":{"display_name":"jinxing6611@gmail.com","author_link":"https:\/\/www.queencncmachinery.com\/tr\/author\/"},"uagb_comment_info":0,"uagb_excerpt":"Model (option) QN6090L\/6012L X\uff0cY\uff0cZ axis working area 600*900*200mm\/600*1200mm Guide rail Taiwan 25 Square guide linear rail X,Y structure High-precision rack and pinion transmission Z axis ball screw Control system Mach3 control system Whole structure Cast steel Max.engraving speed 30m\/min Maxing cutting speed 20m\/min Resolution 0.01mm Processing accuracy &lt;0.05mm Wood holding without Competitive software AutoCAD,Artcam,Photoshop,Type3,Artcut,Ucancam,powermill Imagine&hellip;","_links":{"self":[{"href":"https:\/\/www.queencncmachinery.com\/tr\/wp-json\/wp\/v2\/product\/3400","targetHints":{"allow":["GET"]}}],"collection":[{"href":"https:\/\/www.queencncmachinery.com\/tr\/wp-json\/wp\/v2\/product"}],"about":[{"href":"https:\/\/www.queencncmachinery.com\/tr\/wp-json\/wp\/v2\/types\/product"}],"replies":[{"embeddable":true,"href":"https:\/\/www.queencncmachinery.com\/tr\/wp-json\/wp\/v2\/comments?post=3400"}],"wp:featuredmedia":[{"embeddable":true,"href":"https:\/\/www.queencncmachinery.com\/tr\/wp-json\/wp\/v2\/media\/3403"}],"wp:attachment":[{"href":"https:\/\/www.queencncmachinery.com\/tr\/wp-json\/wp\/v2\/media?parent=3400"}],"wp:term":[{"taxonomy":"product_brand","embeddable":true,"href":"https:\/\/www.queencncmachinery.com\/tr\/wp-json\/wp\/v2\/product_brand?post=3400"},{"taxonomy":"product_cat","embeddable":true,"href":"https:\/\/www.queencncmachinery.com\/tr\/wp-json\/wp\/v2\/product_cat?post=3400"},{"taxonomy":"product_tag","embeddable":true,"href":"https:\/\/www.queencncmachinery.com\/tr\/wp-json\/wp\/v2\/product_tag?post=3400"}],"curies":[{"name":"wp","href":"https:\/\/api.w.org\/{rel}","templated":true}]}}