{"id":3396,"date":"2025-11-04T12:27:34","date_gmt":"2025-11-04T12:27:34","guid":{"rendered":"https:\/\/www.queencncmachinery.com\/?post_type=product&#038;p=3396"},"modified":"2025-11-18T06:22:19","modified_gmt":"2025-11-18T06:22:19","slug":"5-axis-cnc-foam-wood-moulding-machine","status":"publish","type":"product","link":"https:\/\/www.queencncmachinery.com\/tr\/urun\/5-axis-cnc-foam-wood-moulding-machine\/","title":{"rendered":"5 eksenli CNC K\u00f6p\u00fck Ah\u015fap Kal\u0131plama Makinesi"},"content":{"rendered":"<div class=\"ast-oembed-container\" style=\"height: 100%;\"><iframe title=\"5 eksenli cnc ah\u015fap k\u00f6p\u00fck kal\u0131plama makinesi\" width=\"500\" height=\"281\" src=\"https:\/\/www.youtube.com\/embed\/3cJ1FtOiQdk?feature=oembed\" frameborder=\"0\" allow=\"accelerometer; autoplay; clipboard-write; encrypted-media; gyroscope; picture-in-picture; web-share\" referrerpolicy=\"strict-origin-when-cross-origin\" allowfullscreen><\/iframe><\/div>\n<p><strong>\u4e00\u3001<\/strong><strong>Parametreler<\/strong><strong>\uff1a<\/strong><\/p>\n<p>1. Eksen\uff1a5 Eksen<\/p>\n<p>2. \u00c7al\u0131\u015fma boyutu \uff1a<\/p>\n<p>200 mm tak\u0131m u\u00e7lar\u0131n\u0131 tak\u0131n i\u015f mili yatay \u00e7al\u0131\u015fma \uff1a<\/p>\n<p>X ekseni \uff1a 2000mm<\/p>\n<p>Y ekseni \uff1a 3000mm<\/p>\n<p>Z Ekseni\uff1a1000mm<\/p>\n<p>B Ekseni\uff1a\u00b1110\u00b0<\/p>\n<p>C Ekseni\uff1a\u00b1320\u00b0<\/p>\n<p>200 mm tak\u0131m u\u00e7lar\u0131 milini tak\u0131n Dikey \u00e7al\u0131\u015fma \uff1a<\/p>\n<p>X Ekseni\uff1a3000mm<\/p>\n<p>Y Ekseni\uff1a4000mm<\/p>\n<p>Z Ekseni\uff1a800mm<\/p>\n<p>B Ekseni\uff1a\u00b1110\u00b0<\/p>\n<p>C Ekseni\uff1a\u00b1320\u00b0<\/p>\n<p>3. Hareketli H\u0131z\uff1a<\/p>\n<p>X ekseni\u3001Y ekseni\uff1a20m\/dak<\/p>\n<p>Z ekseni\uff1a10m\/dak<\/p>\n<p>B ekseni\u3001C ekseni\uff1a60\u00b0\/s<\/p>\n<p><strong><b>Konfig\u00fcrasyonlar<\/b><\/strong>\uff1a<\/p>\n<table>\n<tbody>\n<tr>\n<td width=\"30\">Hay\u0131r<\/td>\n<td width=\"83\">E\u015fyalar<\/td>\n<td width=\"69\">\u0130sim<\/td>\n<td width=\"66\">Konum<\/td>\n<td width=\"349\">Parametreler<\/td>\n<\/tr>\n<tr>\n<td rowspan=\"3\" width=\"30\">1<\/td>\n<td rowspan=\"3\" width=\"83\">\u0130\u015f mili konfig\u00fcrasyonlar\u0131<\/td>\n<td width=\"69\">Mil<\/td>\n<td width=\"66\">&nbsp;<\/p>\n<p>HQD<\/td>\n<td width=\"349\">marka\uff1aHQD<\/p>\n<p>g\u00fc\u00e7 \uff1a 12Kw<\/p>\n<p>\u0130\u015f mili d\u00f6n\u00fc\u015f\u00fc \uff1a 24000rpm<\/p>\n<p>So\u011futma: su so\u011futma<\/p>\n<p>Tak\u0131m Tutucu\uff1aHSK63F ER32<\/td>\n<\/tr>\n<tr>\n<td width=\"69\">\u00c7ift d\u00f6n\u00fc\u015fl\u00fc<\/td>\n<td width=\"66\"><\/td>\n<td width=\"349\">A\u011f\u0131r hizmet tipi be\u015f eksenli d\u00f6ner kafa, Tayvan'\u0131n y\u00fcksek frenleme torkuna ve sertli\u011fine ve y\u00fcksek hassasiyete sahip y\u00fcksek sertlikli red\u00fckt\u00f6r\u00fcn\u00fc kullan\u0131r.<\/td>\n<\/tr>\n<tr>\n<td width=\"69\">Ara\u00e7 Dergisi<\/td>\n<td width=\"66\"><\/td>\n<td width=\"349\">6 konumlu tak\u0131m de\u011fi\u015ftirme magazini; izin verilen maksimum tak\u0131m \u00f6zelli\u011fi (uzunluk\/\u00e7ap) 200 mm\/100 mm'dir. Biti\u015fik i\u015f istasyonlar\u0131 tak\u0131mlarla donat\u0131lmam\u0131\u015fsa, izin verilen maksimum tak\u0131m \u00e7ap\u0131 300 mm'dir.<\/td>\n<\/tr>\n<tr>\n<td width=\"30\">2<\/td>\n<td width=\"83\">Servo<\/td>\n<td width=\"69\">Syntec<\/td>\n<td width=\"66\">tayvan<\/td>\n<td width=\"349\">X\/Y1\/Y2\/Z\/B\/C eksenlerinin t\u00fcm\u00fc Tayvan'\u0131n yeni nesil y\u00fcksek h\u0131zl\u0131 Servo motorlar\u0131n\u0131 (bak\u0131m gerektirmeyen), veri yolu kontrol\u00fcn\u00fc, iyi iletim verimlili\u011fini, y\u00fcksek iletim do\u011frulu\u011funu kullan\u0131r ve hareket s\u0131ras\u0131nda orijine d\u00f6nmeye gerek yoktur; Z ekseni servo motorunun bir freni vard\u0131r.<\/td>\n<\/tr>\n<tr>\n<td width=\"30\">3<\/td>\n<td width=\"83\">\u0130nvert\u00f6r<\/td>\n<td width=\"69\">Delta<\/td>\n<td width=\"66\">Tayvan<\/td>\n<td width=\"349\">Tayvan Delta'n\u0131n Ms300 serisi invert\u00f6r\u00fc darbelere kar\u015f\u0131 dayan\u0131kl\u0131d\u0131r ve iyi bir stabiliteye sahiptir, bu da i\u015f mili h\u0131z ayar\u0131 i\u00e7in bir garanti sa\u011flar.<\/td>\n<\/tr>\n<tr>\n<td rowspan=\"2\" width=\"30\">4<\/td>\n<td rowspan=\"2\" width=\"83\">Kontrol\u00f6r<\/td>\n<td rowspan=\"2\" width=\"69\">Syntec<\/td>\n<td rowspan=\"2\" width=\"66\">Tayvan<\/td>\n<td width=\"349\">Tamamen dijital Tayvan Xinda be\u015f eksenli kontrol ana sistemi, Magic CNC taraf\u0131ndan geli\u015ftirilen WINCE sistemi, RTCP otomatik tak\u0131m ucu takip fonksiyonuna ve tak\u0131m uzunlu\u011fu ve \u00e7ap telafi fonksiyonuna sahiptir, klavye ve fareyi destekler; U disk, \u0130nternet iletimi ve di\u011fer modlar arac\u0131l\u0131\u011f\u0131yla programlar\u0131 i\u00e7e aktarabilir ve y\u00fcr\u00fctebilir.<\/p>\n<p>Sistem veri yolu kontrol\u00fc, g\u00fc\u00e7 kapatma haf\u0131za fonksiyonu, ba\u015flang\u0131\u00e7 haf\u0131zas\u0131, ba\u015flat\u0131rken ba\u015flang\u0131\u00e7 noktas\u0131na d\u00f6nmeye gerek yok.<\/td>\n<\/tr>\n<tr>\n<td width=\"349\">Tayvan'\u0131n yeni nesil be\u015f eksenli sistem \u00f6zel makine ayar\u0131 hareketli kablosuz el \u00e7ark\u0131, el \u00e7ark\u0131 kontrol i\u015fleminin h\u0131z\u0131n\u0131 1-100 kat ayarlayabilir ve kol \u00fczerinde X\/Y\/Z\/4(B)\/5(C) \u00e7ok eksenli se\u00e7im kontrol\u00fc ger\u00e7ekle\u015ftirebilir, bu da kullan\u0131\u015fl\u0131 ve basittir, kullan\u0131m\u0131 kolayd\u0131r ve i\u015f verimlili\u011fini art\u0131r\u0131r.<\/td>\n<\/tr>\n<tr>\n<td width=\"30\">5<\/td>\n<td width=\"83\">Otomatik ya\u011flama<\/td>\n<td width=\"69\"><\/td>\n<td width=\"66\"><\/td>\n<td width=\"349\">Yaz\u0131l\u0131m kontrol\u00fc, otomatik zamanlama ve kantitatif ya\u011flama ve hareketli par\u00e7alar\u0131n gerekti\u011finde ya\u011flanmas\u0131.<\/td>\n<\/tr>\n<tr>\n<td width=\"30\">6<\/td>\n<td width=\"83\">Raylar<\/td>\n<td width=\"69\">HIWIN<\/td>\n<td width=\"66\">Tayvan<\/td>\n<td width=\"349\">XYZ ekseni, en iyi hassas tasar\u0131m\u0131 benimseyen Tayvan yap\u0131m\u0131 TWIN y\u00fcksek hassasiyetli k\u0131lavuz ray s\u00fcrg\u00fclerini kullan\u0131r. D\u00f6rt taraf\u0131n t\u00fcm\u00fc y\u00fcksek sertli\u011fe ve ultra a\u011f\u0131r y\u00fck kapasitesine, d\u00fc\u015f\u00fck g\u00fcr\u00fclt\u00fcye, yumu\u015fak harekete ve Gotik d\u00f6rt noktal\u0131 temas tasar\u0131m\u0131na sahiptir. Her y\u00f6ndeki y\u00fcklere dayanabilir ve g\u00fc\u00e7l\u00fc sertli\u011fe ve y\u00fcksek hassasiyete sahiptir.<\/td>\n<\/tr>\n<tr>\n<td width=\"30\">7<\/td>\n<td width=\"83\">Bilyal\u0131 Vida<\/td>\n<td width=\"69\">HIWIN\/ TBI<\/td>\n<td width=\"66\">Tayvan<\/td>\n<td width=\"349\">Z ekseni, kald\u0131rmay\u0131 kontrol etmek i\u00e7in bir kaplin arac\u0131l\u0131\u011f\u0131yla ko\u00e7u tahrik etmek \u00fczere bir bilyal\u0131 vida kullan\u0131r. Bilyal\u0131 vida, Japonya'da \u00fcretilen d\u00fcnyan\u0131n en \u00fcst d\u00fczey mekanik ekipman\u0131 kullan\u0131larak s\u00fcrekli olarak \u00fcretilir ve y\u00fcksek sertli\u011fe ve y\u00fcksek hassasiyete sahiptir.<\/td>\n<\/tr>\n<tr>\n<td width=\"30\">8<\/td>\n<td width=\"83\">Kremayer ve pinyon<\/td>\n<td width=\"69\">T-WIN<\/td>\n<td width=\"66\">Tayvan<\/td>\n<td width=\"349\">X\/Y1\/Y2 ekseni, yumu\u015fak hareket, b\u00fcy\u00fck aktar\u0131m torku, d\u00fc\u015f\u00fck g\u00fcr\u00fclt\u00fc ve y\u00fcksek h\u0131z \u00f6zelliklerine sahip Tayvan yap\u0131m\u0131 M2 y\u00fcksek s\u0131cakl\u0131kta s\u00f6nd\u00fcr\u00fclm\u00fc\u015f helisel raflar kullan\u0131r.<\/td>\n<\/tr>\n<tr>\n<td width=\"30\">9<\/td>\n<td width=\"83\">Elektrikli Cihazlar<\/td>\n<td width=\"69\">Schneider<\/td>\n<td width=\"66\">Fransa<\/td>\n<td width=\"349\">Temel elektrik bile\u015fenlerinin dayan\u0131kl\u0131l\u0131\u011f\u0131n\u0131 ve g\u00fcvenli\u011fini sa\u011flamak i\u00e7in r\u00f6leler, devre kesiciler ve basmal\u0131 d\u00fc\u011fme anahtarlar\u0131n\u0131n t\u00fcm\u00fc Frans\u0131z Schneider'den al\u0131nm\u0131\u015ft\u0131r.<\/td>\n<\/tr>\n<\/tbody>\n<\/table>\n<p>&nbsp;<\/p>","protected":false},"excerpt":{"rendered":"<p>\u4e00\u3001Parameters\uff1a 1.Axis\uff1a5\u00a0Axis 2.Working size\uff1a Install 200mm\u00a0tool bits spindle horizontal working \uff1a X axis \uff1a2000mm Y axis \uff1a3000mm Z\u00a0Axis\uff1a1000mm B\u00a0Axis\uff1a\u00b1110\u00b0 C\u00a0Axis\uff1a\u00b1320\u00b0 Install 200mm\u00a0tool bits spindle Vertical working \uff1a X\u00a0Axis\uff1a3000mm Y Axis\uff1a4000mm Z Axis\uff1a800mm B\u00a0Axis\uff1a\u00b1110\u00b0 C\u00a0Axis\uff1a\u00b1320\u00b0 3.Moving Speed\uff1a X\u00a0axis\u3001Y\u00a0axis\uff1a20m\/min Z\u00a0axis\uff1a10m\/min B\u00a0axis\u3001C\u00a0axis\uff1a60\u00b0\/s Configurations\uff1a No Items Name Location Parameters 1 Spindle configurations Spindle &nbsp; HQD brand\uff1aHQD power\uff1a12Kw Spindle rotating\u00a0\uff1a24000rpm [&hellip;]<\/p>","protected":false},"featured_media":3399,"comment_status":"open","ping_status":"closed","template":"","meta":{"_seopress_robots_primary_cat":"none","_seopress_titles_title":"","_seopress_titles_desc":"","_seopress_robots_index":"","_uag_custom_page_level_css":"","site-sidebar-layout":"default","site-content-layout":"","ast-site-content-layout":"default","site-content-style":"default","site-sidebar-style":"default","ast-global-header-display":"","ast-banner-title-visibility":"","ast-main-header-display":"","ast-hfb-above-header-display":"","ast-hfb-below-header-display":"","ast-hfb-mobile-header-display":"","site-post-title":"","ast-breadcrumbs-content":"","ast-featured-img":"","footer-sml-layout":"","ast-disable-related-posts":"","theme-transparent-header-meta":"default","adv-header-id-meta":"","stick-header-meta":"default","header-above-stick-meta":"","header-main-stick-meta":"","header-below-stick-meta":"","astra-migrate-meta-layouts":"set","ast-page-background-enabled":"default","ast-page-background-meta":{"desktop":{"background-color":"","background-image":"","background-repeat":"repeat","background-position":"center center","background-size":"auto","background-attachment":"scroll","background-type":"","background-media":"","overlay-type":"","overlay-color":"","overlay-opacity":"","overlay-gradient":""},"tablet":{"background-color":"","background-image":"","background-repeat":"repeat","background-position":"center center","background-size":"auto","background-attachment":"scroll","background-type":"","background-media":"","overlay-type":"","overlay-color":"","overlay-opacity":"","overlay-gradient":""},"mobile":{"background-color":"","background-image":"","background-repeat":"repeat","background-position":"center center","background-size":"auto","background-attachment":"scroll","background-type":"","background-media":"","overlay-type":"","overlay-color":"","overlay-opacity":"","overlay-gradient":""}},"ast-content-background-meta":{"desktop":{"background-color":"var(--ast-global-color-5)","background-image":"","background-repeat":"repeat","background-position":"center center","background-size":"auto","background-attachment":"scroll","background-type":"","background-media":"","overlay-type":"","overlay-color":"","overlay-opacity":"","overlay-gradient":""},"tablet":{"background-color":"var(--ast-global-color-5)","background-image":"","background-repeat":"repeat","background-position":"center center","background-size":"auto","background-attachment":"scroll","background-type":"","background-media":"","overlay-type":"","overlay-color":"","overlay-opacity":"","overlay-gradient":""},"mobile":{"background-color":"var(--ast-global-color-5)","background-image":"","background-repeat":"repeat","background-position":"center center","background-size":"auto","background-attachment":"scroll","background-type":"","background-media":"","overlay-type":"","overlay-color":"","overlay-opacity":"","overlay-gradient":""}}},"product_brand":[],"product_cat":[74],"product_tag":[],"class_list":{"0":"post-3396","1":"product","2":"type-product","3":"status-publish","4":"has-post-thumbnail","6":"product_cat-atc-cnc-router","7":"desktop-align-left","8":"tablet-align-left","9":"mobile-align-left","10":"ast-product-gallery-layout-horizontal-slider","11":"ast-product-gallery-with-no-image","12":"ast-magnify-disabled","13":"ast-product-tabs-layout-distributed","15":"first","16":"instock","17":"shipping-taxable","18":"product-type-simple"},"uagb_featured_image_src":{"full":["https:\/\/www.queencncmachinery.com\/wp-content\/uploads\/2025\/11\/\u5fae\u4fe1\u56fe\u7247_20241228172550-scaled.jpg",2560,1920,false],"thumbnail":["https:\/\/www.queencncmachinery.com\/wp-content\/uploads\/2025\/11\/\u5fae\u4fe1\u56fe\u7247_20241228172550-150x150.jpg",150,150,true],"medium":["https:\/\/www.queencncmachinery.com\/wp-content\/uploads\/2025\/11\/\u5fae\u4fe1\u56fe\u7247_20241228172550-300x225.jpg",300,225,true],"medium_large":["https:\/\/www.queencncmachinery.com\/wp-content\/uploads\/2025\/11\/\u5fae\u4fe1\u56fe\u7247_20241228172550-768x576.jpg",768,576,true],"large":["https:\/\/www.queencncmachinery.com\/wp-content\/uploads\/2025\/11\/\u5fae\u4fe1\u56fe\u7247_20241228172550-1024x768.jpg",1024,768,true],"1536x1536":["https:\/\/www.queencncmachinery.com\/wp-content\/uploads\/2025\/11\/\u5fae\u4fe1\u56fe\u7247_20241228172550-1536x1152.jpg",1536,1152,true],"2048x2048":["https:\/\/www.queencncmachinery.com\/wp-content\/uploads\/2025\/11\/\u5fae\u4fe1\u56fe\u7247_20241228172550-2048x1536.jpg",2048,1536,true],"trp-custom-language-flag":["https:\/\/www.queencncmachinery.com\/wp-content\/uploads\/2025\/11\/\u5fae\u4fe1\u56fe\u7247_20241228172550-16x12.jpg",16,12,true],"woocommerce_thumbnail":["https:\/\/www.queencncmachinery.com\/wp-content\/uploads\/2025\/11\/\u5fae\u4fe1\u56fe\u7247_20241228172550-scaled-800x600.jpg",800,600,true],"woocommerce_single":["https:\/\/www.queencncmachinery.com\/wp-content\/uploads\/2025\/11\/\u5fae\u4fe1\u56fe\u7247_20241228172550-scaled-800x600.jpg",800,600,true],"woocommerce_gallery_thumbnail":["https:\/\/www.queencncmachinery.com\/wp-content\/uploads\/2025\/11\/\u5fae\u4fe1\u56fe\u7247_20241228172550-scaled-100x100.jpg",100,100,true]},"uagb_author_info":{"display_name":"jinxing6611@gmail.com","author_link":"https:\/\/www.queencncmachinery.com\/tr\/author\/"},"uagb_comment_info":0,"uagb_excerpt":"\u4e00\u3001Parameters\uff1a 1.Axis\uff1a5\u00a0Axis 2.Working size\uff1a Install 200mm\u00a0tool bits spindle horizontal working \uff1a X axis \uff1a2000mm Y axis \uff1a3000mm Z\u00a0Axis\uff1a1000mm B\u00a0Axis\uff1a\u00b1110\u00b0 C\u00a0Axis\uff1a\u00b1320\u00b0 Install 200mm\u00a0tool bits spindle Vertical working \uff1a X\u00a0Axis\uff1a3000mm Y Axis\uff1a4000mm Z Axis\uff1a800mm B\u00a0Axis\uff1a\u00b1110\u00b0 C\u00a0Axis\uff1a\u00b1320\u00b0 3.Moving Speed\uff1a X\u00a0axis\u3001Y\u00a0axis\uff1a20m\/min Z\u00a0axis\uff1a10m\/min B\u00a0axis\u3001C\u00a0axis\uff1a60\u00b0\/s Configurations\uff1a No Items Name Location Parameters 1 Spindle configurations Spindle &nbsp; HQD brand\uff1aHQD power\uff1a12Kw Spindle rotating\u00a0\uff1a24000rpm&hellip;","_links":{"self":[{"href":"https:\/\/www.queencncmachinery.com\/tr\/wp-json\/wp\/v2\/product\/3396","targetHints":{"allow":["GET"]}}],"collection":[{"href":"https:\/\/www.queencncmachinery.com\/tr\/wp-json\/wp\/v2\/product"}],"about":[{"href":"https:\/\/www.queencncmachinery.com\/tr\/wp-json\/wp\/v2\/types\/product"}],"replies":[{"embeddable":true,"href":"https:\/\/www.queencncmachinery.com\/tr\/wp-json\/wp\/v2\/comments?post=3396"}],"wp:featuredmedia":[{"embeddable":true,"href":"https:\/\/www.queencncmachinery.com\/tr\/wp-json\/wp\/v2\/media\/3399"}],"wp:attachment":[{"href":"https:\/\/www.queencncmachinery.com\/tr\/wp-json\/wp\/v2\/media?parent=3396"}],"wp:term":[{"taxonomy":"product_brand","embeddable":true,"href":"https:\/\/www.queencncmachinery.com\/tr\/wp-json\/wp\/v2\/product_brand?post=3396"},{"taxonomy":"product_cat","embeddable":true,"href":"https:\/\/www.queencncmachinery.com\/tr\/wp-json\/wp\/v2\/product_cat?post=3396"},{"taxonomy":"product_tag","embeddable":true,"href":"https:\/\/www.queencncmachinery.com\/tr\/wp-json\/wp\/v2\/product_tag?post=3396"}],"curies":[{"name":"wp","href":"https:\/\/api.w.org\/{rel}","templated":true}]}}