{"id":4249,"date":"2025-12-29T08:13:36","date_gmt":"2025-12-29T08:13:36","guid":{"rendered":"https:\/\/www.queencncmachinery.com\/?post_type=product&#038;p=4249"},"modified":"2025-12-29T08:13:36","modified_gmt":"2025-12-29T08:13:36","slug":"spartan-atc-cnc-router-with-affordable-price","status":"publish","type":"product","link":"https:\/\/www.queencncmachinery.com\/pt\/produto\/spartan-atc-cnc-router-with-affordable-price\/","title":{"rendered":"Router CNC Spartan ATC com pre\u00e7o acess\u00edvel"},"content":{"rendered":"<table>\n<tbody>\n<tr>\n<td width=\"393\">Modelo (op\u00e7\u00e3o)<\/td>\n<td width=\"563\">QN1325H<\/td>\n<\/tr>\n<tr>\n<td width=\"393\">\u00c1rea de trabalho do eixo X\uff0cY\uff0cZ<\/td>\n<td width=\"563\">1300*2500mm<\/td>\n<\/tr>\n<tr>\n<td width=\"393\">Carril de guia<\/td>\n<td width=\"563\">Taiwan30 Calha linear de guia quadrada<\/td>\n<\/tr>\n<tr>\n<td width=\"393\">Estrutura X,Y<\/td>\n<td width=\"563\">Transmiss\u00e3o de cremalheira e pinh\u00e3o de alta precis\u00e3o<\/td>\n<\/tr>\n<tr>\n<td width=\"393\">Eixo Z<\/td>\n<td width=\"563\">fuso de esferas<\/td>\n<\/tr>\n<tr>\n<td width=\"393\">Sistema de controlo<\/td>\n<td width=\"563\">NK280B\u00a0studio\u00a0control system<\/td>\n<\/tr>\n<tr>\n<td width=\"393\">Toda a estrutura<\/td>\n<td width=\"563\">A\u00e7o soldado<\/td>\n<\/tr>\n<tr>\n<td width=\"393\">Velocidade m\u00e1xima de grava\u00e7\u00e3o<\/td>\n<td width=\"563\">30m\/min<\/td>\n<\/tr>\n<tr>\n<td width=\"393\">Velocidade m\u00e1xima de corte<\/td>\n<td width=\"563\">20m\/min<\/td>\n<\/tr>\n<tr>\n<td width=\"393\">Resolu\u00e7\u00e3o<\/td>\n<td width=\"563\">0,01mm<\/td>\n<\/tr>\n<tr>\n<td width=\"393\">Exatid\u00e3o do processamento<\/td>\n<td width=\"563\">&lt;0,05mm<\/td>\n<\/tr>\n<tr>\n<td width=\"393\">Suporte de madeira<\/td>\n<td width=\"563\">Absor\u00e7\u00e3o de v\u00e1cuo (por suc\u00e7\u00e3o)<\/td>\n<\/tr>\n<tr>\n<td width=\"393\">Software competitivo<\/td>\n<td width=\"563\">AutoCAD,Artcam,Photoshop,Type3,Artcut,Ucancam,powermill<\/td>\n<\/tr>\n<tr>\n<td width=\"393\">Gr\u00e1fico em formato Imagine<\/td>\n<td width=\"563\">BMP, GIF, JPGE, PCX, TGA, TIFF, PTLCDR, DMG, DXF,<\/td>\n<\/tr>\n<tr>\n<td width=\"393\">Pot\u00eancia do fuso<\/td>\n<td width=\"563\">9KW ATC air cooling spindle<\/td>\n<\/tr>\n<tr>\n<td width=\"393\">Velocidade de rota\u00e7\u00e3o do fuso<\/td>\n<td width=\"563\">6000-24000rmp\/min<\/td>\n<\/tr>\n<tr>\n<td width=\"393\">Revista de ferramentas<\/td>\n<td width=\"563\">Sistema linear ATC, com 8 pe\u00e7as de corte<\/td>\n<\/tr>\n<tr>\n<td width=\"393\">Di\u00e2metro do cortador<\/td>\n<td width=\"563\">\u03c63.175~\u03c620<\/td>\n<\/tr>\n<tr>\n<td width=\"393\">Sistema de condu\u00e7\u00e3o<\/td>\n<td width=\"563\">\u00a0sistema servo<\/td>\n<\/tr>\n<tr>\n<td width=\"393\">L\u00edngua de trabalho<\/td>\n<td width=\"563\">C\u00f3digo G, plt, mmg, uoo, bmp, F\/S<\/td>\n<\/tr>\n<tr>\n<td width=\"393\">Tens\u00e3o de funcionamento<\/td>\n<td width=\"563\">AC380V\/50Hz<\/td>\n<\/tr>\n<tr>\n<td width=\"393\">Ambiente de funcionamento<\/td>\n<td width=\"563\">Temperature:0-45;Humidity:30%~70%<\/td>\n<\/tr>\n<tr>\n<td width=\"393\">Com pe\u00e7as opcionais<\/td>\n<td width=\"563\">Mesa de trabalho de v\u00e1cuo, coletor de p\u00f3<\/td>\n<\/tr>\n<tr>\n<td width=\"393\">Pe\u00e7as de m\u00e1quinas<\/td>\n<td width=\"563\">9kw\u00a0ATC\u00a0air cooled spindle<\/p>\n<p>servo motor and driver<\/p>\n<p>Sistema de controlo LNC<\/p>\n<p>Taiwan squarer guide rail<\/p>\n<p>inverter equipment\u00a011KW<\/p>\n<p>7.5kw vacuum pump and vacuum worktable<\/p>\n<p>Sistema autom\u00e1tico de lubrifica\u00e7\u00e3o a \u00f3leo<\/p>\n<p>medi\u00e7\u00e3o autom\u00e1tica de ferramentas<\/p>\n<p>8\u00a0tool holder and collets<\/p>\n<p>Coletor de p\u00f3<\/p>\n<p>caixa de controlo\/chave\/escova<\/td>\n<\/tr>\n<\/tbody>\n<\/table>","protected":false},"excerpt":{"rendered":"<p>Model (option) QN1325H X\uff0cY\uff0cZ axis working area 1300*2500mm Guide rail Taiwan30 Square guide linear rail X,Y structure High-precision rack and pinion transmission Z axis ball screw Control system NK280B\u00a0studio\u00a0control system Whole structure Welded\u00a0steel Max.engraving speed 30m\/min Maxing cutting speed 20m\/min Resolution 0.01mm Processing accuracy &lt;0.05mm Wood holding Vacuum absorption(by suction) Competitive software AutoCAD,Artcam,Photoshop,Type3,Artcut,Ucancam,powermill Imagine format [&hellip;]<\/p>","protected":false},"featured_media":4252,"comment_status":"open","ping_status":"closed","template":"","meta":{"_seopress_robots_primary_cat":"","_seopress_titles_title":"","_seopress_titles_desc":"","_seopress_robots_index":"","_uag_custom_page_level_css":"","site-sidebar-layout":"default","site-content-layout":"","ast-site-content-layout":"default","site-content-style":"default","site-sidebar-style":"default","ast-global-header-display":"","ast-banner-title-visibility":"","ast-main-header-display":"","ast-hfb-above-header-display":"","ast-hfb-below-header-display":"","ast-hfb-mobile-header-display":"","site-post-title":"","ast-breadcrumbs-content":"","ast-featured-img":"","footer-sml-layout":"","ast-disable-related-posts":"","theme-transparent-header-meta":"default","adv-header-id-meta":"","stick-header-meta":"default","header-above-stick-meta":"","header-main-stick-meta":"","header-below-stick-meta":"","astra-migrate-meta-layouts":"set","ast-page-background-enabled":"default","ast-page-background-meta":{"desktop":{"background-color":"","background-image":"","background-repeat":"repeat","background-position":"center center","background-size":"auto","background-attachment":"scroll","background-type":"","background-media":"","overlay-type":"","overlay-color":"","overlay-opacity":"","overlay-gradient":""},"tablet":{"background-color":"","background-image":"","background-repeat":"repeat","background-position":"center center","background-size":"auto","background-attachment":"scroll","background-type":"","background-media":"","overlay-type":"","overlay-color":"","overlay-opacity":"","overlay-gradient":""},"mobile":{"background-color":"","background-image":"","background-repeat":"repeat","background-position":"center center","background-size":"auto","background-attachment":"scroll","background-type":"","background-media":"","overlay-type":"","overlay-color":"","overlay-opacity":"","overlay-gradient":""}},"ast-content-background-meta":{"desktop":{"background-color":"var(--ast-global-color-5)","background-image":"","background-repeat":"repeat","background-position":"center center","background-size":"auto","background-attachment":"scroll","background-type":"","background-media":"","overlay-type":"","overlay-color":"","overlay-opacity":"","overlay-gradient":""},"tablet":{"background-color":"var(--ast-global-color-5)","background-image":"","background-repeat":"repeat","background-position":"center center","background-size":"auto","background-attachment":"scroll","background-type":"","background-media":"","overlay-type":"","overlay-color":"","overlay-opacity":"","overlay-gradient":""},"mobile":{"background-color":"var(--ast-global-color-5)","background-image":"","background-repeat":"repeat","background-position":"center center","background-size":"auto","background-attachment":"scroll","background-type":"","background-media":"","overlay-type":"","overlay-color":"","overlay-opacity":"","overlay-gradient":""}}},"product_brand":[],"product_cat":[74,70],"product_tag":[90,91,92,89,88],"class_list":{"0":"post-4249","1":"product","2":"type-product","3":"status-publish","4":"has-post-thumbnail","6":"product_cat-atc-cnc-router","7":"product_cat-cnc-routers","8":"product_tag-1325-atc-cnc","9":"product_tag-atc-cnc","10":"product_tag-cnc-router","11":"product_tag-cnc-spartan","12":"product_tag-spartan-cnc","13":"desktop-align-left","14":"tablet-align-left","15":"mobile-align-left","16":"ast-product-gallery-layout-horizontal-slider","17":"ast-product-gallery-with-no-image","18":"ast-magnify-disabled","19":"ast-product-tabs-layout-distributed","21":"first","22":"instock","23":"shipping-taxable","24":"product-type-simple"},"uagb_featured_image_src":{"full":["https:\/\/www.queencncmachinery.com\/wp-content\/uploads\/2025\/12\/DSC_0065-e1766995947975.jpg",843,503,false],"thumbnail":["https:\/\/www.queencncmachinery.com\/wp-content\/uploads\/2025\/12\/DSC_0065-e1766995947975-150x150.jpg",150,150,true],"medium":["https:\/\/www.queencncmachinery.com\/wp-content\/uploads\/2025\/12\/DSC_0065-e1766995947975-300x179.jpg",300,179,true],"medium_large":["https:\/\/www.queencncmachinery.com\/wp-content\/uploads\/2025\/12\/DSC_0065-e1766995947975-768x458.jpg",768,458,true],"large":["https:\/\/www.queencncmachinery.com\/wp-content\/uploads\/2025\/12\/DSC_0065-e1766995947975.jpg",843,503,false],"1536x1536":["https:\/\/www.queencncmachinery.com\/wp-content\/uploads\/2025\/12\/DSC_0065-e1766995947975.jpg",843,503,false],"2048x2048":["https:\/\/www.queencncmachinery.com\/wp-content\/uploads\/2025\/12\/DSC_0065-e1766995947975.jpg",843,503,false],"trp-custom-language-flag":["https:\/\/www.queencncmachinery.com\/wp-content\/uploads\/2025\/12\/DSC_0065-e1766995947975-18x12.jpg",18,12,true],"woocommerce_thumbnail":["https:\/\/www.queencncmachinery.com\/wp-content\/uploads\/2025\/12\/DSC_0065-e1766995947975-800x477.jpg",800,477,true],"woocommerce_single":["https:\/\/www.queencncmachinery.com\/wp-content\/uploads\/2025\/12\/DSC_0065-e1766995947975-800x477.jpg",800,477,true],"woocommerce_gallery_thumbnail":["https:\/\/www.queencncmachinery.com\/wp-content\/uploads\/2025\/12\/DSC_0065-e1766995947975-100x100.jpg",100,100,true]},"uagb_author_info":{"display_name":"jinxing6611@gmail.com","author_link":"https:\/\/www.queencncmachinery.com\/pt\/author\/"},"uagb_comment_info":0,"uagb_excerpt":"Model (option) QN1325H X\uff0cY\uff0cZ axis working area 1300*2500mm Guide rail Taiwan30 Square guide linear rail X,Y structure High-precision rack and pinion transmission Z axis ball screw Control system NK280B\u00a0studio\u00a0control system Whole structure Welded\u00a0steel Max.engraving speed 30m\/min Maxing cutting speed 20m\/min Resolution 0.01mm Processing accuracy &lt;0.05mm Wood holding Vacuum absorption(by suction) Competitive software AutoCAD,Artcam,Photoshop,Type3,Artcut,Ucancam,powermill Imagine format&hellip;","_links":{"self":[{"href":"https:\/\/www.queencncmachinery.com\/pt\/wp-json\/wp\/v2\/product\/4249","targetHints":{"allow":["GET"]}}],"collection":[{"href":"https:\/\/www.queencncmachinery.com\/pt\/wp-json\/wp\/v2\/product"}],"about":[{"href":"https:\/\/www.queencncmachinery.com\/pt\/wp-json\/wp\/v2\/types\/product"}],"replies":[{"embeddable":true,"href":"https:\/\/www.queencncmachinery.com\/pt\/wp-json\/wp\/v2\/comments?post=4249"}],"wp:featuredmedia":[{"embeddable":true,"href":"https:\/\/www.queencncmachinery.com\/pt\/wp-json\/wp\/v2\/media\/4252"}],"wp:attachment":[{"href":"https:\/\/www.queencncmachinery.com\/pt\/wp-json\/wp\/v2\/media?parent=4249"}],"wp:term":[{"taxonomy":"product_brand","embeddable":true,"href":"https:\/\/www.queencncmachinery.com\/pt\/wp-json\/wp\/v2\/product_brand?post=4249"},{"taxonomy":"product_cat","embeddable":true,"href":"https:\/\/www.queencncmachinery.com\/pt\/wp-json\/wp\/v2\/product_cat?post=4249"},{"taxonomy":"product_tag","embeddable":true,"href":"https:\/\/www.queencncmachinery.com\/pt\/wp-json\/wp\/v2\/product_tag?post=4249"}],"curies":[{"name":"wp","href":"https:\/\/api.w.org\/{rel}","templated":true}]}}