{"id":4218,"date":"2025-12-04T08:45:43","date_gmt":"2025-12-04T08:45:43","guid":{"rendered":"https:\/\/www.queencncmachinery.com\/?post_type=product&#038;p=4218"},"modified":"2025-12-04T08:48:45","modified_gmt":"2025-12-04T08:48:45","slug":"cnc-router-and-co2-laser-combined-machine","status":"publish","type":"product","link":"https:\/\/www.queencncmachinery.com\/pt\/produto\/cnc-router-and-co2-laser-combined-machine\/","title":{"rendered":"Router CNC e m\u00e1quina combinada de laser Co2"},"content":{"rendered":"<p><strong>Router CNC e m\u00e1quina combinada de laser Co2 Par\u00e2metros<\/strong><\/p>\n<table>\n<tbody>\n<tr>\n<td width=\"333\">Modelo (op\u00e7\u00e3o)<\/td>\n<td width=\"518\">QN1325L<\/td>\n<\/tr>\n<tr>\n<td width=\"333\">\u00c1rea de trabalho do eixo X\uff0cY\uff0cZ<\/td>\n<td width=\"518\">1300*2500*200mm<\/td>\n<\/tr>\n<tr>\n<td width=\"333\">Carril de guia<\/td>\n<td width=\"518\">Taiwan30 Calha linear de guia quadrada<\/td>\n<\/tr>\n<tr>\n<td width=\"333\">Estrutura X,Y<\/td>\n<td width=\"518\">Transmiss\u00e3o de cremalheira e pinh\u00e3o de alta precis\u00e3o<\/td>\n<\/tr>\n<tr>\n<td width=\"333\">Eixo Z<\/td>\n<td width=\"518\">fuso de esferas<\/td>\n<\/tr>\n<tr>\n<td width=\"333\">Sistema de controlo<\/td>\n<td width=\"518\">Sistema de controlo LNC<\/td>\n<\/tr>\n<tr>\n<td width=\"333\">Toda a estrutura<\/td>\n<td width=\"518\">A\u00e7o fundido<\/td>\n<\/tr>\n<tr>\n<td width=\"333\">Velocidade m\u00e1xima de marcha lenta da m\u00e1quina<\/td>\n<td width=\"518\">70m\/min<\/td>\n<\/tr>\n<tr>\n<td width=\"333\">Velocidade m\u00e1xima de trabalho<\/td>\n<td width=\"518\">30m\/min<\/td>\n<\/tr>\n<tr>\n<td width=\"333\">Velocidade m\u00e1xima de corte<\/td>\n<td width=\"518\">20m\/min<\/td>\n<\/tr>\n<tr>\n<td width=\"333\">Resolu\u00e7\u00e3o<\/td>\n<td width=\"518\">0,01mm<\/td>\n<\/tr>\n<tr>\n<td width=\"333\">Exatid\u00e3o do processamento<\/td>\n<td width=\"518\">&lt;0,05mm<\/td>\n<\/tr>\n<tr>\n<td width=\"333\">Suporte de madeira<\/td>\n<td width=\"518\">Absor\u00e7\u00e3o de v\u00e1cuo (por suc\u00e7\u00e3o)<\/td>\n<\/tr>\n<tr>\n<td width=\"333\">Software competitivo<\/td>\n<td width=\"518\">AutoCAD,Artcam,Photoshop,Type3,Artcut,Ucancam,powermill<\/td>\n<\/tr>\n<tr>\n<td width=\"333\">Gr\u00e1fico em formato Imagine<\/td>\n<td width=\"518\">BMP, GIF, JPGE, PCX, TGA, TIFF, PTLCDR, DMG, DXF,<\/td>\n<\/tr>\n<tr>\n<td width=\"333\">Pot\u00eancia do fuso<\/td>\n<td width=\"518\">Eixo de refrigera\u00e7\u00e3o a ar 9KW HQD ATC<\/td>\n<\/tr>\n<tr>\n<td width=\"333\">Velocidade de rota\u00e7\u00e3o do fuso<\/td>\n<td width=\"518\">6000-24000rmp\/min<\/td>\n<\/tr>\n<tr>\n<td width=\"333\">Revista de ferramentas<\/td>\n<td width=\"518\">Sistema linear ATC, com 12 pe\u00e7as de corte<\/td>\n<\/tr>\n<tr>\n<td width=\"333\">Di\u00e2metro do cortador<\/td>\n<td width=\"518\">\u03c63.175~\u03c625<\/td>\n<\/tr>\n<tr>\n<td width=\"333\">Sistema de condu\u00e7\u00e3o<\/td>\n<td width=\"518\">Sistema servo Leadshine<\/td>\n<\/tr>\n<tr>\n<td width=\"333\">L\u00edngua de trabalho<\/td>\n<td width=\"518\">C\u00f3digo G, plt, mmg, uoo, bmp, F\/S<\/td>\n<\/tr>\n<tr>\n<td width=\"333\">Tens\u00e3o de funcionamento<\/td>\n<td width=\"518\">AC380V\/50Hz ou 220V<\/td>\n<\/tr>\n<tr>\n<td width=\"333\">Ambiente de funcionamento<\/td>\n<td width=\"518\">Temperature:0-45;Humidity:30%~70%<\/td>\n<\/tr>\n<tr>\n<td width=\"333\">Com pe\u00e7as opcionais<\/td>\n<td width=\"518\">Mesa de trabalho de v\u00e1cuo, coletor de p\u00f3<\/td>\n<\/tr>\n<tr>\n<td width=\"333\">Pe\u00e7as de m\u00e1quinas<\/td>\n<td width=\"518\">Fuso HQD de 9kw arrefecido a ar<\/p>\n<p>Servomotor e controlador Leadshine<\/p>\n<p>Sistema de controlo LNC<\/p>\n<p>Calha de guia de Taiwan 30 mais quadrada<\/p>\n<p>Equipamento inversor de 11KW<\/p>\n<p>Bomba de v\u00e1cuo arrefecida a ar de 7,5KW e mesa de trabalho de v\u00e1cuo<\/p>\n<p>Sistema autom\u00e1tico de lubrifica\u00e7\u00e3o a \u00f3leo<\/p>\n<p>medi\u00e7\u00e3o autom\u00e1tica de ferramentas<\/p>\n<p>Redutor Shimpo<\/p>\n<p>12 porta-ferramentas e pin\u00e7as<\/p>\n<p>Coletor de p\u00f3 3kw<\/p>\n<p>caixa de controlo\/chave\/escova<\/p>\n<p>manual do utilizador \/CD v\u00eddeo\/software de design<\/td>\n<\/tr>\n<\/tbody>\n<\/table>\n<table>\n<tbody>\n<tr>\n<td width=\"277\">Tipo de laser<\/td>\n<td width=\"321\">CO selado<sub>2<\/sub>\u00a0tubo laser<\/td>\n<td rowspan=\"18\" width=\"371\">&nbsp;<\/p>\n<p><img alt=\"\" fetchpriority=\"high\" decoding=\"async\" class=\"alignnone size-full wp-image-4222\" src=\"https:\/\/www.queencncmachinery.com\/wp-content\/uploads\/2025\/12\/IMG_4810-scaled.jpg\" width=\"2560\" height=\"1920\" srcset=\"https:\/\/www.queencncmachinery.com\/wp-content\/uploads\/2025\/12\/IMG_4810-scaled.jpg 2560w, https:\/\/www.queencncmachinery.com\/wp-content\/uploads\/2025\/12\/IMG_4810-300x225.jpg 300w, https:\/\/www.queencncmachinery.com\/wp-content\/uploads\/2025\/12\/IMG_4810-1024x768.jpg 1024w, https:\/\/www.queencncmachinery.com\/wp-content\/uploads\/2025\/12\/IMG_4810-768x576.jpg 768w, https:\/\/www.queencncmachinery.com\/wp-content\/uploads\/2025\/12\/IMG_4810-1536x1152.jpg 1536w, https:\/\/www.queencncmachinery.com\/wp-content\/uploads\/2025\/12\/IMG_4810-2048x1536.jpg 2048w, https:\/\/www.queencncmachinery.com\/wp-content\/uploads\/2025\/12\/IMG_4810-16x12.jpg 16w, https:\/\/www.queencncmachinery.com\/wp-content\/uploads\/2025\/12\/IMG_4810-800x600.jpg 800w\" sizes=\"(max-width: 2560px) 100vw, 2560px\" \/><\/td>\n<\/tr>\n<tr>\n<td width=\"277\">Pot\u00eancia laser<\/td>\n<td width=\"321\">Tubo laser de 150W<\/td>\n<\/tr>\n<tr>\n<td width=\"277\">\u00c1rea de corte<\/td>\n<td width=\"321\">1300*2500mm<\/td>\n<\/tr>\n<tr>\n<td width=\"277\">Reposi\u00e7\u00e3o da precis\u00e3o da posi\u00e7\u00e3o<\/td>\n<td width=\"321\">+\/-0,05mm<\/td>\n<\/tr>\n<tr>\n<td width=\"277\">Tens\u00e3o de funcionamento<\/td>\n<td width=\"321\">AC110-220V +\/-10%.50-60HZ<\/td>\n<\/tr>\n<tr>\n<td width=\"277\">Pot\u00eancia<\/td>\n<td width=\"321\">1500W m\u00e1x.<\/td>\n<\/tr>\n<tr>\n<td width=\"277\">Temperatura de funcionamento<\/td>\n<td width=\"321\">0-45 graus<\/td>\n<\/tr>\n<tr>\n<td width=\"277\">Humidade de funcionamento<\/td>\n<td width=\"321\">5-95%<\/td>\n<\/tr>\n<tr>\n<td width=\"277\">Car\u00e1cter modelar m\u00ednimo<\/td>\n<td width=\"321\">Ingl\u00eas 1*1mm<\/td>\n<\/tr>\n<tr>\n<td width=\"277\">Formato gr\u00e1fico suportado<\/td>\n<td width=\"321\">BMP, PLT, DST, DXF e AI<\/td>\n<\/tr>\n<tr>\n<td width=\"277\">Sistema de condu\u00e7\u00e3o<\/td>\n<td width=\"321\">Motor de passo Leadshine Acionamento<\/td>\n<\/tr>\n<tr>\n<td width=\"277\">Modo de arrefecimento<\/td>\n<td width=\"321\">Sistema de arrefecimento e prote\u00e7\u00e3o da \u00e1gua<\/td>\n<\/tr>\n<tr>\n<td width=\"277\">Equipamento auxiliar<\/td>\n<td width=\"321\">Ventoinha de escape, tubo de escape de ar, compressor de ar<\/td>\n<\/tr>\n<tr>\n<td width=\"277\">Sistema de controlo<\/td>\n<td width=\"321\">Sistema de controlo Ruida<\/td>\n<\/tr>\n<tr>\n<td width=\"277\">Software compat\u00edvel<\/td>\n<td width=\"321\">Coreldraw auto CAD photoshop<\/td>\n<\/tr>\n<tr>\n<td width=\"277\">Tipo de laser<\/td>\n<td width=\"321\">CO selado<sub>2<\/sub>\u00a0tubo laser<\/td>\n<\/tr>\n<tr>\n<td width=\"277\">Reposi\u00e7\u00e3o da precis\u00e3o da posi\u00e7\u00e3o<\/td>\n<td width=\"321\">+\/-0,05mm<\/td>\n<\/tr>\n<tr>\n<td width=\"277\">Tens\u00e3o de funcionamento<\/td>\n<td width=\"321\">AC110-220V +\/-10%.50-60HZ<\/td>\n<\/tr>\n<\/tbody>\n<\/table>","protected":false},"excerpt":{"rendered":"<p>CNC Router And Co2 laser Combined Machine Parameters Model (option) QN1325L X\uff0cY\uff0cZ axis working area 1300*2500*200mm Guide rail Taiwan30 Square guide linear rail X,Y structure High-precision rack and pinion transmission Z axis ball screw Control system LNC control system Whole structure Cast steel Max Machine idling speed 70m\/min Max.working\u00a0speed 30m\/min Maxing cutting speed 20m\/min Resolution [&hellip;]<\/p>","protected":false},"featured_media":4221,"comment_status":"open","ping_status":"closed","template":"","meta":{"_seopress_robots_primary_cat":"none","_seopress_titles_title":"","_seopress_titles_desc":"","_seopress_robots_index":"","_uag_custom_page_level_css":"","site-sidebar-layout":"default","site-content-layout":"","ast-site-content-layout":"default","site-content-style":"default","site-sidebar-style":"default","ast-global-header-display":"","ast-banner-title-visibility":"","ast-main-header-display":"","ast-hfb-above-header-display":"","ast-hfb-below-header-display":"","ast-hfb-mobile-header-display":"","site-post-title":"","ast-breadcrumbs-content":"","ast-featured-img":"","footer-sml-layout":"","ast-disable-related-posts":"","theme-transparent-header-meta":"default","adv-header-id-meta":"","stick-header-meta":"default","header-above-stick-meta":"","header-main-stick-meta":"","header-below-stick-meta":"","astra-migrate-meta-layouts":"set","ast-page-background-enabled":"default","ast-page-background-meta":{"desktop":{"background-color":"","background-image":"","background-repeat":"repeat","background-position":"center center","background-size":"auto","background-attachment":"scroll","background-type":"","background-media":"","overlay-type":"","overlay-color":"","overlay-opacity":"","overlay-gradient":""},"tablet":{"background-color":"","background-image":"","background-repeat":"repeat","background-position":"center center","background-size":"auto","background-attachment":"scroll","background-type":"","background-media":"","overlay-type":"","overlay-color":"","overlay-opacity":"","overlay-gradient":""},"mobile":{"background-color":"","background-image":"","background-repeat":"repeat","background-position":"center center","background-size":"auto","background-attachment":"scroll","background-type":"","background-media":"","overlay-type":"","overlay-color":"","overlay-opacity":"","overlay-gradient":""}},"ast-content-background-meta":{"desktop":{"background-color":"var(--ast-global-color-5)","background-image":"","background-repeat":"repeat","background-position":"center center","background-size":"auto","background-attachment":"scroll","background-type":"","background-media":"","overlay-type":"","overlay-color":"","overlay-opacity":"","overlay-gradient":""},"tablet":{"background-color":"var(--ast-global-color-5)","background-image":"","background-repeat":"repeat","background-position":"center center","background-size":"auto","background-attachment":"scroll","background-type":"","background-media":"","overlay-type":"","overlay-color":"","overlay-opacity":"","overlay-gradient":""},"mobile":{"background-color":"var(--ast-global-color-5)","background-image":"","background-repeat":"repeat","background-position":"center center","background-size":"auto","background-attachment":"scroll","background-type":"","background-media":"","overlay-type":"","overlay-color":"","overlay-opacity":"","overlay-gradient":""}}},"product_brand":[],"product_cat":[74,70],"product_tag":[],"class_list":{"0":"post-4218","1":"product","2":"type-product","3":"status-publish","4":"has-post-thumbnail","6":"product_cat-atc-cnc-router","7":"product_cat-cnc-routers","8":"desktop-align-left","9":"tablet-align-left","10":"mobile-align-left","11":"ast-product-gallery-layout-horizontal-slider","12":"ast-magnify-disabled","13":"ast-product-tabs-layout-distributed","15":"first","16":"instock","17":"shipping-taxable","18":"product-type-simple"},"uagb_featured_image_src":{"full":["https:\/\/www.queencncmachinery.com\/wp-content\/uploads\/2025\/12\/\u5fae\u4fe1\u56fe\u7247_20240326173746.jpg",1920,1080,false],"thumbnail":["https:\/\/www.queencncmachinery.com\/wp-content\/uploads\/2025\/12\/\u5fae\u4fe1\u56fe\u7247_20240326173746-150x150.jpg",150,150,true],"medium":["https:\/\/www.queencncmachinery.com\/wp-content\/uploads\/2025\/12\/\u5fae\u4fe1\u56fe\u7247_20240326173746-300x169.jpg",300,169,true],"medium_large":["https:\/\/www.queencncmachinery.com\/wp-content\/uploads\/2025\/12\/\u5fae\u4fe1\u56fe\u7247_20240326173746-768x432.jpg",768,432,true],"large":["https:\/\/www.queencncmachinery.com\/wp-content\/uploads\/2025\/12\/\u5fae\u4fe1\u56fe\u7247_20240326173746-1024x576.jpg",1024,576,true],"1536x1536":["https:\/\/www.queencncmachinery.com\/wp-content\/uploads\/2025\/12\/\u5fae\u4fe1\u56fe\u7247_20240326173746-1536x864.jpg",1536,864,true],"2048x2048":["https:\/\/www.queencncmachinery.com\/wp-content\/uploads\/2025\/12\/\u5fae\u4fe1\u56fe\u7247_20240326173746.jpg",1920,1080,false],"trp-custom-language-flag":["https:\/\/www.queencncmachinery.com\/wp-content\/uploads\/2025\/12\/\u5fae\u4fe1\u56fe\u7247_20240326173746-18x10.jpg",18,10,true],"woocommerce_thumbnail":["https:\/\/www.queencncmachinery.com\/wp-content\/uploads\/2025\/12\/\u5fae\u4fe1\u56fe\u7247_20240326173746-800x450.jpg",800,450,true],"woocommerce_single":["https:\/\/www.queencncmachinery.com\/wp-content\/uploads\/2025\/12\/\u5fae\u4fe1\u56fe\u7247_20240326173746-800x450.jpg",800,450,true],"woocommerce_gallery_thumbnail":["https:\/\/www.queencncmachinery.com\/wp-content\/uploads\/2025\/12\/\u5fae\u4fe1\u56fe\u7247_20240326173746-100x100.jpg",100,100,true]},"uagb_author_info":{"display_name":"jinxing6611@gmail.com","author_link":"https:\/\/www.queencncmachinery.com\/pt\/author\/"},"uagb_comment_info":0,"uagb_excerpt":"CNC Router And Co2 laser Combined Machine Parameters Model (option) QN1325L X\uff0cY\uff0cZ axis working area 1300*2500*200mm Guide rail Taiwan30 Square guide linear rail X,Y structure High-precision rack and pinion transmission Z axis ball screw Control system LNC control system Whole structure Cast steel Max Machine idling speed 70m\/min Max.working\u00a0speed 30m\/min Maxing cutting speed 20m\/min Resolution&hellip;","_links":{"self":[{"href":"https:\/\/www.queencncmachinery.com\/pt\/wp-json\/wp\/v2\/product\/4218","targetHints":{"allow":["GET"]}}],"collection":[{"href":"https:\/\/www.queencncmachinery.com\/pt\/wp-json\/wp\/v2\/product"}],"about":[{"href":"https:\/\/www.queencncmachinery.com\/pt\/wp-json\/wp\/v2\/types\/product"}],"replies":[{"embeddable":true,"href":"https:\/\/www.queencncmachinery.com\/pt\/wp-json\/wp\/v2\/comments?post=4218"}],"wp:featuredmedia":[{"embeddable":true,"href":"https:\/\/www.queencncmachinery.com\/pt\/wp-json\/wp\/v2\/media\/4221"}],"wp:attachment":[{"href":"https:\/\/www.queencncmachinery.com\/pt\/wp-json\/wp\/v2\/media?parent=4218"}],"wp:term":[{"taxonomy":"product_brand","embeddable":true,"href":"https:\/\/www.queencncmachinery.com\/pt\/wp-json\/wp\/v2\/product_brand?post=4218"},{"taxonomy":"product_cat","embeddable":true,"href":"https:\/\/www.queencncmachinery.com\/pt\/wp-json\/wp\/v2\/product_cat?post=4218"},{"taxonomy":"product_tag","embeddable":true,"href":"https:\/\/www.queencncmachinery.com\/pt\/wp-json\/wp\/v2\/product_tag?post=4218"}],"curies":[{"name":"wp","href":"https:\/\/api.w.org\/{rel}","templated":true}]}}