{"id":3606,"date":"2025-11-04T13:56:27","date_gmt":"2025-11-04T13:56:27","guid":{"rendered":"https:\/\/www.queencncmachinery.com\/?post_type=product&#038;p=3606"},"modified":"2025-11-18T06:18:06","modified_gmt":"2025-11-18T06:18:06","slug":"5-axis-cnc-foam-wood-moulding-machine-2","status":"publish","type":"product","link":"https:\/\/www.queencncmachinery.com\/pt\/produto\/5-axis-cnc-foam-wood-moulding-machine-2\/","title":{"rendered":"M\u00e1quina de moldagem de madeira de espuma CNC de 5 eixos"},"content":{"rendered":"<div class=\"ast-oembed-container\" style=\"height: 100%;\"><iframe title=\"M\u00e1quina de moldagem de espuma de madeira cnc de 5 eixos\" width=\"500\" height=\"281\" src=\"https:\/\/www.youtube.com\/embed\/3cJ1FtOiQdk?feature=oembed\" frameborder=\"0\" allow=\"accelerometer; autoplay; clipboard-write; encrypted-media; gyroscope; picture-in-picture; web-share\" referrerpolicy=\"strict-origin-when-cross-origin\" allowfullscreen><\/iframe><\/div>\n<p><strong>\u4e00\u3001<\/strong><strong>Par\u00e2metros<\/strong><strong>\uff1a<\/strong><\/p>\n<p>1. eixo: 5 eixo<\/p>\n<p>2. tamanho de trabalho\uff1a<\/p>\n<p>Instalar 200 mil\u00edmetros bits de ferramenta eixo horizontal de trabalho \uff1a<\/p>\n<p>Eixo X \uff1a2000mm<\/p>\n<p>Eixo Y \uff1a3000mm<\/p>\n<p>Eixo Z\uff1a1000mm<\/p>\n<p>Eixo B\uff1a\u00b1110\u00b0<\/p>\n<p>Eixo C\uff1a\u00b1320\u00b0<\/p>\n<p>Instale o eixo de bits de ferramenta de 200 mm Trabalho vertical \uff1a<\/p>\n<p>Eixo X\uff1a3000mm<\/p>\n<p>Eixo Y\uff1a4000mm<\/p>\n<p>Eixo Z\uff1a800mm<\/p>\n<p>Eixo B\uff1a\u00b1110\u00b0<\/p>\n<p>Eixo C\uff1a\u00b1320\u00b0<\/p>\n<p>3.Velocidade de movimento\uff1a<\/p>\n<p>Eixo X\u3001Eixo Y\uff1a20m\/min<\/p>\n<p>Eixo Z\uff1a10m\/min<\/p>\n<p>Eixo B\u3001Eixo C\uff1a60\u00b0\/s<\/p>\n<p><strong><b>Configura\u00e7\u00f5es<\/b><\/strong>\uff1a<\/p>\n<table>\n<tbody>\n<tr>\n<td width=\"30\">N\u00e3o<\/td>\n<td width=\"83\">Artigos<\/td>\n<td width=\"69\">Nome<\/td>\n<td width=\"66\">Localiza\u00e7\u00e3o<\/td>\n<td width=\"349\">Par\u00e2metros<\/td>\n<\/tr>\n<tr>\n<td rowspan=\"3\" width=\"30\">1<\/td>\n<td rowspan=\"3\" width=\"83\">Configura\u00e7\u00f5es do fuso<\/td>\n<td width=\"69\">Fuso<\/td>\n<td width=\"66\">&nbsp;<\/p>\n<p>HQD<\/td>\n<td width=\"349\">marca\uff1aHQD<\/p>\n<p>pot\u00eancia\uff1a12Kw<\/p>\n<p>Rota\u00e7\u00e3o do eixo \uff1a24000rpm<\/p>\n<p>Arrefecimento\uff1aarrefecimento a \u00e1gua<\/p>\n<p>Suporte de ferramentas\uff1aHSK63F ER32<\/td>\n<\/tr>\n<tr>\n<td width=\"69\">Dupla rota\u00e7\u00e3o<\/td>\n<td width=\"66\"><\/td>\n<td width=\"349\">A cabe\u00e7a oscilante de cinco eixos para servi\u00e7os pesados utiliza o redutor de alta rigidez de Taiwan, que tem um bin\u00e1rio de travagem e rigidez elevados e alta precis\u00e3o.<\/td>\n<\/tr>\n<tr>\n<td width=\"69\">Revista Tool<\/td>\n<td width=\"66\"><\/td>\n<td width=\"349\">Magazine de troca de ferramentas com 6 posi\u00e7\u00f5es; a especifica\u00e7\u00e3o m\u00e1xima da ferramenta (comprimento\/di\u00e2metro) permitida \u00e9 de 200mm\/100mm. Se os postos de trabalho adjacentes n\u00e3o estiverem equipados com ferramentas, o di\u00e2metro m\u00e1ximo de ferramenta permitido \u00e9 de 300 mm.<\/td>\n<\/tr>\n<tr>\n<td width=\"30\">2<\/td>\n<td width=\"83\">Servo<\/td>\n<td width=\"69\">Syntec<\/td>\n<td width=\"66\">taiwan<\/td>\n<td width=\"349\">Todos os eixos X\/Y1\/Y2\/Z\/B\/C utilizam a nova gera\u00e7\u00e3o de servomotores de alta velocidade de Taiwan (sem manuten\u00e7\u00e3o), controlo de bus, boa efici\u00eancia de transmiss\u00e3o, elevada precis\u00e3o de transmiss\u00e3o e sem necessidade de regressar \u00e0 origem durante o movimento; o servomotor do eixo Z tem um trav\u00e3o.<\/td>\n<\/tr>\n<tr>\n<td width=\"30\">3<\/td>\n<td width=\"83\">Inversor<\/td>\n<td width=\"69\">Delta<\/td>\n<td width=\"66\">Taiwan<\/td>\n<td width=\"349\">O inversor da s\u00e9rie Ms300 da Taiwan Delta \u00e9 resistente a impactos e tem boa estabilidade, fornecendo uma garantia para o ajuste da velocidade do fuso.<\/td>\n<\/tr>\n<tr>\n<td rowspan=\"2\" width=\"30\">4<\/td>\n<td rowspan=\"2\" width=\"83\">Controlador<\/td>\n<td rowspan=\"2\" width=\"69\">Syntec<\/td>\n<td rowspan=\"2\" width=\"66\">Taiwan<\/td>\n<td width=\"349\">O sistema principal de controlo de cinco eixos totalmente digital Taiwan Xinda, o sistema WINCE desenvolvido pela Magic CNC, tem a fun\u00e7\u00e3o de seguimento autom\u00e1tico da ponta da ferramenta RTCP e a fun\u00e7\u00e3o de compensa\u00e7\u00e3o do comprimento e do di\u00e2metro da ferramenta, suporta teclado e rato; pode importar e executar programas atrav\u00e9s do disco U, transmiss\u00e3o via Internet e outros modos.<\/p>\n<p>Controlo do barramento do sistema, com fun\u00e7\u00e3o de mem\u00f3ria de desativa\u00e7\u00e3o, mem\u00f3ria de origem, sem necessidade de regressar \u00e0 origem no arranque.<\/td>\n<\/tr>\n<tr>\n<td width=\"349\">A nova gera\u00e7\u00e3o de Taiwan de ajuste de m\u00e1quina especial com sistema de cinco eixos, volante m\u00f3vel sem fios, pode ajustar a velocidade da opera\u00e7\u00e3o de controlo do volante em 1-100 vezes e pode efetuar o controlo de sele\u00e7\u00e3o de m\u00faltiplos eixos X\/Y\/Z\/4(B)\/5(C) na pega, o que \u00e9 conveniente e simples, f\u00e1cil de operar e melhora a efici\u00eancia do trabalho.<\/td>\n<\/tr>\n<tr>\n<td width=\"30\">5<\/td>\n<td width=\"83\">Lubrifica\u00e7\u00e3o autom\u00e1tica de \u00f3leo<\/td>\n<td width=\"69\"><\/td>\n<td width=\"66\"><\/td>\n<td width=\"349\">Controlo por software, temporiza\u00e7\u00e3o autom\u00e1tica e lubrifica\u00e7\u00e3o quantitativa, e lubrifica\u00e7\u00e3o das pe\u00e7as m\u00f3veis conforme necess\u00e1rio.<\/td>\n<\/tr>\n<tr>\n<td width=\"30\">6<\/td>\n<td width=\"83\">Carris<\/td>\n<td width=\"69\">HIWIN<\/td>\n<td width=\"66\">Taiwan<\/td>\n<td width=\"349\">O eixo XYZ utiliza guias deslizantes de carris de alta precis\u00e3o TWIN fabricados em Taiwan, que adoptam o melhor design de precis\u00e3o. Os quatro lados t\u00eam elevada rigidez e capacidade de carga ultra-pesada, baixo ru\u00eddo, movimento suave e um design g\u00f3tico de contacto de quatro pontos. Pode suportar cargas em todas as direc\u00e7\u00f5es e tem uma forte rigidez e elevada precis\u00e3o.<\/td>\n<\/tr>\n<tr>\n<td width=\"30\">7<\/td>\n<td width=\"83\">Parafuso de esferas<\/td>\n<td width=\"69\">HIWIN\/ TBI<\/td>\n<td width=\"66\">Taiwan<\/td>\n<td width=\"349\">O eixo Z utiliza um fuso de esferas para acionar o ar\u00edete atrav\u00e9s de um acoplamento para controlar a eleva\u00e7\u00e3o. O fuso de esferas \u00e9 produzido continuamente utilizando o equipamento mec\u00e2nico de n\u00edvel mais elevado do mundo, fabricado no Jap\u00e3o, e tem uma elevada rigidez e precis\u00e3o.<\/td>\n<\/tr>\n<tr>\n<td width=\"30\">8<\/td>\n<td width=\"83\">Cremalheira e pinh\u00e3o<\/td>\n<td width=\"69\">T-WIN<\/td>\n<td width=\"66\">Taiwan<\/td>\n<td width=\"349\">O eixo X\/Y1\/Y2 utiliza cremalheiras helicoidais M2 temperadas a alta temperatura fabricadas em Taiwan, que t\u00eam as carater\u00edsticas de um deslocamento suave, grande bin\u00e1rio de transmiss\u00e3o, baixo ru\u00eddo e alta velocidade.<\/td>\n<\/tr>\n<tr>\n<td width=\"30\">9<\/td>\n<td width=\"83\">Dispositivos el\u00e9ctricos<\/td>\n<td width=\"69\">Schneider<\/td>\n<td width=\"66\">Fran\u00e7a<\/td>\n<td width=\"349\">Para garantir a durabilidade e a seguran\u00e7a dos principais componentes el\u00e9ctricos, os rel\u00e9s, os disjuntores e os interruptores de bot\u00e3o s\u00e3o todos da marca francesa Schneider.<\/td>\n<\/tr>\n<\/tbody>\n<\/table>\n<p>&nbsp;<\/p>","protected":false},"excerpt":{"rendered":"<p>\u4e00\u3001Parameters\uff1a 1.Axis\uff1a5\u00a0Axis 2.Working size\uff1a Install 200mm\u00a0tool bits spindle horizontal working \uff1a X axis \uff1a2000mm Y axis \uff1a3000mm Z\u00a0Axis\uff1a1000mm B\u00a0Axis\uff1a\u00b1110\u00b0 C\u00a0Axis\uff1a\u00b1320\u00b0 Install 200mm\u00a0tool bits spindle Vertical working \uff1a X\u00a0Axis\uff1a3000mm Y Axis\uff1a4000mm Z Axis\uff1a800mm B\u00a0Axis\uff1a\u00b1110\u00b0 C\u00a0Axis\uff1a\u00b1320\u00b0 3.Moving Speed\uff1a X\u00a0axis\u3001Y\u00a0axis\uff1a20m\/min Z\u00a0axis\uff1a10m\/min B\u00a0axis\u3001C\u00a0axis\uff1a60\u00b0\/s Configurations\uff1a No Items Name Location Parameters 1 Spindle configurations Spindle &nbsp; HQD brand\uff1aHQD power\uff1a12Kw Spindle rotating\u00a0\uff1a24000rpm [&hellip;]<\/p>","protected":false},"featured_media":3609,"comment_status":"open","ping_status":"closed","template":"","meta":{"_seopress_robots_primary_cat":"none","_seopress_titles_title":"","_seopress_titles_desc":"","_seopress_robots_index":"","_uag_custom_page_level_css":"","site-sidebar-layout":"default","site-content-layout":"","ast-site-content-layout":"default","site-content-style":"default","site-sidebar-style":"default","ast-global-header-display":"","ast-banner-title-visibility":"","ast-main-header-display":"","ast-hfb-above-header-display":"","ast-hfb-below-header-display":"","ast-hfb-mobile-header-display":"","site-post-title":"","ast-breadcrumbs-content":"","ast-featured-img":"","footer-sml-layout":"","ast-disable-related-posts":"","theme-transparent-header-meta":"default","adv-header-id-meta":"","stick-header-meta":"default","header-above-stick-meta":"","header-main-stick-meta":"","header-below-stick-meta":"","astra-migrate-meta-layouts":"set","ast-page-background-enabled":"default","ast-page-background-meta":{"desktop":{"background-color":"","background-image":"","background-repeat":"repeat","background-position":"center center","background-size":"auto","background-attachment":"scroll","background-type":"","background-media":"","overlay-type":"","overlay-color":"","overlay-opacity":"","overlay-gradient":""},"tablet":{"background-color":"","background-image":"","background-repeat":"repeat","background-position":"center center","background-size":"auto","background-attachment":"scroll","background-type":"","background-media":"","overlay-type":"","overlay-color":"","overlay-opacity":"","overlay-gradient":""},"mobile":{"background-color":"","background-image":"","background-repeat":"repeat","background-position":"center center","background-size":"auto","background-attachment":"scroll","background-type":"","background-media":"","overlay-type":"","overlay-color":"","overlay-opacity":"","overlay-gradient":""}},"ast-content-background-meta":{"desktop":{"background-color":"var(--ast-global-color-5)","background-image":"","background-repeat":"repeat","background-position":"center center","background-size":"auto","background-attachment":"scroll","background-type":"","background-media":"","overlay-type":"","overlay-color":"","overlay-opacity":"","overlay-gradient":""},"tablet":{"background-color":"var(--ast-global-color-5)","background-image":"","background-repeat":"repeat","background-position":"center center","background-size":"auto","background-attachment":"scroll","background-type":"","background-media":"","overlay-type":"","overlay-color":"","overlay-opacity":"","overlay-gradient":""},"mobile":{"background-color":"var(--ast-global-color-5)","background-image":"","background-repeat":"repeat","background-position":"center center","background-size":"auto","background-attachment":"scroll","background-type":"","background-media":"","overlay-type":"","overlay-color":"","overlay-opacity":"","overlay-gradient":""}}},"product_brand":[],"product_cat":[83],"product_tag":[],"class_list":{"0":"post-3606","1":"product","2":"type-product","3":"status-publish","4":"has-post-thumbnail","6":"product_cat-5-axis-cnc-foam-wood-moulding-machine","7":"desktop-align-left","8":"tablet-align-left","9":"mobile-align-left","10":"ast-product-gallery-layout-horizontal-slider","11":"ast-product-gallery-with-no-image","12":"ast-magnify-disabled","13":"ast-product-tabs-layout-distributed","15":"first","16":"instock","17":"shipping-taxable","18":"product-type-simple"},"uagb_featured_image_src":{"full":["https:\/\/www.queencncmachinery.com\/wp-content\/uploads\/2025\/11\/\u5fae\u4fe1\u56fe\u7247_20241228172550-1-scaled.jpg",2560,1920,false],"thumbnail":["https:\/\/www.queencncmachinery.com\/wp-content\/uploads\/2025\/11\/\u5fae\u4fe1\u56fe\u7247_20241228172550-1-150x150.jpg",150,150,true],"medium":["https:\/\/www.queencncmachinery.com\/wp-content\/uploads\/2025\/11\/\u5fae\u4fe1\u56fe\u7247_20241228172550-1-300x225.jpg",300,225,true],"medium_large":["https:\/\/www.queencncmachinery.com\/wp-content\/uploads\/2025\/11\/\u5fae\u4fe1\u56fe\u7247_20241228172550-1-768x576.jpg",768,576,true],"large":["https:\/\/www.queencncmachinery.com\/wp-content\/uploads\/2025\/11\/\u5fae\u4fe1\u56fe\u7247_20241228172550-1-1024x768.jpg",1024,768,true],"1536x1536":["https:\/\/www.queencncmachinery.com\/wp-content\/uploads\/2025\/11\/\u5fae\u4fe1\u56fe\u7247_20241228172550-1-1536x1152.jpg",1536,1152,true],"2048x2048":["https:\/\/www.queencncmachinery.com\/wp-content\/uploads\/2025\/11\/\u5fae\u4fe1\u56fe\u7247_20241228172550-1-2048x1536.jpg",2048,1536,true],"trp-custom-language-flag":["https:\/\/www.queencncmachinery.com\/wp-content\/uploads\/2025\/11\/\u5fae\u4fe1\u56fe\u7247_20241228172550-1-16x12.jpg",16,12,true],"woocommerce_thumbnail":["https:\/\/www.queencncmachinery.com\/wp-content\/uploads\/2025\/11\/\u5fae\u4fe1\u56fe\u7247_20241228172550-1-scaled-800x600.jpg",800,600,true],"woocommerce_single":["https:\/\/www.queencncmachinery.com\/wp-content\/uploads\/2025\/11\/\u5fae\u4fe1\u56fe\u7247_20241228172550-1-scaled-800x600.jpg",800,600,true],"woocommerce_gallery_thumbnail":["https:\/\/www.queencncmachinery.com\/wp-content\/uploads\/2025\/11\/\u5fae\u4fe1\u56fe\u7247_20241228172550-1-scaled-100x100.jpg",100,100,true]},"uagb_author_info":{"display_name":"jinxing6611@gmail.com","author_link":"https:\/\/www.queencncmachinery.com\/pt\/author\/"},"uagb_comment_info":0,"uagb_excerpt":"\u4e00\u3001Parameters\uff1a 1.Axis\uff1a5\u00a0Axis 2.Working size\uff1a Install 200mm\u00a0tool bits spindle horizontal working \uff1a X axis \uff1a2000mm Y axis \uff1a3000mm Z\u00a0Axis\uff1a1000mm B\u00a0Axis\uff1a\u00b1110\u00b0 C\u00a0Axis\uff1a\u00b1320\u00b0 Install 200mm\u00a0tool bits spindle Vertical working \uff1a X\u00a0Axis\uff1a3000mm Y Axis\uff1a4000mm Z Axis\uff1a800mm B\u00a0Axis\uff1a\u00b1110\u00b0 C\u00a0Axis\uff1a\u00b1320\u00b0 3.Moving Speed\uff1a X\u00a0axis\u3001Y\u00a0axis\uff1a20m\/min Z\u00a0axis\uff1a10m\/min B\u00a0axis\u3001C\u00a0axis\uff1a60\u00b0\/s Configurations\uff1a No Items Name Location Parameters 1 Spindle configurations Spindle &nbsp; HQD brand\uff1aHQD power\uff1a12Kw Spindle rotating\u00a0\uff1a24000rpm&hellip;","_links":{"self":[{"href":"https:\/\/www.queencncmachinery.com\/pt\/wp-json\/wp\/v2\/product\/3606","targetHints":{"allow":["GET"]}}],"collection":[{"href":"https:\/\/www.queencncmachinery.com\/pt\/wp-json\/wp\/v2\/product"}],"about":[{"href":"https:\/\/www.queencncmachinery.com\/pt\/wp-json\/wp\/v2\/types\/product"}],"replies":[{"embeddable":true,"href":"https:\/\/www.queencncmachinery.com\/pt\/wp-json\/wp\/v2\/comments?post=3606"}],"wp:featuredmedia":[{"embeddable":true,"href":"https:\/\/www.queencncmachinery.com\/pt\/wp-json\/wp\/v2\/media\/3609"}],"wp:attachment":[{"href":"https:\/\/www.queencncmachinery.com\/pt\/wp-json\/wp\/v2\/media?parent=3606"}],"wp:term":[{"taxonomy":"product_brand","embeddable":true,"href":"https:\/\/www.queencncmachinery.com\/pt\/wp-json\/wp\/v2\/product_brand?post=3606"},{"taxonomy":"product_cat","embeddable":true,"href":"https:\/\/www.queencncmachinery.com\/pt\/wp-json\/wp\/v2\/product_cat?post=3606"},{"taxonomy":"product_tag","embeddable":true,"href":"https:\/\/www.queencncmachinery.com\/pt\/wp-json\/wp\/v2\/product_tag?post=3606"}],"curies":[{"name":"wp","href":"https:\/\/api.w.org\/{rel}","templated":true}]}}