{"id":3598,"date":"2025-11-04T13:52:11","date_gmt":"2025-11-04T13:52:11","guid":{"rendered":"https:\/\/www.queencncmachinery.com\/?post_type=product&#038;p=3598"},"modified":"2025-11-18T06:37:10","modified_gmt":"2025-11-18T06:37:10","slug":"cnc-oscillating-knife-cutting-machine","status":"publish","type":"product","link":"https:\/\/www.queencncmachinery.com\/pt\/produto\/cnc-oscillating-knife-cutting-machine\/","title":{"rendered":"M\u00e1quina de corte com faca oscilante CNC"},"content":{"rendered":"<div class=\"ast-oembed-container\" style=\"height: 100%;\"><iframe title=\"m\u00e1quina de corte com faca digital cnc com corte por arrasto\" width=\"422\" height=\"750\" src=\"https:\/\/www.youtube.com\/embed\/sgt01HoCKiY?feature=oembed\" frameborder=\"0\" allow=\"accelerometer; autoplay; clipboard-write; encrypted-media; gyroscope; picture-in-picture; web-share\" referrerpolicy=\"strict-origin-when-cross-origin\" allowfullscreen><\/iframe><\/div>\n<table>\n<tbody>\n<tr>\n<td colspan=\"2\" width=\"662\"><strong>Descri\u00e7\u00e3o e especifica\u00e7\u00f5es:<\/strong><\/td>\n<\/tr>\n<tr>\n<td width=\"211\">X dimens\u00e3o de trabalho<\/td>\n<td width=\"451\">1600mm<\/td>\n<\/tr>\n<tr>\n<td width=\"211\">Tamanho de trabalho Y<\/td>\n<td width=\"451\">2500 mm<\/td>\n<\/tr>\n<tr>\n<td width=\"211\">Z Espessura de corte<\/td>\n<td width=\"451\">50mm<\/td>\n<\/tr>\n<tr>\n<td width=\"211\">Cabe\u00e7a de corte<\/td>\n<td width=\"451\">Cabe\u00e7a de corte e cabe\u00e7a de vinco de faca oscilante cnc<\/td>\n<\/tr>\n<tr>\n<td width=\"211\">Modo de visualiza\u00e7\u00e3o<\/td>\n<td width=\"451\">Ingl\u00eas Ecr\u00e3 t\u00e1til LED<\/td>\n<\/tr>\n<tr>\n<td width=\"211\">Mesa da m\u00e1quina<\/td>\n<td width=\"451\">Mesa de suc\u00e7\u00e3o de carregamento autom\u00e1tico, adequada para t\u00eaxteis, borracha, autocolantes e outros materiais macios<\/td>\n<\/tr>\n<tr>\n<td width=\"211\">Modo de transfer\u00eancia de dados<\/td>\n<td width=\"451\">Intel<\/td>\n<\/tr>\n<tr>\n<td width=\"211\">Bomba de v\u00e1cuo<\/td>\n<td width=\"451\">Mesa de v\u00e1cuo pneum\u00e1tica de 9KW<\/td>\n<\/tr>\n<tr>\n<td width=\"211\">Sistema de condu\u00e7\u00e3o<\/td>\n<td width=\"451\">Servo condutor e motor Panasonic ou delta ou huichuan<\/td>\n<\/tr>\n<tr>\n<td width=\"211\">Sistema de controlo<\/td>\n<td width=\"451\">Controlador de 6 eixos<\/td>\n<\/tr>\n<tr>\n<td width=\"211\">Sistema de orienta\u00e7\u00e3o<\/td>\n<td width=\"451\">PMI de Taiwan 20<\/td>\n<\/tr>\n<tr>\n<td width=\"211\">Sensor de ferramentas<\/td>\n<td width=\"451\">com<\/td>\n<\/tr>\n<tr>\n<td width=\"211\">Transmiss\u00e3o<\/td>\n<td width=\"451\">pinh\u00e3o de cremalheira<\/td>\n<\/tr>\n<tr>\n<td width=\"211\">Velocidade de corte<\/td>\n<td width=\"451\">30m\/min<\/td>\n<\/tr>\n<tr>\n<td width=\"211\">Velocidade de desloca\u00e7\u00e3o<\/td>\n<td width=\"451\">50m\/min<\/td>\n<\/tr>\n<tr>\n<td width=\"211\">Peso<\/td>\n<td width=\"451\">Cerca de 1500 kg<\/td>\n<\/tr>\n<tr>\n<td width=\"211\">Tamanho<\/td>\n<td width=\"451\">2250*3500*1650mm<\/td>\n<\/tr>\n<tr>\n<td width=\"211\">Tens\u00e3o<\/td>\n<td width=\"451\">3 fases 380V ou 220V 50HZ\/60hz<\/td>\n<\/tr>\n<tr>\n<td width=\"211\">Software<\/td>\n<td width=\"451\">Vcutworks, machine tem este software<\/td>\n<\/tr>\n<\/tbody>\n<\/table>\n<p>Diferentes ferramentas com diferentes fun\u00e7\u00f5es<\/p>\n<p>1.Electronic Oscillating Tool - com curso de 1 mm para cortar materiais macios e de densidade m\u00e9dia.<\/p>\n<p>Ferramenta de corte universal - para cortar materiais com espessuras at\u00e9 0,196 polegadas. Corte de alta velocidade a baixo custo.<\/p>\n<p>Material aplic\u00e1vel: placa de placa KT publicit\u00e1ria, placa vesicante, pl\u00e1stico ABS, folha de pl\u00e1stico ondulado, cart\u00e3o canelado, cart\u00e3o de papel, cart\u00e3o de aglomerado, tapete para p\u00e9s \u00e0 prova de p\u00f3, alcatifa, junta de veda\u00e7\u00e3o, fibra de carbono, etc.<\/p>\n<p>2.Kiss Cut Tool (meio corte) - para cortar vinil, folha de alum\u00ednio, pel\u00edculas, suportes finos, cart\u00e3o, t\u00eaxteis e outros substratos finos.<\/p>\n<p>3. ferramenta rotativa de acionamento (faca redonda) - \u00c9 adequada para cortar muito bem material de malha, t\u00eaxteis e chapas de cobre finas<\/p>\n<p>Pode ser instalada uma l\u00e2mina diferente para o corte de materiais diferentes<\/p>\n<p>Material aplic\u00e1vel: flanela de tosquia de ovelhas, t\u00eaxteis UV, fibra de carbono, fibra de vidro, fl\u00e2mulas, tecidos para bandeiras, tecidos \u00e0 prova de luz e outros tipos de t\u00eaxteis<\/p>\n<p>4. o eixo da fresa. Concebido para um desempenho s\u00f3lido numa vasta gama de aplica\u00e7\u00f5es e substratos. A tupia pode tamb\u00e9m efetuar grava\u00e7\u00f5es de precis\u00e3o como a ferramenta Kiss-Cut.<\/p>\n<p>5. as ferramentas V-Cut - s\u00e3o perfeitas para produzir desenhos estruturais complexos a partir de n\u00facleos de espuma ou materiais ligados. A ferramenta pode ser definida para cortar 5 \u00e2ngulos diferentes. 0\u00b0, 15\u00b0, 22.5\u00b0, 30\u00b0, 45\u00b0.<\/p>\n<p>6. roda de vincar - com diferentes tamanhos de roda de vincar para diferentes espessuras de cart\u00e3o, roda mais pequena utilizada para vincar cart\u00e3o fino e roda maior utilizada para vincar cart\u00e3o mais grosso<\/p>\n<p>Material aplic\u00e1vel: cart\u00e3o canelado, cart\u00e3o de papel, cart\u00e3o ondulado de pl\u00e1stico<\/p>\n<p>7. a ferramenta oscilante pneum\u00e1tica - \u00e9 um dispositivo acionado por ar com uma elevada frequ\u00eancia de oscila\u00e7\u00e3o. O curso at\u00e9 8mm \u00e9 adequado para cortar materiais r\u00edgidos e de alta densidade at\u00e9 1,96\u2033 de espessura, utilizando uma l\u00e2mina especializada. (Op\u00e7\u00e3o)<\/p>\n<p>8.Faca de arrasto<\/p>\n<p>Pode cortar com velocidade r\u00e1pida, alto desempenho, baixo custo de manuten\u00e7\u00e3o, com l\u00e2mina diferente pode cortar design diferente, alta efici\u00eancia, di\u00e2metro: D40mm para a l\u00e2mina<\/p>\n<p>Material aplic\u00e1vel: Papel PP, aplica\u00e7\u00e3o de goma PP, material refletor de luz, almofada de colagem de autom\u00f3veis, pl\u00e1sticos ABS, pl\u00e1sticos finos, folha de borracha, imita\u00e7\u00e3o de couro, placa KT, placa de papel, folha de expans\u00e3o de pvc, placa Chevron, vidro macio.<\/p>\n<p>9. cabe\u00e7a de perfura\u00e7\u00e3o<\/p>\n<p>10. caneta de marca\u00e7\u00e3o<\/p>\n<p>11. mesa de carregamento autom\u00e1tico<\/p>\n<p>12.Pequeno ccd<\/p>\n<p>13.Big ccd e projetor<\/p>","protected":false},"excerpt":{"rendered":"<p>Description &amp; Specifications: X working size 1600mm Y working size 2500mm Z Cutting thickness 50mm Cutting head cnc Oscillating knife cutting head\u00a0and creasing\u00a0head Display way English LED touch screen Machine table Auto loading Suction Table, suitable for textile,\u00a0rubber,sticker and other soft material Data transfer way Intel Vacuum pump 9KW air\u00a0type vacuum table Driving system Panasonic\u00a0or [&hellip;]<\/p>","protected":false},"featured_media":3601,"comment_status":"open","ping_status":"closed","template":"","meta":{"_seopress_robots_primary_cat":"none","_seopress_titles_title":"","_seopress_titles_desc":"","_seopress_robots_index":"","_uag_custom_page_level_css":"","site-sidebar-layout":"default","site-content-layout":"","ast-site-content-layout":"default","site-content-style":"default","site-sidebar-style":"default","ast-global-header-display":"","ast-banner-title-visibility":"","ast-main-header-display":"","ast-hfb-above-header-display":"","ast-hfb-below-header-display":"","ast-hfb-mobile-header-display":"","site-post-title":"","ast-breadcrumbs-content":"","ast-featured-img":"","footer-sml-layout":"","ast-disable-related-posts":"","theme-transparent-header-meta":"default","adv-header-id-meta":"","stick-header-meta":"default","header-above-stick-meta":"","header-main-stick-meta":"","header-below-stick-meta":"","astra-migrate-meta-layouts":"set","ast-page-background-enabled":"default","ast-page-background-meta":{"desktop":{"background-color":"","background-image":"","background-repeat":"repeat","background-position":"center center","background-size":"auto","background-attachment":"scroll","background-type":"","background-media":"","overlay-type":"","overlay-color":"","overlay-opacity":"","overlay-gradient":""},"tablet":{"background-color":"","background-image":"","background-repeat":"repeat","background-position":"center center","background-size":"auto","background-attachment":"scroll","background-type":"","background-media":"","overlay-type":"","overlay-color":"","overlay-opacity":"","overlay-gradient":""},"mobile":{"background-color":"","background-image":"","background-repeat":"repeat","background-position":"center center","background-size":"auto","background-attachment":"scroll","background-type":"","background-media":"","overlay-type":"","overlay-color":"","overlay-opacity":"","overlay-gradient":""}},"ast-content-background-meta":{"desktop":{"background-color":"var(--ast-global-color-5)","background-image":"","background-repeat":"repeat","background-position":"center center","background-size":"auto","background-attachment":"scroll","background-type":"","background-media":"","overlay-type":"","overlay-color":"","overlay-opacity":"","overlay-gradient":""},"tablet":{"background-color":"var(--ast-global-color-5)","background-image":"","background-repeat":"repeat","background-position":"center center","background-size":"auto","background-attachment":"scroll","background-type":"","background-media":"","overlay-type":"","overlay-color":"","overlay-opacity":"","overlay-gradient":""},"mobile":{"background-color":"var(--ast-global-color-5)","background-image":"","background-repeat":"repeat","background-position":"center center","background-size":"auto","background-attachment":"scroll","background-type":"","background-media":"","overlay-type":"","overlay-color":"","overlay-opacity":"","overlay-gradient":""}}},"product_brand":[],"product_cat":[81],"product_tag":[],"class_list":{"0":"post-3598","1":"product","2":"type-product","3":"status-publish","4":"has-post-thumbnail","6":"product_cat-cnc-oscillating-knife-cutting-machine-cnc-oscillating-knife-cutting-machine","7":"desktop-align-left","8":"tablet-align-left","9":"mobile-align-left","10":"ast-product-gallery-layout-horizontal-slider","11":"ast-product-gallery-with-no-image","12":"ast-magnify-disabled","13":"ast-product-tabs-layout-distributed","15":"first","16":"instock","17":"shipping-taxable","18":"product-type-simple"},"uagb_featured_image_src":{"full":["https:\/\/www.queencncmachinery.com\/wp-content\/uploads\/2025\/11\/QQ20250403-102632.png",1072,581,false],"thumbnail":["https:\/\/www.queencncmachinery.com\/wp-content\/uploads\/2025\/11\/QQ20250403-102632-150x150.png",150,150,true],"medium":["https:\/\/www.queencncmachinery.com\/wp-content\/uploads\/2025\/11\/QQ20250403-102632-300x163.png",300,163,true],"medium_large":["https:\/\/www.queencncmachinery.com\/wp-content\/uploads\/2025\/11\/QQ20250403-102632-768x416.png",768,416,true],"large":["https:\/\/www.queencncmachinery.com\/wp-content\/uploads\/2025\/11\/QQ20250403-102632-1024x555.png",1024,555,true],"1536x1536":["https:\/\/www.queencncmachinery.com\/wp-content\/uploads\/2025\/11\/QQ20250403-102632.png",1072,581,false],"2048x2048":["https:\/\/www.queencncmachinery.com\/wp-content\/uploads\/2025\/11\/QQ20250403-102632.png",1072,581,false],"trp-custom-language-flag":["https:\/\/www.queencncmachinery.com\/wp-content\/uploads\/2025\/11\/QQ20250403-102632-18x10.png",18,10,true],"woocommerce_thumbnail":["https:\/\/www.queencncmachinery.com\/wp-content\/uploads\/2025\/11\/QQ20250403-102632-800x434.png",800,434,true],"woocommerce_single":["https:\/\/www.queencncmachinery.com\/wp-content\/uploads\/2025\/11\/QQ20250403-102632-800x434.png",800,434,true],"woocommerce_gallery_thumbnail":["https:\/\/www.queencncmachinery.com\/wp-content\/uploads\/2025\/11\/QQ20250403-102632-100x100.png",100,100,true]},"uagb_author_info":{"display_name":"jinxing6611@gmail.com","author_link":"https:\/\/www.queencncmachinery.com\/pt\/author\/"},"uagb_comment_info":0,"uagb_excerpt":"Description &amp; Specifications: X working size 1600mm Y working size 2500mm Z Cutting thickness 50mm Cutting head cnc Oscillating knife cutting head\u00a0and creasing\u00a0head Display way English LED touch screen Machine table Auto loading Suction Table, suitable for textile,\u00a0rubber,sticker and other soft material Data transfer way Intel Vacuum pump 9KW air\u00a0type vacuum table Driving system Panasonic\u00a0or&hellip;","_links":{"self":[{"href":"https:\/\/www.queencncmachinery.com\/pt\/wp-json\/wp\/v2\/product\/3598","targetHints":{"allow":["GET"]}}],"collection":[{"href":"https:\/\/www.queencncmachinery.com\/pt\/wp-json\/wp\/v2\/product"}],"about":[{"href":"https:\/\/www.queencncmachinery.com\/pt\/wp-json\/wp\/v2\/types\/product"}],"replies":[{"embeddable":true,"href":"https:\/\/www.queencncmachinery.com\/pt\/wp-json\/wp\/v2\/comments?post=3598"}],"wp:featuredmedia":[{"embeddable":true,"href":"https:\/\/www.queencncmachinery.com\/pt\/wp-json\/wp\/v2\/media\/3601"}],"wp:attachment":[{"href":"https:\/\/www.queencncmachinery.com\/pt\/wp-json\/wp\/v2\/media?parent=3598"}],"wp:term":[{"taxonomy":"product_brand","embeddable":true,"href":"https:\/\/www.queencncmachinery.com\/pt\/wp-json\/wp\/v2\/product_brand?post=3598"},{"taxonomy":"product_cat","embeddable":true,"href":"https:\/\/www.queencncmachinery.com\/pt\/wp-json\/wp\/v2\/product_cat?post=3598"},{"taxonomy":"product_tag","embeddable":true,"href":"https:\/\/www.queencncmachinery.com\/pt\/wp-json\/wp\/v2\/product_tag?post=3598"}],"curies":[{"name":"wp","href":"https:\/\/api.w.org\/{rel}","templated":true}]}}