{"id":3594,"date":"2025-11-04T13:50:34","date_gmt":"2025-11-04T13:50:34","guid":{"rendered":"https:\/\/www.queencncmachinery.com\/?post_type=product&#038;p=3594"},"modified":"2025-11-19T05:28:13","modified_gmt":"2025-11-19T05:28:13","slug":"auto-loading-cnc-knife-cutting-machine","status":"publish","type":"product","link":"https:\/\/www.queencncmachinery.com\/pt\/produto\/auto-loading-cnc-knife-cutting-machine\/","title":{"rendered":"M\u00e1quina de corte de facas CNC com carregamento autom\u00e1tico"},"content":{"rendered":"<div class=\"ast-oembed-container\" style=\"height: 100%;\"><iframe title=\"auto feeding fabric rotary-driven knife cutting machine\" width=\"500\" height=\"281\" src=\"https:\/\/www.youtube.com\/embed\/Ed_Z8MUNxAI?feature=oembed\" frameborder=\"0\" allow=\"accelerometer; autoplay; clipboard-write; encrypted-media; gyroscope; picture-in-picture; web-share\" referrerpolicy=\"strict-origin-when-cross-origin\" allowfullscreen><\/iframe><\/div>\n<table>\n<tbody>\n<tr>\n<td colspan=\"2\" width=\"662\"><strong>Descri\u00e7\u00e3o e especifica\u00e7\u00f5es:<\/strong><\/td>\n<\/tr>\n<tr>\n<td width=\"211\">X dimens\u00e3o de trabalho<\/td>\n<td width=\"451\">1600mm<\/td>\n<\/tr>\n<tr>\n<td width=\"211\">Tamanho de trabalho Y<\/td>\n<td width=\"451\">2500 mm<\/td>\n<\/tr>\n<tr>\n<td width=\"211\">Z Espessura de corte<\/td>\n<td width=\"451\">50mm<\/td>\n<\/tr>\n<tr>\n<td width=\"211\">Cabe\u00e7a de corte<\/td>\n<td width=\"451\">cnc Oscillating knife machine with rotary driven head<\/td>\n<\/tr>\n<tr>\n<td width=\"211\">Modo de visualiza\u00e7\u00e3o<\/td>\n<td width=\"451\">Ingl\u00eas Ecr\u00e3 t\u00e1til LED<\/td>\n<\/tr>\n<tr>\n<td width=\"211\">Mesa da m\u00e1quina<\/td>\n<td width=\"451\">Mesa de suc\u00e7\u00e3o de carregamento autom\u00e1tico, adequada para t\u00eaxteis, borracha, autocolantes e outros materiais macios<\/td>\n<\/tr>\n<tr>\n<td width=\"211\">Modo de transfer\u00eancia de dados<\/td>\n<td width=\"451\">Intel<\/td>\n<\/tr>\n<tr>\n<td width=\"211\">Bomba de v\u00e1cuo<\/td>\n<td width=\"451\">Mesa de v\u00e1cuo pneum\u00e1tica de 9KW<\/td>\n<\/tr>\n<tr>\n<td width=\"211\">Sistema de condu\u00e7\u00e3o<\/td>\n<td width=\"451\">Servo condutor e motor Panasonic ou delta ou huichuan<\/td>\n<\/tr>\n<tr>\n<td width=\"211\">Sistema de controlo<\/td>\n<td width=\"451\">Controlador de 6 eixos<\/td>\n<\/tr>\n<tr>\n<td width=\"211\">Sistema de orienta\u00e7\u00e3o<\/td>\n<td width=\"451\">PMI de Taiwan 20<\/td>\n<\/tr>\n<tr>\n<td width=\"211\">Sensor de ferramentas<\/td>\n<td width=\"451\">com<\/td>\n<\/tr>\n<tr>\n<td width=\"211\">Transmiss\u00e3o<\/td>\n<td width=\"451\">pinh\u00e3o de cremalheira<\/td>\n<\/tr>\n<tr>\n<td width=\"211\">Velocidade de corte<\/td>\n<td width=\"451\">30m\/min<\/td>\n<\/tr>\n<tr>\n<td width=\"211\">Velocidade de desloca\u00e7\u00e3o<\/td>\n<td width=\"451\">50m\/min<\/td>\n<\/tr>\n<tr>\n<td width=\"211\">Peso<\/td>\n<td width=\"451\">Cerca de 1500 kg<\/td>\n<\/tr>\n<tr>\n<td width=\"211\">Tamanho<\/td>\n<td width=\"451\">2250*3500*1650mm<\/td>\n<\/tr>\n<tr>\n<td width=\"211\">Tens\u00e3o<\/td>\n<td width=\"451\">3 fases 380V ou 220V 50HZ\/60hz<\/td>\n<\/tr>\n<tr>\n<td width=\"211\">Software<\/td>\n<td width=\"451\">Vcutworks, machine tem este software<\/td>\n<\/tr>\n<\/tbody>\n<\/table>\n<p>&nbsp;<\/p>\n<p>Diferentes ferramentas com diferentes fun\u00e7\u00f5es<\/p>\n<p>&nbsp;<\/p>\n<p>1.Electronic Oscillating Tool - com curso de 1 mm para cortar materiais macios e de densidade m\u00e9dia.<\/p>\n<p>Ferramenta de corte universal - para cortar materiais com espessuras at\u00e9 0,196 polegadas. Corte de alta velocidade a baixo custo.<\/p>\n<p>Material aplic\u00e1vel: placa de placa KT publicit\u00e1ria, placa vesicante, pl\u00e1stico ABS, folha de pl\u00e1stico ondulado, cart\u00e3o canelado, cart\u00e3o de papel, cart\u00e3o de aglomerado, tapete para p\u00e9s \u00e0 prova de p\u00f3, alcatifa, junta de veda\u00e7\u00e3o, fibra de carbono, etc.<\/p>","protected":false},"excerpt":{"rendered":"<p>Description &amp; Specifications: X working size 1600mm Y working size 2500mm Z Cutting thickness 50mm Cutting head cnc Oscillating knife machine with rotary driven head Display way English LED touch screen Machine table Auto loading Suction Table, suitable for textile,\u00a0rubber,sticker and other soft material Data transfer way Intel Vacuum pump 9KW air\u00a0type vacuum table Driving [&hellip;]<\/p>","protected":false},"featured_media":3597,"comment_status":"open","ping_status":"closed","template":"","meta":{"_seopress_robots_primary_cat":"none","_seopress_titles_title":"","_seopress_titles_desc":"","_seopress_robots_index":"","_uag_custom_page_level_css":"","site-sidebar-layout":"default","site-content-layout":"","ast-site-content-layout":"default","site-content-style":"default","site-sidebar-style":"default","ast-global-header-display":"","ast-banner-title-visibility":"","ast-main-header-display":"","ast-hfb-above-header-display":"","ast-hfb-below-header-display":"","ast-hfb-mobile-header-display":"","site-post-title":"","ast-breadcrumbs-content":"","ast-featured-img":"","footer-sml-layout":"","ast-disable-related-posts":"","theme-transparent-header-meta":"default","adv-header-id-meta":"","stick-header-meta":"default","header-above-stick-meta":"","header-main-stick-meta":"","header-below-stick-meta":"","astra-migrate-meta-layouts":"set","ast-page-background-enabled":"default","ast-page-background-meta":{"desktop":{"background-color":"","background-image":"","background-repeat":"repeat","background-position":"center center","background-size":"auto","background-attachment":"scroll","background-type":"","background-media":"","overlay-type":"","overlay-color":"","overlay-opacity":"","overlay-gradient":""},"tablet":{"background-color":"","background-image":"","background-repeat":"repeat","background-position":"center center","background-size":"auto","background-attachment":"scroll","background-type":"","background-media":"","overlay-type":"","overlay-color":"","overlay-opacity":"","overlay-gradient":""},"mobile":{"background-color":"","background-image":"","background-repeat":"repeat","background-position":"center center","background-size":"auto","background-attachment":"scroll","background-type":"","background-media":"","overlay-type":"","overlay-color":"","overlay-opacity":"","overlay-gradient":""}},"ast-content-background-meta":{"desktop":{"background-color":"var(--ast-global-color-5)","background-image":"","background-repeat":"repeat","background-position":"center center","background-size":"auto","background-attachment":"scroll","background-type":"","background-media":"","overlay-type":"","overlay-color":"","overlay-opacity":"","overlay-gradient":""},"tablet":{"background-color":"var(--ast-global-color-5)","background-image":"","background-repeat":"repeat","background-position":"center center","background-size":"auto","background-attachment":"scroll","background-type":"","background-media":"","overlay-type":"","overlay-color":"","overlay-opacity":"","overlay-gradient":""},"mobile":{"background-color":"var(--ast-global-color-5)","background-image":"","background-repeat":"repeat","background-position":"center center","background-size":"auto","background-attachment":"scroll","background-type":"","background-media":"","overlay-type":"","overlay-color":"","overlay-opacity":"","overlay-gradient":""}}},"product_brand":[],"product_cat":[80],"product_tag":[],"class_list":{"0":"post-3594","1":"product","2":"type-product","3":"status-publish","4":"has-post-thumbnail","6":"product_cat-auto-loading-cnc-knife-cutting-machine","7":"desktop-align-left","8":"tablet-align-left","9":"mobile-align-left","10":"ast-product-gallery-layout-horizontal-slider","11":"ast-product-gallery-with-no-image","12":"ast-magnify-disabled","13":"ast-product-tabs-layout-distributed","15":"first","16":"instock","17":"shipping-taxable","18":"product-type-simple"},"uagb_featured_image_src":{"full":["https:\/\/www.queencncmachinery.com\/wp-content\/uploads\/2025\/11\/1564039269.jpg",750,750,false],"thumbnail":["https:\/\/www.queencncmachinery.com\/wp-content\/uploads\/2025\/11\/1564039269-150x150.jpg",150,150,true],"medium":["https:\/\/www.queencncmachinery.com\/wp-content\/uploads\/2025\/11\/1564039269-300x300.jpg",300,300,true],"medium_large":["https:\/\/www.queencncmachinery.com\/wp-content\/uploads\/2025\/11\/1564039269.jpg",750,750,false],"large":["https:\/\/www.queencncmachinery.com\/wp-content\/uploads\/2025\/11\/1564039269.jpg",750,750,false],"1536x1536":["https:\/\/www.queencncmachinery.com\/wp-content\/uploads\/2025\/11\/1564039269.jpg",750,750,false],"2048x2048":["https:\/\/www.queencncmachinery.com\/wp-content\/uploads\/2025\/11\/1564039269.jpg",750,750,false],"trp-custom-language-flag":["https:\/\/www.queencncmachinery.com\/wp-content\/uploads\/2025\/11\/1564039269-12x12.jpg",12,12,true],"woocommerce_thumbnail":["https:\/\/www.queencncmachinery.com\/wp-content\/uploads\/2025\/11\/1564039269.jpg",750,750,false],"woocommerce_single":["https:\/\/www.queencncmachinery.com\/wp-content\/uploads\/2025\/11\/1564039269.jpg",750,750,false],"woocommerce_gallery_thumbnail":["https:\/\/www.queencncmachinery.com\/wp-content\/uploads\/2025\/11\/1564039269-100x100.jpg",100,100,true]},"uagb_author_info":{"display_name":"jinxing6611@gmail.com","author_link":"https:\/\/www.queencncmachinery.com\/pt\/author\/"},"uagb_comment_info":0,"uagb_excerpt":"Description &amp; Specifications: X working size 1600mm Y working size 2500mm Z Cutting thickness 50mm Cutting head cnc Oscillating knife machine with rotary driven head Display way English LED touch screen Machine table Auto loading Suction Table, suitable for textile,\u00a0rubber,sticker and other soft material Data transfer way Intel Vacuum pump 9KW air\u00a0type vacuum table Driving&hellip;","_links":{"self":[{"href":"https:\/\/www.queencncmachinery.com\/pt\/wp-json\/wp\/v2\/product\/3594","targetHints":{"allow":["GET"]}}],"collection":[{"href":"https:\/\/www.queencncmachinery.com\/pt\/wp-json\/wp\/v2\/product"}],"about":[{"href":"https:\/\/www.queencncmachinery.com\/pt\/wp-json\/wp\/v2\/types\/product"}],"replies":[{"embeddable":true,"href":"https:\/\/www.queencncmachinery.com\/pt\/wp-json\/wp\/v2\/comments?post=3594"}],"wp:featuredmedia":[{"embeddable":true,"href":"https:\/\/www.queencncmachinery.com\/pt\/wp-json\/wp\/v2\/media\/3597"}],"wp:attachment":[{"href":"https:\/\/www.queencncmachinery.com\/pt\/wp-json\/wp\/v2\/media?parent=3594"}],"wp:term":[{"taxonomy":"product_brand","embeddable":true,"href":"https:\/\/www.queencncmachinery.com\/pt\/wp-json\/wp\/v2\/product_brand?post=3594"},{"taxonomy":"product_cat","embeddable":true,"href":"https:\/\/www.queencncmachinery.com\/pt\/wp-json\/wp\/v2\/product_cat?post=3594"},{"taxonomy":"product_tag","embeddable":true,"href":"https:\/\/www.queencncmachinery.com\/pt\/wp-json\/wp\/v2\/product_tag?post=3594"}],"curies":[{"name":"wp","href":"https:\/\/api.w.org\/{rel}","templated":true}]}}