{"id":3590,"date":"2025-11-04T13:48:37","date_gmt":"2025-11-04T13:48:37","guid":{"rendered":"https:\/\/www.queencncmachinery.com\/?post_type=product&#038;p=3590"},"modified":"2025-11-19T05:26:32","modified_gmt":"2025-11-19T05:26:32","slug":"3000w-fiber-welding-machine","status":"publish","type":"product","link":"https:\/\/www.queencncmachinery.com\/pt\/produto\/3000w-fiber-welding-machine\/","title":{"rendered":"M\u00e1quina de soldadura de fibra 3000W"},"content":{"rendered":"<div class=\"ast-oembed-container\" style=\"height: 100%;\"><iframe title=\"M\u00e1quina de limpeza para soldadura a laser de fibra de 2kw\" width=\"422\" height=\"750\" src=\"https:\/\/www.youtube.com\/embed\/kooGzoQb9eo?feature=oembed\" frameborder=\"0\" allow=\"accelerometer; autoplay; clipboard-write; encrypted-media; gyroscope; picture-in-picture; web-share\" referrerpolicy=\"strict-origin-when-cross-origin\" allowfullscreen><\/iframe><\/div>\n<table>\n<tbody>\n<tr>\n<td colspan=\"2\" width=\"711\">Especifica\u00e7\u00f5es t\u00e9cnicas<\/td>\n<\/tr>\n<tr>\n<td width=\"351\">Nome da m\u00e1quina<\/td>\n<td width=\"360\">M\u00e1quina de soldadura por laser de fibra port\u00e1til<\/td>\n<\/tr>\n<tr>\n<td width=\"351\">Pot\u00eancia laser<\/td>\n<td width=\"360\">1KW 1.5KW 2KW 3kw<\/td>\n<\/tr>\n<tr>\n<td width=\"351\">Comprimento de onda do laser<\/td>\n<td width=\"360\">1080nm<\/td>\n<\/tr>\n<tr>\n<td width=\"351\">Fonte de laser<\/td>\n<td width=\"360\">MAX<\/td>\n<\/tr>\n<tr>\n<td width=\"351\">Comprimento da fibra<\/td>\n<td width=\"360\">10M<\/td>\n<\/tr>\n<tr>\n<td width=\"351\">Modo de arrefecimento<\/td>\n<td width=\"360\">Arrefecimento a \u00e1gua<\/td>\n<\/tr>\n<tr>\n<td width=\"351\">Frequ\u00eancia do impulso laser<\/td>\n<td width=\"360\">1-20HZ<\/td>\n<\/tr>\n<tr>\n<td width=\"351\">Largura do impulso<\/td>\n<td width=\"360\">0,1-20ms<\/td>\n<\/tr>\n<tr>\n<td width=\"351\">Gama de pontos ajustada<\/td>\n<td width=\"360\">0,1-3mm<\/td>\n<\/tr>\n<tr>\n<td width=\"351\">Piscina m\u00ednima de soldadura<\/td>\n<td width=\"360\">0,1 mm<\/td>\n<\/tr>\n<tr>\n<td width=\"351\">Fonte de g\u00e1s<\/td>\n<td width=\"360\">0,2Mpa (\u00c1rgon)<\/td>\n<\/tr>\n<tr>\n<td width=\"351\">Tens\u00e3o de funcionamento<\/td>\n<td width=\"360\">AC220V \/ 50Hz \/ 60HZ AC380V \/ 50Hz \/ 60HZ<\/td>\n<\/tr>\n<tr>\n<td width=\"351\">Tamanho da embalagem<\/td>\n<td width=\"360\">162CM L *70CM W*144CM H<\/td>\n<\/tr>\n<tr>\n<td width=\"351\">Peso bruto<\/td>\n<td width=\"360\">320KG<\/td>\n<\/tr>\n<tr>\n<td colspan=\"2\" width=\"711\">Capacidade de soldadura a laser 1KW 1.5KW 2KW<\/td>\n<\/tr>\n<tr>\n<td colspan=\"2\" width=\"711\">\n<table>\n<tbody>\n<tr>\n<td colspan=\"5\" width=\"735\"><strong><b>1000W<\/b><\/strong><\/td>\n<\/tr>\n<tr>\n<td width=\"136\">A\u00e7o inoxid\u00e1vel<\/td>\n<td width=\"106\">Ferro<\/td>\n<td width=\"199\">A\u00e7o carbono<\/td>\n<td width=\"117\">Alum\u00ednio<\/td>\n<td width=\"175\">Chapa galvanizada branca<\/td>\n<\/tr>\n<tr>\n<td width=\"136\">2mm<\/td>\n<td width=\"106\">2mm<\/td>\n<td width=\"199\">1,7-2mm<\/td>\n<td width=\"117\">1,5 mm<\/td>\n<td width=\"175\">1,5 mm<\/td>\n<\/tr>\n<\/tbody>\n<\/table>\n<table>\n<tbody>\n<tr>\n<td colspan=\"5\" width=\"734\"><strong><b>1500W<\/b><\/strong><\/td>\n<\/tr>\n<tr>\n<td width=\"136\">A\u00e7o inoxid\u00e1vel<\/td>\n<td width=\"107\">Ferro<\/td>\n<td width=\"194\">A\u00e7o carbono<\/td>\n<td width=\"120\">Alum\u00ednio<\/td>\n<td width=\"176\">Chapa galvanizada branca<\/td>\n<\/tr>\n<tr>\n<td width=\"136\">3mm<\/td>\n<td width=\"107\">3mm<\/td>\n<td width=\"194\">1,7- 2,5 mm<\/td>\n<td width=\"120\">2mm<\/td>\n<td width=\"176\">1,5-2,5 mm<\/td>\n<\/tr>\n<\/tbody>\n<\/table>\n<table>\n<tbody>\n<tr>\n<td colspan=\"5\" width=\"734\"><strong><b>2000W<\/b><\/strong><\/td>\n<\/tr>\n<tr>\n<td width=\"139\">A\u00e7o inoxid\u00e1vel<\/td>\n<td width=\"105\">Ferro<\/td>\n<td width=\"191\">A\u00e7o carbono<\/td>\n<td width=\"123\">Alum\u00ednio<\/td>\n<td width=\"174\">Chapa galvanizada branca<\/td>\n<\/tr>\n<tr>\n<td width=\"139\">4mm<\/td>\n<td width=\"105\">4mm<\/td>\n<td width=\"191\">1,7- 4 mm<\/td>\n<td width=\"123\">3mm<\/td>\n<td width=\"174\">1,5-3mm<\/td>\n<\/tr>\n<tr>\n<td colspan=\"5\" width=\"734\"><strong><b>3000W<\/b><\/strong><\/td>\n<\/tr>\n<tr>\n<td width=\"139\">A\u00e7o inoxid\u00e1vel<\/td>\n<td width=\"105\">Ferro<\/td>\n<td width=\"191\">A\u00e7o carbono<\/td>\n<td width=\"123\">Alum\u00ednio<\/td>\n<td width=\"174\">Folha galvanizada branca<\/td>\n<\/tr>\n<tr>\n<td width=\"139\">6mm<\/td>\n<td width=\"105\">6mm<\/td>\n<td width=\"191\">1,7-7 mm<\/td>\n<td width=\"123\">4mm<\/td>\n<td width=\"174\">1,5-4mm<\/td>\n<\/tr>\n<\/tbody>\n<\/table>\n<\/td>\n<\/tr>\n<\/tbody>\n<\/table>","protected":false},"excerpt":{"rendered":"<p>Technical specification Machine Name Handheld Fiber Laser Welding Machine Laser Power 1KW \u00a0\u00a0\u00a01.5KW\u00a0\u00a0\u00a0\u00a0\u00a0\u00a02KW\u00a0\u00a0\u00a0\u00a03kw Laser Wave Length 1080nm Laser Source MAX Fiber Length 10M Cooling Mode Water cooling Laser Pulse Frequency 1-20HZ Pulse Width 0.1-20ms Adjusted spot range 0.1-3mm Minimum Welding pool 0.1mm Gas source 0.2Mpa (Argon ) Working Voltage AC220V\u00a0\/ 50Hz\u00a0\/ 60HZ \u00a0AC380V\u00a0\/ 50Hz\u00a0\/ 60HZ [&hellip;]<\/p>","protected":false},"featured_media":3593,"comment_status":"open","ping_status":"closed","template":"","meta":{"_seopress_robots_primary_cat":"none","_seopress_titles_title":"","_seopress_titles_desc":"","_seopress_robots_index":"","_uag_custom_page_level_css":"","site-sidebar-layout":"default","site-content-layout":"","ast-site-content-layout":"default","site-content-style":"default","site-sidebar-style":"default","ast-global-header-display":"","ast-banner-title-visibility":"","ast-main-header-display":"","ast-hfb-above-header-display":"","ast-hfb-below-header-display":"","ast-hfb-mobile-header-display":"","site-post-title":"","ast-breadcrumbs-content":"","ast-featured-img":"","footer-sml-layout":"","ast-disable-related-posts":"","theme-transparent-header-meta":"default","adv-header-id-meta":"","stick-header-meta":"default","header-above-stick-meta":"","header-main-stick-meta":"","header-below-stick-meta":"","astra-migrate-meta-layouts":"set","ast-page-background-enabled":"default","ast-page-background-meta":{"desktop":{"background-color":"","background-image":"","background-repeat":"repeat","background-position":"center center","background-size":"auto","background-attachment":"scroll","background-type":"","background-media":"","overlay-type":"","overlay-color":"","overlay-opacity":"","overlay-gradient":""},"tablet":{"background-color":"","background-image":"","background-repeat":"repeat","background-position":"center center","background-size":"auto","background-attachment":"scroll","background-type":"","background-media":"","overlay-type":"","overlay-color":"","overlay-opacity":"","overlay-gradient":""},"mobile":{"background-color":"","background-image":"","background-repeat":"repeat","background-position":"center center","background-size":"auto","background-attachment":"scroll","background-type":"","background-media":"","overlay-type":"","overlay-color":"","overlay-opacity":"","overlay-gradient":""}},"ast-content-background-meta":{"desktop":{"background-color":"var(--ast-global-color-5)","background-image":"","background-repeat":"repeat","background-position":"center center","background-size":"auto","background-attachment":"scroll","background-type":"","background-media":"","overlay-type":"","overlay-color":"","overlay-opacity":"","overlay-gradient":""},"tablet":{"background-color":"var(--ast-global-color-5)","background-image":"","background-repeat":"repeat","background-position":"center center","background-size":"auto","background-attachment":"scroll","background-type":"","background-media":"","overlay-type":"","overlay-color":"","overlay-opacity":"","overlay-gradient":""},"mobile":{"background-color":"var(--ast-global-color-5)","background-image":"","background-repeat":"repeat","background-position":"center center","background-size":"auto","background-attachment":"scroll","background-type":"","background-media":"","overlay-type":"","overlay-color":"","overlay-opacity":"","overlay-gradient":""}}},"product_brand":[],"product_cat":[79],"product_tag":[],"class_list":{"0":"post-3590","1":"product","2":"type-product","3":"status-publish","4":"has-post-thumbnail","6":"product_cat-fiber-welding-cutting-cleaning-machine","7":"desktop-align-left","8":"tablet-align-left","9":"mobile-align-left","10":"ast-product-gallery-layout-horizontal-slider","11":"ast-product-gallery-with-no-image","12":"ast-magnify-disabled","13":"ast-product-tabs-layout-distributed","15":"first","16":"instock","17":"shipping-taxable","18":"product-type-simple"},"uagb_featured_image_src":{"full":["https:\/\/www.queencncmachinery.com\/wp-content\/uploads\/2025\/11\/\u5fae\u4fe1\u56fe\u7247_20241114095114.jpg",750,750,false],"thumbnail":["https:\/\/www.queencncmachinery.com\/wp-content\/uploads\/2025\/11\/\u5fae\u4fe1\u56fe\u7247_20241114095114-150x150.jpg",150,150,true],"medium":["https:\/\/www.queencncmachinery.com\/wp-content\/uploads\/2025\/11\/\u5fae\u4fe1\u56fe\u7247_20241114095114-300x300.jpg",300,300,true],"medium_large":["https:\/\/www.queencncmachinery.com\/wp-content\/uploads\/2025\/11\/\u5fae\u4fe1\u56fe\u7247_20241114095114.jpg",750,750,false],"large":["https:\/\/www.queencncmachinery.com\/wp-content\/uploads\/2025\/11\/\u5fae\u4fe1\u56fe\u7247_20241114095114.jpg",750,750,false],"1536x1536":["https:\/\/www.queencncmachinery.com\/wp-content\/uploads\/2025\/11\/\u5fae\u4fe1\u56fe\u7247_20241114095114.jpg",750,750,false],"2048x2048":["https:\/\/www.queencncmachinery.com\/wp-content\/uploads\/2025\/11\/\u5fae\u4fe1\u56fe\u7247_20241114095114.jpg",750,750,false],"trp-custom-language-flag":["https:\/\/www.queencncmachinery.com\/wp-content\/uploads\/2025\/11\/\u5fae\u4fe1\u56fe\u7247_20241114095114-12x12.jpg",12,12,true],"woocommerce_thumbnail":["https:\/\/www.queencncmachinery.com\/wp-content\/uploads\/2025\/11\/\u5fae\u4fe1\u56fe\u7247_20241114095114.jpg",750,750,false],"woocommerce_single":["https:\/\/www.queencncmachinery.com\/wp-content\/uploads\/2025\/11\/\u5fae\u4fe1\u56fe\u7247_20241114095114.jpg",750,750,false],"woocommerce_gallery_thumbnail":["https:\/\/www.queencncmachinery.com\/wp-content\/uploads\/2025\/11\/\u5fae\u4fe1\u56fe\u7247_20241114095114-100x100.jpg",100,100,true]},"uagb_author_info":{"display_name":"jinxing6611@gmail.com","author_link":"https:\/\/www.queencncmachinery.com\/pt\/author\/"},"uagb_comment_info":0,"uagb_excerpt":"Technical specification Machine Name Handheld Fiber Laser Welding Machine Laser Power 1KW \u00a0\u00a0\u00a01.5KW\u00a0\u00a0\u00a0\u00a0\u00a0\u00a02KW\u00a0\u00a0\u00a0\u00a03kw Laser Wave Length 1080nm Laser Source MAX Fiber Length 10M Cooling Mode Water cooling Laser Pulse Frequency 1-20HZ Pulse Width 0.1-20ms Adjusted spot range 0.1-3mm Minimum Welding pool 0.1mm Gas source 0.2Mpa (Argon ) Working Voltage AC220V\u00a0\/ 50Hz\u00a0\/ 60HZ \u00a0AC380V\u00a0\/ 50Hz\u00a0\/ 60HZ&hellip;","_links":{"self":[{"href":"https:\/\/www.queencncmachinery.com\/pt\/wp-json\/wp\/v2\/product\/3590","targetHints":{"allow":["GET"]}}],"collection":[{"href":"https:\/\/www.queencncmachinery.com\/pt\/wp-json\/wp\/v2\/product"}],"about":[{"href":"https:\/\/www.queencncmachinery.com\/pt\/wp-json\/wp\/v2\/types\/product"}],"replies":[{"embeddable":true,"href":"https:\/\/www.queencncmachinery.com\/pt\/wp-json\/wp\/v2\/comments?post=3590"}],"wp:featuredmedia":[{"embeddable":true,"href":"https:\/\/www.queencncmachinery.com\/pt\/wp-json\/wp\/v2\/media\/3593"}],"wp:attachment":[{"href":"https:\/\/www.queencncmachinery.com\/pt\/wp-json\/wp\/v2\/media?parent=3590"}],"wp:term":[{"taxonomy":"product_brand","embeddable":true,"href":"https:\/\/www.queencncmachinery.com\/pt\/wp-json\/wp\/v2\/product_brand?post=3590"},{"taxonomy":"product_cat","embeddable":true,"href":"https:\/\/www.queencncmachinery.com\/pt\/wp-json\/wp\/v2\/product_cat?post=3590"},{"taxonomy":"product_tag","embeddable":true,"href":"https:\/\/www.queencncmachinery.com\/pt\/wp-json\/wp\/v2\/product_tag?post=3590"}],"curies":[{"name":"wp","href":"https:\/\/api.w.org\/{rel}","templated":true}]}}