{"id":3560,"date":"2025-11-04T13:39:43","date_gmt":"2025-11-04T13:39:43","guid":{"rendered":"https:\/\/www.queencncmachinery.com\/?post_type=product&#038;p=3560"},"modified":"2025-11-04T13:39:43","modified_gmt":"2025-11-04T13:39:43","slug":"qn1325-laser-cutting-machine","status":"publish","type":"product","link":"https:\/\/www.queencncmachinery.com\/pt\/produto\/qn1325-laser-cutting-machine\/","title":{"rendered":"M\u00e1quina de corte a laser QN1325"},"content":{"rendered":"<table>\n<tbody>\n<tr>\n<td width=\"222\">Modelo<\/td>\n<td width=\"355\">QN1325<\/td>\n<\/tr>\n<tr>\n<td width=\"222\">Tipo de laser<\/td>\n<td width=\"355\">CO selado<sub>2<\/sub>\u00a0tubo laser<\/td>\n<\/tr>\n<tr>\n<td width=\"222\">Pot\u00eancia laser<\/td>\n<td width=\"355\">60W-600W\u00a0laser tube<\/td>\n<\/tr>\n<tr>\n<td width=\"222\">\u00c1rea de corte<\/td>\n<td width=\"355\">1300*2500mm<\/td>\n<\/tr>\n<tr>\n<td width=\"222\">Reposi\u00e7\u00e3o da precis\u00e3o da posi\u00e7\u00e3o<\/td>\n<td width=\"355\">+\/-0,05mm<\/td>\n<\/tr>\n<tr>\n<td width=\"222\">Tens\u00e3o de funcionamento<\/td>\n<td width=\"355\">AC110-220V +\/-10%.50-60HZ<\/td>\n<\/tr>\n<tr>\n<td width=\"222\">Pot\u00eancia<\/td>\n<td width=\"355\">1500W m\u00e1x.<\/td>\n<\/tr>\n<tr>\n<td width=\"222\">Temperatura de funcionamento<\/td>\n<td width=\"355\">0-45 graus<\/td>\n<\/tr>\n<tr>\n<td width=\"222\">Humidade de funcionamento<\/td>\n<td width=\"355\">5-95%<\/td>\n<\/tr>\n<tr>\n<td width=\"222\">Car\u00e1cter modelar m\u00ednimo<\/td>\n<td width=\"355\">Ingl\u00eas 1*1mm<\/td>\n<\/tr>\n<tr>\n<td width=\"222\">Formato gr\u00e1fico suportado<\/td>\n<td width=\"355\">BMP, PLT, DST, DXF e AI<\/td>\n<\/tr>\n<tr>\n<td width=\"222\">Sistema de condu\u00e7\u00e3o<\/td>\n<td width=\"355\">stepper<\/td>\n<\/tr>\n<tr>\n<td width=\"222\">Modo de arrefecimento<\/td>\n<td width=\"355\">Sistema de arrefecimento e prote\u00e7\u00e3o da \u00e1gua<\/td>\n<\/tr>\n<tr>\n<td width=\"222\">Equipamento auxiliar<\/td>\n<td width=\"355\">Ventoinha de escape, tubo de escape de ar, compressor de ar<\/td>\n<\/tr>\n<tr>\n<td width=\"222\">Sistema de controlo<\/td>\n<td width=\"355\">Ruida6445G\u00a0control system<\/td>\n<\/tr>\n<tr>\n<td width=\"222\">Software compat\u00edvel<\/td>\n<td width=\"355\">Coreldraw auto CAD photoshop<\/td>\n<\/tr>\n<tr>\n<td width=\"222\">Tipo de laser<\/td>\n<td width=\"355\">CO selado<sub>2<\/sub>\u00a0tubo laser<\/td>\n<\/tr>\n<tr>\n<td width=\"222\">Reposi\u00e7\u00e3o da precis\u00e3o da posi\u00e7\u00e3o<\/td>\n<td width=\"355\">+\/-0,05mm<\/td>\n<\/tr>\n<tr>\n<td width=\"222\">Tens\u00e3o de funcionamento<\/td>\n<td width=\"355\">AC110-220V +\/-10%.50-60HZ<\/td>\n<\/tr>\n<\/tbody>\n<\/table>","protected":false},"excerpt":{"rendered":"<p>Model QN1325 Laser type Sealed CO2\u00a0laser tube Laser power 60W-600W\u00a0laser tube Cutting area 1300*2500mm Resetting position accuracy +\/-0.05mm Working voltage AC110-220V +\/-10%.50-60HZ Power 1500W max Operating temperature 0-45 degree Operating humidity 5-95% Minimum shaping character English 1*1mm Graphic format supported BMP, PLT, DST, DXF, and AI Driving system stepper Cooling mode Water-cooling and protection system [&hellip;]<\/p>","protected":false},"featured_media":3563,"comment_status":"open","ping_status":"closed","template":"","meta":{"_seopress_robots_primary_cat":"","_seopress_titles_title":"","_seopress_titles_desc":"","_seopress_robots_index":"","_uag_custom_page_level_css":"","site-sidebar-layout":"default","site-content-layout":"","ast-site-content-layout":"default","site-content-style":"default","site-sidebar-style":"default","ast-global-header-display":"","ast-banner-title-visibility":"","ast-main-header-display":"","ast-hfb-above-header-display":"","ast-hfb-below-header-display":"","ast-hfb-mobile-header-display":"","site-post-title":"","ast-breadcrumbs-content":"","ast-featured-img":"","footer-sml-layout":"","ast-disable-related-posts":"","theme-transparent-header-meta":"default","adv-header-id-meta":"","stick-header-meta":"default","header-above-stick-meta":"","header-main-stick-meta":"","header-below-stick-meta":"","astra-migrate-meta-layouts":"set","ast-page-background-enabled":"default","ast-page-background-meta":{"desktop":{"background-color":"","background-image":"","background-repeat":"repeat","background-position":"center center","background-size":"auto","background-attachment":"scroll","background-type":"","background-media":"","overlay-type":"","overlay-color":"","overlay-opacity":"","overlay-gradient":""},"tablet":{"background-color":"","background-image":"","background-repeat":"repeat","background-position":"center center","background-size":"auto","background-attachment":"scroll","background-type":"","background-media":"","overlay-type":"","overlay-color":"","overlay-opacity":"","overlay-gradient":""},"mobile":{"background-color":"","background-image":"","background-repeat":"repeat","background-position":"center center","background-size":"auto","background-attachment":"scroll","background-type":"","background-media":"","overlay-type":"","overlay-color":"","overlay-opacity":"","overlay-gradient":""}},"ast-content-background-meta":{"desktop":{"background-color":"var(--ast-global-color-5)","background-image":"","background-repeat":"repeat","background-position":"center center","background-size":"auto","background-attachment":"scroll","background-type":"","background-media":"","overlay-type":"","overlay-color":"","overlay-opacity":"","overlay-gradient":""},"tablet":{"background-color":"var(--ast-global-color-5)","background-image":"","background-repeat":"repeat","background-position":"center center","background-size":"auto","background-attachment":"scroll","background-type":"","background-media":"","overlay-type":"","overlay-color":"","overlay-opacity":"","overlay-gradient":""},"mobile":{"background-color":"var(--ast-global-color-5)","background-image":"","background-repeat":"repeat","background-position":"center center","background-size":"auto","background-attachment":"scroll","background-type":"","background-media":"","overlay-type":"","overlay-color":"","overlay-opacity":"","overlay-gradient":""}}},"product_brand":[],"product_cat":[77],"product_tag":[],"class_list":{"0":"post-3560","1":"product","2":"type-product","3":"status-publish","4":"has-post-thumbnail","6":"product_cat-co2-laser-cutting-and-engraving-machine","7":"desktop-align-left","8":"tablet-align-left","9":"mobile-align-left","10":"ast-product-gallery-layout-horizontal-slider","11":"ast-product-gallery-with-no-image","12":"ast-magnify-disabled","13":"ast-product-tabs-layout-distributed","15":"first","16":"instock","17":"shipping-taxable","18":"product-type-simple"},"uagb_featured_image_src":{"full":["https:\/\/www.queencncmachinery.com\/wp-content\/uploads\/2025\/11\/468498550_1609139133295036_2330955131703591884_n.jpg",1536,1536,false],"thumbnail":["https:\/\/www.queencncmachinery.com\/wp-content\/uploads\/2025\/11\/468498550_1609139133295036_2330955131703591884_n-150x150.jpg",150,150,true],"medium":["https:\/\/www.queencncmachinery.com\/wp-content\/uploads\/2025\/11\/468498550_1609139133295036_2330955131703591884_n-300x300.jpg",300,300,true],"medium_large":["https:\/\/www.queencncmachinery.com\/wp-content\/uploads\/2025\/11\/468498550_1609139133295036_2330955131703591884_n-768x768.jpg",768,768,true],"large":["https:\/\/www.queencncmachinery.com\/wp-content\/uploads\/2025\/11\/468498550_1609139133295036_2330955131703591884_n-1024x1024.jpg",1024,1024,true],"1536x1536":["https:\/\/www.queencncmachinery.com\/wp-content\/uploads\/2025\/11\/468498550_1609139133295036_2330955131703591884_n.jpg",1536,1536,false],"2048x2048":["https:\/\/www.queencncmachinery.com\/wp-content\/uploads\/2025\/11\/468498550_1609139133295036_2330955131703591884_n.jpg",1536,1536,false],"trp-custom-language-flag":["https:\/\/www.queencncmachinery.com\/wp-content\/uploads\/2025\/11\/468498550_1609139133295036_2330955131703591884_n-12x12.jpg",12,12,true],"woocommerce_thumbnail":["https:\/\/www.queencncmachinery.com\/wp-content\/uploads\/2025\/11\/468498550_1609139133295036_2330955131703591884_n-800x800.jpg",800,800,true],"woocommerce_single":["https:\/\/www.queencncmachinery.com\/wp-content\/uploads\/2025\/11\/468498550_1609139133295036_2330955131703591884_n-800x800.jpg",800,800,true],"woocommerce_gallery_thumbnail":["https:\/\/www.queencncmachinery.com\/wp-content\/uploads\/2025\/11\/468498550_1609139133295036_2330955131703591884_n-100x100.jpg",100,100,true]},"uagb_author_info":{"display_name":"jinxing6611@gmail.com","author_link":"https:\/\/www.queencncmachinery.com\/pt\/author\/"},"uagb_comment_info":0,"uagb_excerpt":"Model QN1325 Laser type Sealed CO2\u00a0laser tube Laser power 60W-600W\u00a0laser tube Cutting area 1300*2500mm Resetting position accuracy +\/-0.05mm Working voltage AC110-220V +\/-10%.50-60HZ Power 1500W max Operating temperature 0-45 degree Operating humidity 5-95% Minimum shaping character English 1*1mm Graphic format supported BMP, PLT, DST, DXF, and AI Driving system stepper Cooling mode Water-cooling and protection system&hellip;","_links":{"self":[{"href":"https:\/\/www.queencncmachinery.com\/pt\/wp-json\/wp\/v2\/product\/3560","targetHints":{"allow":["GET"]}}],"collection":[{"href":"https:\/\/www.queencncmachinery.com\/pt\/wp-json\/wp\/v2\/product"}],"about":[{"href":"https:\/\/www.queencncmachinery.com\/pt\/wp-json\/wp\/v2\/types\/product"}],"replies":[{"embeddable":true,"href":"https:\/\/www.queencncmachinery.com\/pt\/wp-json\/wp\/v2\/comments?post=3560"}],"wp:featuredmedia":[{"embeddable":true,"href":"https:\/\/www.queencncmachinery.com\/pt\/wp-json\/wp\/v2\/media\/3563"}],"wp:attachment":[{"href":"https:\/\/www.queencncmachinery.com\/pt\/wp-json\/wp\/v2\/media?parent=3560"}],"wp:term":[{"taxonomy":"product_brand","embeddable":true,"href":"https:\/\/www.queencncmachinery.com\/pt\/wp-json\/wp\/v2\/product_brand?post=3560"},{"taxonomy":"product_cat","embeddable":true,"href":"https:\/\/www.queencncmachinery.com\/pt\/wp-json\/wp\/v2\/product_cat?post=3560"},{"taxonomy":"product_tag","embeddable":true,"href":"https:\/\/www.queencncmachinery.com\/pt\/wp-json\/wp\/v2\/product_tag?post=3560"}],"curies":[{"name":"wp","href":"https:\/\/api.w.org\/{rel}","templated":true}]}}