{"id":3528,"date":"2025-11-04T13:06:05","date_gmt":"2025-11-04T13:06:05","guid":{"rendered":"https:\/\/www.queencncmachinery.com\/?post_type=product&#038;p=3528"},"modified":"2025-11-04T13:06:05","modified_gmt":"2025-11-04T13:06:05","slug":"qn6012-mini-cnc-router","status":"publish","type":"product","link":"https:\/\/www.queencncmachinery.com\/pt\/produto\/qn6012-mini-cnc-router\/","title":{"rendered":"Mini fresadora CNC QN6012"},"content":{"rendered":"<table>\n<tbody>\n<tr>\n<td colspan=\"2\" width=\"551\"><strong>Descri\u00e7\u00e3o e especifica\u00e7\u00f5es:<\/strong><\/td>\n<\/tr>\n<tr>\n<td width=\"309\">X \u00c1rea de trabalho<\/td>\n<td width=\"241\">600mm<\/td>\n<\/tr>\n<tr>\n<td width=\"309\">Y \u00c1rea de trabalho<\/td>\n<td width=\"241\">1200mm<\/td>\n<\/tr>\n<tr>\n<td width=\"309\">Z \u00c1rea de trabalho<\/td>\n<td width=\"241\">200mm<\/td>\n<\/tr>\n<tr>\n<td width=\"309\">Rotary Axis<\/td>\n<td width=\"241\">100*800mm<\/td>\n<\/tr>\n<tr>\n<td width=\"309\">Precis\u00e3o do posicionamento em viagem<\/td>\n<td width=\"241\">\u00b10.05mm<\/td>\n<\/tr>\n<tr>\n<td width=\"309\">Reposicionamento Precis\u00e3o do posicionamento<\/td>\n<td width=\"241\">\u00b10.02mm<\/td>\n<\/tr>\n<tr>\n<td width=\"309\">X,Y ,Z Structure<\/td>\n<td width=\"241\">fuso de esferas<\/td>\n<\/tr>\n<tr>\n<td width=\"309\">Max. Power Consumption(Without spindle)<\/td>\n<td width=\"241\">2KW<\/td>\n<\/tr>\n<tr>\n<td width=\"309\">Max. Rapid Travel Rate<\/td>\n<td width=\"241\">35m\/min<\/td>\n<\/tr>\n<tr>\n<td width=\"309\">Max. Working Speed<\/td>\n<td width=\"241\">25m\/min<\/td>\n<\/tr>\n<tr>\n<td width=\"309\">Fuso<\/td>\n<td width=\"241\">2.2kw water\u00a0cooled spindle<\/td>\n<\/tr>\n<tr>\n<td width=\"309\">Spindle Speed<\/td>\n<td width=\"241\">0-24000rpm<\/td>\n<\/tr>\n<tr>\n<td width=\"309\">Drive Motor<\/td>\n<td width=\"241\">Stepper system<\/td>\n<\/tr>\n<tr>\n<td width=\"309\">Comando<\/td>\n<td width=\"241\">C\u00f3digo G*.u00*.mmg*.plt<\/td>\n<\/tr>\n<tr>\n<td width=\"309\">Tens\u00e3o de funcionamento<\/td>\n<td width=\"241\">1 Phase AC220V\/50Hz<\/td>\n<\/tr>\n<tr>\n<td width=\"309\">Sistema de controlo<\/td>\n<td width=\"241\">DSP A18 4 Axis\u00a0Control<\/td>\n<\/tr>\n<tr>\n<td width=\"309\">Control cabinet<\/td>\n<td width=\"241\">Inside machine<\/td>\n<\/tr>\n<\/tbody>\n<\/table>","protected":false},"excerpt":{"rendered":"<p>Description &amp; Specifications: X Working Area 600mm Y Working Area 1200mm Z Working Area 200mm Rotary Axis 100*800mm Traveling Positioning Accuracy \u00b10.05mm Repositioning Positioning Accuracy \u00b10.02mm X,Y ,Z Structure ball screw Max. Power Consumption(Without spindle) 2KW Max. Rapid Travel Rate 35m\/min Max. Working Speed 25m\/min Spindle 2.2kw water\u00a0cooled spindle Spindle Speed 0-24000rpm Drive Motor Stepper [&hellip;]<\/p>","protected":false},"featured_media":3531,"comment_status":"open","ping_status":"closed","template":"","meta":{"_seopress_robots_primary_cat":"","_seopress_titles_title":"","_seopress_titles_desc":"","_seopress_robots_index":"","_uag_custom_page_level_css":"","site-sidebar-layout":"default","site-content-layout":"","ast-site-content-layout":"default","site-content-style":"default","site-sidebar-style":"default","ast-global-header-display":"","ast-banner-title-visibility":"","ast-main-header-display":"","ast-hfb-above-header-display":"","ast-hfb-below-header-display":"","ast-hfb-mobile-header-display":"","site-post-title":"","ast-breadcrumbs-content":"","ast-featured-img":"","footer-sml-layout":"","ast-disable-related-posts":"","theme-transparent-header-meta":"default","adv-header-id-meta":"","stick-header-meta":"default","header-above-stick-meta":"","header-main-stick-meta":"","header-below-stick-meta":"","astra-migrate-meta-layouts":"set","ast-page-background-enabled":"default","ast-page-background-meta":{"desktop":{"background-color":"","background-image":"","background-repeat":"repeat","background-position":"center center","background-size":"auto","background-attachment":"scroll","background-type":"","background-media":"","overlay-type":"","overlay-color":"","overlay-opacity":"","overlay-gradient":""},"tablet":{"background-color":"","background-image":"","background-repeat":"repeat","background-position":"center center","background-size":"auto","background-attachment":"scroll","background-type":"","background-media":"","overlay-type":"","overlay-color":"","overlay-opacity":"","overlay-gradient":""},"mobile":{"background-color":"","background-image":"","background-repeat":"repeat","background-position":"center center","background-size":"auto","background-attachment":"scroll","background-type":"","background-media":"","overlay-type":"","overlay-color":"","overlay-opacity":"","overlay-gradient":""}},"ast-content-background-meta":{"desktop":{"background-color":"var(--ast-global-color-5)","background-image":"","background-repeat":"repeat","background-position":"center center","background-size":"auto","background-attachment":"scroll","background-type":"","background-media":"","overlay-type":"","overlay-color":"","overlay-opacity":"","overlay-gradient":""},"tablet":{"background-color":"var(--ast-global-color-5)","background-image":"","background-repeat":"repeat","background-position":"center center","background-size":"auto","background-attachment":"scroll","background-type":"","background-media":"","overlay-type":"","overlay-color":"","overlay-opacity":"","overlay-gradient":""},"mobile":{"background-color":"var(--ast-global-color-5)","background-image":"","background-repeat":"repeat","background-position":"center center","background-size":"auto","background-attachment":"scroll","background-type":"","background-media":"","overlay-type":"","overlay-color":"","overlay-opacity":"","overlay-gradient":""}}},"product_brand":[],"product_cat":[75],"product_tag":[],"class_list":{"0":"post-3528","1":"product","2":"type-product","3":"status-publish","4":"has-post-thumbnail","6":"product_cat-normal-cnc-router","7":"desktop-align-left","8":"tablet-align-left","9":"mobile-align-left","10":"ast-product-gallery-layout-horizontal-slider","11":"ast-product-gallery-with-no-image","12":"ast-magnify-disabled","13":"ast-product-tabs-layout-distributed","15":"first","16":"instock","17":"shipping-taxable","18":"product-type-simple"},"uagb_featured_image_src":{"full":["https:\/\/www.queencncmachinery.com\/wp-content\/uploads\/2025\/11\/Photo-16.jpg",960,720,false],"thumbnail":["https:\/\/www.queencncmachinery.com\/wp-content\/uploads\/2025\/11\/Photo-16-150x150.jpg",150,150,true],"medium":["https:\/\/www.queencncmachinery.com\/wp-content\/uploads\/2025\/11\/Photo-16-300x225.jpg",300,225,true],"medium_large":["https:\/\/www.queencncmachinery.com\/wp-content\/uploads\/2025\/11\/Photo-16-768x576.jpg",768,576,true],"large":["https:\/\/www.queencncmachinery.com\/wp-content\/uploads\/2025\/11\/Photo-16.jpg",960,720,false],"1536x1536":["https:\/\/www.queencncmachinery.com\/wp-content\/uploads\/2025\/11\/Photo-16.jpg",960,720,false],"2048x2048":["https:\/\/www.queencncmachinery.com\/wp-content\/uploads\/2025\/11\/Photo-16.jpg",960,720,false],"trp-custom-language-flag":["https:\/\/www.queencncmachinery.com\/wp-content\/uploads\/2025\/11\/Photo-16-16x12.jpg",16,12,true],"woocommerce_thumbnail":["https:\/\/www.queencncmachinery.com\/wp-content\/uploads\/2025\/11\/Photo-16-800x600.jpg",800,600,true],"woocommerce_single":["https:\/\/www.queencncmachinery.com\/wp-content\/uploads\/2025\/11\/Photo-16-800x600.jpg",800,600,true],"woocommerce_gallery_thumbnail":["https:\/\/www.queencncmachinery.com\/wp-content\/uploads\/2025\/11\/Photo-16-100x100.jpg",100,100,true]},"uagb_author_info":{"display_name":"jinxing6611@gmail.com","author_link":"https:\/\/www.queencncmachinery.com\/pt\/author\/"},"uagb_comment_info":0,"uagb_excerpt":"Description &amp; Specifications: X Working Area 600mm Y Working Area 1200mm Z Working Area 200mm Rotary Axis 100*800mm Traveling Positioning Accuracy \u00b10.05mm Repositioning Positioning Accuracy \u00b10.02mm X,Y ,Z Structure ball screw Max. Power Consumption(Without spindle) 2KW Max. Rapid Travel Rate 35m\/min Max. Working Speed 25m\/min Spindle 2.2kw water\u00a0cooled spindle Spindle Speed 0-24000rpm Drive Motor Stepper&hellip;","_links":{"self":[{"href":"https:\/\/www.queencncmachinery.com\/pt\/wp-json\/wp\/v2\/product\/3528","targetHints":{"allow":["GET"]}}],"collection":[{"href":"https:\/\/www.queencncmachinery.com\/pt\/wp-json\/wp\/v2\/product"}],"about":[{"href":"https:\/\/www.queencncmachinery.com\/pt\/wp-json\/wp\/v2\/types\/product"}],"replies":[{"embeddable":true,"href":"https:\/\/www.queencncmachinery.com\/pt\/wp-json\/wp\/v2\/comments?post=3528"}],"wp:featuredmedia":[{"embeddable":true,"href":"https:\/\/www.queencncmachinery.com\/pt\/wp-json\/wp\/v2\/media\/3531"}],"wp:attachment":[{"href":"https:\/\/www.queencncmachinery.com\/pt\/wp-json\/wp\/v2\/media?parent=3528"}],"wp:term":[{"taxonomy":"product_brand","embeddable":true,"href":"https:\/\/www.queencncmachinery.com\/pt\/wp-json\/wp\/v2\/product_brand?post=3528"},{"taxonomy":"product_cat","embeddable":true,"href":"https:\/\/www.queencncmachinery.com\/pt\/wp-json\/wp\/v2\/product_cat?post=3528"},{"taxonomy":"product_tag","embeddable":true,"href":"https:\/\/www.queencncmachinery.com\/pt\/wp-json\/wp\/v2\/product_tag?post=3528"}],"curies":[{"name":"wp","href":"https:\/\/api.w.org\/{rel}","templated":true}]}}