{"id":3489,"date":"2025-11-04T12:55:03","date_gmt":"2025-11-04T12:55:03","guid":{"rendered":"https:\/\/www.queencncmachinery.com\/?post_type=product&#038;p=3489"},"modified":"2025-11-19T05:50:33","modified_gmt":"2025-11-19T05:50:33","slug":"qn2030c-atc-cnc-with-drilling-bank","status":"publish","type":"product","link":"https:\/\/www.queencncmachinery.com\/pt\/produto\/qn2030c-atc-cnc-with-drilling-bank\/","title":{"rendered":"QN2030C ATC CNC com banco de perfura\u00e7\u00e3o"},"content":{"rendered":"<div class=\"ast-oembed-container\" style=\"height: 100%;\"><iframe title=\"Nesting cnc router with drilling (vertical drilling and horizontal drilling)\" width=\"500\" height=\"281\" src=\"https:\/\/www.youtube.com\/embed\/6q5GSX2M70c?feature=oembed\" frameborder=\"0\" allow=\"accelerometer; autoplay; clipboard-write; encrypted-media; gyroscope; picture-in-picture; web-share\" referrerpolicy=\"strict-origin-when-cross-origin\" allowfullscreen><\/iframe><\/div>\n<table>\n<tbody>\n<tr>\n<td width=\"243\">Modelo<\/td>\n<td width=\"398\">QN2030C<\/td>\n<\/tr>\n<tr>\n<td width=\"243\">\u00c1rea de trabalho do eixo X\uff0cY\uff0cZ<\/td>\n<td width=\"398\">2000*3000*200mm<\/td>\n<\/tr>\n<tr>\n<td width=\"243\">Carril de guia<\/td>\n<td width=\"398\">T-Win 30 Square guide linear rail from taiwan<\/td>\n<\/tr>\n<tr>\n<td width=\"243\">Estrutura X,Y<\/td>\n<td width=\"398\">Transmiss\u00e3o de cremalheira e pinh\u00e3o de alta precis\u00e3o<\/td>\n<\/tr>\n<tr>\n<td width=\"243\">Eixo Z<\/td>\n<td width=\"398\">TBI 2510 ball screw<\/td>\n<\/tr>\n<tr>\n<td width=\"243\">Sistema de controlo<\/td>\n<td width=\"398\">Syntec\u00a0control<\/td>\n<\/tr>\n<tr>\n<td width=\"243\">Toda a estrutura<\/td>\n<td width=\"398\">Steel\u00a0Welded<\/td>\n<\/tr>\n<tr>\n<td width=\"243\">Drilling Bank<\/td>\n<td width=\"398\">5+4 or 7+4 or 12+4<\/td>\n<\/tr>\n<tr>\n<td width=\"243\">Max.\u00a0Moving \u00a0speed<\/td>\n<td width=\"398\">70m\/min<\/td>\n<\/tr>\n<tr>\n<td width=\"243\">Resolu\u00e7\u00e3o<\/td>\n<td width=\"398\">0,01mm<\/td>\n<\/tr>\n<tr>\n<td width=\"243\">Exatid\u00e3o do processamento<\/td>\n<td width=\"398\">&lt;0,05mm<\/td>\n<\/tr>\n<tr>\n<td width=\"243\">Suporte de madeira<\/td>\n<td width=\"398\">Vacuum table<\/td>\n<\/tr>\n<tr>\n<td width=\"243\">Software competitivo<\/td>\n<td width=\"398\">AutoCAD,Artcam,Photoshop,Type3,Artcut,Ucancam,powermill<\/td>\n<\/tr>\n<tr>\n<td width=\"243\">Gr\u00e1fico em formato Imagine<\/td>\n<td width=\"398\">BMP,GIF,JPGE,PCX,TGA,TIFF,PTLCDR,DMG,DXF<\/td>\n<\/tr>\n<tr>\n<td width=\"243\">Spindle power (you can choose)<\/td>\n<td width=\"398\">9kw HQD ATC spindle<\/td>\n<\/tr>\n<tr>\n<td width=\"243\">Velocidade de rota\u00e7\u00e3o do fuso<\/td>\n<td width=\"398\">6000-24000rmp\/min<\/td>\n<\/tr>\n<tr>\n<td width=\"243\">Revista de ferramentas<\/td>\n<td width=\"398\">12 pieces of cutters<\/td>\n<\/tr>\n<tr>\n<td width=\"243\">Di\u00e2metro do cortador<\/td>\n<td width=\"398\">\u03c63.175~\u03c620<\/td>\n<\/tr>\n<tr>\n<td width=\"243\">Sistema de condu\u00e7\u00e3o<\/td>\n<td width=\"398\">Sistema servo Leadshine<\/td>\n<\/tr>\n<tr>\n<td width=\"243\">L\u00edngua de trabalho<\/td>\n<td width=\"398\">C\u00f3digo G, plt, mmg, uoo, bmp, F\/S<\/td>\n<\/tr>\n<tr>\n<td width=\"243\">Tens\u00e3o de funcionamento<\/td>\n<td width=\"398\">AC380V\/50Hz<\/td>\n<\/tr>\n<tr>\n<td width=\"243\">Ambiente de funcionamento<\/td>\n<td width=\"398\">Temperature:0-45;Humidity:30%~70%<\/td>\n<\/tr>\n<tr>\n<td width=\"243\">Com pe\u00e7as opcionais<\/td>\n<td width=\"398\">Vacuum worktable<\/td>\n<\/tr>\n<tr>\n<td width=\"243\">Pe\u00e7as de m\u00e1quinas<\/td>\n<td width=\"398\">9kw air\u00a0HQD ATC cooled spindle<\/p>\n<p>1.5KW Leadshine servo motor and driver<\/p>\n<p>Syntec control system<\/p>\n<p>5+4 Drilling<\/p>\n<p>Taiwan30\u00a0squarer guide rail<\/p>\n<p>11KW fuling inverter equipment<\/p>\n<p>Sistema autom\u00e1tico de lubrifica\u00e7\u00e3o a \u00f3leo<\/p>\n<p>medi\u00e7\u00e3o autom\u00e1tica de ferramentas<\/p>\n<p>12 porta-ferramentas e pin\u00e7as<\/p>\n<p>2PCS of 7.5KW air vacuum pump<\/p>\n<p>5.5KW dust collector<\/p>\n<p>caixa de controlo\/chave\/escova<\/td>\n<\/tr>\n<\/tbody>\n<\/table>","protected":false},"excerpt":{"rendered":"<p>Model QN2030C X\uff0cY\uff0cZ axis working area 2000*3000*200mm Guide rail T-Win 30 Square guide linear rail from taiwan X,Y structure High-precision rack and pinion transmission Z axis TBI 2510 ball screw Control system Syntec\u00a0control Whole structure Steel\u00a0Welded Drilling Bank 5+4 or 7+4 or 12+4 Max.\u00a0Moving \u00a0speed 70m\/min Resolution 0.01mm Processing accuracy &lt;0.05mm Wood holding Vacuum table [&hellip;]<\/p>","protected":false},"featured_media":3492,"comment_status":"open","ping_status":"closed","template":"","meta":{"_seopress_robots_primary_cat":"none","_seopress_titles_title":"","_seopress_titles_desc":"","_seopress_robots_index":"","_uag_custom_page_level_css":"","site-sidebar-layout":"default","site-content-layout":"","ast-site-content-layout":"default","site-content-style":"default","site-sidebar-style":"default","ast-global-header-display":"","ast-banner-title-visibility":"","ast-main-header-display":"","ast-hfb-above-header-display":"","ast-hfb-below-header-display":"","ast-hfb-mobile-header-display":"","site-post-title":"","ast-breadcrumbs-content":"","ast-featured-img":"","footer-sml-layout":"","ast-disable-related-posts":"","theme-transparent-header-meta":"default","adv-header-id-meta":"","stick-header-meta":"default","header-above-stick-meta":"","header-main-stick-meta":"","header-below-stick-meta":"","astra-migrate-meta-layouts":"set","ast-page-background-enabled":"default","ast-page-background-meta":{"desktop":{"background-color":"","background-image":"","background-repeat":"repeat","background-position":"center center","background-size":"auto","background-attachment":"scroll","background-type":"","background-media":"","overlay-type":"","overlay-color":"","overlay-opacity":"","overlay-gradient":""},"tablet":{"background-color":"","background-image":"","background-repeat":"repeat","background-position":"center center","background-size":"auto","background-attachment":"scroll","background-type":"","background-media":"","overlay-type":"","overlay-color":"","overlay-opacity":"","overlay-gradient":""},"mobile":{"background-color":"","background-image":"","background-repeat":"repeat","background-position":"center center","background-size":"auto","background-attachment":"scroll","background-type":"","background-media":"","overlay-type":"","overlay-color":"","overlay-opacity":"","overlay-gradient":""}},"ast-content-background-meta":{"desktop":{"background-color":"var(--ast-global-color-5)","background-image":"","background-repeat":"repeat","background-position":"center center","background-size":"auto","background-attachment":"scroll","background-type":"","background-media":"","overlay-type":"","overlay-color":"","overlay-opacity":"","overlay-gradient":""},"tablet":{"background-color":"var(--ast-global-color-5)","background-image":"","background-repeat":"repeat","background-position":"center center","background-size":"auto","background-attachment":"scroll","background-type":"","background-media":"","overlay-type":"","overlay-color":"","overlay-opacity":"","overlay-gradient":""},"mobile":{"background-color":"var(--ast-global-color-5)","background-image":"","background-repeat":"repeat","background-position":"center center","background-size":"auto","background-attachment":"scroll","background-type":"","background-media":"","overlay-type":"","overlay-color":"","overlay-opacity":"","overlay-gradient":""}}},"product_brand":[],"product_cat":[74],"product_tag":[],"class_list":{"0":"post-3489","1":"product","2":"type-product","3":"status-publish","4":"has-post-thumbnail","6":"product_cat-atc-cnc-router","7":"desktop-align-left","8":"tablet-align-left","9":"mobile-align-left","10":"ast-product-gallery-layout-horizontal-slider","11":"ast-product-gallery-with-no-image","12":"ast-magnify-disabled","13":"ast-product-tabs-layout-distributed","15":"first","16":"instock","17":"shipping-taxable","18":"product-type-simple"},"uagb_featured_image_src":{"full":["https:\/\/www.queencncmachinery.com\/wp-content\/uploads\/2025\/11\/Photos-1.jpg",1280,720,false],"thumbnail":["https:\/\/www.queencncmachinery.com\/wp-content\/uploads\/2025\/11\/Photos-1-150x150.jpg",150,150,true],"medium":["https:\/\/www.queencncmachinery.com\/wp-content\/uploads\/2025\/11\/Photos-1-300x169.jpg",300,169,true],"medium_large":["https:\/\/www.queencncmachinery.com\/wp-content\/uploads\/2025\/11\/Photos-1-768x432.jpg",768,432,true],"large":["https:\/\/www.queencncmachinery.com\/wp-content\/uploads\/2025\/11\/Photos-1-1024x576.jpg",1024,576,true],"1536x1536":["https:\/\/www.queencncmachinery.com\/wp-content\/uploads\/2025\/11\/Photos-1.jpg",1280,720,false],"2048x2048":["https:\/\/www.queencncmachinery.com\/wp-content\/uploads\/2025\/11\/Photos-1.jpg",1280,720,false],"trp-custom-language-flag":["https:\/\/www.queencncmachinery.com\/wp-content\/uploads\/2025\/11\/Photos-1-18x10.jpg",18,10,true],"woocommerce_thumbnail":["https:\/\/www.queencncmachinery.com\/wp-content\/uploads\/2025\/11\/Photos-1-800x450.jpg",800,450,true],"woocommerce_single":["https:\/\/www.queencncmachinery.com\/wp-content\/uploads\/2025\/11\/Photos-1-800x450.jpg",800,450,true],"woocommerce_gallery_thumbnail":["https:\/\/www.queencncmachinery.com\/wp-content\/uploads\/2025\/11\/Photos-1-100x100.jpg",100,100,true]},"uagb_author_info":{"display_name":"jinxing6611@gmail.com","author_link":"https:\/\/www.queencncmachinery.com\/pt\/author\/"},"uagb_comment_info":0,"uagb_excerpt":"Model QN2030C X\uff0cY\uff0cZ axis working area 2000*3000*200mm Guide rail T-Win 30 Square guide linear rail from taiwan X,Y structure High-precision rack and pinion transmission Z axis TBI 2510 ball screw Control system Syntec\u00a0control Whole structure Steel\u00a0Welded Drilling Bank 5+4 or 7+4 or 12+4 Max.\u00a0Moving \u00a0speed 70m\/min Resolution 0.01mm Processing accuracy &lt;0.05mm Wood holding Vacuum table&hellip;","_links":{"self":[{"href":"https:\/\/www.queencncmachinery.com\/pt\/wp-json\/wp\/v2\/product\/3489","targetHints":{"allow":["GET"]}}],"collection":[{"href":"https:\/\/www.queencncmachinery.com\/pt\/wp-json\/wp\/v2\/product"}],"about":[{"href":"https:\/\/www.queencncmachinery.com\/pt\/wp-json\/wp\/v2\/types\/product"}],"replies":[{"embeddable":true,"href":"https:\/\/www.queencncmachinery.com\/pt\/wp-json\/wp\/v2\/comments?post=3489"}],"wp:featuredmedia":[{"embeddable":true,"href":"https:\/\/www.queencncmachinery.com\/pt\/wp-json\/wp\/v2\/media\/3492"}],"wp:attachment":[{"href":"https:\/\/www.queencncmachinery.com\/pt\/wp-json\/wp\/v2\/media?parent=3489"}],"wp:term":[{"taxonomy":"product_brand","embeddable":true,"href":"https:\/\/www.queencncmachinery.com\/pt\/wp-json\/wp\/v2\/product_brand?post=3489"},{"taxonomy":"product_cat","embeddable":true,"href":"https:\/\/www.queencncmachinery.com\/pt\/wp-json\/wp\/v2\/product_cat?post=3489"},{"taxonomy":"product_tag","embeddable":true,"href":"https:\/\/www.queencncmachinery.com\/pt\/wp-json\/wp\/v2\/product_tag?post=3489"}],"curies":[{"name":"wp","href":"https:\/\/api.w.org\/{rel}","templated":true}]}}