{"id":3418,"date":"2025-11-04T12:38:34","date_gmt":"2025-11-04T12:38:34","guid":{"rendered":"https:\/\/www.queencncmachinery.com\/?post_type=product&#038;p=3418"},"modified":"2025-11-04T12:38:53","modified_gmt":"2025-11-04T12:38:53","slug":"atc-cnc-with-side-drilling-spindle","status":"publish","type":"product","link":"https:\/\/www.queencncmachinery.com\/pt\/produto\/atc-cnc-with-side-drilling-spindle\/","title":{"rendered":"ATC CNC com fuso de perfura\u00e7\u00e3o lateral"},"content":{"rendered":"<table>\n<tbody>\n<tr>\n<td width=\"266\">Modelo (op\u00e7\u00e3o)<\/td>\n<td width=\"415\">QN1530H<\/td>\n<\/tr>\n<tr>\n<td width=\"266\">\u00c1rea de trabalho do eixo X\uff0cY\uff0cZ<\/td>\n<td width=\"415\">1500*3000*250mm<\/td>\n<\/tr>\n<tr>\n<td width=\"266\">Carril de guia<\/td>\n<td width=\"415\">Taiwan T-Win 30 Trilho linear de guia quadrada<\/td>\n<\/tr>\n<tr>\n<td width=\"266\">Estrutura X,Y<\/td>\n<td width=\"415\">Transmiss\u00e3o de cremalheira e pinh\u00e3o de alta precis\u00e3o<\/td>\n<\/tr>\n<tr>\n<td width=\"266\">Eixo Z<\/td>\n<td width=\"415\">fuso de esferas<\/td>\n<\/tr>\n<tr>\n<td width=\"266\">Sistema de controlo<\/td>\n<td width=\"415\">Sistema de controlo NK280B\/LNC\/SYNTEC<\/td>\n<\/tr>\n<tr>\n<td width=\"266\">Toda a estrutura<\/td>\n<td width=\"415\">A\u00e7o soldado<\/td>\n<\/tr>\n<tr>\n<td width=\"266\">Velocidade m\u00e1xima r\u00e1pida<\/td>\n<td width=\"415\">60m\/min<\/td>\n<\/tr>\n<tr>\n<td width=\"266\">Resolu\u00e7\u00e3o<\/td>\n<td width=\"415\">0,01mm<\/td>\n<\/tr>\n<tr>\n<td width=\"266\">Exatid\u00e3o do processamento<\/td>\n<td width=\"415\">&lt;0,05mm<\/td>\n<\/tr>\n<tr>\n<td width=\"266\">Suporte de madeira<\/td>\n<td width=\"415\">Absor\u00e7\u00e3o de v\u00e1cuo (por suc\u00e7\u00e3o)<\/td>\n<\/tr>\n<tr>\n<td width=\"266\">Software competitivo<\/td>\n<td width=\"415\">AutoCAD,Artcam,Photoshop,Type3,Artcut,Ucancam,powermill<\/td>\n<\/tr>\n<tr>\n<td width=\"266\">Gr\u00e1fico em formato Imagine<\/td>\n<td width=\"415\">BMP, GIF, JPGE, PCX, TGA, TIFF, PTLCDR, DMG, DXF,<\/td>\n<\/tr>\n<tr>\n<td width=\"266\">Pot\u00eancia do fuso<\/td>\n<td width=\"415\">Fuso de refrigera\u00e7\u00e3o a ar de 9kw atc<\/td>\n<\/tr>\n<tr>\n<td width=\"266\">Velocidade de rota\u00e7\u00e3o do fuso<\/td>\n<td width=\"415\">6000-24000rmp\/min<\/td>\n<\/tr>\n<tr>\n<td width=\"266\">Revista de ferramentas<\/td>\n<td width=\"415\">Sistema linear ATC, com 8 pe\u00e7as de corte<\/td>\n<\/tr>\n<tr>\n<td width=\"266\">Di\u00e2metro do cortador<\/td>\n<td width=\"415\">\u03c63.175~\u03c625<\/td>\n<\/tr>\n<tr>\n<td width=\"266\">Sistema de condu\u00e7\u00e3o<\/td>\n<td width=\"415\">sistema servo<\/td>\n<\/tr>\n<tr>\n<td width=\"266\">L\u00edngua de trabalho<\/td>\n<td width=\"415\">C\u00f3digo G, plt, mmg, uoo, bmp, F\/S<\/td>\n<\/tr>\n<tr>\n<td width=\"266\">Tens\u00e3o de funcionamento<\/td>\n<td width=\"415\">3 fases 220V ou 380V\/50HZ<\/td>\n<\/tr>\n<tr>\n<td width=\"266\">Ambiente de funcionamento<\/td>\n<td width=\"415\">Temperature:0-45;Humidity:30%~70%<\/td>\n<\/tr>\n<tr>\n<td width=\"266\">Com pe\u00e7as opcionais<\/td>\n<td width=\"415\">Mesa de trabalho de v\u00e1cuo, coletor de p\u00f3<\/td>\n<\/tr>\n<\/tbody>\n<\/table>","protected":false},"excerpt":{"rendered":"<p>Model (option) QN1530H X\uff0cY\uff0cZ axis working area 1500*3000*250mm Guide rail Taiwan T-Win 30 Square guide linear rail X,Y structure High-precision rack and pinion transmission Z axis ball screw Control system NK280B control system\/LNC\/SYNTEC Whole structure Welded\u00a0steel Max.Rapid speed 60m\/min Resolution 0.01mm Processing accuracy &lt;0.05mm Wood holding Vacuum absorption(by suction) Competitive software AutoCAD,Artcam,Photoshop,Type3,Artcut,Ucancam,powermill Imagine format graphic [&hellip;]<\/p>","protected":false},"featured_media":3421,"comment_status":"open","ping_status":"closed","template":"","meta":{"_seopress_robots_primary_cat":"none","_seopress_titles_title":"","_seopress_titles_desc":"","_seopress_robots_index":"","_uag_custom_page_level_css":"","site-sidebar-layout":"default","site-content-layout":"","ast-site-content-layout":"default","site-content-style":"default","site-sidebar-style":"default","ast-global-header-display":"","ast-banner-title-visibility":"","ast-main-header-display":"","ast-hfb-above-header-display":"","ast-hfb-below-header-display":"","ast-hfb-mobile-header-display":"","site-post-title":"","ast-breadcrumbs-content":"","ast-featured-img":"","footer-sml-layout":"","ast-disable-related-posts":"","theme-transparent-header-meta":"default","adv-header-id-meta":"","stick-header-meta":"default","header-above-stick-meta":"","header-main-stick-meta":"","header-below-stick-meta":"","astra-migrate-meta-layouts":"set","ast-page-background-enabled":"default","ast-page-background-meta":{"desktop":{"background-color":"","background-image":"","background-repeat":"repeat","background-position":"center center","background-size":"auto","background-attachment":"scroll","background-type":"","background-media":"","overlay-type":"","overlay-color":"","overlay-opacity":"","overlay-gradient":""},"tablet":{"background-color":"","background-image":"","background-repeat":"repeat","background-position":"center center","background-size":"auto","background-attachment":"scroll","background-type":"","background-media":"","overlay-type":"","overlay-color":"","overlay-opacity":"","overlay-gradient":""},"mobile":{"background-color":"","background-image":"","background-repeat":"repeat","background-position":"center center","background-size":"auto","background-attachment":"scroll","background-type":"","background-media":"","overlay-type":"","overlay-color":"","overlay-opacity":"","overlay-gradient":""}},"ast-content-background-meta":{"desktop":{"background-color":"var(--ast-global-color-5)","background-image":"","background-repeat":"repeat","background-position":"center center","background-size":"auto","background-attachment":"scroll","background-type":"","background-media":"","overlay-type":"","overlay-color":"","overlay-opacity":"","overlay-gradient":""},"tablet":{"background-color":"var(--ast-global-color-5)","background-image":"","background-repeat":"repeat","background-position":"center center","background-size":"auto","background-attachment":"scroll","background-type":"","background-media":"","overlay-type":"","overlay-color":"","overlay-opacity":"","overlay-gradient":""},"mobile":{"background-color":"var(--ast-global-color-5)","background-image":"","background-repeat":"repeat","background-position":"center center","background-size":"auto","background-attachment":"scroll","background-type":"","background-media":"","overlay-type":"","overlay-color":"","overlay-opacity":"","overlay-gradient":""}}},"product_brand":[],"product_cat":[74],"product_tag":[],"class_list":{"0":"post-3418","1":"product","2":"type-product","3":"status-publish","4":"has-post-thumbnail","6":"product_cat-atc-cnc-router","7":"desktop-align-left","8":"tablet-align-left","9":"mobile-align-left","10":"ast-product-gallery-layout-horizontal-slider","11":"ast-magnify-disabled","12":"ast-product-tabs-layout-distributed","14":"first","15":"instock","16":"shipping-taxable","17":"product-type-simple"},"uagb_featured_image_src":{"full":["https:\/\/www.queencncmachinery.com\/wp-content\/uploads\/2025\/11\/Photo-4.jpg",800,521,false],"thumbnail":["https:\/\/www.queencncmachinery.com\/wp-content\/uploads\/2025\/11\/Photo-4-150x150.jpg",150,150,true],"medium":["https:\/\/www.queencncmachinery.com\/wp-content\/uploads\/2025\/11\/Photo-4-300x195.jpg",300,195,true],"medium_large":["https:\/\/www.queencncmachinery.com\/wp-content\/uploads\/2025\/11\/Photo-4-768x500.jpg",768,500,true],"large":["https:\/\/www.queencncmachinery.com\/wp-content\/uploads\/2025\/11\/Photo-4.jpg",800,521,false],"1536x1536":["https:\/\/www.queencncmachinery.com\/wp-content\/uploads\/2025\/11\/Photo-4.jpg",800,521,false],"2048x2048":["https:\/\/www.queencncmachinery.com\/wp-content\/uploads\/2025\/11\/Photo-4.jpg",800,521,false],"trp-custom-language-flag":["https:\/\/www.queencncmachinery.com\/wp-content\/uploads\/2025\/11\/Photo-4-18x12.jpg",18,12,true],"woocommerce_thumbnail":["https:\/\/www.queencncmachinery.com\/wp-content\/uploads\/2025\/11\/Photo-4.jpg",800,521,false],"woocommerce_single":["https:\/\/www.queencncmachinery.com\/wp-content\/uploads\/2025\/11\/Photo-4.jpg",800,521,false],"woocommerce_gallery_thumbnail":["https:\/\/www.queencncmachinery.com\/wp-content\/uploads\/2025\/11\/Photo-4-100x100.jpg",100,100,true]},"uagb_author_info":{"display_name":"jinxing6611@gmail.com","author_link":"https:\/\/www.queencncmachinery.com\/pt\/author\/"},"uagb_comment_info":0,"uagb_excerpt":"Model (option) QN1530H X\uff0cY\uff0cZ axis working area 1500*3000*250mm Guide rail Taiwan T-Win 30 Square guide linear rail X,Y structure High-precision rack and pinion transmission Z axis ball screw Control system NK280B control system\/LNC\/SYNTEC Whole structure Welded\u00a0steel Max.Rapid speed 60m\/min Resolution 0.01mm Processing accuracy &lt;0.05mm Wood holding Vacuum absorption(by suction) Competitive software AutoCAD,Artcam,Photoshop,Type3,Artcut,Ucancam,powermill Imagine format graphic&hellip;","_links":{"self":[{"href":"https:\/\/www.queencncmachinery.com\/pt\/wp-json\/wp\/v2\/product\/3418","targetHints":{"allow":["GET"]}}],"collection":[{"href":"https:\/\/www.queencncmachinery.com\/pt\/wp-json\/wp\/v2\/product"}],"about":[{"href":"https:\/\/www.queencncmachinery.com\/pt\/wp-json\/wp\/v2\/types\/product"}],"replies":[{"embeddable":true,"href":"https:\/\/www.queencncmachinery.com\/pt\/wp-json\/wp\/v2\/comments?post=3418"}],"wp:featuredmedia":[{"embeddable":true,"href":"https:\/\/www.queencncmachinery.com\/pt\/wp-json\/wp\/v2\/media\/3421"}],"wp:attachment":[{"href":"https:\/\/www.queencncmachinery.com\/pt\/wp-json\/wp\/v2\/media?parent=3418"}],"wp:term":[{"taxonomy":"product_brand","embeddable":true,"href":"https:\/\/www.queencncmachinery.com\/pt\/wp-json\/wp\/v2\/product_brand?post=3418"},{"taxonomy":"product_cat","embeddable":true,"href":"https:\/\/www.queencncmachinery.com\/pt\/wp-json\/wp\/v2\/product_cat?post=3418"},{"taxonomy":"product_tag","embeddable":true,"href":"https:\/\/www.queencncmachinery.com\/pt\/wp-json\/wp\/v2\/product_tag?post=3418"}],"curies":[{"name":"wp","href":"https:\/\/api.w.org\/{rel}","templated":true}]}}