{"id":3400,"date":"2025-11-04T12:30:45","date_gmt":"2025-11-04T12:30:45","guid":{"rendered":"https:\/\/www.queencncmachinery.com\/?post_type=product&#038;p=3400"},"modified":"2025-11-04T12:31:35","modified_gmt":"2025-11-04T12:31:35","slug":"600mm-by-1200mm-mini-atc-cnc-router","status":"publish","type":"product","link":"https:\/\/www.queencncmachinery.com\/pt\/produto\/600mm-by-1200mm-mini-atc-cnc-router\/","title":{"rendered":"Mini Router CNC ATC de 600mm por 1200mm"},"content":{"rendered":"<table>\n<tbody>\n<tr>\n<td width=\"222\">Modelo (op\u00e7\u00e3o)<\/td>\n<td width=\"359\">QN6090L\/6012L<\/td>\n<\/tr>\n<tr>\n<td width=\"222\">\u00c1rea de trabalho do eixo X\uff0cY\uff0cZ<\/td>\n<td width=\"359\">600*900*200mm\/600*1200mm<\/td>\n<\/tr>\n<tr>\n<td width=\"222\">Carril de guia<\/td>\n<td width=\"359\">Taiwan 25 Carril linear de guia quadrada<\/td>\n<\/tr>\n<tr>\n<td width=\"222\">Estrutura X,Y<\/td>\n<td width=\"359\">Transmiss\u00e3o de cremalheira e pinh\u00e3o de alta precis\u00e3o<\/td>\n<\/tr>\n<tr>\n<td width=\"222\">Eixo Z<\/td>\n<td width=\"359\">fuso de esferas<\/td>\n<\/tr>\n<tr>\n<td width=\"222\">Sistema de controlo<\/td>\n<td width=\"359\">Sistema de controlo Mach3<\/td>\n<\/tr>\n<tr>\n<td width=\"222\">Toda a estrutura<\/td>\n<td width=\"359\">A\u00e7o fundido<\/td>\n<\/tr>\n<tr>\n<td width=\"222\">Velocidade m\u00e1xima de grava\u00e7\u00e3o<\/td>\n<td width=\"359\">30m\/min<\/td>\n<\/tr>\n<tr>\n<td width=\"222\">Velocidade m\u00e1xima de corte<\/td>\n<td width=\"359\">20m\/min<\/td>\n<\/tr>\n<tr>\n<td width=\"222\">Resolu\u00e7\u00e3o<\/td>\n<td width=\"359\">0,01mm<\/td>\n<\/tr>\n<tr>\n<td width=\"222\">Exatid\u00e3o do processamento<\/td>\n<td width=\"359\">&lt;0,05mm<\/td>\n<\/tr>\n<tr>\n<td width=\"222\">Suporte de madeira<\/td>\n<td width=\"359\">sem<\/td>\n<\/tr>\n<tr>\n<td width=\"222\">Software competitivo<\/td>\n<td width=\"359\">AutoCAD,Artcam,Photoshop,Type3,Artcut,Ucancam,powermill<\/td>\n<\/tr>\n<tr>\n<td width=\"222\">Gr\u00e1fico em formato Imagine<\/td>\n<td width=\"359\">BMP, GIF, JPGE, PCX, TGA, TIFF, PTLCDR, DMG, DXF,<\/td>\n<\/tr>\n<tr>\n<td width=\"222\">Pot\u00eancia do fuso<\/td>\n<td width=\"359\">Fuso de arrefecimento 9kw air atc<\/td>\n<\/tr>\n<tr>\n<td width=\"222\">Velocidade de rota\u00e7\u00e3o do fuso<\/td>\n<td width=\"359\">6000-24000rmp\/min<\/td>\n<\/tr>\n<tr>\n<td width=\"222\">Revista de ferramentas<\/td>\n<td width=\"359\">Sistema linear ATC, com 6 pe\u00e7as de corte<\/td>\n<\/tr>\n<tr>\n<td width=\"222\">Di\u00e2metro do cortador<\/td>\n<td width=\"359\">\u03c63.175~\u03c620<\/td>\n<\/tr>\n<tr>\n<td width=\"222\">Sistema de condu\u00e7\u00e3o<\/td>\n<td width=\"359\">sistema servo<\/td>\n<\/tr>\n<tr>\n<td width=\"222\">L\u00edngua de trabalho<\/td>\n<td width=\"359\">C\u00f3digo G, plt, mmg, uoo, bmp, F\/S<\/td>\n<\/tr>\n<tr>\n<td width=\"222\">Tens\u00e3o de funcionamento<\/td>\n<td width=\"359\">1 Fase 240V<\/td>\n<\/tr>\n<tr>\n<td width=\"222\">Ambiente de funcionamento<\/td>\n<td width=\"359\">Temperature:0-45;Humidity:30%~70%<\/td>\n<\/tr>\n<tr>\n<td width=\"222\">Pe\u00e7as de m\u00e1quinas<\/td>\n<td width=\"359\">Fuso de arrefecimento 9kw air atc<\/p>\n<p>Servomotor e controlador Leadshine<\/p>\n<p>Sistema de controlo Mach3<\/p>\n<p>Calha de guia mais quadrada de Taiwan25<\/p>\n<p>equipamento inversor<\/p>\n<p>Mesa de v\u00e1cuo com bomba de v\u00e1cuo de 7,5kw<\/p>\n<p>Sistema autom\u00e1tico de lubrifica\u00e7\u00e3o a \u00f3leo<\/p>\n<p>medi\u00e7\u00e3o autom\u00e1tica de ferramentas<\/p>\n<p>6 porta-ferramentas e pin\u00e7as<\/p>\n<p>caixa de controlo\/chave\/escova<\/p>\n<p>software de conce\u00e7\u00e3o<\/td>\n<\/tr>\n<\/tbody>\n<\/table>","protected":false},"excerpt":{"rendered":"<p>Model (option) QN6090L\/6012L X\uff0cY\uff0cZ axis working area 600*900*200mm\/600*1200mm Guide rail Taiwan 25 Square guide linear rail X,Y structure High-precision rack and pinion transmission Z axis ball screw Control system Mach3 control system Whole structure Cast steel Max.engraving speed 30m\/min Maxing cutting speed 20m\/min Resolution 0.01mm Processing accuracy &lt;0.05mm Wood holding without Competitive software AutoCAD,Artcam,Photoshop,Type3,Artcut,Ucancam,powermill Imagine [&hellip;]<\/p>","protected":false},"featured_media":3403,"comment_status":"open","ping_status":"closed","template":"","meta":{"_seopress_robots_primary_cat":"none","_seopress_titles_title":"","_seopress_titles_desc":"","_seopress_robots_index":"","_uag_custom_page_level_css":"","site-sidebar-layout":"default","site-content-layout":"","ast-site-content-layout":"default","site-content-style":"default","site-sidebar-style":"default","ast-global-header-display":"","ast-banner-title-visibility":"","ast-main-header-display":"","ast-hfb-above-header-display":"","ast-hfb-below-header-display":"","ast-hfb-mobile-header-display":"","site-post-title":"","ast-breadcrumbs-content":"","ast-featured-img":"","footer-sml-layout":"","ast-disable-related-posts":"","theme-transparent-header-meta":"default","adv-header-id-meta":"","stick-header-meta":"default","header-above-stick-meta":"","header-main-stick-meta":"","header-below-stick-meta":"","astra-migrate-meta-layouts":"set","ast-page-background-enabled":"default","ast-page-background-meta":{"desktop":{"background-color":"","background-image":"","background-repeat":"repeat","background-position":"center center","background-size":"auto","background-attachment":"scroll","background-type":"","background-media":"","overlay-type":"","overlay-color":"","overlay-opacity":"","overlay-gradient":""},"tablet":{"background-color":"","background-image":"","background-repeat":"repeat","background-position":"center center","background-size":"auto","background-attachment":"scroll","background-type":"","background-media":"","overlay-type":"","overlay-color":"","overlay-opacity":"","overlay-gradient":""},"mobile":{"background-color":"","background-image":"","background-repeat":"repeat","background-position":"center center","background-size":"auto","background-attachment":"scroll","background-type":"","background-media":"","overlay-type":"","overlay-color":"","overlay-opacity":"","overlay-gradient":""}},"ast-content-background-meta":{"desktop":{"background-color":"var(--ast-global-color-5)","background-image":"","background-repeat":"repeat","background-position":"center center","background-size":"auto","background-attachment":"scroll","background-type":"","background-media":"","overlay-type":"","overlay-color":"","overlay-opacity":"","overlay-gradient":""},"tablet":{"background-color":"var(--ast-global-color-5)","background-image":"","background-repeat":"repeat","background-position":"center center","background-size":"auto","background-attachment":"scroll","background-type":"","background-media":"","overlay-type":"","overlay-color":"","overlay-opacity":"","overlay-gradient":""},"mobile":{"background-color":"var(--ast-global-color-5)","background-image":"","background-repeat":"repeat","background-position":"center center","background-size":"auto","background-attachment":"scroll","background-type":"","background-media":"","overlay-type":"","overlay-color":"","overlay-opacity":"","overlay-gradient":""}}},"product_brand":[],"product_cat":[74],"product_tag":[],"class_list":{"0":"post-3400","1":"product","2":"type-product","3":"status-publish","4":"has-post-thumbnail","6":"product_cat-atc-cnc-router","7":"desktop-align-left","8":"tablet-align-left","9":"mobile-align-left","10":"ast-product-gallery-layout-horizontal-slider","11":"ast-magnify-disabled","12":"ast-product-tabs-layout-distributed","14":"first","15":"instock","16":"shipping-taxable","17":"product-type-simple"},"uagb_featured_image_src":{"full":["https:\/\/www.queencncmachinery.com\/wp-content\/uploads\/2025\/11\/Photo-1-scaled.jpg",2560,1920,false],"thumbnail":["https:\/\/www.queencncmachinery.com\/wp-content\/uploads\/2025\/11\/Photo-1-150x150.jpg",150,150,true],"medium":["https:\/\/www.queencncmachinery.com\/wp-content\/uploads\/2025\/11\/Photo-1-300x225.jpg",300,225,true],"medium_large":["https:\/\/www.queencncmachinery.com\/wp-content\/uploads\/2025\/11\/Photo-1-768x576.jpg",768,576,true],"large":["https:\/\/www.queencncmachinery.com\/wp-content\/uploads\/2025\/11\/Photo-1-1024x768.jpg",1024,768,true],"1536x1536":["https:\/\/www.queencncmachinery.com\/wp-content\/uploads\/2025\/11\/Photo-1-1536x1152.jpg",1536,1152,true],"2048x2048":["https:\/\/www.queencncmachinery.com\/wp-content\/uploads\/2025\/11\/Photo-1-2048x1536.jpg",2048,1536,true],"trp-custom-language-flag":["https:\/\/www.queencncmachinery.com\/wp-content\/uploads\/2025\/11\/Photo-1-16x12.jpg",16,12,true],"woocommerce_thumbnail":["https:\/\/www.queencncmachinery.com\/wp-content\/uploads\/2025\/11\/Photo-1-scaled-800x600.jpg",800,600,true],"woocommerce_single":["https:\/\/www.queencncmachinery.com\/wp-content\/uploads\/2025\/11\/Photo-1-scaled-800x600.jpg",800,600,true],"woocommerce_gallery_thumbnail":["https:\/\/www.queencncmachinery.com\/wp-content\/uploads\/2025\/11\/Photo-1-scaled-100x100.jpg",100,100,true]},"uagb_author_info":{"display_name":"jinxing6611@gmail.com","author_link":"https:\/\/www.queencncmachinery.com\/pt\/author\/"},"uagb_comment_info":0,"uagb_excerpt":"Model (option) QN6090L\/6012L X\uff0cY\uff0cZ axis working area 600*900*200mm\/600*1200mm Guide rail Taiwan 25 Square guide linear rail X,Y structure High-precision rack and pinion transmission Z axis ball screw Control system Mach3 control system Whole structure Cast steel Max.engraving speed 30m\/min Maxing cutting speed 20m\/min Resolution 0.01mm Processing accuracy &lt;0.05mm Wood holding without Competitive software AutoCAD,Artcam,Photoshop,Type3,Artcut,Ucancam,powermill Imagine&hellip;","_links":{"self":[{"href":"https:\/\/www.queencncmachinery.com\/pt\/wp-json\/wp\/v2\/product\/3400","targetHints":{"allow":["GET"]}}],"collection":[{"href":"https:\/\/www.queencncmachinery.com\/pt\/wp-json\/wp\/v2\/product"}],"about":[{"href":"https:\/\/www.queencncmachinery.com\/pt\/wp-json\/wp\/v2\/types\/product"}],"replies":[{"embeddable":true,"href":"https:\/\/www.queencncmachinery.com\/pt\/wp-json\/wp\/v2\/comments?post=3400"}],"wp:featuredmedia":[{"embeddable":true,"href":"https:\/\/www.queencncmachinery.com\/pt\/wp-json\/wp\/v2\/media\/3403"}],"wp:attachment":[{"href":"https:\/\/www.queencncmachinery.com\/pt\/wp-json\/wp\/v2\/media?parent=3400"}],"wp:term":[{"taxonomy":"product_brand","embeddable":true,"href":"https:\/\/www.queencncmachinery.com\/pt\/wp-json\/wp\/v2\/product_brand?post=3400"},{"taxonomy":"product_cat","embeddable":true,"href":"https:\/\/www.queencncmachinery.com\/pt\/wp-json\/wp\/v2\/product_cat?post=3400"},{"taxonomy":"product_tag","embeddable":true,"href":"https:\/\/www.queencncmachinery.com\/pt\/wp-json\/wp\/v2\/product_tag?post=3400"}],"curies":[{"name":"wp","href":"https:\/\/api.w.org\/{rel}","templated":true}]}}