{"id":3378,"date":"2025-11-04T12:18:34","date_gmt":"2025-11-04T12:18:34","guid":{"rendered":"https:\/\/www.queencncmachinery.com\/?post_type=product&#038;p=3378"},"modified":"2025-11-19T05:53:56","modified_gmt":"2025-11-19T05:53:56","slug":"4-by-8-feet-follow-style-atc-cnc-router","status":"publish","type":"product","link":"https:\/\/www.queencncmachinery.com\/pt\/produto\/4-by-8-feet-follow-style-atc-cnc-router\/","title":{"rendered":"Router CNC ATC de 4 por 8 p\u00e9s"},"content":{"rendered":"<div class=\"ast-oembed-container\" style=\"height: 100%;\"><iframe title=\"Apresentamos-lhe o nosso router cnc atc de alta precis\u00e3o\" width=\"500\" height=\"281\" src=\"https:\/\/www.youtube.com\/embed\/UvvXvRl_2f0?feature=oembed\" frameborder=\"0\" allow=\"accelerometer; autoplay; clipboard-write; encrypted-media; gyroscope; picture-in-picture; web-share\" referrerpolicy=\"strict-origin-when-cross-origin\" allowfullscreen><\/iframe><\/div>\n<p><strong><b>1.<\/b><\/strong><strong><b>Controlador LNC,<\/b><\/strong>\u00c9 um ecr\u00e3 grande, controlador amig\u00e1vel que \u00e9 f\u00e1cil de operar, amplamente utilizado para router cnc, e suporta o modo de porta e arm\u00e1rio para mudar.<\/p>\n<p>2.<strong><b>Magazine de ferramentas lineares,<\/b><\/strong>pode escolher no m\u00e1ximo 16 pe\u00e7as, e move-se com o p\u00f3rtico, eficiente para o trocador de ferramentas.<\/p>\n<p>3.<strong><b>O fuso HQD \u00e9 amplamente utilizado,<\/b><\/strong>\u00a0muito bom desempenho, adequado para uma produ\u00e7\u00e3o prolongada na linha de processamento e de f\u00e1cil manuten\u00e7\u00e3o<\/p>\n<table>\n<tbody>\n<tr>\n<td width=\"266\">Modelo (op\u00e7\u00e3o)<\/td>\n<td width=\"415\">QN1325L<\/td>\n<\/tr>\n<tr>\n<td width=\"266\">\u00c1rea de trabalho do eixo X\uff0cY\uff0cZ<\/td>\n<td width=\"415\">1300*2500*200mm<\/td>\n<\/tr>\n<tr>\n<td width=\"266\">Carril de guia<\/td>\n<td width=\"415\">Taiwan30 Calha linear de guia quadrada<\/td>\n<\/tr>\n<tr>\n<td width=\"266\">Estrutura X,Y<\/td>\n<td width=\"415\">Transmiss\u00e3o de cremalheira e pinh\u00e3o de alta precis\u00e3o<\/td>\n<\/tr>\n<tr>\n<td width=\"266\">Eixo Z<\/td>\n<td width=\"415\">fuso de esferas<\/td>\n<\/tr>\n<tr>\n<td width=\"266\">Sistema de controlo<\/td>\n<td width=\"415\">Sistema de controlo LNC<\/td>\n<\/tr>\n<tr>\n<td width=\"266\">Toda a estrutura<\/td>\n<td width=\"415\">A\u00e7o fundido<\/td>\n<\/tr>\n<tr>\n<td width=\"266\">\\Velocidade m\u00e1xima de grava\u00e7\u00e3o<\/td>\n<td width=\"415\">30m\/min<\/td>\n<\/tr>\n<tr>\n<td width=\"266\">Velocidade m\u00e1xima de corte<\/td>\n<td width=\"415\">20m\/min<\/td>\n<\/tr>\n<tr>\n<td width=\"266\">Resolu\u00e7\u00e3o<\/td>\n<td width=\"415\">0,01mm<\/td>\n<\/tr>\n<tr>\n<td width=\"266\">Exatid\u00e3o do processamento<\/td>\n<td width=\"415\">&lt;0,05mm<\/td>\n<\/tr>\n<tr>\n<td width=\"266\">Suporte de madeira<\/td>\n<td width=\"415\">Absor\u00e7\u00e3o de v\u00e1cuo (por suc\u00e7\u00e3o)<\/td>\n<\/tr>\n<tr>\n<td width=\"266\">Software competitivo<\/td>\n<td width=\"415\">AutoCAD,Artcam,Photoshop,Type3,Artcut,Ucancam,powermill<\/td>\n<\/tr>\n<tr>\n<td width=\"266\">Gr\u00e1fico em formato Imagine<\/td>\n<td width=\"415\">BMP, GIF, JPGE, PCX, TGA, TIFF, PTLCDR, DMG, DXF,<\/td>\n<\/tr>\n<tr>\n<td width=\"266\">Pot\u00eancia do fuso<\/td>\n<td width=\"415\">Eixo de refrigera\u00e7\u00e3o a ar 9KW HQD ATC<\/td>\n<\/tr>\n<tr>\n<td width=\"266\">Velocidade de rota\u00e7\u00e3o do fuso<\/td>\n<td width=\"415\">6000-24000rmp\/min<\/td>\n<\/tr>\n<tr>\n<td width=\"266\">Revista de ferramentas<\/td>\n<td width=\"415\">Sistema linear ATC, com 12 pe\u00e7as de corte<\/td>\n<\/tr>\n<tr>\n<td width=\"266\">Di\u00e2metro do cortador<\/td>\n<td width=\"415\">\u03c63.175~\u03c620<\/td>\n<\/tr>\n<tr>\n<td width=\"266\">Sistema de condu\u00e7\u00e3o<\/td>\n<td width=\"415\">Sistema servo Leadshine<\/td>\n<\/tr>\n<tr>\n<td width=\"266\">L\u00edngua de trabalho<\/td>\n<td width=\"415\">C\u00f3digo G, plt, mmg, uoo, bmp, F\/S<\/td>\n<\/tr>\n<tr>\n<td width=\"266\">Tens\u00e3o de funcionamento<\/td>\n<td width=\"415\">AC380V\/50Hz ou 220V<\/td>\n<\/tr>\n<tr>\n<td width=\"266\">Ambiente de funcionamento<\/td>\n<td width=\"415\">Temperature:0-45;Humidity:30%~70%<\/td>\n<\/tr>\n<tr>\n<td width=\"266\">Com pe\u00e7as opcionais<\/td>\n<td width=\"415\">Mesa de trabalho de v\u00e1cuo, coletor de p\u00f3<\/td>\n<\/tr>\n<\/tbody>\n<\/table>","protected":false},"excerpt":{"rendered":"<p>1.LNC controller,it is big screen,friendly controller which is easy to operate,widely used for cnc router,and support door and cabinet mode to change. 2.Linear tool magazine,can choose max 16 pcs,and it moves with gantry,efficient for tool changer. 3.HQD spindle is widely used,\u00a0very good performance, fit for long time producing in the processing line and easy maintain [&hellip;]<\/p>","protected":false},"featured_media":3381,"comment_status":"open","ping_status":"closed","template":"","meta":{"_seopress_robots_primary_cat":"none","_seopress_titles_title":"","_seopress_titles_desc":"","_seopress_robots_index":"","_uag_custom_page_level_css":"","site-sidebar-layout":"default","site-content-layout":"","ast-site-content-layout":"default","site-content-style":"default","site-sidebar-style":"default","ast-global-header-display":"","ast-banner-title-visibility":"","ast-main-header-display":"","ast-hfb-above-header-display":"","ast-hfb-below-header-display":"","ast-hfb-mobile-header-display":"","site-post-title":"","ast-breadcrumbs-content":"","ast-featured-img":"","footer-sml-layout":"","ast-disable-related-posts":"","theme-transparent-header-meta":"default","adv-header-id-meta":"","stick-header-meta":"default","header-above-stick-meta":"","header-main-stick-meta":"","header-below-stick-meta":"","astra-migrate-meta-layouts":"set","ast-page-background-enabled":"default","ast-page-background-meta":{"desktop":{"background-color":"","background-image":"","background-repeat":"repeat","background-position":"center center","background-size":"auto","background-attachment":"scroll","background-type":"","background-media":"","overlay-type":"","overlay-color":"","overlay-opacity":"","overlay-gradient":""},"tablet":{"background-color":"","background-image":"","background-repeat":"repeat","background-position":"center center","background-size":"auto","background-attachment":"scroll","background-type":"","background-media":"","overlay-type":"","overlay-color":"","overlay-opacity":"","overlay-gradient":""},"mobile":{"background-color":"","background-image":"","background-repeat":"repeat","background-position":"center center","background-size":"auto","background-attachment":"scroll","background-type":"","background-media":"","overlay-type":"","overlay-color":"","overlay-opacity":"","overlay-gradient":""}},"ast-content-background-meta":{"desktop":{"background-color":"var(--ast-global-color-5)","background-image":"","background-repeat":"repeat","background-position":"center center","background-size":"auto","background-attachment":"scroll","background-type":"","background-media":"","overlay-type":"","overlay-color":"","overlay-opacity":"","overlay-gradient":""},"tablet":{"background-color":"var(--ast-global-color-5)","background-image":"","background-repeat":"repeat","background-position":"center center","background-size":"auto","background-attachment":"scroll","background-type":"","background-media":"","overlay-type":"","overlay-color":"","overlay-opacity":"","overlay-gradient":""},"mobile":{"background-color":"var(--ast-global-color-5)","background-image":"","background-repeat":"repeat","background-position":"center center","background-size":"auto","background-attachment":"scroll","background-type":"","background-media":"","overlay-type":"","overlay-color":"","overlay-opacity":"","overlay-gradient":""}}},"product_brand":[],"product_cat":[74],"product_tag":[],"class_list":{"0":"post-3378","1":"product","2":"type-product","3":"status-publish","4":"has-post-thumbnail","6":"product_cat-atc-cnc-router","7":"desktop-align-left","8":"tablet-align-left","9":"mobile-align-left","10":"ast-product-gallery-layout-horizontal-slider","11":"ast-magnify-disabled","12":"ast-product-tabs-layout-distributed","14":"first","15":"instock","16":"shipping-taxable","17":"product-type-simple"},"uagb_featured_image_src":{"full":["https:\/\/www.queencncmachinery.com\/wp-content\/uploads\/2025\/11\/\u5fae\u4fe1\u56fe\u7247_20240704111916.jpg",1280,1280,false],"thumbnail":["https:\/\/www.queencncmachinery.com\/wp-content\/uploads\/2025\/11\/\u5fae\u4fe1\u56fe\u7247_20240704111916-150x150.jpg",150,150,true],"medium":["https:\/\/www.queencncmachinery.com\/wp-content\/uploads\/2025\/11\/\u5fae\u4fe1\u56fe\u7247_20240704111916-300x300.jpg",300,300,true],"medium_large":["https:\/\/www.queencncmachinery.com\/wp-content\/uploads\/2025\/11\/\u5fae\u4fe1\u56fe\u7247_20240704111916-768x768.jpg",768,768,true],"large":["https:\/\/www.queencncmachinery.com\/wp-content\/uploads\/2025\/11\/\u5fae\u4fe1\u56fe\u7247_20240704111916-1024x1024.jpg",1024,1024,true],"1536x1536":["https:\/\/www.queencncmachinery.com\/wp-content\/uploads\/2025\/11\/\u5fae\u4fe1\u56fe\u7247_20240704111916.jpg",1280,1280,false],"2048x2048":["https:\/\/www.queencncmachinery.com\/wp-content\/uploads\/2025\/11\/\u5fae\u4fe1\u56fe\u7247_20240704111916.jpg",1280,1280,false],"trp-custom-language-flag":["https:\/\/www.queencncmachinery.com\/wp-content\/uploads\/2025\/11\/\u5fae\u4fe1\u56fe\u7247_20240704111916-12x12.jpg",12,12,true],"woocommerce_thumbnail":["https:\/\/www.queencncmachinery.com\/wp-content\/uploads\/2025\/11\/\u5fae\u4fe1\u56fe\u7247_20240704111916-800x800.jpg",800,800,true],"woocommerce_single":["https:\/\/www.queencncmachinery.com\/wp-content\/uploads\/2025\/11\/\u5fae\u4fe1\u56fe\u7247_20240704111916-800x800.jpg",800,800,true],"woocommerce_gallery_thumbnail":["https:\/\/www.queencncmachinery.com\/wp-content\/uploads\/2025\/11\/\u5fae\u4fe1\u56fe\u7247_20240704111916-100x100.jpg",100,100,true]},"uagb_author_info":{"display_name":"jinxing6611@gmail.com","author_link":"https:\/\/www.queencncmachinery.com\/pt\/author\/"},"uagb_comment_info":0,"uagb_excerpt":"1.LNC controller,it is big screen,friendly controller which is easy to operate,widely used for cnc router,and support door and cabinet mode to change. 2.Linear tool magazine,can choose max 16 pcs,and it moves with gantry,efficient for tool changer. 3.HQD spindle is widely used,\u00a0very good performance, fit for long time producing in the processing line and easy maintain&hellip;","_links":{"self":[{"href":"https:\/\/www.queencncmachinery.com\/pt\/wp-json\/wp\/v2\/product\/3378","targetHints":{"allow":["GET"]}}],"collection":[{"href":"https:\/\/www.queencncmachinery.com\/pt\/wp-json\/wp\/v2\/product"}],"about":[{"href":"https:\/\/www.queencncmachinery.com\/pt\/wp-json\/wp\/v2\/types\/product"}],"replies":[{"embeddable":true,"href":"https:\/\/www.queencncmachinery.com\/pt\/wp-json\/wp\/v2\/comments?post=3378"}],"wp:featuredmedia":[{"embeddable":true,"href":"https:\/\/www.queencncmachinery.com\/pt\/wp-json\/wp\/v2\/media\/3381"}],"wp:attachment":[{"href":"https:\/\/www.queencncmachinery.com\/pt\/wp-json\/wp\/v2\/media?parent=3378"}],"wp:term":[{"taxonomy":"product_brand","embeddable":true,"href":"https:\/\/www.queencncmachinery.com\/pt\/wp-json\/wp\/v2\/product_brand?post=3378"},{"taxonomy":"product_cat","embeddable":true,"href":"https:\/\/www.queencncmachinery.com\/pt\/wp-json\/wp\/v2\/product_cat?post=3378"},{"taxonomy":"product_tag","embeddable":true,"href":"https:\/\/www.queencncmachinery.com\/pt\/wp-json\/wp\/v2\/product_tag?post=3378"}],"curies":[{"name":"wp","href":"https:\/\/api.w.org\/{rel}","templated":true}]}}