{"id":4249,"date":"2025-12-29T08:13:36","date_gmt":"2025-12-29T08:13:36","guid":{"rendered":"https:\/\/www.queencncmachinery.com\/?post_type=product&#038;p=4249"},"modified":"2025-12-29T08:13:36","modified_gmt":"2025-12-29T08:13:36","slug":"spartan-atc-cnc-router-with-affordable-price","status":"publish","type":"product","link":"https:\/\/www.queencncmachinery.com\/fr\/produit\/spartan-atc-cnc-router-with-affordable-price\/","title":{"rendered":"Routeur CNC Spartan ATC \u00e0 prix abordable"},"content":{"rendered":"<table>\n<tbody>\n<tr>\n<td width=\"393\">Mod\u00e8le (option)<\/td>\n<td width=\"563\">QN1325H<\/td>\n<\/tr>\n<tr>\n<td width=\"393\">Zone de travail de l'axe X\uff0cY\uff0cZ<\/td>\n<td width=\"563\">1300*2500mm<\/td>\n<\/tr>\n<tr>\n<td width=\"393\">Rail de guidage<\/td>\n<td width=\"563\">Taiwan30 Guide carr\u00e9 rail lin\u00e9aire<\/td>\n<\/tr>\n<tr>\n<td width=\"393\">Structure X,Y<\/td>\n<td width=\"563\">Transmission \u00e0 cr\u00e9maill\u00e8re de haute pr\u00e9cision<\/td>\n<\/tr>\n<tr>\n<td width=\"393\">Axe Z<\/td>\n<td width=\"563\">vis \u00e0 bille<\/td>\n<\/tr>\n<tr>\n<td width=\"393\">Syst\u00e8me de contr\u00f4le<\/td>\n<td width=\"563\">Syst\u00e8me de contr\u00f4le de studio NK280B<\/td>\n<\/tr>\n<tr>\n<td width=\"393\">Structure compl\u00e8te<\/td>\n<td width=\"563\">Acier soud\u00e9<\/td>\n<\/tr>\n<tr>\n<td width=\"393\">Vitesse de gravure maximale<\/td>\n<td width=\"563\">30m\/min<\/td>\n<\/tr>\n<tr>\n<td width=\"393\">Vitesse de coupe maximale<\/td>\n<td width=\"563\">20m\/min<\/td>\n<\/tr>\n<tr>\n<td width=\"393\">R\u00e9solution<\/td>\n<td width=\"563\">0,01 mm<\/td>\n<\/tr>\n<tr>\n<td width=\"393\">Pr\u00e9cision du traitement<\/td>\n<td width=\"563\">&lt;0,05mm<\/td>\n<\/tr>\n<tr>\n<td width=\"393\">Maintien du bois<\/td>\n<td width=\"563\">Absorption du vide (par aspiration)<\/td>\n<\/tr>\n<tr>\n<td width=\"393\">Logiciel comp\u00e9titif<\/td>\n<td width=\"563\">AutoCAD,Artcam,Photoshop,Type3,Artcut,Ucancam,powermill<\/td>\n<\/tr>\n<tr>\n<td width=\"393\">Graphique au format Imagine<\/td>\n<td width=\"563\">BMP,GIF,JPGE,PCX,TGA,TIFF,PTLCDR,DMG,DXF,<\/td>\n<\/tr>\n<tr>\n<td width=\"393\">Puissance de la broche<\/td>\n<td width=\"563\">Broche refroidie par air ATC 9KW<\/td>\n<\/tr>\n<tr>\n<td width=\"393\">Vitesse de rotation de la broche<\/td>\n<td width=\"563\">6000-24000rmp\/min<\/td>\n<\/tr>\n<tr>\n<td width=\"393\">Magazine de l'outil<\/td>\n<td width=\"563\">Syst\u00e8me ATC lin\u00e9aire, avec 8 pi\u00e8ces de coupe<\/td>\n<\/tr>\n<tr>\n<td width=\"393\">Diam\u00e8tre de l'outil de coupe<\/td>\n<td width=\"563\">\u03c63.175~\u03c620<\/td>\n<\/tr>\n<tr>\n<td width=\"393\">Syst\u00e8me de conduite<\/td>\n<td width=\"563\">\u00a0syst\u00e8me d'asservissement<\/td>\n<\/tr>\n<tr>\n<td width=\"393\">Langue de travail<\/td>\n<td width=\"563\">Code G, plt, mmg, uoo, bmp, F\/S<\/td>\n<\/tr>\n<tr>\n<td width=\"393\">Tension de fonctionnement<\/td>\n<td width=\"563\">AC380V\/50Hz<\/td>\n<\/tr>\n<tr>\n<td width=\"393\">Environnement de travail<\/td>\n<td width=\"563\">Temperature:0-45;Humidity:30%~70%<\/td>\n<\/tr>\n<tr>\n<td width=\"393\">Avec pi\u00e8ces en option<\/td>\n<td width=\"563\">Table de travail sous vide, d\u00e9poussi\u00e9reur<\/td>\n<\/tr>\n<tr>\n<td width=\"393\">Pi\u00e8ces de machine<\/td>\n<td width=\"563\">Broche refroidie par air ATC 9kw<\/p>\n<p>servomoteur et pilote<\/p>\n<p>Syst\u00e8me de contr\u00f4le LNC<\/p>\n<p>Rail de guidage plus carr\u00e9 \u00e0 Taiwan<\/p>\n<p>\u00e9quipement onduleur 11KW<\/p>\n<p>Pompe \u00e0 vide de 7,5 kW et table de travail \u00e0 vide<\/p>\n<p>Syst\u00e8me de lubrification automatique<\/p>\n<p>mesure automatique des outils<\/p>\n<p>8 porte-outils et pinces de serrage<\/p>\n<p>D\u00e9poussi\u00e9reur<\/p>\n<p>bo\u00eete de contr\u00f4le\/cl\u00e9\/brosse<\/td>\n<\/tr>\n<\/tbody>\n<\/table>","protected":false},"excerpt":{"rendered":"<p>Model (option) QN1325H X\uff0cY\uff0cZ axis working area 1300*2500mm Guide rail Taiwan30 Square guide linear rail X,Y structure High-precision rack and pinion transmission Z axis ball screw Control system NK280B\u00a0studio\u00a0control system Whole structure Welded\u00a0steel Max.engraving speed 30m\/min Maxing cutting speed 20m\/min Resolution 0.01mm Processing accuracy &lt;0.05mm Wood holding Vacuum absorption(by suction) Competitive software AutoCAD,Artcam,Photoshop,Type3,Artcut,Ucancam,powermill Imagine format [&hellip;]<\/p>","protected":false},"featured_media":4252,"comment_status":"open","ping_status":"closed","template":"","meta":{"_seopress_robots_primary_cat":"","_seopress_titles_title":"","_seopress_titles_desc":"","_seopress_robots_index":"","_uag_custom_page_level_css":"","site-sidebar-layout":"default","site-content-layout":"","ast-site-content-layout":"default","site-content-style":"default","site-sidebar-style":"default","ast-global-header-display":"","ast-banner-title-visibility":"","ast-main-header-display":"","ast-hfb-above-header-display":"","ast-hfb-below-header-display":"","ast-hfb-mobile-header-display":"","site-post-title":"","ast-breadcrumbs-content":"","ast-featured-img":"","footer-sml-layout":"","ast-disable-related-posts":"","theme-transparent-header-meta":"default","adv-header-id-meta":"","stick-header-meta":"default","header-above-stick-meta":"","header-main-stick-meta":"","header-below-stick-meta":"","astra-migrate-meta-layouts":"set","ast-page-background-enabled":"default","ast-page-background-meta":{"desktop":{"background-color":"","background-image":"","background-repeat":"repeat","background-position":"center center","background-size":"auto","background-attachment":"scroll","background-type":"","background-media":"","overlay-type":"","overlay-color":"","overlay-opacity":"","overlay-gradient":""},"tablet":{"background-color":"","background-image":"","background-repeat":"repeat","background-position":"center center","background-size":"auto","background-attachment":"scroll","background-type":"","background-media":"","overlay-type":"","overlay-color":"","overlay-opacity":"","overlay-gradient":""},"mobile":{"background-color":"","background-image":"","background-repeat":"repeat","background-position":"center center","background-size":"auto","background-attachment":"scroll","background-type":"","background-media":"","overlay-type":"","overlay-color":"","overlay-opacity":"","overlay-gradient":""}},"ast-content-background-meta":{"desktop":{"background-color":"var(--ast-global-color-5)","background-image":"","background-repeat":"repeat","background-position":"center center","background-size":"auto","background-attachment":"scroll","background-type":"","background-media":"","overlay-type":"","overlay-color":"","overlay-opacity":"","overlay-gradient":""},"tablet":{"background-color":"var(--ast-global-color-5)","background-image":"","background-repeat":"repeat","background-position":"center center","background-size":"auto","background-attachment":"scroll","background-type":"","background-media":"","overlay-type":"","overlay-color":"","overlay-opacity":"","overlay-gradient":""},"mobile":{"background-color":"var(--ast-global-color-5)","background-image":"","background-repeat":"repeat","background-position":"center center","background-size":"auto","background-attachment":"scroll","background-type":"","background-media":"","overlay-type":"","overlay-color":"","overlay-opacity":"","overlay-gradient":""}}},"product_brand":[],"product_cat":[74,70],"product_tag":[90,91,92,89,88],"class_list":{"0":"post-4249","1":"product","2":"type-product","3":"status-publish","4":"has-post-thumbnail","6":"product_cat-atc-cnc-router","7":"product_cat-cnc-routers","8":"product_tag-1325-atc-cnc","9":"product_tag-atc-cnc","10":"product_tag-cnc-router","11":"product_tag-cnc-spartan","12":"product_tag-spartan-cnc","13":"desktop-align-left","14":"tablet-align-left","15":"mobile-align-left","16":"ast-product-gallery-layout-horizontal-slider","17":"ast-product-gallery-with-no-image","18":"ast-magnify-disabled","19":"ast-product-tabs-layout-distributed","21":"first","22":"instock","23":"shipping-taxable","24":"product-type-simple"},"uagb_featured_image_src":{"full":["https:\/\/www.queencncmachinery.com\/wp-content\/uploads\/2025\/12\/DSC_0065-e1766995947975.jpg",843,503,false],"thumbnail":["https:\/\/www.queencncmachinery.com\/wp-content\/uploads\/2025\/12\/DSC_0065-e1766995947975-150x150.jpg",150,150,true],"medium":["https:\/\/www.queencncmachinery.com\/wp-content\/uploads\/2025\/12\/DSC_0065-e1766995947975-300x179.jpg",300,179,true],"medium_large":["https:\/\/www.queencncmachinery.com\/wp-content\/uploads\/2025\/12\/DSC_0065-e1766995947975-768x458.jpg",768,458,true],"large":["https:\/\/www.queencncmachinery.com\/wp-content\/uploads\/2025\/12\/DSC_0065-e1766995947975.jpg",843,503,false],"1536x1536":["https:\/\/www.queencncmachinery.com\/wp-content\/uploads\/2025\/12\/DSC_0065-e1766995947975.jpg",843,503,false],"2048x2048":["https:\/\/www.queencncmachinery.com\/wp-content\/uploads\/2025\/12\/DSC_0065-e1766995947975.jpg",843,503,false],"trp-custom-language-flag":["https:\/\/www.queencncmachinery.com\/wp-content\/uploads\/2025\/12\/DSC_0065-e1766995947975-18x12.jpg",18,12,true],"woocommerce_thumbnail":["https:\/\/www.queencncmachinery.com\/wp-content\/uploads\/2025\/12\/DSC_0065-e1766995947975-800x477.jpg",800,477,true],"woocommerce_single":["https:\/\/www.queencncmachinery.com\/wp-content\/uploads\/2025\/12\/DSC_0065-e1766995947975-800x477.jpg",800,477,true],"woocommerce_gallery_thumbnail":["https:\/\/www.queencncmachinery.com\/wp-content\/uploads\/2025\/12\/DSC_0065-e1766995947975-100x100.jpg",100,100,true]},"uagb_author_info":{"display_name":"jinxing6611@gmail.com","author_link":"https:\/\/www.queencncmachinery.com\/fr\/author\/"},"uagb_comment_info":0,"uagb_excerpt":"Model (option) QN1325H X\uff0cY\uff0cZ axis working area 1300*2500mm Guide rail Taiwan30 Square guide linear rail X,Y structure High-precision rack and pinion transmission Z axis ball screw Control system NK280B\u00a0studio\u00a0control system Whole structure Welded\u00a0steel Max.engraving speed 30m\/min Maxing cutting speed 20m\/min Resolution 0.01mm Processing accuracy &lt;0.05mm Wood holding Vacuum absorption(by suction) Competitive software AutoCAD,Artcam,Photoshop,Type3,Artcut,Ucancam,powermill Imagine format\u2026","_links":{"self":[{"href":"https:\/\/www.queencncmachinery.com\/fr\/wp-json\/wp\/v2\/product\/4249","targetHints":{"allow":["GET"]}}],"collection":[{"href":"https:\/\/www.queencncmachinery.com\/fr\/wp-json\/wp\/v2\/product"}],"about":[{"href":"https:\/\/www.queencncmachinery.com\/fr\/wp-json\/wp\/v2\/types\/product"}],"replies":[{"embeddable":true,"href":"https:\/\/www.queencncmachinery.com\/fr\/wp-json\/wp\/v2\/comments?post=4249"}],"wp:featuredmedia":[{"embeddable":true,"href":"https:\/\/www.queencncmachinery.com\/fr\/wp-json\/wp\/v2\/media\/4252"}],"wp:attachment":[{"href":"https:\/\/www.queencncmachinery.com\/fr\/wp-json\/wp\/v2\/media?parent=4249"}],"wp:term":[{"taxonomy":"product_brand","embeddable":true,"href":"https:\/\/www.queencncmachinery.com\/fr\/wp-json\/wp\/v2\/product_brand?post=4249"},{"taxonomy":"product_cat","embeddable":true,"href":"https:\/\/www.queencncmachinery.com\/fr\/wp-json\/wp\/v2\/product_cat?post=4249"},{"taxonomy":"product_tag","embeddable":true,"href":"https:\/\/www.queencncmachinery.com\/fr\/wp-json\/wp\/v2\/product_tag?post=4249"}],"curies":[{"name":"wp","href":"https:\/\/api.w.org\/{rel}","templated":true}]}}