{"id":4218,"date":"2025-12-04T08:45:43","date_gmt":"2025-12-04T08:45:43","guid":{"rendered":"https:\/\/www.queencncmachinery.com\/?post_type=product&#038;p=4218"},"modified":"2025-12-04T08:48:45","modified_gmt":"2025-12-04T08:48:45","slug":"cnc-router-and-co2-laser-combined-machine","status":"publish","type":"product","link":"https:\/\/www.queencncmachinery.com\/fr\/produit\/cnc-router-and-co2-laser-combined-machine\/","title":{"rendered":"Machine combin\u00e9e routeur CNC et laser Co2"},"content":{"rendered":"<p><strong>Param\u00e8tres de la machine combin\u00e9e CNC Router et laser Co2<\/strong><\/p>\n<table>\n<tbody>\n<tr>\n<td width=\"333\">Mod\u00e8le (option)<\/td>\n<td width=\"518\">QN1325L<\/td>\n<\/tr>\n<tr>\n<td width=\"333\">Zone de travail de l'axe X\uff0cY\uff0cZ<\/td>\n<td width=\"518\">1300*2500*200mm<\/td>\n<\/tr>\n<tr>\n<td width=\"333\">Rail de guidage<\/td>\n<td width=\"518\">Taiwan30 Guide carr\u00e9 rail lin\u00e9aire<\/td>\n<\/tr>\n<tr>\n<td width=\"333\">Structure X,Y<\/td>\n<td width=\"518\">Transmission \u00e0 cr\u00e9maill\u00e8re de haute pr\u00e9cision<\/td>\n<\/tr>\n<tr>\n<td width=\"333\">Axe Z<\/td>\n<td width=\"518\">vis \u00e0 bille<\/td>\n<\/tr>\n<tr>\n<td width=\"333\">Syst\u00e8me de contr\u00f4le<\/td>\n<td width=\"518\">Syst\u00e8me de contr\u00f4le LNC<\/td>\n<\/tr>\n<tr>\n<td width=\"333\">Structure compl\u00e8te<\/td>\n<td width=\"518\">Acier moul\u00e9<\/td>\n<\/tr>\n<tr>\n<td width=\"333\">Vitesse maximale de la machine \u00e0 vide<\/td>\n<td width=\"518\">70m\/min<\/td>\n<\/tr>\n<tr>\n<td width=\"333\">Vitesse de travail maximale<\/td>\n<td width=\"518\">30m\/min<\/td>\n<\/tr>\n<tr>\n<td width=\"333\">Vitesse de coupe maximale<\/td>\n<td width=\"518\">20m\/min<\/td>\n<\/tr>\n<tr>\n<td width=\"333\">R\u00e9solution<\/td>\n<td width=\"518\">0,01 mm<\/td>\n<\/tr>\n<tr>\n<td width=\"333\">Pr\u00e9cision du traitement<\/td>\n<td width=\"518\">&lt;0,05mm<\/td>\n<\/tr>\n<tr>\n<td width=\"333\">Maintien du bois<\/td>\n<td width=\"518\">Absorption du vide (par aspiration)<\/td>\n<\/tr>\n<tr>\n<td width=\"333\">Logiciel comp\u00e9titif<\/td>\n<td width=\"518\">AutoCAD,Artcam,Photoshop,Type3,Artcut,Ucancam,powermill<\/td>\n<\/tr>\n<tr>\n<td width=\"333\">Graphique au format Imagine<\/td>\n<td width=\"518\">BMP,GIF,JPGE,PCX,TGA,TIFF,PTLCDR,DMG,DXF,<\/td>\n<\/tr>\n<tr>\n<td width=\"333\">Puissance de la broche<\/td>\n<td width=\"518\">Broche 9KW HQD ATC \u00e0 refroidissement par air<\/td>\n<\/tr>\n<tr>\n<td width=\"333\">Vitesse de rotation de la broche<\/td>\n<td width=\"518\">6000-24000rmp\/min<\/td>\n<\/tr>\n<tr>\n<td width=\"333\">Magazine de l'outil<\/td>\n<td width=\"518\">Syst\u00e8me ATC lin\u00e9aire, avec 12 pi\u00e8ces de coupe<\/td>\n<\/tr>\n<tr>\n<td width=\"333\">Diam\u00e8tre de l'outil de coupe<\/td>\n<td width=\"518\">\u03c63.175~\u03c625<\/td>\n<\/tr>\n<tr>\n<td width=\"333\">Syst\u00e8me de conduite<\/td>\n<td width=\"518\">Syst\u00e8me d'asservissement Leadshine<\/td>\n<\/tr>\n<tr>\n<td width=\"333\">Langue de travail<\/td>\n<td width=\"518\">Code G, plt, mmg, uoo, bmp, F\/S<\/td>\n<\/tr>\n<tr>\n<td width=\"333\">Tension de fonctionnement<\/td>\n<td width=\"518\">AC380V\/50Hz ou 220V<\/td>\n<\/tr>\n<tr>\n<td width=\"333\">Environnement de travail<\/td>\n<td width=\"518\">Temperature:0-45;Humidity:30%~70%<\/td>\n<\/tr>\n<tr>\n<td width=\"333\">Avec pi\u00e8ces en option<\/td>\n<td width=\"518\">Table de travail sous vide, d\u00e9poussi\u00e9reur<\/td>\n<\/tr>\n<tr>\n<td width=\"333\">Pi\u00e8ces de machine<\/td>\n<td width=\"518\">Broche 9kw HQD refroidie par air<\/p>\n<p>Servomoteur et pilote Leadshine<\/p>\n<p>Syst\u00e8me de contr\u00f4le LNC<\/p>\n<p>Rail de guidage plus carr\u00e9 de 30 cm de c\u00f4t\u00e9 \u00e0 Taiwan<\/p>\n<p>\u00c9quipement d'onduleur 11KW<\/p>\n<p>Pompe \u00e0 vide 7.5KW refroidie par air et table de travail \u00e0 vide<\/p>\n<p>Syst\u00e8me de lubrification automatique<\/p>\n<p>mesure automatique des outils<\/p>\n<p>R\u00e9ducteur Shimpo<\/p>\n<p>12 porte-outils et pinces de serrage<\/p>\n<p>D\u00e9poussi\u00e9reur 3kw<\/p>\n<p>bo\u00eete de contr\u00f4le\/cl\u00e9\/brosse<\/p>\n<p>manuel d'utilisation \/CD vid\u00e9o \/ logiciel de conception<\/td>\n<\/tr>\n<\/tbody>\n<\/table>\n<table>\n<tbody>\n<tr>\n<td width=\"277\">Type de laser<\/td>\n<td width=\"321\">Scell\u00e9 CO<sub>2<\/sub>\u00a0tube laser<\/td>\n<td rowspan=\"18\" width=\"371\">&nbsp;<\/p>\n<p><img alt=\"\" fetchpriority=\"high\" decoding=\"async\" class=\"alignnone size-full wp-image-4222\" src=\"https:\/\/www.queencncmachinery.com\/wp-content\/uploads\/2025\/12\/IMG_4810-scaled.jpg\" width=\"2560\" height=\"1920\" srcset=\"https:\/\/www.queencncmachinery.com\/wp-content\/uploads\/2025\/12\/IMG_4810-scaled.jpg 2560w, https:\/\/www.queencncmachinery.com\/wp-content\/uploads\/2025\/12\/IMG_4810-300x225.jpg 300w, https:\/\/www.queencncmachinery.com\/wp-content\/uploads\/2025\/12\/IMG_4810-1024x768.jpg 1024w, https:\/\/www.queencncmachinery.com\/wp-content\/uploads\/2025\/12\/IMG_4810-768x576.jpg 768w, https:\/\/www.queencncmachinery.com\/wp-content\/uploads\/2025\/12\/IMG_4810-1536x1152.jpg 1536w, https:\/\/www.queencncmachinery.com\/wp-content\/uploads\/2025\/12\/IMG_4810-2048x1536.jpg 2048w, https:\/\/www.queencncmachinery.com\/wp-content\/uploads\/2025\/12\/IMG_4810-16x12.jpg 16w, https:\/\/www.queencncmachinery.com\/wp-content\/uploads\/2025\/12\/IMG_4810-800x600.jpg 800w\" sizes=\"(max-width: 2560px) 100vw, 2560px\" \/><\/td>\n<\/tr>\n<tr>\n<td width=\"277\">Puissance du laser<\/td>\n<td width=\"321\">Tube laser 150W<\/td>\n<\/tr>\n<tr>\n<td width=\"277\">Zone de coupe<\/td>\n<td width=\"321\">1300*2500mm<\/td>\n<\/tr>\n<tr>\n<td width=\"277\">R\u00e9initialisation de la pr\u00e9cision de la position<\/td>\n<td width=\"321\">+\/-0,05 mm<\/td>\n<\/tr>\n<tr>\n<td width=\"277\">Tension de fonctionnement<\/td>\n<td width=\"321\">AC110-220V +\/-10%.50-60HZ<\/td>\n<\/tr>\n<tr>\n<td width=\"277\">Puissance<\/td>\n<td width=\"321\">1500W max<\/td>\n<\/tr>\n<tr>\n<td width=\"277\">Temp\u00e9rature de fonctionnement<\/td>\n<td width=\"321\">0-45 degr\u00e9s<\/td>\n<\/tr>\n<tr>\n<td width=\"277\">Humidit\u00e9 de fonctionnement<\/td>\n<td width=\"321\">5-95%<\/td>\n<\/tr>\n<tr>\n<td width=\"277\">Caract\u00e8re minimal de la mise en forme<\/td>\n<td width=\"321\">Anglais 1*1mm<\/td>\n<\/tr>\n<tr>\n<td width=\"277\">Format graphique support\u00e9<\/td>\n<td width=\"321\">BMP, PLT, DST, DXF et AI<\/td>\n<\/tr>\n<tr>\n<td width=\"277\">Syst\u00e8me de conduite<\/td>\n<td width=\"321\">Leadshine stepper Entra\u00eenement<\/td>\n<\/tr>\n<tr>\n<td width=\"277\">Mode de refroidissement<\/td>\n<td width=\"321\">Syst\u00e8me de refroidissement et de protection par eau<\/td>\n<\/tr>\n<tr>\n<td width=\"277\">\u00c9quipements auxiliaires<\/td>\n<td width=\"321\">Ventilateur d'\u00e9chappement, tuyau d'\u00e9chappement d'air, compresseur d'air<\/td>\n<\/tr>\n<tr>\n<td width=\"277\">Syst\u00e8me de contr\u00f4le<\/td>\n<td width=\"321\">Syst\u00e8me de contr\u00f4le Ruida<\/td>\n<\/tr>\n<tr>\n<td width=\"277\">Logiciel compatible<\/td>\n<td width=\"321\">Coreldraw auto CAD photoshop<\/td>\n<\/tr>\n<tr>\n<td width=\"277\">Type de laser<\/td>\n<td width=\"321\">Scell\u00e9 CO<sub>2<\/sub>\u00a0tube laser<\/td>\n<\/tr>\n<tr>\n<td width=\"277\">R\u00e9initialisation de la pr\u00e9cision de la position<\/td>\n<td width=\"321\">+\/-0,05 mm<\/td>\n<\/tr>\n<tr>\n<td width=\"277\">Tension de fonctionnement<\/td>\n<td width=\"321\">AC110-220V +\/-10%.50-60HZ<\/td>\n<\/tr>\n<\/tbody>\n<\/table>","protected":false},"excerpt":{"rendered":"<p>CNC Router And Co2 laser Combined Machine Parameters Model (option) QN1325L X\uff0cY\uff0cZ axis working area 1300*2500*200mm Guide rail Taiwan30 Square guide linear rail X,Y structure High-precision rack and pinion transmission Z axis ball screw Control system LNC control system Whole structure Cast steel Max Machine idling speed 70m\/min Max.working\u00a0speed 30m\/min Maxing cutting speed 20m\/min Resolution [&hellip;]<\/p>","protected":false},"featured_media":4221,"comment_status":"open","ping_status":"closed","template":"","meta":{"_seopress_robots_primary_cat":"none","_seopress_titles_title":"","_seopress_titles_desc":"","_seopress_robots_index":"","_uag_custom_page_level_css":"","site-sidebar-layout":"default","site-content-layout":"","ast-site-content-layout":"default","site-content-style":"default","site-sidebar-style":"default","ast-global-header-display":"","ast-banner-title-visibility":"","ast-main-header-display":"","ast-hfb-above-header-display":"","ast-hfb-below-header-display":"","ast-hfb-mobile-header-display":"","site-post-title":"","ast-breadcrumbs-content":"","ast-featured-img":"","footer-sml-layout":"","ast-disable-related-posts":"","theme-transparent-header-meta":"default","adv-header-id-meta":"","stick-header-meta":"default","header-above-stick-meta":"","header-main-stick-meta":"","header-below-stick-meta":"","astra-migrate-meta-layouts":"set","ast-page-background-enabled":"default","ast-page-background-meta":{"desktop":{"background-color":"","background-image":"","background-repeat":"repeat","background-position":"center center","background-size":"auto","background-attachment":"scroll","background-type":"","background-media":"","overlay-type":"","overlay-color":"","overlay-opacity":"","overlay-gradient":""},"tablet":{"background-color":"","background-image":"","background-repeat":"repeat","background-position":"center center","background-size":"auto","background-attachment":"scroll","background-type":"","background-media":"","overlay-type":"","overlay-color":"","overlay-opacity":"","overlay-gradient":""},"mobile":{"background-color":"","background-image":"","background-repeat":"repeat","background-position":"center center","background-size":"auto","background-attachment":"scroll","background-type":"","background-media":"","overlay-type":"","overlay-color":"","overlay-opacity":"","overlay-gradient":""}},"ast-content-background-meta":{"desktop":{"background-color":"var(--ast-global-color-5)","background-image":"","background-repeat":"repeat","background-position":"center center","background-size":"auto","background-attachment":"scroll","background-type":"","background-media":"","overlay-type":"","overlay-color":"","overlay-opacity":"","overlay-gradient":""},"tablet":{"background-color":"var(--ast-global-color-5)","background-image":"","background-repeat":"repeat","background-position":"center center","background-size":"auto","background-attachment":"scroll","background-type":"","background-media":"","overlay-type":"","overlay-color":"","overlay-opacity":"","overlay-gradient":""},"mobile":{"background-color":"var(--ast-global-color-5)","background-image":"","background-repeat":"repeat","background-position":"center center","background-size":"auto","background-attachment":"scroll","background-type":"","background-media":"","overlay-type":"","overlay-color":"","overlay-opacity":"","overlay-gradient":""}}},"product_brand":[],"product_cat":[74,70],"product_tag":[],"class_list":{"0":"post-4218","1":"product","2":"type-product","3":"status-publish","4":"has-post-thumbnail","6":"product_cat-atc-cnc-router","7":"product_cat-cnc-routers","8":"desktop-align-left","9":"tablet-align-left","10":"mobile-align-left","11":"ast-product-gallery-layout-horizontal-slider","12":"ast-magnify-disabled","13":"ast-product-tabs-layout-distributed","15":"first","16":"instock","17":"shipping-taxable","18":"product-type-simple"},"uagb_featured_image_src":{"full":["https:\/\/www.queencncmachinery.com\/wp-content\/uploads\/2025\/12\/\u5fae\u4fe1\u56fe\u7247_20240326173746.jpg",1920,1080,false],"thumbnail":["https:\/\/www.queencncmachinery.com\/wp-content\/uploads\/2025\/12\/\u5fae\u4fe1\u56fe\u7247_20240326173746-150x150.jpg",150,150,true],"medium":["https:\/\/www.queencncmachinery.com\/wp-content\/uploads\/2025\/12\/\u5fae\u4fe1\u56fe\u7247_20240326173746-300x169.jpg",300,169,true],"medium_large":["https:\/\/www.queencncmachinery.com\/wp-content\/uploads\/2025\/12\/\u5fae\u4fe1\u56fe\u7247_20240326173746-768x432.jpg",768,432,true],"large":["https:\/\/www.queencncmachinery.com\/wp-content\/uploads\/2025\/12\/\u5fae\u4fe1\u56fe\u7247_20240326173746-1024x576.jpg",1024,576,true],"1536x1536":["https:\/\/www.queencncmachinery.com\/wp-content\/uploads\/2025\/12\/\u5fae\u4fe1\u56fe\u7247_20240326173746-1536x864.jpg",1536,864,true],"2048x2048":["https:\/\/www.queencncmachinery.com\/wp-content\/uploads\/2025\/12\/\u5fae\u4fe1\u56fe\u7247_20240326173746.jpg",1920,1080,false],"trp-custom-language-flag":["https:\/\/www.queencncmachinery.com\/wp-content\/uploads\/2025\/12\/\u5fae\u4fe1\u56fe\u7247_20240326173746-18x10.jpg",18,10,true],"woocommerce_thumbnail":["https:\/\/www.queencncmachinery.com\/wp-content\/uploads\/2025\/12\/\u5fae\u4fe1\u56fe\u7247_20240326173746-800x450.jpg",800,450,true],"woocommerce_single":["https:\/\/www.queencncmachinery.com\/wp-content\/uploads\/2025\/12\/\u5fae\u4fe1\u56fe\u7247_20240326173746-800x450.jpg",800,450,true],"woocommerce_gallery_thumbnail":["https:\/\/www.queencncmachinery.com\/wp-content\/uploads\/2025\/12\/\u5fae\u4fe1\u56fe\u7247_20240326173746-100x100.jpg",100,100,true]},"uagb_author_info":{"display_name":"jinxing6611@gmail.com","author_link":"https:\/\/www.queencncmachinery.com\/fr\/author\/"},"uagb_comment_info":0,"uagb_excerpt":"CNC Router And Co2 laser Combined Machine Parameters Model (option) QN1325L X\uff0cY\uff0cZ axis working area 1300*2500*200mm Guide rail Taiwan30 Square guide linear rail X,Y structure High-precision rack and pinion transmission Z axis ball screw Control system LNC control system Whole structure Cast steel Max Machine idling speed 70m\/min Max.working\u00a0speed 30m\/min Maxing cutting speed 20m\/min Resolution\u2026","_links":{"self":[{"href":"https:\/\/www.queencncmachinery.com\/fr\/wp-json\/wp\/v2\/product\/4218","targetHints":{"allow":["GET"]}}],"collection":[{"href":"https:\/\/www.queencncmachinery.com\/fr\/wp-json\/wp\/v2\/product"}],"about":[{"href":"https:\/\/www.queencncmachinery.com\/fr\/wp-json\/wp\/v2\/types\/product"}],"replies":[{"embeddable":true,"href":"https:\/\/www.queencncmachinery.com\/fr\/wp-json\/wp\/v2\/comments?post=4218"}],"wp:featuredmedia":[{"embeddable":true,"href":"https:\/\/www.queencncmachinery.com\/fr\/wp-json\/wp\/v2\/media\/4221"}],"wp:attachment":[{"href":"https:\/\/www.queencncmachinery.com\/fr\/wp-json\/wp\/v2\/media?parent=4218"}],"wp:term":[{"taxonomy":"product_brand","embeddable":true,"href":"https:\/\/www.queencncmachinery.com\/fr\/wp-json\/wp\/v2\/product_brand?post=4218"},{"taxonomy":"product_cat","embeddable":true,"href":"https:\/\/www.queencncmachinery.com\/fr\/wp-json\/wp\/v2\/product_cat?post=4218"},{"taxonomy":"product_tag","embeddable":true,"href":"https:\/\/www.queencncmachinery.com\/fr\/wp-json\/wp\/v2\/product_tag?post=4218"}],"curies":[{"name":"wp","href":"https:\/\/api.w.org\/{rel}","templated":true}]}}