{"id":3606,"date":"2025-11-04T13:56:27","date_gmt":"2025-11-04T13:56:27","guid":{"rendered":"https:\/\/www.queencncmachinery.com\/?post_type=product&#038;p=3606"},"modified":"2025-11-18T06:18:06","modified_gmt":"2025-11-18T06:18:06","slug":"5-axis-cnc-foam-wood-moulding-machine-2","status":"publish","type":"product","link":"https:\/\/www.queencncmachinery.com\/fr\/produit\/5-axis-cnc-foam-wood-moulding-machine-2\/","title":{"rendered":"Machine \u00e0 mouler le bois et la mousse CNC \u00e0 5 axes"},"content":{"rendered":"<div class=\"ast-oembed-container\" style=\"height: 100%;\"><iframe title=\"Machine \u00e0 mouler la mousse de bois 5 axes \u00e0 commande num\u00e9rique\" width=\"500\" height=\"281\" src=\"https:\/\/www.youtube.com\/embed\/3cJ1FtOiQdk?feature=oembed\" frameborder=\"0\" allow=\"accelerometer; autoplay; clipboard-write; encrypted-media; gyroscope; picture-in-picture; web-share\" referrerpolicy=\"strict-origin-when-cross-origin\" allowfullscreen><\/iframe><\/div>\n<p><strong>\u4e00\u3001<\/strong><strong>Param\u00e8tres<\/strong><strong>\uff1a<\/strong><\/p>\n<p>1.Axe\uff1a5 Axe<\/p>\n<p>2.Taille de travail\uff1a<\/p>\n<p>Installer une broche de 200 mm pour le travail \u00e0 l'horizontale \uff1a<\/p>\n<p>Axe X \uff1a2000mm<\/p>\n<p>Axe Y \uff1a3000mm<\/p>\n<p>Axe Z\uff1a1000mm<\/p>\n<p>Axe B\uff1a\u00b1110\u00b0<\/p>\n<p>Axe C\uff1a\u00b1320\u00b0<\/p>\n<p>Installer une broche de 200 mm pour les m\u00e8ches d'outils Travail vertical \uff1a<\/p>\n<p>Axe X\uff1a3000mm<\/p>\n<p>Axe Y\uff1a4000mm<\/p>\n<p>Axe Z\uff1a800mm<\/p>\n<p>Axe B\uff1a\u00b1110\u00b0<\/p>\n<p>Axe C\uff1a\u00b1320\u00b0<\/p>\n<p>3.Vitesse de d\u00e9placement\uff1a<\/p>\n<p>Axe X\u3001Axe Y\uff1a20m\/min<\/p>\n<p>Axe Z\uff1a10m\/min<\/p>\n<p>Axe B\u3001C axe\uff1a60\u00b0\/s<\/p>\n<p><strong><b>Configurations<\/b><\/strong>\uff1a<\/p>\n<table>\n<tbody>\n<tr>\n<td width=\"30\">Non<\/td>\n<td width=\"83\">Articles<\/td>\n<td width=\"69\">Nom<\/td>\n<td width=\"66\">Localisation<\/td>\n<td width=\"349\">Param\u00e8tres<\/td>\n<\/tr>\n<tr>\n<td rowspan=\"3\" width=\"30\">1<\/td>\n<td rowspan=\"3\" width=\"83\">Configurations de broches<\/td>\n<td width=\"69\">Broche<\/td>\n<td width=\"66\">&nbsp;<\/p>\n<p>HQD<\/td>\n<td width=\"349\">marque\uff1aHQD<\/p>\n<p>puissance\uff1a12Kw<\/p>\n<p>Broche tournant \u00e0 \uff1a24000rpm<\/p>\n<p>Refroidissement\uff1a refroidissement par eau<\/p>\n<p>Porte-outils\uff1aHSK63F ER32<\/td>\n<\/tr>\n<tr>\n<td width=\"69\">Double rotation<\/td>\n<td width=\"66\"><\/td>\n<td width=\"349\">La t\u00eate pivotante \u00e0 cinq axes tr\u00e8s r\u00e9sistante utilise un r\u00e9ducteur \u00e0 haute rigidit\u00e9 de Ta\u00efwan, qui pr\u00e9sente un couple de freinage et une rigidit\u00e9 \u00e9lev\u00e9s, ainsi qu'une grande pr\u00e9cision.<\/td>\n<\/tr>\n<tr>\n<td width=\"69\">Magazine de l'outil<\/td>\n<td width=\"66\"><\/td>\n<td width=\"349\">Magasin de changement d'outils \u00e0 6 positions ; la sp\u00e9cification maximale de l'outil (longueur\/diam\u00e8tre) autoris\u00e9e est de 200 mm\/100 mm. Si les postes de travail adjacents ne sont pas \u00e9quip\u00e9s d'outils, le diam\u00e8tre maximal autoris\u00e9 est de 300 mm.<\/td>\n<\/tr>\n<tr>\n<td width=\"30\">2<\/td>\n<td width=\"83\">Servo<\/td>\n<td width=\"69\">Syntec<\/td>\n<td width=\"66\">taiwan<\/td>\n<td width=\"349\">Les axes X\/Y1\/Y2\/Z\/B\/C utilisent tous des servomoteurs \u00e0 grande vitesse de nouvelle g\u00e9n\u00e9ration de Ta\u00efwan (sans entretien), une commande par bus, une bonne efficacit\u00e9 de transmission, une grande pr\u00e9cision de transmission et aucun besoin de revenir \u00e0 l'origine pendant le mouvement ; le servomoteur de l'axe Z est \u00e9quip\u00e9 d'un frein.<\/td>\n<\/tr>\n<tr>\n<td width=\"30\">3<\/td>\n<td width=\"83\">Onduleur<\/td>\n<td width=\"69\">Delta<\/td>\n<td width=\"66\">Ta\u00efwan<\/td>\n<td width=\"349\">Le convertisseur de la s\u00e9rie Ms300 de Taiwan Delta est r\u00e9sistant aux chocs et pr\u00e9sente une bonne stabilit\u00e9, ce qui garantit le r\u00e9glage de la vitesse de la broche.<\/td>\n<\/tr>\n<tr>\n<td rowspan=\"2\" width=\"30\">4<\/td>\n<td rowspan=\"2\" width=\"83\">Contr\u00f4leur<\/td>\n<td rowspan=\"2\" width=\"69\">Syntec<\/td>\n<td rowspan=\"2\" width=\"66\">Ta\u00efwan<\/td>\n<td width=\"349\">Le syst\u00e8me principal de contr\u00f4le cinq axes enti\u00e8rement num\u00e9rique Taiwan Xinda, le syst\u00e8me WINCE d\u00e9velopp\u00e9 par Magic CNC, dispose de la fonction de suivi automatique de la pointe de l'outil RTCP et de la fonction de compensation de la longueur et du diam\u00e8tre de l'outil, prend en charge le clavier et la souris ; peut importer et ex\u00e9cuter des programmes par disque U, transmission par Internet et autres modes.<\/p>\n<p>Contr\u00f4le par bus de syst\u00e8me, avec fonction de m\u00e9moire de mise hors tension, m\u00e9moire d'origine, pas besoin de revenir \u00e0 l'origine lors du d\u00e9marrage.<\/td>\n<\/tr>\n<tr>\n<td width=\"349\">Le volant mobile sans fil de la nouvelle g\u00e9n\u00e9ration de syst\u00e8me \u00e0 cinq axes de Ta\u00efwan peut ajuster la vitesse de l'op\u00e9ration de contr\u00f4le du volant de 1 \u00e0 100 fois, et peut effectuer un contr\u00f4le de s\u00e9lection multi-axes X\/Y\/Z\/4(B)\/5(C) sur la poign\u00e9e, ce qui est pratique et simple, facile \u00e0 utiliser, et am\u00e9liore l'efficacit\u00e9 du travail.<\/td>\n<\/tr>\n<tr>\n<td width=\"30\">5<\/td>\n<td width=\"83\">Lubrification automatique \u00e0 l'huile<\/td>\n<td width=\"69\"><\/td>\n<td width=\"66\"><\/td>\n<td width=\"349\">Contr\u00f4le logiciel, synchronisation automatique et lubrification quantitative, et lubrification des pi\u00e8ces mobiles selon les besoins.<\/td>\n<\/tr>\n<tr>\n<td width=\"30\">6<\/td>\n<td width=\"83\">Rails<\/td>\n<td width=\"69\">HIWIN<\/td>\n<td width=\"66\">Ta\u00efwan<\/td>\n<td width=\"349\">L'axe XYZ utilise des glissi\u00e8res TWIN de haute pr\u00e9cision fabriqu\u00e9es \u00e0 Ta\u00efwan, qui adoptent la meilleure conception de pr\u00e9cision. Les quatre c\u00f4t\u00e9s pr\u00e9sentent une grande rigidit\u00e9 et une capacit\u00e9 de charge ultra-lourde, un faible niveau de bruit, des mouvements fluides et une conception gothique \u00e0 quatre points de contact. Il peut supporter des charges dans toutes les directions et pr\u00e9sente une grande rigidit\u00e9 et une haute pr\u00e9cision.<\/td>\n<\/tr>\n<tr>\n<td width=\"30\">7<\/td>\n<td width=\"83\">Vis \u00e0 billes<\/td>\n<td width=\"69\">HIWIN\/ TBI<\/td>\n<td width=\"66\">Ta\u00efwan<\/td>\n<td width=\"349\">L'axe Z utilise une vis \u00e0 billes pour entra\u00eener le v\u00e9rin par l'interm\u00e9diaire d'un accouplement afin de contr\u00f4ler le levage. La vis \u00e0 billes est produite en continu \u00e0 l'aide d'un \u00e9quipement m\u00e9canique de tr\u00e8s haut niveau fabriqu\u00e9 au Japon, et pr\u00e9sente une grande rigidit\u00e9 et une grande pr\u00e9cision.<\/td>\n<\/tr>\n<tr>\n<td width=\"30\">8<\/td>\n<td width=\"83\">Cr\u00e9maill\u00e8re et pignon<\/td>\n<td width=\"69\">T-WIN<\/td>\n<td width=\"66\">Ta\u00efwan<\/td>\n<td width=\"349\">L'axe X\/Y1\/Y2 utilise des cr\u00e9maill\u00e8res h\u00e9lico\u00efdales M2 tremp\u00e9es \u00e0 haute temp\u00e9rature, fabriqu\u00e9es \u00e0 Ta\u00efwan, qui se caract\u00e9risent par un d\u00e9placement en douceur, un couple de transmission important, un faible niveau de bruit et une vitesse \u00e9lev\u00e9e.<\/td>\n<\/tr>\n<tr>\n<td width=\"30\">9<\/td>\n<td width=\"83\">Appareils \u00e9lectriques<\/td>\n<td width=\"69\">Schneider<\/td>\n<td width=\"66\">France<\/td>\n<td width=\"349\">Pour garantir la durabilit\u00e9 et la s\u00e9curit\u00e9 des principaux composants \u00e9lectriques, les relais, les disjoncteurs et les interrupteurs \u00e0 bouton-poussoir proviennent tous de Schneider France.<\/td>\n<\/tr>\n<\/tbody>\n<\/table>\n<p>&nbsp;<\/p>","protected":false},"excerpt":{"rendered":"<p>\u4e00\u3001Parameters\uff1a 1.Axis\uff1a5\u00a0Axis 2.Working size\uff1a Install 200mm\u00a0tool bits spindle horizontal working \uff1a X axis \uff1a2000mm Y axis \uff1a3000mm Z\u00a0Axis\uff1a1000mm B\u00a0Axis\uff1a\u00b1110\u00b0 C\u00a0Axis\uff1a\u00b1320\u00b0 Install 200mm\u00a0tool bits spindle Vertical working \uff1a X\u00a0Axis\uff1a3000mm Y Axis\uff1a4000mm Z Axis\uff1a800mm B\u00a0Axis\uff1a\u00b1110\u00b0 C\u00a0Axis\uff1a\u00b1320\u00b0 3.Moving Speed\uff1a X\u00a0axis\u3001Y\u00a0axis\uff1a20m\/min Z\u00a0axis\uff1a10m\/min B\u00a0axis\u3001C\u00a0axis\uff1a60\u00b0\/s Configurations\uff1a No Items Name Location Parameters 1 Spindle configurations Spindle &nbsp; HQD brand\uff1aHQD power\uff1a12Kw Spindle rotating\u00a0\uff1a24000rpm [&hellip;]<\/p>","protected":false},"featured_media":3609,"comment_status":"open","ping_status":"closed","template":"","meta":{"_seopress_robots_primary_cat":"none","_seopress_titles_title":"","_seopress_titles_desc":"","_seopress_robots_index":"","_uag_custom_page_level_css":"","site-sidebar-layout":"default","site-content-layout":"","ast-site-content-layout":"default","site-content-style":"default","site-sidebar-style":"default","ast-global-header-display":"","ast-banner-title-visibility":"","ast-main-header-display":"","ast-hfb-above-header-display":"","ast-hfb-below-header-display":"","ast-hfb-mobile-header-display":"","site-post-title":"","ast-breadcrumbs-content":"","ast-featured-img":"","footer-sml-layout":"","ast-disable-related-posts":"","theme-transparent-header-meta":"default","adv-header-id-meta":"","stick-header-meta":"default","header-above-stick-meta":"","header-main-stick-meta":"","header-below-stick-meta":"","astra-migrate-meta-layouts":"set","ast-page-background-enabled":"default","ast-page-background-meta":{"desktop":{"background-color":"","background-image":"","background-repeat":"repeat","background-position":"center center","background-size":"auto","background-attachment":"scroll","background-type":"","background-media":"","overlay-type":"","overlay-color":"","overlay-opacity":"","overlay-gradient":""},"tablet":{"background-color":"","background-image":"","background-repeat":"repeat","background-position":"center center","background-size":"auto","background-attachment":"scroll","background-type":"","background-media":"","overlay-type":"","overlay-color":"","overlay-opacity":"","overlay-gradient":""},"mobile":{"background-color":"","background-image":"","background-repeat":"repeat","background-position":"center center","background-size":"auto","background-attachment":"scroll","background-type":"","background-media":"","overlay-type":"","overlay-color":"","overlay-opacity":"","overlay-gradient":""}},"ast-content-background-meta":{"desktop":{"background-color":"var(--ast-global-color-5)","background-image":"","background-repeat":"repeat","background-position":"center center","background-size":"auto","background-attachment":"scroll","background-type":"","background-media":"","overlay-type":"","overlay-color":"","overlay-opacity":"","overlay-gradient":""},"tablet":{"background-color":"var(--ast-global-color-5)","background-image":"","background-repeat":"repeat","background-position":"center center","background-size":"auto","background-attachment":"scroll","background-type":"","background-media":"","overlay-type":"","overlay-color":"","overlay-opacity":"","overlay-gradient":""},"mobile":{"background-color":"var(--ast-global-color-5)","background-image":"","background-repeat":"repeat","background-position":"center center","background-size":"auto","background-attachment":"scroll","background-type":"","background-media":"","overlay-type":"","overlay-color":"","overlay-opacity":"","overlay-gradient":""}}},"product_brand":[],"product_cat":[83],"product_tag":[],"class_list":{"0":"post-3606","1":"product","2":"type-product","3":"status-publish","4":"has-post-thumbnail","6":"product_cat-5-axis-cnc-foam-wood-moulding-machine","7":"desktop-align-left","8":"tablet-align-left","9":"mobile-align-left","10":"ast-product-gallery-layout-horizontal-slider","11":"ast-product-gallery-with-no-image","12":"ast-magnify-disabled","13":"ast-product-tabs-layout-distributed","15":"first","16":"instock","17":"shipping-taxable","18":"product-type-simple"},"uagb_featured_image_src":{"full":["https:\/\/www.queencncmachinery.com\/wp-content\/uploads\/2025\/11\/\u5fae\u4fe1\u56fe\u7247_20241228172550-1-scaled.jpg",2560,1920,false],"thumbnail":["https:\/\/www.queencncmachinery.com\/wp-content\/uploads\/2025\/11\/\u5fae\u4fe1\u56fe\u7247_20241228172550-1-150x150.jpg",150,150,true],"medium":["https:\/\/www.queencncmachinery.com\/wp-content\/uploads\/2025\/11\/\u5fae\u4fe1\u56fe\u7247_20241228172550-1-300x225.jpg",300,225,true],"medium_large":["https:\/\/www.queencncmachinery.com\/wp-content\/uploads\/2025\/11\/\u5fae\u4fe1\u56fe\u7247_20241228172550-1-768x576.jpg",768,576,true],"large":["https:\/\/www.queencncmachinery.com\/wp-content\/uploads\/2025\/11\/\u5fae\u4fe1\u56fe\u7247_20241228172550-1-1024x768.jpg",1024,768,true],"1536x1536":["https:\/\/www.queencncmachinery.com\/wp-content\/uploads\/2025\/11\/\u5fae\u4fe1\u56fe\u7247_20241228172550-1-1536x1152.jpg",1536,1152,true],"2048x2048":["https:\/\/www.queencncmachinery.com\/wp-content\/uploads\/2025\/11\/\u5fae\u4fe1\u56fe\u7247_20241228172550-1-2048x1536.jpg",2048,1536,true],"trp-custom-language-flag":["https:\/\/www.queencncmachinery.com\/wp-content\/uploads\/2025\/11\/\u5fae\u4fe1\u56fe\u7247_20241228172550-1-16x12.jpg",16,12,true],"woocommerce_thumbnail":["https:\/\/www.queencncmachinery.com\/wp-content\/uploads\/2025\/11\/\u5fae\u4fe1\u56fe\u7247_20241228172550-1-scaled-800x600.jpg",800,600,true],"woocommerce_single":["https:\/\/www.queencncmachinery.com\/wp-content\/uploads\/2025\/11\/\u5fae\u4fe1\u56fe\u7247_20241228172550-1-scaled-800x600.jpg",800,600,true],"woocommerce_gallery_thumbnail":["https:\/\/www.queencncmachinery.com\/wp-content\/uploads\/2025\/11\/\u5fae\u4fe1\u56fe\u7247_20241228172550-1-scaled-100x100.jpg",100,100,true]},"uagb_author_info":{"display_name":"jinxing6611@gmail.com","author_link":"https:\/\/www.queencncmachinery.com\/fr\/author\/"},"uagb_comment_info":0,"uagb_excerpt":"\u4e00\u3001Parameters\uff1a 1.Axis\uff1a5\u00a0Axis 2.Working size\uff1a Install 200mm\u00a0tool bits spindle horizontal working \uff1a X axis \uff1a2000mm Y axis \uff1a3000mm Z\u00a0Axis\uff1a1000mm B\u00a0Axis\uff1a\u00b1110\u00b0 C\u00a0Axis\uff1a\u00b1320\u00b0 Install 200mm\u00a0tool bits spindle Vertical working \uff1a X\u00a0Axis\uff1a3000mm Y Axis\uff1a4000mm Z Axis\uff1a800mm B\u00a0Axis\uff1a\u00b1110\u00b0 C\u00a0Axis\uff1a\u00b1320\u00b0 3.Moving Speed\uff1a X\u00a0axis\u3001Y\u00a0axis\uff1a20m\/min Z\u00a0axis\uff1a10m\/min B\u00a0axis\u3001C\u00a0axis\uff1a60\u00b0\/s Configurations\uff1a No Items Name Location Parameters 1 Spindle configurations Spindle &nbsp; HQD brand\uff1aHQD power\uff1a12Kw Spindle rotating\u00a0\uff1a24000rpm\u2026","_links":{"self":[{"href":"https:\/\/www.queencncmachinery.com\/fr\/wp-json\/wp\/v2\/product\/3606","targetHints":{"allow":["GET"]}}],"collection":[{"href":"https:\/\/www.queencncmachinery.com\/fr\/wp-json\/wp\/v2\/product"}],"about":[{"href":"https:\/\/www.queencncmachinery.com\/fr\/wp-json\/wp\/v2\/types\/product"}],"replies":[{"embeddable":true,"href":"https:\/\/www.queencncmachinery.com\/fr\/wp-json\/wp\/v2\/comments?post=3606"}],"wp:featuredmedia":[{"embeddable":true,"href":"https:\/\/www.queencncmachinery.com\/fr\/wp-json\/wp\/v2\/media\/3609"}],"wp:attachment":[{"href":"https:\/\/www.queencncmachinery.com\/fr\/wp-json\/wp\/v2\/media?parent=3606"}],"wp:term":[{"taxonomy":"product_brand","embeddable":true,"href":"https:\/\/www.queencncmachinery.com\/fr\/wp-json\/wp\/v2\/product_brand?post=3606"},{"taxonomy":"product_cat","embeddable":true,"href":"https:\/\/www.queencncmachinery.com\/fr\/wp-json\/wp\/v2\/product_cat?post=3606"},{"taxonomy":"product_tag","embeddable":true,"href":"https:\/\/www.queencncmachinery.com\/fr\/wp-json\/wp\/v2\/product_tag?post=3606"}],"curies":[{"name":"wp","href":"https:\/\/api.w.org\/{rel}","templated":true}]}}