{"id":3602,"date":"2025-11-04T13:53:54","date_gmt":"2025-11-04T13:53:54","guid":{"rendered":"https:\/\/www.queencncmachinery.com\/?post_type=product&#038;p=3602"},"modified":"2025-11-19T05:23:51","modified_gmt":"2025-11-19T05:23:51","slug":"multi-functions-cnc-knife-cutting-machine","status":"publish","type":"product","link":"https:\/\/www.queencncmachinery.com\/fr\/produit\/multi-functions-cnc-knife-cutting-machine\/","title":{"rendered":"Machine \u00e0 d\u00e9couper les couteaux \u00e0 commande num\u00e9rique multifonctions"},"content":{"rendered":"<div class=\"ast-oembed-container\" style=\"height: 100%;\"><iframe title=\"cnc digital knife cutting for fabric cutting ,rotary driven head for many layers cloth cutting\" width=\"422\" height=\"750\" src=\"https:\/\/www.youtube.com\/embed\/RhurunYt_9o?feature=oembed\" frameborder=\"0\" allow=\"accelerometer; autoplay; clipboard-write; encrypted-media; gyroscope; picture-in-picture; web-share\" referrerpolicy=\"strict-origin-when-cross-origin\" allowfullscreen><\/iframe><\/div>\n<table>\n<tbody>\n<tr>\n<td colspan=\"2\" width=\"662\"><strong>Description et sp\u00e9cifications :<\/strong><\/td>\n<\/tr>\n<tr>\n<td width=\"211\">X taille de travail<\/td>\n<td width=\"451\">1600mm<\/td>\n<\/tr>\n<tr>\n<td width=\"211\">Y taille de travail<\/td>\n<td width=\"451\">2500mm<\/td>\n<\/tr>\n<tr>\n<td width=\"211\">Z \u00c9paisseur de coupe<\/td>\n<td width=\"451\">50 mm<\/td>\n<\/tr>\n<tr>\n<td width=\"211\">T\u00eate de coupe<\/td>\n<td width=\"451\">cnc Oscillating knife cutting head\u00a0and punching\u00a0head<\/td>\n<\/tr>\n<tr>\n<td width=\"211\">Mode d'affichage<\/td>\n<td width=\"451\">\u00c9cran tactile LED en anglais<\/td>\n<\/tr>\n<tr>\n<td width=\"211\">Table de machine<\/td>\n<td width=\"451\">Table d'aspiration \u00e0 chargement automatique, adapt\u00e9e au textile, au caoutchouc, aux autocollants et \u00e0 d'autres mat\u00e9riaux souples.<\/td>\n<\/tr>\n<tr>\n<td width=\"211\">Mode de transfert des donn\u00e9es<\/td>\n<td width=\"451\">Intel<\/td>\n<\/tr>\n<tr>\n<td width=\"211\">Pompe \u00e0 vide<\/td>\n<td width=\"451\">Table \u00e0 vide \u00e0 air 9KW<\/td>\n<\/tr>\n<tr>\n<td width=\"211\">Syst\u00e8me de conduite<\/td>\n<td width=\"451\">Servo driver et moteur Panasonic ou delta ou huichuan<\/td>\n<\/tr>\n<tr>\n<td width=\"211\">Syst\u00e8me de contr\u00f4le<\/td>\n<td width=\"451\">Contr\u00f4leur 6 axes<\/td>\n<\/tr>\n<tr>\n<td width=\"211\">Syst\u00e8me de guidage<\/td>\n<td width=\"451\">PMI Ta\u00efwan 20<\/td>\n<\/tr>\n<tr>\n<td width=\"211\">Capteur d'outil<\/td>\n<td width=\"451\">avec<\/td>\n<\/tr>\n<tr>\n<td width=\"211\">Transmission<\/td>\n<td width=\"451\">cr\u00e9maill\u00e8re pignon<\/td>\n<\/tr>\n<tr>\n<td width=\"211\">Vitesse de coupe<\/td>\n<td width=\"451\">30m\/min<\/td>\n<\/tr>\n<tr>\n<td width=\"211\">Vitesse de d\u00e9placement<\/td>\n<td width=\"451\">50m\/min<\/td>\n<\/tr>\n<tr>\n<td width=\"211\">Poids<\/td>\n<td width=\"451\">Environ 1500 kg<\/td>\n<\/tr>\n<tr>\n<td width=\"211\">Taille<\/td>\n<td width=\"451\">2250*3500*1650mm<\/td>\n<\/tr>\n<tr>\n<td width=\"211\">Tension<\/td>\n<td width=\"451\">3 phases 380V ou 220V 50HZ\/60hz<\/td>\n<\/tr>\n<tr>\n<td width=\"211\">Logiciel<\/td>\n<td width=\"451\">Vcutworks, machine a ce logiciel<\/td>\n<\/tr>\n<\/tbody>\n<\/table>\n<p>Diff\u00e9rents outils avec diff\u00e9rentes fonctions<\/p>\n<p>1. Outil oscillant \u00e9lectronique - avec une course de 1 mm pour la coupe de mat\u00e9riaux souples et de densit\u00e9 moyenne.<\/p>\n<p>Outil de coupe universel - pour la coupe transversale de mat\u00e9riaux d'une \u00e9paisseur allant jusqu'\u00e0 0,196 pouce. Coupe \u00e0 grande vitesse \u00e0 faible co\u00fbt.<\/p>\n<p>Mat\u00e9riaux applicables : panneaux publicitaires KT, panneaux v\u00e9sicants, plastique ABS, feuilles de plastique ondul\u00e9, carton ondul\u00e9, carton, panneaux de particules, tapis anti-poussi\u00e8re, tapis, joints d'\u00e9tanch\u00e9it\u00e9, fibre de carbone, etc.<\/p>","protected":false},"excerpt":{"rendered":"<p>Description &amp; Specifications: X working size 1600mm Y working size 2500mm Z Cutting thickness 50mm Cutting head cnc Oscillating knife cutting head\u00a0and punching\u00a0head Display way English LED touch screen Machine table Auto loading Suction Table, suitable for textile,\u00a0rubber,sticker and other soft material Data transfer way Intel Vacuum pump 9KW air\u00a0type vacuum table Driving system Panasonic\u00a0or [&hellip;]<\/p>","protected":false},"featured_media":3605,"comment_status":"open","ping_status":"closed","template":"","meta":{"_seopress_robots_primary_cat":"none","_seopress_titles_title":"","_seopress_titles_desc":"","_seopress_robots_index":"","_uag_custom_page_level_css":"","site-sidebar-layout":"default","site-content-layout":"","ast-site-content-layout":"default","site-content-style":"default","site-sidebar-style":"default","ast-global-header-display":"","ast-banner-title-visibility":"","ast-main-header-display":"","ast-hfb-above-header-display":"","ast-hfb-below-header-display":"","ast-hfb-mobile-header-display":"","site-post-title":"","ast-breadcrumbs-content":"","ast-featured-img":"","footer-sml-layout":"","ast-disable-related-posts":"","theme-transparent-header-meta":"default","adv-header-id-meta":"","stick-header-meta":"default","header-above-stick-meta":"","header-main-stick-meta":"","header-below-stick-meta":"","astra-migrate-meta-layouts":"set","ast-page-background-enabled":"default","ast-page-background-meta":{"desktop":{"background-color":"","background-image":"","background-repeat":"repeat","background-position":"center center","background-size":"auto","background-attachment":"scroll","background-type":"","background-media":"","overlay-type":"","overlay-color":"","overlay-opacity":"","overlay-gradient":""},"tablet":{"background-color":"","background-image":"","background-repeat":"repeat","background-position":"center center","background-size":"auto","background-attachment":"scroll","background-type":"","background-media":"","overlay-type":"","overlay-color":"","overlay-opacity":"","overlay-gradient":""},"mobile":{"background-color":"","background-image":"","background-repeat":"repeat","background-position":"center center","background-size":"auto","background-attachment":"scroll","background-type":"","background-media":"","overlay-type":"","overlay-color":"","overlay-opacity":"","overlay-gradient":""}},"ast-content-background-meta":{"desktop":{"background-color":"var(--ast-global-color-5)","background-image":"","background-repeat":"repeat","background-position":"center center","background-size":"auto","background-attachment":"scroll","background-type":"","background-media":"","overlay-type":"","overlay-color":"","overlay-opacity":"","overlay-gradient":""},"tablet":{"background-color":"var(--ast-global-color-5)","background-image":"","background-repeat":"repeat","background-position":"center center","background-size":"auto","background-attachment":"scroll","background-type":"","background-media":"","overlay-type":"","overlay-color":"","overlay-opacity":"","overlay-gradient":""},"mobile":{"background-color":"var(--ast-global-color-5)","background-image":"","background-repeat":"repeat","background-position":"center center","background-size":"auto","background-attachment":"scroll","background-type":"","background-media":"","overlay-type":"","overlay-color":"","overlay-opacity":"","overlay-gradient":""}}},"product_brand":[],"product_cat":[82],"product_tag":[],"class_list":{"0":"post-3602","1":"product","2":"type-product","3":"status-publish","4":"has-post-thumbnail","6":"product_cat-multi-functions-cnc-knife-cutting-machine","7":"desktop-align-left","8":"tablet-align-left","9":"mobile-align-left","10":"ast-product-gallery-layout-horizontal-slider","11":"ast-product-gallery-with-no-image","12":"ast-magnify-disabled","13":"ast-product-tabs-layout-distributed","15":"first","16":"instock","17":"shipping-taxable","18":"product-type-simple"},"uagb_featured_image_src":{"full":["https:\/\/www.queencncmachinery.com\/wp-content\/uploads\/2025\/11\/1587544784.jpg",750,750,false],"thumbnail":["https:\/\/www.queencncmachinery.com\/wp-content\/uploads\/2025\/11\/1587544784-150x150.jpg",150,150,true],"medium":["https:\/\/www.queencncmachinery.com\/wp-content\/uploads\/2025\/11\/1587544784-300x300.jpg",300,300,true],"medium_large":["https:\/\/www.queencncmachinery.com\/wp-content\/uploads\/2025\/11\/1587544784.jpg",750,750,false],"large":["https:\/\/www.queencncmachinery.com\/wp-content\/uploads\/2025\/11\/1587544784.jpg",750,750,false],"1536x1536":["https:\/\/www.queencncmachinery.com\/wp-content\/uploads\/2025\/11\/1587544784.jpg",750,750,false],"2048x2048":["https:\/\/www.queencncmachinery.com\/wp-content\/uploads\/2025\/11\/1587544784.jpg",750,750,false],"trp-custom-language-flag":["https:\/\/www.queencncmachinery.com\/wp-content\/uploads\/2025\/11\/1587544784-12x12.jpg",12,12,true],"woocommerce_thumbnail":["https:\/\/www.queencncmachinery.com\/wp-content\/uploads\/2025\/11\/1587544784.jpg",750,750,false],"woocommerce_single":["https:\/\/www.queencncmachinery.com\/wp-content\/uploads\/2025\/11\/1587544784.jpg",750,750,false],"woocommerce_gallery_thumbnail":["https:\/\/www.queencncmachinery.com\/wp-content\/uploads\/2025\/11\/1587544784-100x100.jpg",100,100,true]},"uagb_author_info":{"display_name":"jinxing6611@gmail.com","author_link":"https:\/\/www.queencncmachinery.com\/fr\/author\/"},"uagb_comment_info":0,"uagb_excerpt":"Description &amp; Specifications: X working size 1600mm Y working size 2500mm Z Cutting thickness 50mm Cutting head cnc Oscillating knife cutting head\u00a0and punching\u00a0head Display way English LED touch screen Machine table Auto loading Suction Table, suitable for textile,\u00a0rubber,sticker and other soft material Data transfer way Intel Vacuum pump 9KW air\u00a0type vacuum table Driving system Panasonic\u00a0or\u2026","_links":{"self":[{"href":"https:\/\/www.queencncmachinery.com\/fr\/wp-json\/wp\/v2\/product\/3602","targetHints":{"allow":["GET"]}}],"collection":[{"href":"https:\/\/www.queencncmachinery.com\/fr\/wp-json\/wp\/v2\/product"}],"about":[{"href":"https:\/\/www.queencncmachinery.com\/fr\/wp-json\/wp\/v2\/types\/product"}],"replies":[{"embeddable":true,"href":"https:\/\/www.queencncmachinery.com\/fr\/wp-json\/wp\/v2\/comments?post=3602"}],"wp:featuredmedia":[{"embeddable":true,"href":"https:\/\/www.queencncmachinery.com\/fr\/wp-json\/wp\/v2\/media\/3605"}],"wp:attachment":[{"href":"https:\/\/www.queencncmachinery.com\/fr\/wp-json\/wp\/v2\/media?parent=3602"}],"wp:term":[{"taxonomy":"product_brand","embeddable":true,"href":"https:\/\/www.queencncmachinery.com\/fr\/wp-json\/wp\/v2\/product_brand?post=3602"},{"taxonomy":"product_cat","embeddable":true,"href":"https:\/\/www.queencncmachinery.com\/fr\/wp-json\/wp\/v2\/product_cat?post=3602"},{"taxonomy":"product_tag","embeddable":true,"href":"https:\/\/www.queencncmachinery.com\/fr\/wp-json\/wp\/v2\/product_tag?post=3602"}],"curies":[{"name":"wp","href":"https:\/\/api.w.org\/{rel}","templated":true}]}}