{"id":3598,"date":"2025-11-04T13:52:11","date_gmt":"2025-11-04T13:52:11","guid":{"rendered":"https:\/\/www.queencncmachinery.com\/?post_type=product&#038;p=3598"},"modified":"2025-11-18T06:37:10","modified_gmt":"2025-11-18T06:37:10","slug":"cnc-oscillating-knife-cutting-machine","status":"publish","type":"product","link":"https:\/\/www.queencncmachinery.com\/fr\/produit\/cnc-oscillating-knife-cutting-machine\/","title":{"rendered":"Machine \u00e0 couper les couteaux oscillants CNC"},"content":{"rendered":"<div class=\"ast-oembed-container\" style=\"height: 100%;\"><iframe title=\"Machine \u00e0 d\u00e9couper les couteaux num\u00e9riques \u00e0 commande num\u00e9rique avec coupe par tra\u00een\u00e9e\" width=\"422\" height=\"750\" src=\"https:\/\/www.youtube.com\/embed\/sgt01HoCKiY?feature=oembed\" frameborder=\"0\" allow=\"accelerometer; autoplay; clipboard-write; encrypted-media; gyroscope; picture-in-picture; web-share\" referrerpolicy=\"strict-origin-when-cross-origin\" allowfullscreen><\/iframe><\/div>\n<table>\n<tbody>\n<tr>\n<td colspan=\"2\" width=\"662\"><strong>Description et sp\u00e9cifications :<\/strong><\/td>\n<\/tr>\n<tr>\n<td width=\"211\">X taille de travail<\/td>\n<td width=\"451\">1600mm<\/td>\n<\/tr>\n<tr>\n<td width=\"211\">Y taille de travail<\/td>\n<td width=\"451\">2500mm<\/td>\n<\/tr>\n<tr>\n<td width=\"211\">Z \u00c9paisseur de coupe<\/td>\n<td width=\"451\">50 mm<\/td>\n<\/tr>\n<tr>\n<td width=\"211\">T\u00eate de coupe<\/td>\n<td width=\"451\">T\u00eate de coupe \u00e0 couteau oscillant et t\u00eate de rainurage CNC<\/td>\n<\/tr>\n<tr>\n<td width=\"211\">Mode d'affichage<\/td>\n<td width=\"451\">\u00c9cran tactile LED en anglais<\/td>\n<\/tr>\n<tr>\n<td width=\"211\">Table de machine<\/td>\n<td width=\"451\">Table d'aspiration \u00e0 chargement automatique, adapt\u00e9e au textile, au caoutchouc, aux autocollants et \u00e0 d'autres mat\u00e9riaux souples.<\/td>\n<\/tr>\n<tr>\n<td width=\"211\">Mode de transfert des donn\u00e9es<\/td>\n<td width=\"451\">Intel<\/td>\n<\/tr>\n<tr>\n<td width=\"211\">Pompe \u00e0 vide<\/td>\n<td width=\"451\">Table \u00e0 vide \u00e0 air 9KW<\/td>\n<\/tr>\n<tr>\n<td width=\"211\">Syst\u00e8me de conduite<\/td>\n<td width=\"451\">Servo driver et moteur Panasonic ou delta ou huichuan<\/td>\n<\/tr>\n<tr>\n<td width=\"211\">Syst\u00e8me de contr\u00f4le<\/td>\n<td width=\"451\">Contr\u00f4leur 6 axes<\/td>\n<\/tr>\n<tr>\n<td width=\"211\">Syst\u00e8me de guidage<\/td>\n<td width=\"451\">PMI Ta\u00efwan 20<\/td>\n<\/tr>\n<tr>\n<td width=\"211\">Capteur d'outil<\/td>\n<td width=\"451\">avec<\/td>\n<\/tr>\n<tr>\n<td width=\"211\">Transmission<\/td>\n<td width=\"451\">cr\u00e9maill\u00e8re pignon<\/td>\n<\/tr>\n<tr>\n<td width=\"211\">Vitesse de coupe<\/td>\n<td width=\"451\">30m\/min<\/td>\n<\/tr>\n<tr>\n<td width=\"211\">Vitesse de d\u00e9placement<\/td>\n<td width=\"451\">50m\/min<\/td>\n<\/tr>\n<tr>\n<td width=\"211\">Poids<\/td>\n<td width=\"451\">Environ 1500 kg<\/td>\n<\/tr>\n<tr>\n<td width=\"211\">Taille<\/td>\n<td width=\"451\">2250*3500*1650mm<\/td>\n<\/tr>\n<tr>\n<td width=\"211\">Tension<\/td>\n<td width=\"451\">3 phases 380V ou 220V 50HZ\/60hz<\/td>\n<\/tr>\n<tr>\n<td width=\"211\">Logiciel<\/td>\n<td width=\"451\">Vcutworks, machine a ce logiciel<\/td>\n<\/tr>\n<\/tbody>\n<\/table>\n<p>Diff\u00e9rents outils avec diff\u00e9rentes fonctions<\/p>\n<p>1. Outil oscillant \u00e9lectronique - avec une course de 1 mm pour la coupe de mat\u00e9riaux souples et de densit\u00e9 moyenne.<\/p>\n<p>Outil de coupe universel - pour la coupe transversale de mat\u00e9riaux d'une \u00e9paisseur allant jusqu'\u00e0 0,196 pouce. Coupe \u00e0 grande vitesse \u00e0 faible co\u00fbt.<\/p>\n<p>Mat\u00e9riaux applicables : panneaux publicitaires KT, panneaux v\u00e9sicants, plastique ABS, feuilles de plastique ondul\u00e9, carton ondul\u00e9, carton, panneaux de particules, tapis anti-poussi\u00e8re, tapis, joints d'\u00e9tanch\u00e9it\u00e9, fibre de carbone, etc.<\/p>\n<p>2.Kiss Cut Tool (demi-coupe) - pour d\u00e9couper le vinyle, les feuilles, les films, les supports fins, le carton, les textiles et d'autres substrats fins.<\/p>\n<p>3. outil rotatif d'entra\u00eenement (couteau rond) - convient parfaitement \u00e0 la coupe de mat\u00e9riaux tricot\u00e9s, de textiles et de feuilles de cuivre minces.<\/p>\n<p>Possibilit\u00e9 d'installer diff\u00e9rentes lames pour la coupe de diff\u00e9rents mat\u00e9riaux<\/p>\n<p>Mat\u00e9riaux applicables : flanelle de mouton, textile UV, fibre de carbone, fibre de verre, banderole, tissu de drapeau, tissu r\u00e9sistant \u00e0 la lumi\u00e8re et autres types de textiles.<\/p>\n<p>4. la broche de la d\u00e9fonceuse. Con\u00e7ue pour des performances solides dans une large gamme d'applications et de substrats. La d\u00e9fonceuse peut \u00e9galement effectuer des gravures de pr\u00e9cision comme l'outil Kiss-Cut.<\/p>\n<p>5. l'outil de coupe en V - est parfait pour produire des conceptions structurelles complexes \u00e0 partir de noyaux de mousse ou de mat\u00e9riaux coll\u00e9s. L'outil peut \u00eatre r\u00e9gl\u00e9 pour couper 5 angles diff\u00e9rents. 0\u00b0, 15\u00b0, 22.5\u00b0, 30\u00b0, 45\u00b0.<\/p>\n<p>6. roue de rainage - avec diff\u00e9rentes tailles de roue de rainage pour diff\u00e9rentes \u00e9paisseurs de carton, la plus petite roue \u00e9tant utilis\u00e9e pour le rainage de carton fin, et la plus grande pour le rainage de carton plus \u00e9pais.<\/p>\n<p>Mat\u00e9riau applicable : carton ondul\u00e9, papier carton, carton ondul\u00e9 en plastique<\/p>\n<p>7 L'outil oscillant pneumatique est un appareil pneumatique \u00e0 haute fr\u00e9quence d'oscillation. La course de 8 mm permet de couper des mat\u00e9riaux rigides et de haute densit\u00e9 jusqu'\u00e0 1,96\u2033 d'\u00e9paisseur \u00e0 l'aide d'une lame sp\u00e9ciale. (Option)<\/p>\n<p>8.Couteau \u00e0 tra\u00eener<\/p>\n<p>Peut couper \u00e0 une vitesse rapide, haute performance, faible co\u00fbt d'entretien, avec diff\u00e9rentes lames peut couper diff\u00e9rentes conceptions, haute efficacit\u00e9, diam\u00e8tre : D40mm pour la lame<\/p>\n<p>Mat\u00e9riau applicable : Papier PP, application PP de la gomme, mat\u00e9riau r\u00e9fl\u00e9chissant la lumi\u00e8re, tampon de collage de voiture, plastiques ABS, plastiques fins, feuilles de caoutchouc, imitation de cuir, carton KT, carton de papier, feuille d'expansion pvc, carton Chevron, verre souple.<\/p>\n<p>9. t\u00eate de perforation<\/p>\n<p>10. stylo de marquage<\/p>\n<p>11.Table de chargement automatique<\/p>\n<p>12.Petit ccd<\/p>\n<p>13.Big ccd et projecteur<\/p>","protected":false},"excerpt":{"rendered":"<p>Description &amp; Specifications: X working size 1600mm Y working size 2500mm Z Cutting thickness 50mm Cutting head cnc Oscillating knife cutting head\u00a0and creasing\u00a0head Display way English LED touch screen Machine table Auto loading Suction Table, suitable for textile,\u00a0rubber,sticker and other soft material Data transfer way Intel Vacuum pump 9KW air\u00a0type vacuum table Driving system Panasonic\u00a0or [&hellip;]<\/p>","protected":false},"featured_media":3601,"comment_status":"open","ping_status":"closed","template":"","meta":{"_seopress_robots_primary_cat":"none","_seopress_titles_title":"","_seopress_titles_desc":"","_seopress_robots_index":"","_uag_custom_page_level_css":"","site-sidebar-layout":"default","site-content-layout":"","ast-site-content-layout":"default","site-content-style":"default","site-sidebar-style":"default","ast-global-header-display":"","ast-banner-title-visibility":"","ast-main-header-display":"","ast-hfb-above-header-display":"","ast-hfb-below-header-display":"","ast-hfb-mobile-header-display":"","site-post-title":"","ast-breadcrumbs-content":"","ast-featured-img":"","footer-sml-layout":"","ast-disable-related-posts":"","theme-transparent-header-meta":"default","adv-header-id-meta":"","stick-header-meta":"default","header-above-stick-meta":"","header-main-stick-meta":"","header-below-stick-meta":"","astra-migrate-meta-layouts":"set","ast-page-background-enabled":"default","ast-page-background-meta":{"desktop":{"background-color":"","background-image":"","background-repeat":"repeat","background-position":"center center","background-size":"auto","background-attachment":"scroll","background-type":"","background-media":"","overlay-type":"","overlay-color":"","overlay-opacity":"","overlay-gradient":""},"tablet":{"background-color":"","background-image":"","background-repeat":"repeat","background-position":"center center","background-size":"auto","background-attachment":"scroll","background-type":"","background-media":"","overlay-type":"","overlay-color":"","overlay-opacity":"","overlay-gradient":""},"mobile":{"background-color":"","background-image":"","background-repeat":"repeat","background-position":"center center","background-size":"auto","background-attachment":"scroll","background-type":"","background-media":"","overlay-type":"","overlay-color":"","overlay-opacity":"","overlay-gradient":""}},"ast-content-background-meta":{"desktop":{"background-color":"var(--ast-global-color-5)","background-image":"","background-repeat":"repeat","background-position":"center center","background-size":"auto","background-attachment":"scroll","background-type":"","background-media":"","overlay-type":"","overlay-color":"","overlay-opacity":"","overlay-gradient":""},"tablet":{"background-color":"var(--ast-global-color-5)","background-image":"","background-repeat":"repeat","background-position":"center center","background-size":"auto","background-attachment":"scroll","background-type":"","background-media":"","overlay-type":"","overlay-color":"","overlay-opacity":"","overlay-gradient":""},"mobile":{"background-color":"var(--ast-global-color-5)","background-image":"","background-repeat":"repeat","background-position":"center center","background-size":"auto","background-attachment":"scroll","background-type":"","background-media":"","overlay-type":"","overlay-color":"","overlay-opacity":"","overlay-gradient":""}}},"product_brand":[],"product_cat":[81],"product_tag":[],"class_list":{"0":"post-3598","1":"product","2":"type-product","3":"status-publish","4":"has-post-thumbnail","6":"product_cat-cnc-oscillating-knife-cutting-machine-cnc-oscillating-knife-cutting-machine","7":"desktop-align-left","8":"tablet-align-left","9":"mobile-align-left","10":"ast-product-gallery-layout-horizontal-slider","11":"ast-product-gallery-with-no-image","12":"ast-magnify-disabled","13":"ast-product-tabs-layout-distributed","15":"first","16":"instock","17":"shipping-taxable","18":"product-type-simple"},"uagb_featured_image_src":{"full":["https:\/\/www.queencncmachinery.com\/wp-content\/uploads\/2025\/11\/QQ20250403-102632.png",1072,581,false],"thumbnail":["https:\/\/www.queencncmachinery.com\/wp-content\/uploads\/2025\/11\/QQ20250403-102632-150x150.png",150,150,true],"medium":["https:\/\/www.queencncmachinery.com\/wp-content\/uploads\/2025\/11\/QQ20250403-102632-300x163.png",300,163,true],"medium_large":["https:\/\/www.queencncmachinery.com\/wp-content\/uploads\/2025\/11\/QQ20250403-102632-768x416.png",768,416,true],"large":["https:\/\/www.queencncmachinery.com\/wp-content\/uploads\/2025\/11\/QQ20250403-102632-1024x555.png",1024,555,true],"1536x1536":["https:\/\/www.queencncmachinery.com\/wp-content\/uploads\/2025\/11\/QQ20250403-102632.png",1072,581,false],"2048x2048":["https:\/\/www.queencncmachinery.com\/wp-content\/uploads\/2025\/11\/QQ20250403-102632.png",1072,581,false],"trp-custom-language-flag":["https:\/\/www.queencncmachinery.com\/wp-content\/uploads\/2025\/11\/QQ20250403-102632-18x10.png",18,10,true],"woocommerce_thumbnail":["https:\/\/www.queencncmachinery.com\/wp-content\/uploads\/2025\/11\/QQ20250403-102632-800x434.png",800,434,true],"woocommerce_single":["https:\/\/www.queencncmachinery.com\/wp-content\/uploads\/2025\/11\/QQ20250403-102632-800x434.png",800,434,true],"woocommerce_gallery_thumbnail":["https:\/\/www.queencncmachinery.com\/wp-content\/uploads\/2025\/11\/QQ20250403-102632-100x100.png",100,100,true]},"uagb_author_info":{"display_name":"jinxing6611@gmail.com","author_link":"https:\/\/www.queencncmachinery.com\/fr\/author\/"},"uagb_comment_info":0,"uagb_excerpt":"Description &amp; Specifications: X working size 1600mm Y working size 2500mm Z Cutting thickness 50mm Cutting head cnc Oscillating knife cutting head\u00a0and creasing\u00a0head Display way English LED touch screen Machine table Auto loading Suction Table, suitable for textile,\u00a0rubber,sticker and other soft material Data transfer way Intel Vacuum pump 9KW air\u00a0type vacuum table Driving system Panasonic\u00a0or\u2026","_links":{"self":[{"href":"https:\/\/www.queencncmachinery.com\/fr\/wp-json\/wp\/v2\/product\/3598","targetHints":{"allow":["GET"]}}],"collection":[{"href":"https:\/\/www.queencncmachinery.com\/fr\/wp-json\/wp\/v2\/product"}],"about":[{"href":"https:\/\/www.queencncmachinery.com\/fr\/wp-json\/wp\/v2\/types\/product"}],"replies":[{"embeddable":true,"href":"https:\/\/www.queencncmachinery.com\/fr\/wp-json\/wp\/v2\/comments?post=3598"}],"wp:featuredmedia":[{"embeddable":true,"href":"https:\/\/www.queencncmachinery.com\/fr\/wp-json\/wp\/v2\/media\/3601"}],"wp:attachment":[{"href":"https:\/\/www.queencncmachinery.com\/fr\/wp-json\/wp\/v2\/media?parent=3598"}],"wp:term":[{"taxonomy":"product_brand","embeddable":true,"href":"https:\/\/www.queencncmachinery.com\/fr\/wp-json\/wp\/v2\/product_brand?post=3598"},{"taxonomy":"product_cat","embeddable":true,"href":"https:\/\/www.queencncmachinery.com\/fr\/wp-json\/wp\/v2\/product_cat?post=3598"},{"taxonomy":"product_tag","embeddable":true,"href":"https:\/\/www.queencncmachinery.com\/fr\/wp-json\/wp\/v2\/product_tag?post=3598"}],"curies":[{"name":"wp","href":"https:\/\/api.w.org\/{rel}","templated":true}]}}