{"id":3552,"date":"2025-11-04T13:37:16","date_gmt":"2025-11-04T13:37:16","guid":{"rendered":"https:\/\/www.queencncmachinery.com\/?post_type=product&#038;p=3552"},"modified":"2025-11-19T05:29:45","modified_gmt":"2025-11-19T05:29:45","slug":"qn3015-fiber-cutting-machine-6kw","status":"publish","type":"product","link":"https:\/\/www.queencncmachinery.com\/fr\/produit\/qn3015-fiber-cutting-machine-6kw\/","title":{"rendered":"QN3015 Machine \u00e0 couper les fibres 6KW"},"content":{"rendered":"<div class=\"ast-oembed-container\" style=\"height: 100%;\"><iframe title=\"6kw fiber cutting machine for 16mm metal cutting\" width=\"500\" height=\"281\" src=\"https:\/\/www.youtube.com\/embed\/cFYKfhqGUVo?feature=oembed\" frameborder=\"0\" allow=\"accelerometer; autoplay; clipboard-write; encrypted-media; gyroscope; picture-in-picture; web-share\" referrerpolicy=\"strict-origin-when-cross-origin\" allowfullscreen><\/iframe><\/div>\n<p><strong><b>Param\u00e8tres techniques<\/b><\/strong><\/p>\n<table>\n<tbody>\n<tr>\n<td width=\"108\"><strong><b>S\u00e9rie<\/b><\/strong><\/td>\n<td width=\"292\"><strong><b>Articles<\/b><\/strong><\/td>\n<td width=\"219\"><strong><b>Description<\/b><\/strong><\/td>\n<td width=\"96\"><strong><b>Unit\u00e9<\/b><\/strong><\/td>\n<\/tr>\n<tr>\n<td width=\"108\">1<\/td>\n<td width=\"292\">Vitesse maximale X\/Y<\/td>\n<td width=\"219\">30<\/td>\n<td width=\"96\">m\/min<\/td>\n<\/tr>\n<tr>\n<td width=\"108\">2<\/td>\n<td width=\"292\">Acc\u00e9l\u00e9ration maximale<\/td>\n<td width=\"219\">0.6G<\/td>\n<td width=\"96\">m\/s<sup>2<\/sup><\/td>\n<\/tr>\n<tr>\n<td width=\"108\">3<\/td>\n<td width=\"292\">Pr\u00e9cision du positionnement des axes X\/Y<\/td>\n<td width=\"219\"><u>+<\/u>0.03<\/td>\n<td width=\"96\">mm<\/td>\n<\/tr>\n<tr>\n<td width=\"108\">4<\/td>\n<td width=\"292\">Pr\u00e9cision de positionnement de la r\u00e9p\u00e9tition de l'axe X\/Y<\/td>\n<td width=\"219\"><u>+<\/u>0.03<\/td>\n<td width=\"96\">mm<\/td>\n<\/tr>\n<tr>\n<td width=\"108\">5<\/td>\n<td width=\"292\">Tension<\/td>\n<td width=\"219\"><u>380V<\/u><\/td>\n<td width=\"96\">V<\/td>\n<\/tr>\n<tr>\n<td width=\"108\">6<\/td>\n<td width=\"292\">Phase<\/td>\n<td width=\"219\">3<\/td>\n<td width=\"96\">phase<\/td>\n<\/tr>\n<tr>\n<td width=\"108\">7<\/td>\n<td width=\"292\">Hertz<\/td>\n<td width=\"219\">50\/60<\/td>\n<td width=\"96\">Hz<\/td>\n<\/tr>\n<tr>\n<td width=\"108\">8<\/td>\n<td width=\"292\">Servomoteur de l'axe X<\/td>\n<td width=\"219\">Ta\u00efwan Delta 850W<\/td>\n<td width=\"96\">1<\/td>\n<\/tr>\n<tr>\n<td width=\"108\">9<\/td>\n<td width=\"292\">Servomoteur de l'axe Y<\/td>\n<td width=\"219\">Ta\u00efwan Delta 850W<\/td>\n<td width=\"96\">2<\/td>\n<\/tr>\n<tr>\n<td width=\"108\">10<\/td>\n<td width=\"292\">Servomoteur de l'axe Z<\/td>\n<td width=\"219\">Ta\u00efwan Delta 400W<\/td>\n<td width=\"96\">1<\/td>\n<\/tr>\n<tr>\n<td width=\"108\">11<\/td>\n<td width=\"292\">Source laser<\/td>\n<td width=\"219\">Raycus \/ MAX<\/td>\n<td width=\"96\">1<\/td>\n<\/tr>\n<tr>\n<td width=\"108\">12<\/td>\n<td width=\"292\">Refroidisseur d'eau<\/td>\n<td width=\"219\">S&amp;A<\/td>\n<td width=\"96\">1<\/td>\n<\/tr>\n<tr>\n<td width=\"108\">13<\/td>\n<td width=\"292\">Vis<\/td>\n<td width=\"219\">Vis \u00e0 billes TBI Taiwan pour X,Y,Z<\/td>\n<td width=\"96\">3<\/td>\n<\/tr>\n<tr>\n<td width=\"108\">14<\/td>\n<td width=\"292\">Voie p\u00e9troli\u00e8re<\/td>\n<td width=\"219\">Manuel<\/td>\n<td width=\"96\"><\/td>\n<\/tr>\n<tr>\n<td rowspan=\"4\" width=\"108\">\u00a0Pr\u00e9cision du traitement<\/p>\n<p>(acier inoxydable de 1 mm)<\/p>\n<p>&nbsp;<\/td>\n<td width=\"292\">\u03a630mm rondeur<\/td>\n<td width=\"219\">\u00a0\u22640.1<\/td>\n<td width=\"96\">mm<\/td>\n<\/tr>\n<tr>\n<td width=\"292\">\u03a630mm diff\u00e9rence de dimension entre les c\u00f4t\u00e9s adjacents<\/td>\n<td width=\"219\">\u00a0\u22640.04<\/td>\n<td width=\"96\">mm<\/td>\n<\/tr>\n<tr>\n<td width=\"292\">\u03a6190mm diff\u00e9rence de dimension entre les c\u00f4t\u00e9s adjacents<\/td>\n<td width=\"219\">\u00a0\u22640.06<\/td>\n<td width=\"96\">mm<\/td>\n<\/tr>\n<tr>\n<td width=\"292\">\u03a6190mm diff\u00e9rence de taille en diagonale<\/td>\n<td width=\"219\">\u00a0\u22640.07<\/td>\n<td width=\"96\">mm<\/td>\n<\/tr>\n<tr>\n<td rowspan=\"2\" width=\"108\">Puissance<\/td>\n<td width=\"292\">Source laser \u00e0 fibre<\/td>\n<td colspan=\"2\" width=\"316\">6000W<\/td>\n<\/tr>\n<tr>\n<td width=\"292\">Puissance totale<\/td>\n<td colspan=\"2\" width=\"316\">13.5KW<\/td>\n<\/tr>\n<\/tbody>\n<\/table>\n<p>&nbsp;<\/p>\n<table>\n<tbody>\n<tr>\n<td width=\"273\">Objet<\/td>\n<td width=\"451\">Marque<\/td>\n<\/tr>\n<tr>\n<td width=\"273\">T\u00eate laser<\/td>\n<td width=\"451\">Raytools laser cutting head or Boci<\/td>\n<\/tr>\n<tr>\n<td width=\"273\">Source laser<\/td>\n<td width=\"451\">Max\/Raycus<\/td>\n<\/tr>\n<tr>\n<td width=\"273\">Syst\u00e8me de contr\u00f4le<\/td>\n<td width=\"451\">Syst\u00e8me de contr\u00f4le RaytoolsXC3000S\/Cypcut2000E\/Au3tech<\/td>\n<\/tr>\n<tr>\n<td width=\"273\">Axe X\/Y\/Z Servomoteur<\/td>\n<td width=\"451\">Delta de Ta\u00efwan<\/td>\n<\/tr>\n<tr>\n<td width=\"273\">Rail<\/td>\n<td width=\"451\">Taiwan HIWIN<\/td>\n<\/tr>\n<tr>\n<td width=\"273\">Vis<\/td>\n<td width=\"451\">Vis \u00e0 billes TBI Taiwan pour X,Y,Z<\/td>\n<\/tr>\n<tr>\n<td width=\"273\">Pi\u00e8ces \u00e9lectriques<\/td>\n<td width=\"451\">Schneider fran\u00e7ais<\/td>\n<\/tr>\n<tr>\n<td width=\"273\">Pi\u00e8ces pneumatiques<\/td>\n<td width=\"451\">AirTAC Ta\u00efwan<\/td>\n<\/tr>\n<tr>\n<td width=\"273\">\u00c9quipements auxiliaires<\/td>\n<td width=\"451\">Ventilateur d'\u00e9chappement, tuyau d'\u00e9chappement d'air<\/td>\n<\/tr>\n<\/tbody>\n<\/table>\n<p>&nbsp;<\/p>","protected":false},"excerpt":{"rendered":"<p>Technical Parameters Series Items Description Unit 1 X\/Y Max Speed 30 m\/min 2 Maximum acceleration 0.6G m\/s2 3 X\/Y axis positioning accuracy +0.03 mm 4 X\/Y axis repeat positioning accuracy +0.03 mm 5 Voltage 380V V 6 Phase 3 phase 7 Hertz 50\/60 Hz 8 X axis servo motor Taiwan Delta 850W 1 9 Y [&hellip;]<\/p>","protected":false},"featured_media":3555,"comment_status":"open","ping_status":"closed","template":"","meta":{"_seopress_robots_primary_cat":"none","_seopress_titles_title":"","_seopress_titles_desc":"","_seopress_robots_index":"","_uag_custom_page_level_css":"","site-sidebar-layout":"default","site-content-layout":"","ast-site-content-layout":"default","site-content-style":"default","site-sidebar-style":"default","ast-global-header-display":"","ast-banner-title-visibility":"","ast-main-header-display":"","ast-hfb-above-header-display":"","ast-hfb-below-header-display":"","ast-hfb-mobile-header-display":"","site-post-title":"","ast-breadcrumbs-content":"","ast-featured-img":"","footer-sml-layout":"","ast-disable-related-posts":"","theme-transparent-header-meta":"default","adv-header-id-meta":"","stick-header-meta":"default","header-above-stick-meta":"","header-main-stick-meta":"","header-below-stick-meta":"","astra-migrate-meta-layouts":"set","ast-page-background-enabled":"default","ast-page-background-meta":{"desktop":{"background-color":"","background-image":"","background-repeat":"repeat","background-position":"center center","background-size":"auto","background-attachment":"scroll","background-type":"","background-media":"","overlay-type":"","overlay-color":"","overlay-opacity":"","overlay-gradient":""},"tablet":{"background-color":"","background-image":"","background-repeat":"repeat","background-position":"center center","background-size":"auto","background-attachment":"scroll","background-type":"","background-media":"","overlay-type":"","overlay-color":"","overlay-opacity":"","overlay-gradient":""},"mobile":{"background-color":"","background-image":"","background-repeat":"repeat","background-position":"center center","background-size":"auto","background-attachment":"scroll","background-type":"","background-media":"","overlay-type":"","overlay-color":"","overlay-opacity":"","overlay-gradient":""}},"ast-content-background-meta":{"desktop":{"background-color":"var(--ast-global-color-5)","background-image":"","background-repeat":"repeat","background-position":"center center","background-size":"auto","background-attachment":"scroll","background-type":"","background-media":"","overlay-type":"","overlay-color":"","overlay-opacity":"","overlay-gradient":""},"tablet":{"background-color":"var(--ast-global-color-5)","background-image":"","background-repeat":"repeat","background-position":"center center","background-size":"auto","background-attachment":"scroll","background-type":"","background-media":"","overlay-type":"","overlay-color":"","overlay-opacity":"","overlay-gradient":""},"mobile":{"background-color":"var(--ast-global-color-5)","background-image":"","background-repeat":"repeat","background-position":"center center","background-size":"auto","background-attachment":"scroll","background-type":"","background-media":"","overlay-type":"","overlay-color":"","overlay-opacity":"","overlay-gradient":""}}},"product_brand":[],"product_cat":[76],"product_tag":[],"class_list":{"0":"post-3552","1":"product","2":"type-product","3":"status-publish","4":"has-post-thumbnail","6":"product_cat-fiber-cutting-machine","7":"desktop-align-left","8":"tablet-align-left","9":"mobile-align-left","10":"ast-product-gallery-layout-horizontal-slider","11":"ast-product-gallery-with-no-image","12":"ast-magnify-disabled","13":"ast-product-tabs-layout-distributed","15":"first","16":"instock","17":"shipping-taxable","18":"product-type-simple"},"uagb_featured_image_src":{"full":["https:\/\/www.queencncmachinery.com\/wp-content\/uploads\/2025\/11\/IMG_8877-scaled.jpg",2560,1920,false],"thumbnail":["https:\/\/www.queencncmachinery.com\/wp-content\/uploads\/2025\/11\/IMG_8877-150x150.jpg",150,150,true],"medium":["https:\/\/www.queencncmachinery.com\/wp-content\/uploads\/2025\/11\/IMG_8877-300x225.jpg",300,225,true],"medium_large":["https:\/\/www.queencncmachinery.com\/wp-content\/uploads\/2025\/11\/IMG_8877-768x576.jpg",768,576,true],"large":["https:\/\/www.queencncmachinery.com\/wp-content\/uploads\/2025\/11\/IMG_8877-1024x768.jpg",1024,768,true],"1536x1536":["https:\/\/www.queencncmachinery.com\/wp-content\/uploads\/2025\/11\/IMG_8877-1536x1152.jpg",1536,1152,true],"2048x2048":["https:\/\/www.queencncmachinery.com\/wp-content\/uploads\/2025\/11\/IMG_8877-2048x1536.jpg",2048,1536,true],"trp-custom-language-flag":["https:\/\/www.queencncmachinery.com\/wp-content\/uploads\/2025\/11\/IMG_8877-16x12.jpg",16,12,true],"woocommerce_thumbnail":["https:\/\/www.queencncmachinery.com\/wp-content\/uploads\/2025\/11\/IMG_8877-scaled-800x600.jpg",800,600,true],"woocommerce_single":["https:\/\/www.queencncmachinery.com\/wp-content\/uploads\/2025\/11\/IMG_8877-scaled-800x600.jpg",800,600,true],"woocommerce_gallery_thumbnail":["https:\/\/www.queencncmachinery.com\/wp-content\/uploads\/2025\/11\/IMG_8877-scaled-100x100.jpg",100,100,true]},"uagb_author_info":{"display_name":"jinxing6611@gmail.com","author_link":"https:\/\/www.queencncmachinery.com\/fr\/author\/"},"uagb_comment_info":0,"uagb_excerpt":"Technical Parameters Series Items Description Unit 1 X\/Y Max Speed 30 m\/min 2 Maximum acceleration 0.6G m\/s2 3 X\/Y axis positioning accuracy +0.03 mm 4 X\/Y axis repeat positioning accuracy +0.03 mm 5 Voltage 380V V 6 Phase 3 phase 7 Hertz 50\/60 Hz 8 X axis servo motor Taiwan Delta 850W 1 9 Y\u2026","_links":{"self":[{"href":"https:\/\/www.queencncmachinery.com\/fr\/wp-json\/wp\/v2\/product\/3552","targetHints":{"allow":["GET"]}}],"collection":[{"href":"https:\/\/www.queencncmachinery.com\/fr\/wp-json\/wp\/v2\/product"}],"about":[{"href":"https:\/\/www.queencncmachinery.com\/fr\/wp-json\/wp\/v2\/types\/product"}],"replies":[{"embeddable":true,"href":"https:\/\/www.queencncmachinery.com\/fr\/wp-json\/wp\/v2\/comments?post=3552"}],"wp:featuredmedia":[{"embeddable":true,"href":"https:\/\/www.queencncmachinery.com\/fr\/wp-json\/wp\/v2\/media\/3555"}],"wp:attachment":[{"href":"https:\/\/www.queencncmachinery.com\/fr\/wp-json\/wp\/v2\/media?parent=3552"}],"wp:term":[{"taxonomy":"product_brand","embeddable":true,"href":"https:\/\/www.queencncmachinery.com\/fr\/wp-json\/wp\/v2\/product_brand?post=3552"},{"taxonomy":"product_cat","embeddable":true,"href":"https:\/\/www.queencncmachinery.com\/fr\/wp-json\/wp\/v2\/product_cat?post=3552"},{"taxonomy":"product_tag","embeddable":true,"href":"https:\/\/www.queencncmachinery.com\/fr\/wp-json\/wp\/v2\/product_tag?post=3552"}],"curies":[{"name":"wp","href":"https:\/\/api.w.org\/{rel}","templated":true}]}}