{"id":3532,"date":"2025-11-04T13:08:05","date_gmt":"2025-11-04T13:08:05","guid":{"rendered":"https:\/\/www.queencncmachinery.com\/?post_type=product&#038;p=3532"},"modified":"2025-11-04T13:08:05","modified_gmt":"2025-11-04T13:08:05","slug":"widely-used-4-by-8-feet-cnc-router","status":"publish","type":"product","link":"https:\/\/www.queencncmachinery.com\/fr\/produit\/widely-used-4-by-8-feet-cnc-router\/","title":{"rendered":"Toupie CNC 4 x 8 pieds largement utilis\u00e9e"},"content":{"rendered":"<table>\n<tbody>\n<tr>\n<td width=\"146\">Mod\u00e8le<\/td>\n<td width=\"413\">QN1325<\/td>\n<\/tr>\n<tr>\n<td width=\"146\">Espace de travail efficace<\/td>\n<td width=\"413\">1300*2500*200mm<\/td>\n<\/tr>\n<tr>\n<td width=\"146\">Longueur de l'axe X<\/td>\n<td width=\"413\">1300mm<\/td>\n<\/tr>\n<tr>\n<td width=\"146\">Longueur de l'axe Y<\/td>\n<td width=\"413\">2500mm<\/td>\n<\/tr>\n<tr>\n<td width=\"146\">Hauteur de l'axe Z<\/td>\n<td width=\"413\">200mm\uff08CAN be High according to your demands\uff09 (en anglais)<\/td>\n<\/tr>\n<tr>\n<td width=\"146\">Corps de la machine<\/td>\n<td width=\"413\">Cadre de machine en acier moul\u00e9 tr\u00e8s r\u00e9sistant<\/td>\n<\/tr>\n<tr>\n<td width=\"146\">Table de travail<\/td>\n<td width=\"413\">Table d'adsorption \u00e0 barres<\/td>\n<\/tr>\n<tr>\n<td width=\"146\">Axes X et Y<\/td>\n<td width=\"413\">Rails carr\u00e9s lin\u00e9aires de 25 mm, entra\u00eenement \u00e0 pignon et cr\u00e9maill\u00e8re h\u00e9lico\u00efdale de haute pr\u00e9cision<\/td>\n<\/tr>\n<tr>\n<td width=\"146\">Axe Z<\/td>\n<td width=\"413\">Rail lin\u00e9aire de 25 mm, entra\u00eenement par vis \u00e0 billes<\/td>\n<\/tr>\n<tr>\n<td width=\"146\">Broche<\/td>\n<td width=\"413\">Broche refroidie \u00e0 l'eau ou \u00e0 l'air 3kw\/4,5kw\/5,5kw<\/td>\n<\/tr>\n<tr>\n<td width=\"146\">Convertisseurs de fr\u00e9quence<\/td>\n<td width=\"413\">Delta\/Fuling<\/td>\n<\/tr>\n<tr>\n<td width=\"146\">Conducteur<\/td>\n<td width=\"413\">Pilote pas \u00e0 pas<\/td>\n<\/tr>\n<tr>\n<td width=\"146\">Moteur<\/td>\n<td width=\"413\">Moteurs pas \u00e0 pas<\/td>\n<\/tr>\n<tr>\n<td width=\"146\">Syst\u00e8me de contr\u00f4le<\/td>\n<td width=\"413\">Syst\u00e8me de contr\u00f4le Mach 3\/DSPA11\/NC Studio<\/td>\n<\/tr>\n<tr>\n<td width=\"146\">Interrupteur de fin de course<\/td>\n<td width=\"413\">Oui<\/td>\n<\/tr>\n<tr>\n<td width=\"146\">Capteur d'outil<\/td>\n<td width=\"413\">Oui<\/td>\n<\/tr>\n<tr>\n<td width=\"146\">Commandement<\/td>\n<td width=\"413\">Code G<\/td>\n<\/tr>\n<tr>\n<td width=\"146\">Tension<\/td>\n<td width=\"413\">220V 50Hz\/60Hz, monophas\u00e9 380v 50Hz\/60Hz, triphas\u00e9<\/td>\n<\/tr>\n<tr>\n<td width=\"146\">Options<\/td>\n<td width=\"413\">D\u00e9poussi\u00e9reur<\/p>\n<p>Table \u00e0 vide<\/td>\n<\/tr>\n<\/tbody>\n<\/table>","protected":false},"excerpt":{"rendered":"<p>Model QN1325 Effective working area 1300*2500*200mm X axis length 1300mm Y axis length 2500mm Z axis height 200mm\uff08CAN be High according to your demands\uff09 Machine Body Heavy duty cast steel machine frame Working table Bar adsorption table X and Y axis 25mm linear square rails, high precision Helical rack and pinion drive Z axis 25mm [&hellip;]<\/p>","protected":false},"featured_media":3535,"comment_status":"open","ping_status":"closed","template":"","meta":{"_seopress_robots_primary_cat":"","_seopress_titles_title":"","_seopress_titles_desc":"","_seopress_robots_index":"","_uag_custom_page_level_css":"","site-sidebar-layout":"default","site-content-layout":"","ast-site-content-layout":"default","site-content-style":"default","site-sidebar-style":"default","ast-global-header-display":"","ast-banner-title-visibility":"","ast-main-header-display":"","ast-hfb-above-header-display":"","ast-hfb-below-header-display":"","ast-hfb-mobile-header-display":"","site-post-title":"","ast-breadcrumbs-content":"","ast-featured-img":"","footer-sml-layout":"","ast-disable-related-posts":"","theme-transparent-header-meta":"default","adv-header-id-meta":"","stick-header-meta":"default","header-above-stick-meta":"","header-main-stick-meta":"","header-below-stick-meta":"","astra-migrate-meta-layouts":"set","ast-page-background-enabled":"default","ast-page-background-meta":{"desktop":{"background-color":"","background-image":"","background-repeat":"repeat","background-position":"center center","background-size":"auto","background-attachment":"scroll","background-type":"","background-media":"","overlay-type":"","overlay-color":"","overlay-opacity":"","overlay-gradient":""},"tablet":{"background-color":"","background-image":"","background-repeat":"repeat","background-position":"center center","background-size":"auto","background-attachment":"scroll","background-type":"","background-media":"","overlay-type":"","overlay-color":"","overlay-opacity":"","overlay-gradient":""},"mobile":{"background-color":"","background-image":"","background-repeat":"repeat","background-position":"center center","background-size":"auto","background-attachment":"scroll","background-type":"","background-media":"","overlay-type":"","overlay-color":"","overlay-opacity":"","overlay-gradient":""}},"ast-content-background-meta":{"desktop":{"background-color":"var(--ast-global-color-5)","background-image":"","background-repeat":"repeat","background-position":"center center","background-size":"auto","background-attachment":"scroll","background-type":"","background-media":"","overlay-type":"","overlay-color":"","overlay-opacity":"","overlay-gradient":""},"tablet":{"background-color":"var(--ast-global-color-5)","background-image":"","background-repeat":"repeat","background-position":"center center","background-size":"auto","background-attachment":"scroll","background-type":"","background-media":"","overlay-type":"","overlay-color":"","overlay-opacity":"","overlay-gradient":""},"mobile":{"background-color":"var(--ast-global-color-5)","background-image":"","background-repeat":"repeat","background-position":"center center","background-size":"auto","background-attachment":"scroll","background-type":"","background-media":"","overlay-type":"","overlay-color":"","overlay-opacity":"","overlay-gradient":""}}},"product_brand":[],"product_cat":[75],"product_tag":[],"class_list":{"0":"post-3532","1":"product","2":"type-product","3":"status-publish","4":"has-post-thumbnail","6":"product_cat-normal-cnc-router","7":"desktop-align-left","8":"tablet-align-left","9":"mobile-align-left","10":"ast-product-gallery-layout-horizontal-slider","11":"ast-magnify-disabled","12":"ast-product-tabs-layout-distributed","14":"first","15":"instock","16":"shipping-taxable","17":"product-type-simple"},"uagb_featured_image_src":{"full":["https:\/\/www.queencncmachinery.com\/wp-content\/uploads\/2025\/11\/Photo-1.png",1009,701,false],"thumbnail":["https:\/\/www.queencncmachinery.com\/wp-content\/uploads\/2025\/11\/Photo-1-150x150.png",150,150,true],"medium":["https:\/\/www.queencncmachinery.com\/wp-content\/uploads\/2025\/11\/Photo-1-300x208.png",300,208,true],"medium_large":["https:\/\/www.queencncmachinery.com\/wp-content\/uploads\/2025\/11\/Photo-1-768x534.png",768,534,true],"large":["https:\/\/www.queencncmachinery.com\/wp-content\/uploads\/2025\/11\/Photo-1.png",1009,701,false],"1536x1536":["https:\/\/www.queencncmachinery.com\/wp-content\/uploads\/2025\/11\/Photo-1.png",1009,701,false],"2048x2048":["https:\/\/www.queencncmachinery.com\/wp-content\/uploads\/2025\/11\/Photo-1.png",1009,701,false],"trp-custom-language-flag":["https:\/\/www.queencncmachinery.com\/wp-content\/uploads\/2025\/11\/Photo-1-18x12.png",18,12,true],"woocommerce_thumbnail":["https:\/\/www.queencncmachinery.com\/wp-content\/uploads\/2025\/11\/Photo-1-800x556.png",800,556,true],"woocommerce_single":["https:\/\/www.queencncmachinery.com\/wp-content\/uploads\/2025\/11\/Photo-1-800x556.png",800,556,true],"woocommerce_gallery_thumbnail":["https:\/\/www.queencncmachinery.com\/wp-content\/uploads\/2025\/11\/Photo-1-100x100.png",100,100,true]},"uagb_author_info":{"display_name":"jinxing6611@gmail.com","author_link":"https:\/\/www.queencncmachinery.com\/fr\/author\/"},"uagb_comment_info":0,"uagb_excerpt":"Model QN1325 Effective working area 1300*2500*200mm X axis length 1300mm Y axis length 2500mm Z axis height 200mm\uff08CAN be High according to your demands\uff09 Machine Body Heavy duty cast steel machine frame Working table Bar adsorption table X and Y axis 25mm linear square rails, high precision Helical rack and pinion drive Z axis 25mm\u2026","_links":{"self":[{"href":"https:\/\/www.queencncmachinery.com\/fr\/wp-json\/wp\/v2\/product\/3532","targetHints":{"allow":["GET"]}}],"collection":[{"href":"https:\/\/www.queencncmachinery.com\/fr\/wp-json\/wp\/v2\/product"}],"about":[{"href":"https:\/\/www.queencncmachinery.com\/fr\/wp-json\/wp\/v2\/types\/product"}],"replies":[{"embeddable":true,"href":"https:\/\/www.queencncmachinery.com\/fr\/wp-json\/wp\/v2\/comments?post=3532"}],"wp:featuredmedia":[{"embeddable":true,"href":"https:\/\/www.queencncmachinery.com\/fr\/wp-json\/wp\/v2\/media\/3535"}],"wp:attachment":[{"href":"https:\/\/www.queencncmachinery.com\/fr\/wp-json\/wp\/v2\/media?parent=3532"}],"wp:term":[{"taxonomy":"product_brand","embeddable":true,"href":"https:\/\/www.queencncmachinery.com\/fr\/wp-json\/wp\/v2\/product_brand?post=3532"},{"taxonomy":"product_cat","embeddable":true,"href":"https:\/\/www.queencncmachinery.com\/fr\/wp-json\/wp\/v2\/product_cat?post=3532"},{"taxonomy":"product_tag","embeddable":true,"href":"https:\/\/www.queencncmachinery.com\/fr\/wp-json\/wp\/v2\/product_tag?post=3532"}],"curies":[{"name":"wp","href":"https:\/\/api.w.org\/{rel}","templated":true}]}}