{"id":3517,"date":"2025-11-04T13:03:20","date_gmt":"2025-11-04T13:03:20","guid":{"rendered":"https:\/\/www.queencncmachinery.com\/?post_type=product&#038;p=3517"},"modified":"2025-11-19T05:45:16","modified_gmt":"2025-11-19T05:45:16","slug":"qn1530-cnc-moulding-router","status":"publish","type":"product","link":"https:\/\/www.queencncmachinery.com\/fr\/produit\/qn1530-cnc-moulding-router\/","title":{"rendered":"QN1530 toupie de moulage \u00e0 commande num\u00e9rique"},"content":{"rendered":"<div class=\"ast-oembed-container\" style=\"height: 100%;\"><iframe title=\"QN1530 - Machine d&#039;usinage \u00e0 commande num\u00e9rique \u00e0 axe z \u00e9lev\u00e9 pour le moulage de mousse de bois\" width=\"500\" height=\"281\" src=\"https:\/\/www.youtube.com\/embed\/iqBmC_wUL7o?feature=oembed\" frameborder=\"0\" allow=\"accelerometer; autoplay; clipboard-write; encrypted-media; gyroscope; picture-in-picture; web-share\" referrerpolicy=\"strict-origin-when-cross-origin\" allowfullscreen><\/iframe><\/div>\n<table>\n<tbody>\n<tr>\n<td width=\"332\">Mod\u00e8le<\/td>\n<td width=\"327\">QN1530 toupie de moulage \u00e0 commande num\u00e9rique<\/td>\n<\/tr>\n<tr>\n<td width=\"332\">Taille de travail<\/td>\n<td width=\"327\">1500*3000*1000mm<\/td>\n<\/tr>\n<tr>\n<td width=\"332\">Axe Z<\/td>\n<td width=\"327\">Hauteur de 1000 mm<\/td>\n<\/tr>\n<tr>\n<td width=\"332\">Axe XYZ<\/td>\n<td width=\"327\">Tous avec chiffon \u00e0 poussi\u00e8re<\/td>\n<\/tr>\n<tr>\n<td width=\"332\">Table de machine<\/td>\n<td width=\"327\">Fente en T<\/td>\n<\/tr>\n<tr>\n<td width=\"332\">Broche<\/td>\n<td width=\"327\">Broche refroidie \u00e0 l'eau de 5,5 kW<\/td>\n<\/tr>\n<tr>\n<td width=\"332\">Moteur d'entra\u00eenement<\/td>\n<td width=\"327\">Servomoteur Leadshine 1.5kw<\/td>\n<\/tr>\n<tr>\n<td width=\"332\">R\u00e9ducteur<\/td>\n<td width=\"327\">R\u00e9ducteur Shimpo<\/td>\n<\/tr>\n<tr>\n<td width=\"332\">Onduleur<\/td>\n<td width=\"327\">Onduleur Fuling<\/td>\n<\/tr>\n<tr>\n<td width=\"332\">Syst\u00e8me de contr\u00f4le<\/td>\n<td width=\"327\">Contr\u00f4le LNC<\/td>\n<\/tr>\n<tr>\n<td width=\"332\">Rails lin\u00e9aires<\/td>\n<td width=\"327\">Rails lin\u00e9aires carr\u00e9s de 30 mm de Taiwan<\/td>\n<\/tr>\n<tr>\n<td width=\"332\">Transmission de l'axe Z<\/td>\n<td width=\"327\">Transmission par vis \u00e0 billes TBI<\/td>\n<\/tr>\n<tr>\n<td width=\"332\">Transmission<\/td>\n<td width=\"327\">Cr\u00e9maill\u00e8re et pignon<\/td>\n<\/tr>\n<tr>\n<td width=\"332\">Capteur d'outil<\/td>\n<td width=\"327\">Oui<\/td>\n<\/tr>\n<tr>\n<td width=\"332\">Interrupteur de fin de course<\/td>\n<td width=\"327\">Oui<\/td>\n<\/tr>\n<tr>\n<td width=\"332\">Syst\u00e8me d'huilage<\/td>\n<td width=\"327\">Huilage automobile<\/td>\n<\/tr>\n<tr>\n<td width=\"332\">D\u00e9poussi\u00e9reur<\/td>\n<td width=\"327\">3kw, sac unique<\/td>\n<\/tr>\n<tr>\n<td width=\"332\">Tension<\/td>\n<td width=\"327\">220v\/380V 50\/60HZ<\/td>\n<\/tr>\n<tr>\n<td width=\"332\">Vitesse de coupe maximale<\/td>\n<td width=\"327\">20m\/min<\/td>\n<\/tr>\n<tr>\n<td width=\"332\">Vitesse de gravure maximale<\/td>\n<td width=\"327\">35m\/min<\/td>\n<\/tr>\n<tr>\n<td width=\"332\">Cadre de la machine<\/td>\n<td width=\"327\">\u00c9paisseur de l'eau pour usage intensif, conception en T<\/td>\n<\/tr>\n<tr>\n<td width=\"332\">Poids net<\/td>\n<td width=\"327\">2500KG<\/td>\n<\/tr>\n<\/tbody>\n<\/table>","protected":false},"excerpt":{"rendered":"<p>Model QN1530 cnc moulding router Working size 1500*3000*1000mm Z axis 1000mm height XYZ axis All with dust cloth Machine table T-slot Spindle 5.5kw water cooled spindle Driver motor Leadshine servo motor 1.5kw Reducer Shimpo reducer Inverter Fuling inverter Control system LNC control Linear rails 30mm Taiwan linear square rails Z axis transmission TBI ball screw [&hellip;]<\/p>","protected":false},"featured_media":3520,"comment_status":"open","ping_status":"closed","template":"","meta":{"_seopress_robots_primary_cat":"none","_seopress_titles_title":"","_seopress_titles_desc":"","_seopress_robots_index":"","_uag_custom_page_level_css":"","site-sidebar-layout":"default","site-content-layout":"","ast-site-content-layout":"default","site-content-style":"default","site-sidebar-style":"default","ast-global-header-display":"","ast-banner-title-visibility":"","ast-main-header-display":"","ast-hfb-above-header-display":"","ast-hfb-below-header-display":"","ast-hfb-mobile-header-display":"","site-post-title":"","ast-breadcrumbs-content":"","ast-featured-img":"","footer-sml-layout":"","ast-disable-related-posts":"","theme-transparent-header-meta":"default","adv-header-id-meta":"","stick-header-meta":"default","header-above-stick-meta":"","header-main-stick-meta":"","header-below-stick-meta":"","astra-migrate-meta-layouts":"set","ast-page-background-enabled":"default","ast-page-background-meta":{"desktop":{"background-color":"","background-image":"","background-repeat":"repeat","background-position":"center center","background-size":"auto","background-attachment":"scroll","background-type":"","background-media":"","overlay-type":"","overlay-color":"","overlay-opacity":"","overlay-gradient":""},"tablet":{"background-color":"","background-image":"","background-repeat":"repeat","background-position":"center center","background-size":"auto","background-attachment":"scroll","background-type":"","background-media":"","overlay-type":"","overlay-color":"","overlay-opacity":"","overlay-gradient":""},"mobile":{"background-color":"","background-image":"","background-repeat":"repeat","background-position":"center center","background-size":"auto","background-attachment":"scroll","background-type":"","background-media":"","overlay-type":"","overlay-color":"","overlay-opacity":"","overlay-gradient":""}},"ast-content-background-meta":{"desktop":{"background-color":"var(--ast-global-color-5)","background-image":"","background-repeat":"repeat","background-position":"center center","background-size":"auto","background-attachment":"scroll","background-type":"","background-media":"","overlay-type":"","overlay-color":"","overlay-opacity":"","overlay-gradient":""},"tablet":{"background-color":"var(--ast-global-color-5)","background-image":"","background-repeat":"repeat","background-position":"center center","background-size":"auto","background-attachment":"scroll","background-type":"","background-media":"","overlay-type":"","overlay-color":"","overlay-opacity":"","overlay-gradient":""},"mobile":{"background-color":"var(--ast-global-color-5)","background-image":"","background-repeat":"repeat","background-position":"center center","background-size":"auto","background-attachment":"scroll","background-type":"","background-media":"","overlay-type":"","overlay-color":"","overlay-opacity":"","overlay-gradient":""}}},"product_brand":[],"product_cat":[75],"product_tag":[],"class_list":{"0":"post-3517","1":"product","2":"type-product","3":"status-publish","4":"has-post-thumbnail","6":"product_cat-normal-cnc-router","7":"desktop-align-left","8":"tablet-align-left","9":"mobile-align-left","10":"ast-product-gallery-layout-horizontal-slider","11":"ast-magnify-disabled","12":"ast-product-tabs-layout-distributed","14":"first","15":"instock","16":"shipping-taxable","17":"product-type-simple"},"uagb_featured_image_src":{"full":["https:\/\/www.queencncmachinery.com\/wp-content\/uploads\/2025\/11\/Photo.png",793,591,false],"thumbnail":["https:\/\/www.queencncmachinery.com\/wp-content\/uploads\/2025\/11\/Photo-150x150.png",150,150,true],"medium":["https:\/\/www.queencncmachinery.com\/wp-content\/uploads\/2025\/11\/Photo-300x224.png",300,224,true],"medium_large":["https:\/\/www.queencncmachinery.com\/wp-content\/uploads\/2025\/11\/Photo-768x572.png",768,572,true],"large":["https:\/\/www.queencncmachinery.com\/wp-content\/uploads\/2025\/11\/Photo.png",793,591,false],"1536x1536":["https:\/\/www.queencncmachinery.com\/wp-content\/uploads\/2025\/11\/Photo.png",793,591,false],"2048x2048":["https:\/\/www.queencncmachinery.com\/wp-content\/uploads\/2025\/11\/Photo.png",793,591,false],"trp-custom-language-flag":["https:\/\/www.queencncmachinery.com\/wp-content\/uploads\/2025\/11\/Photo-16x12.png",16,12,true],"woocommerce_thumbnail":["https:\/\/www.queencncmachinery.com\/wp-content\/uploads\/2025\/11\/Photo.png",793,591,false],"woocommerce_single":["https:\/\/www.queencncmachinery.com\/wp-content\/uploads\/2025\/11\/Photo.png",793,591,false],"woocommerce_gallery_thumbnail":["https:\/\/www.queencncmachinery.com\/wp-content\/uploads\/2025\/11\/Photo-100x100.png",100,100,true]},"uagb_author_info":{"display_name":"jinxing6611@gmail.com","author_link":"https:\/\/www.queencncmachinery.com\/fr\/author\/"},"uagb_comment_info":0,"uagb_excerpt":"Model QN1530 cnc moulding router Working size 1500*3000*1000mm Z axis 1000mm height XYZ axis All with dust cloth Machine table T-slot Spindle 5.5kw water cooled spindle Driver motor Leadshine servo motor 1.5kw Reducer Shimpo reducer Inverter Fuling inverter Control system LNC control Linear rails 30mm Taiwan linear square rails Z axis transmission TBI ball screw\u2026","_links":{"self":[{"href":"https:\/\/www.queencncmachinery.com\/fr\/wp-json\/wp\/v2\/product\/3517","targetHints":{"allow":["GET"]}}],"collection":[{"href":"https:\/\/www.queencncmachinery.com\/fr\/wp-json\/wp\/v2\/product"}],"about":[{"href":"https:\/\/www.queencncmachinery.com\/fr\/wp-json\/wp\/v2\/types\/product"}],"replies":[{"embeddable":true,"href":"https:\/\/www.queencncmachinery.com\/fr\/wp-json\/wp\/v2\/comments?post=3517"}],"wp:featuredmedia":[{"embeddable":true,"href":"https:\/\/www.queencncmachinery.com\/fr\/wp-json\/wp\/v2\/media\/3520"}],"wp:attachment":[{"href":"https:\/\/www.queencncmachinery.com\/fr\/wp-json\/wp\/v2\/media?parent=3517"}],"wp:term":[{"taxonomy":"product_brand","embeddable":true,"href":"https:\/\/www.queencncmachinery.com\/fr\/wp-json\/wp\/v2\/product_brand?post=3517"},{"taxonomy":"product_cat","embeddable":true,"href":"https:\/\/www.queencncmachinery.com\/fr\/wp-json\/wp\/v2\/product_cat?post=3517"},{"taxonomy":"product_tag","embeddable":true,"href":"https:\/\/www.queencncmachinery.com\/fr\/wp-json\/wp\/v2\/product_tag?post=3517"}],"curies":[{"name":"wp","href":"https:\/\/api.w.org\/{rel}","templated":true}]}}