{"id":3504,"date":"2025-11-04T13:00:31","date_gmt":"2025-11-04T13:00:31","guid":{"rendered":"https:\/\/www.queencncmachinery.com\/?post_type=product&#038;p=3504"},"modified":"2025-11-19T05:47:33","modified_gmt":"2025-11-19T05:47:33","slug":"customized-1500mm-by-3700mm-cnc-router","status":"publish","type":"product","link":"https:\/\/www.queencncmachinery.com\/fr\/produit\/customized-1500mm-by-3700mm-cnc-router\/","title":{"rendered":"Routeur CNC personnalis\u00e9 1500mm par 3700mm"},"content":{"rendered":"<div class=\"ast-oembed-container\" style=\"height: 100%;\"><iframe title=\"notre machine d&#039;usinage \u00e0 commande num\u00e9rique 1600*3700mm servo pour un client en malaisie\" width=\"500\" height=\"281\" src=\"https:\/\/www.youtube.com\/embed\/AKJnR1lt3dQ?feature=oembed\" frameborder=\"0\" allow=\"accelerometer; autoplay; clipboard-write; encrypted-media; gyroscope; picture-in-picture; web-share\" referrerpolicy=\"strict-origin-when-cross-origin\" allowfullscreen><\/iframe><\/div>\n<table>\n<tbody>\n<tr>\n<td width=\"387\">Mod\u00e8le (en option)<\/td>\n<td width=\"375\">QN1537<\/td>\n<\/tr>\n<tr>\n<td width=\"387\">Surface de travail (mm)<\/td>\n<td width=\"375\">1500*3700<\/td>\n<\/tr>\n<tr>\n<td width=\"387\">Axe Z (en option)<\/td>\n<td width=\"375\">250mm<\/td>\n<\/tr>\n<tr>\n<td width=\"387\">Pr\u00e9cision du repositionnement<\/td>\n<td width=\"375\">0,05 mm<\/td>\n<\/tr>\n<tr>\n<td width=\"387\">Axe XY<\/td>\n<td width=\"375\">Cr\u00e9maill\u00e8re et pignon<\/td>\n<\/tr>\n<tr>\n<td width=\"387\">Axe Z<\/td>\n<td width=\"375\">vis \u00e0 bille<\/td>\n<\/tr>\n<tr>\n<td width=\"387\">Structure du tour<\/td>\n<td width=\"375\">Portique en acier moul\u00e9<\/td>\n<\/tr>\n<tr>\n<td width=\"387\">Orbites<\/td>\n<td width=\"375\">Ta\u00efwan 30 Rail de guidage lin\u00e9aire carr\u00e9<\/td>\n<\/tr>\n<tr>\n<td width=\"387\">Vitesse de gravure maximale<\/td>\n<td width=\"375\">35m\/min<\/td>\n<\/tr>\n<tr>\n<td width=\"387\">Vitesse de coupe maximale<\/td>\n<td width=\"375\">20m\/min<\/td>\n<\/tr>\n<tr>\n<td width=\"387\">Puissance de la broche<\/td>\n<td width=\"375\">Broche \u00e0 eau de 5,5 kW<\/td>\n<\/tr>\n<tr>\n<td width=\"387\">Vitesse de rotation de la broche<\/td>\n<td width=\"375\">24000rpm\/min<\/td>\n<\/tr>\n<tr>\n<td width=\"387\">Logiciel comp\u00e9titif<\/td>\n<td width=\"375\">Type3,AutoCAD,ARTCAM,Photoshop<\/td>\n<\/tr>\n<tr>\n<td width=\"387\">Graphique au format Imagine<\/td>\n<td width=\"375\">BMP,GIF,JPGE,PCX,TGA,TIFF,PTLCDR,DMG,DXF<\/td>\n<\/tr>\n<tr>\n<td width=\"387\">Type de moteur<\/td>\n<td width=\"375\">servomoteur<\/td>\n<\/tr>\n<tr>\n<td width=\"387\">Puissance<\/td>\n<td width=\"375\">AC380V\/50Hz ou 220V\/50Hz<\/td>\n<\/tr>\n<tr>\n<td width=\"387\">Interface<\/td>\n<td width=\"375\">USB<\/td>\n<\/tr>\n<tr>\n<td width=\"387\">Syst\u00e8me d'exploitation<\/td>\n<td width=\"375\">Syst\u00e8me de contr\u00f4le DSP<\/td>\n<\/tr>\n<\/tbody>\n<\/table>","protected":false},"excerpt":{"rendered":"<p>Model (optional) QN1537 Working area(mm) 1500*3700 Z axis(optional) 250mm Reposition accuracy 0.05mm XY axis Rack and pinion Z axis ball screw Lathe structure Gantry cast steel Orbits Taiwan\u00a030\u00a0Square linear guide rail Max engraving speed 35m\/min Maxing cutting speed 20m\/min Spindle power 5.5kw water\u00a0spindle Spindle rotating speed 24000rpm\/min Competitive software Type3,AutoCAD,ARTCAM,Photoshop Imagine format graphic BMP,GIF,JPGE,PCX,TGA,TIFF,PTLCDR,DMG,DXF Motor [&hellip;]<\/p>","protected":false},"featured_media":3507,"comment_status":"open","ping_status":"closed","template":"","meta":{"_seopress_robots_primary_cat":"none","_seopress_titles_title":"","_seopress_titles_desc":"","_seopress_robots_index":"","_uag_custom_page_level_css":"","site-sidebar-layout":"default","site-content-layout":"","ast-site-content-layout":"default","site-content-style":"default","site-sidebar-style":"default","ast-global-header-display":"","ast-banner-title-visibility":"","ast-main-header-display":"","ast-hfb-above-header-display":"","ast-hfb-below-header-display":"","ast-hfb-mobile-header-display":"","site-post-title":"","ast-breadcrumbs-content":"","ast-featured-img":"","footer-sml-layout":"","ast-disable-related-posts":"","theme-transparent-header-meta":"default","adv-header-id-meta":"","stick-header-meta":"default","header-above-stick-meta":"","header-main-stick-meta":"","header-below-stick-meta":"","astra-migrate-meta-layouts":"set","ast-page-background-enabled":"default","ast-page-background-meta":{"desktop":{"background-color":"","background-image":"","background-repeat":"repeat","background-position":"center center","background-size":"auto","background-attachment":"scroll","background-type":"","background-media":"","overlay-type":"","overlay-color":"","overlay-opacity":"","overlay-gradient":""},"tablet":{"background-color":"","background-image":"","background-repeat":"repeat","background-position":"center center","background-size":"auto","background-attachment":"scroll","background-type":"","background-media":"","overlay-type":"","overlay-color":"","overlay-opacity":"","overlay-gradient":""},"mobile":{"background-color":"","background-image":"","background-repeat":"repeat","background-position":"center center","background-size":"auto","background-attachment":"scroll","background-type":"","background-media":"","overlay-type":"","overlay-color":"","overlay-opacity":"","overlay-gradient":""}},"ast-content-background-meta":{"desktop":{"background-color":"var(--ast-global-color-5)","background-image":"","background-repeat":"repeat","background-position":"center center","background-size":"auto","background-attachment":"scroll","background-type":"","background-media":"","overlay-type":"","overlay-color":"","overlay-opacity":"","overlay-gradient":""},"tablet":{"background-color":"var(--ast-global-color-5)","background-image":"","background-repeat":"repeat","background-position":"center center","background-size":"auto","background-attachment":"scroll","background-type":"","background-media":"","overlay-type":"","overlay-color":"","overlay-opacity":"","overlay-gradient":""},"mobile":{"background-color":"var(--ast-global-color-5)","background-image":"","background-repeat":"repeat","background-position":"center center","background-size":"auto","background-attachment":"scroll","background-type":"","background-media":"","overlay-type":"","overlay-color":"","overlay-opacity":"","overlay-gradient":""}}},"product_brand":[],"product_cat":[75],"product_tag":[],"class_list":{"0":"post-3504","1":"product","2":"type-product","3":"status-publish","4":"has-post-thumbnail","6":"product_cat-normal-cnc-router","7":"desktop-align-left","8":"tablet-align-left","9":"mobile-align-left","10":"ast-product-gallery-layout-horizontal-slider","11":"ast-magnify-disabled","12":"ast-product-tabs-layout-distributed","14":"first","15":"instock","16":"shipping-taxable","17":"product-type-simple"},"uagb_featured_image_src":{"full":["https:\/\/www.queencncmachinery.com\/wp-content\/uploads\/2025\/11\/Photo-13.jpg",1920,1080,false],"thumbnail":["https:\/\/www.queencncmachinery.com\/wp-content\/uploads\/2025\/11\/Photo-13-150x150.jpg",150,150,true],"medium":["https:\/\/www.queencncmachinery.com\/wp-content\/uploads\/2025\/11\/Photo-13-300x169.jpg",300,169,true],"medium_large":["https:\/\/www.queencncmachinery.com\/wp-content\/uploads\/2025\/11\/Photo-13-768x432.jpg",768,432,true],"large":["https:\/\/www.queencncmachinery.com\/wp-content\/uploads\/2025\/11\/Photo-13-1024x576.jpg",1024,576,true],"1536x1536":["https:\/\/www.queencncmachinery.com\/wp-content\/uploads\/2025\/11\/Photo-13-1536x864.jpg",1536,864,true],"2048x2048":["https:\/\/www.queencncmachinery.com\/wp-content\/uploads\/2025\/11\/Photo-13.jpg",1920,1080,false],"trp-custom-language-flag":["https:\/\/www.queencncmachinery.com\/wp-content\/uploads\/2025\/11\/Photo-13-18x10.jpg",18,10,true],"woocommerce_thumbnail":["https:\/\/www.queencncmachinery.com\/wp-content\/uploads\/2025\/11\/Photo-13-800x450.jpg",800,450,true],"woocommerce_single":["https:\/\/www.queencncmachinery.com\/wp-content\/uploads\/2025\/11\/Photo-13-800x450.jpg",800,450,true],"woocommerce_gallery_thumbnail":["https:\/\/www.queencncmachinery.com\/wp-content\/uploads\/2025\/11\/Photo-13-100x100.jpg",100,100,true]},"uagb_author_info":{"display_name":"jinxing6611@gmail.com","author_link":"https:\/\/www.queencncmachinery.com\/fr\/author\/"},"uagb_comment_info":0,"uagb_excerpt":"Model (optional) QN1537 Working area(mm) 1500*3700 Z axis(optional) 250mm Reposition accuracy 0.05mm XY axis Rack and pinion Z axis ball screw Lathe structure Gantry cast steel Orbits Taiwan\u00a030\u00a0Square linear guide rail Max engraving speed 35m\/min Maxing cutting speed 20m\/min Spindle power 5.5kw water\u00a0spindle Spindle rotating speed 24000rpm\/min Competitive software Type3,AutoCAD,ARTCAM,Photoshop Imagine format graphic BMP,GIF,JPGE,PCX,TGA,TIFF,PTLCDR,DMG,DXF Motor\u2026","_links":{"self":[{"href":"https:\/\/www.queencncmachinery.com\/fr\/wp-json\/wp\/v2\/product\/3504","targetHints":{"allow":["GET"]}}],"collection":[{"href":"https:\/\/www.queencncmachinery.com\/fr\/wp-json\/wp\/v2\/product"}],"about":[{"href":"https:\/\/www.queencncmachinery.com\/fr\/wp-json\/wp\/v2\/types\/product"}],"replies":[{"embeddable":true,"href":"https:\/\/www.queencncmachinery.com\/fr\/wp-json\/wp\/v2\/comments?post=3504"}],"wp:featuredmedia":[{"embeddable":true,"href":"https:\/\/www.queencncmachinery.com\/fr\/wp-json\/wp\/v2\/media\/3507"}],"wp:attachment":[{"href":"https:\/\/www.queencncmachinery.com\/fr\/wp-json\/wp\/v2\/media?parent=3504"}],"wp:term":[{"taxonomy":"product_brand","embeddable":true,"href":"https:\/\/www.queencncmachinery.com\/fr\/wp-json\/wp\/v2\/product_brand?post=3504"},{"taxonomy":"product_cat","embeddable":true,"href":"https:\/\/www.queencncmachinery.com\/fr\/wp-json\/wp\/v2\/product_cat?post=3504"},{"taxonomy":"product_tag","embeddable":true,"href":"https:\/\/www.queencncmachinery.com\/fr\/wp-json\/wp\/v2\/product_tag?post=3504"}],"curies":[{"name":"wp","href":"https:\/\/api.w.org\/{rel}","templated":true}]}}