{"id":3497,"date":"2025-11-04T12:58:42","date_gmt":"2025-11-04T12:58:42","guid":{"rendered":"https:\/\/www.queencncmachinery.com\/?post_type=product&#038;p=3497"},"modified":"2025-11-19T05:48:50","modified_gmt":"2025-11-19T05:48:50","slug":"4-axis-rotary-cnc-router","status":"publish","type":"product","link":"https:\/\/www.queencncmachinery.com\/fr\/produit\/4-axis-rotary-cnc-router\/","title":{"rendered":"Routeur rotatif CNC \u00e0 4 axes"},"content":{"rendered":"<div class=\"ast-oembed-container\" style=\"height: 100%;\"><iframe title=\"Fraiseuse \u00e0 commande num\u00e9rique 4 axes avec rotative\" width=\"500\" height=\"281\" src=\"https:\/\/www.youtube.com\/embed\/ZjPG8kEKs0A?feature=oembed\" frameborder=\"0\" allow=\"accelerometer; autoplay; clipboard-write; encrypted-media; gyroscope; picture-in-picture; web-share\" referrerpolicy=\"strict-origin-when-cross-origin\" allowfullscreen><\/iframe><\/div>\n<table>\n<tbody>\n<tr>\n<td width=\"264\">Mod\u00e8le<\/td>\n<td width=\"302\">QN1325<\/td>\n<\/tr>\n<tr>\n<td width=\"264\">TAILLE DE TRAVAIL<\/td>\n<td width=\"302\">1300*2500*200MM<\/td>\n<\/tr>\n<tr>\n<td width=\"264\">Surface de la table<\/td>\n<td width=\"302\">PVC et aluminium rainure en T<\/td>\n<\/tr>\n<tr>\n<td width=\"264\">Structure du tableau<\/td>\n<td width=\"302\">Acier moul\u00e9<\/td>\n<\/tr>\n<tr>\n<td width=\"264\">Transmission<\/td>\n<td width=\"302\">Cr\u00e9maill\u00e8re et pignon, rail de guidage carr\u00e9 de Ta\u00efwan<\/td>\n<\/tr>\n<tr>\n<td width=\"264\">Collecter<\/td>\n<td width=\"302\">ER25<\/td>\n<\/tr>\n<tr>\n<td width=\"264\">Vitesse de rotation de la broche<\/td>\n<td width=\"302\">0-24000r\/min<\/td>\n<\/tr>\n<tr>\n<td width=\"264\">R\u00e9solution<\/td>\n<td width=\"302\">0,01\u043c\u043c<\/td>\n<\/tr>\n<tr>\n<td width=\"264\">Onduleur<\/td>\n<td width=\"302\">Fuling<\/td>\n<\/tr>\n<tr>\n<td width=\"264\">Puissance de la broche<\/td>\n<td width=\"302\">Refroidissement par air 6kw<\/td>\n<\/tr>\n<tr>\n<td width=\"264\">Vitesse max. Vitesse de travail<\/td>\n<td width=\"302\">45m\/min<\/td>\n<\/tr>\n<tr>\n<td width=\"264\">Diam\u00e8tre de l'outil de coupe<\/td>\n<td width=\"302\">\u03c63.175-\u03c620mm<\/td>\n<\/tr>\n<tr>\n<td width=\"264\">Syst\u00e8me de moteur<\/p>\n<p>axe x 1 , axe y 2 , axe z 1<\/td>\n<td width=\"302\">Pas \u00e0 pas\/servo<\/td>\n<\/tr>\n<tr>\n<td width=\"264\">Syst\u00e8me de conduite<\/td>\n<td width=\"302\">Pas \u00e0 pas\/servo<\/td>\n<\/tr>\n<tr>\n<td width=\"264\">Syst\u00e8me de contr\u00f4le<\/td>\n<td width=\"302\">DSPA18 control\/mach3<\/td>\n<\/tr>\n<tr>\n<td width=\"264\">Couteaux<\/td>\n<td width=\"302\">10 cutters<\/td>\n<\/tr>\n<tr>\n<td width=\"264\">Syst\u00e8me de lubrification \u00e0 l'huile<\/td>\n<td width=\"302\">Avoir<\/td>\n<\/tr>\n<tr>\n<td width=\"264\">Logiciels et donn\u00e9es de travail<\/td>\n<td width=\"302\">Type 3, Artcam,Ucancam<\/td>\n<\/tr>\n<tr>\n<td width=\"264\">Commandement<\/td>\n<td width=\"302\">Code G,HPGL,U00,MMG,PLT<\/td>\n<\/tr>\n<tr>\n<td width=\"264\">Tension<\/td>\n<td width=\"302\">380V\/50hz<\/td>\n<\/tr>\n<\/tbody>\n<\/table>","protected":false},"excerpt":{"rendered":"<p>Model QN1325 WORKING SIZE 1300*2500*200MM Table Surface PVC &amp; Aluminum T-slot Table Structure Cast Steel Transmission Rack and pinion, Taiwan\u00a0square guide rail Collect ER25 Spindle rotating speed 0-24000r\/min Resolution 0.01\u043c\u043c Inverter Fuling Spindle power 6kw air\u00a0cooling Max. Working speed 45m\/min Diameter of cutter \u03c63.175-\u03c620mm Motor System x axis 1 , y axis 2 , z [&hellip;]<\/p>","protected":false},"featured_media":3500,"comment_status":"open","ping_status":"closed","template":"","meta":{"_seopress_robots_primary_cat":"none","_seopress_titles_title":"","_seopress_titles_desc":"","_seopress_robots_index":"","_uag_custom_page_level_css":"","site-sidebar-layout":"default","site-content-layout":"","ast-site-content-layout":"default","site-content-style":"default","site-sidebar-style":"default","ast-global-header-display":"","ast-banner-title-visibility":"","ast-main-header-display":"","ast-hfb-above-header-display":"","ast-hfb-below-header-display":"","ast-hfb-mobile-header-display":"","site-post-title":"","ast-breadcrumbs-content":"","ast-featured-img":"","footer-sml-layout":"","ast-disable-related-posts":"","theme-transparent-header-meta":"default","adv-header-id-meta":"","stick-header-meta":"default","header-above-stick-meta":"","header-main-stick-meta":"","header-below-stick-meta":"","astra-migrate-meta-layouts":"set","ast-page-background-enabled":"default","ast-page-background-meta":{"desktop":{"background-color":"","background-image":"","background-repeat":"repeat","background-position":"center center","background-size":"auto","background-attachment":"scroll","background-type":"","background-media":"","overlay-type":"","overlay-color":"","overlay-opacity":"","overlay-gradient":""},"tablet":{"background-color":"","background-image":"","background-repeat":"repeat","background-position":"center center","background-size":"auto","background-attachment":"scroll","background-type":"","background-media":"","overlay-type":"","overlay-color":"","overlay-opacity":"","overlay-gradient":""},"mobile":{"background-color":"","background-image":"","background-repeat":"repeat","background-position":"center center","background-size":"auto","background-attachment":"scroll","background-type":"","background-media":"","overlay-type":"","overlay-color":"","overlay-opacity":"","overlay-gradient":""}},"ast-content-background-meta":{"desktop":{"background-color":"var(--ast-global-color-5)","background-image":"","background-repeat":"repeat","background-position":"center center","background-size":"auto","background-attachment":"scroll","background-type":"","background-media":"","overlay-type":"","overlay-color":"","overlay-opacity":"","overlay-gradient":""},"tablet":{"background-color":"var(--ast-global-color-5)","background-image":"","background-repeat":"repeat","background-position":"center center","background-size":"auto","background-attachment":"scroll","background-type":"","background-media":"","overlay-type":"","overlay-color":"","overlay-opacity":"","overlay-gradient":""},"mobile":{"background-color":"var(--ast-global-color-5)","background-image":"","background-repeat":"repeat","background-position":"center center","background-size":"auto","background-attachment":"scroll","background-type":"","background-media":"","overlay-type":"","overlay-color":"","overlay-opacity":"","overlay-gradient":""}}},"product_brand":[],"product_cat":[75],"product_tag":[],"class_list":{"0":"post-3497","1":"product","2":"type-product","3":"status-publish","4":"has-post-thumbnail","6":"product_cat-normal-cnc-router","7":"desktop-align-left","8":"tablet-align-left","9":"mobile-align-left","10":"ast-product-gallery-layout-horizontal-slider","11":"ast-magnify-disabled","12":"ast-product-tabs-layout-distributed","14":"first","15":"instock","16":"shipping-taxable","17":"product-type-simple"},"uagb_featured_image_src":{"full":["https:\/\/www.queencncmachinery.com\/wp-content\/uploads\/2025\/11\/Photo-12-scaled.jpg",2560,1920,false],"thumbnail":["https:\/\/www.queencncmachinery.com\/wp-content\/uploads\/2025\/11\/Photo-12-150x150.jpg",150,150,true],"medium":["https:\/\/www.queencncmachinery.com\/wp-content\/uploads\/2025\/11\/Photo-12-300x225.jpg",300,225,true],"medium_large":["https:\/\/www.queencncmachinery.com\/wp-content\/uploads\/2025\/11\/Photo-12-768x576.jpg",768,576,true],"large":["https:\/\/www.queencncmachinery.com\/wp-content\/uploads\/2025\/11\/Photo-12-1024x768.jpg",1024,768,true],"1536x1536":["https:\/\/www.queencncmachinery.com\/wp-content\/uploads\/2025\/11\/Photo-12-1536x1152.jpg",1536,1152,true],"2048x2048":["https:\/\/www.queencncmachinery.com\/wp-content\/uploads\/2025\/11\/Photo-12-2048x1536.jpg",2048,1536,true],"trp-custom-language-flag":["https:\/\/www.queencncmachinery.com\/wp-content\/uploads\/2025\/11\/Photo-12-16x12.jpg",16,12,true],"woocommerce_thumbnail":["https:\/\/www.queencncmachinery.com\/wp-content\/uploads\/2025\/11\/Photo-12-scaled-800x600.jpg",800,600,true],"woocommerce_single":["https:\/\/www.queencncmachinery.com\/wp-content\/uploads\/2025\/11\/Photo-12-scaled-800x600.jpg",800,600,true],"woocommerce_gallery_thumbnail":["https:\/\/www.queencncmachinery.com\/wp-content\/uploads\/2025\/11\/Photo-12-scaled-100x100.jpg",100,100,true]},"uagb_author_info":{"display_name":"jinxing6611@gmail.com","author_link":"https:\/\/www.queencncmachinery.com\/fr\/author\/"},"uagb_comment_info":0,"uagb_excerpt":"Model QN1325 WORKING SIZE 1300*2500*200MM Table Surface PVC &amp; Aluminum T-slot Table Structure Cast Steel Transmission Rack and pinion, Taiwan\u00a0square guide rail Collect ER25 Spindle rotating speed 0-24000r\/min Resolution 0.01\u043c\u043c Inverter Fuling Spindle power 6kw air\u00a0cooling Max. Working speed 45m\/min Diameter of cutter \u03c63.175-\u03c620mm Motor System x axis 1 , y axis 2 , z\u2026","_links":{"self":[{"href":"https:\/\/www.queencncmachinery.com\/fr\/wp-json\/wp\/v2\/product\/3497","targetHints":{"allow":["GET"]}}],"collection":[{"href":"https:\/\/www.queencncmachinery.com\/fr\/wp-json\/wp\/v2\/product"}],"about":[{"href":"https:\/\/www.queencncmachinery.com\/fr\/wp-json\/wp\/v2\/types\/product"}],"replies":[{"embeddable":true,"href":"https:\/\/www.queencncmachinery.com\/fr\/wp-json\/wp\/v2\/comments?post=3497"}],"wp:featuredmedia":[{"embeddable":true,"href":"https:\/\/www.queencncmachinery.com\/fr\/wp-json\/wp\/v2\/media\/3500"}],"wp:attachment":[{"href":"https:\/\/www.queencncmachinery.com\/fr\/wp-json\/wp\/v2\/media?parent=3497"}],"wp:term":[{"taxonomy":"product_brand","embeddable":true,"href":"https:\/\/www.queencncmachinery.com\/fr\/wp-json\/wp\/v2\/product_brand?post=3497"},{"taxonomy":"product_cat","embeddable":true,"href":"https:\/\/www.queencncmachinery.com\/fr\/wp-json\/wp\/v2\/product_cat?post=3497"},{"taxonomy":"product_tag","embeddable":true,"href":"https:\/\/www.queencncmachinery.com\/fr\/wp-json\/wp\/v2\/product_tag?post=3497"}],"curies":[{"name":"wp","href":"https:\/\/api.w.org\/{rel}","templated":true}]}}