{"id":3458,"date":"2025-11-04T12:48:56","date_gmt":"2025-11-04T12:48:56","guid":{"rendered":"https:\/\/www.queencncmachinery.com\/?post_type=product&#038;p=3458"},"modified":"2025-11-19T05:51:51","modified_gmt":"2025-11-19T05:51:51","slug":"nesting-cnc-router-2000mm-by-3000mm","status":"publish","type":"product","link":"https:\/\/www.queencncmachinery.com\/fr\/produit\/nesting-cnc-router-2000mm-by-3000mm\/","title":{"rendered":"Toupie CNC Nesting 2000mm par 3000mm"},"content":{"rendered":"<div class=\"ast-oembed-container\" style=\"height: 100%;\"><iframe title=\"Chargement et d\u00e9chargement d&#039;un changeur d&#039;outils automatique pour une d\u00e9fonceuse \u00e0 commande num\u00e9rique\" width=\"500\" height=\"375\" src=\"https:\/\/www.youtube.com\/embed\/RGqvCSlLTaI?start=3&#038;feature=oembed\" frameborder=\"0\" allow=\"accelerometer; autoplay; clipboard-write; encrypted-media; gyroscope; picture-in-picture; web-share\" referrerpolicy=\"strict-origin-when-cross-origin\" allowfullscreen><\/iframe><\/div>\n<table>\n<tbody>\n<tr>\n<td width=\"197\">Mod\u00e8le (option)<\/td>\n<td width=\"407\"><\/td>\n<\/tr>\n<tr>\n<td width=\"197\">Zone de travail de l'axe X\uff0cY\uff0cZ<\/td>\n<td width=\"407\">2000*3000*200mm<\/td>\n<\/tr>\n<tr>\n<td width=\"197\">Rail de guidage<\/td>\n<td width=\"407\">Rail lin\u00e9aire \u00e0 guidage carr\u00e9 de Ta\u00efwan<\/td>\n<\/tr>\n<tr>\n<td width=\"197\">Structure X,Y<\/td>\n<td width=\"407\">Transmission \u00e0 cr\u00e9maill\u00e8re de haute pr\u00e9cision<\/td>\n<\/tr>\n<tr>\n<td width=\"197\">Axe Z<\/td>\n<td width=\"407\">vis \u00e0 bille<\/td>\n<\/tr>\n<tr>\n<td width=\"197\">Syst\u00e8me de contr\u00f4le<\/td>\n<td width=\"407\">Contr\u00f4le LNC<\/td>\n<\/tr>\n<tr>\n<td width=\"197\">Structure compl\u00e8te<\/td>\n<td width=\"407\">Acier soud\u00e9<\/td>\n<\/tr>\n<tr>\n<td width=\"197\">Vitesse rapide maximale<\/td>\n<td width=\"407\">60m\/min<\/td>\n<\/tr>\n<tr>\n<td width=\"197\">R\u00e9solution<\/td>\n<td width=\"407\">0,01 mm<\/td>\n<\/tr>\n<tr>\n<td width=\"197\">Pr\u00e9cision du traitement<\/td>\n<td width=\"407\">&lt;0,05mm<\/td>\n<\/tr>\n<tr>\n<td width=\"197\">Maintien du bois<\/td>\n<td width=\"407\">Table \u00e0 vide<\/td>\n<\/tr>\n<tr>\n<td width=\"197\">Logiciel comp\u00e9titif<\/td>\n<td width=\"407\">AutoCAD,Artcam,Photoshop,Type3,Artcut,Ucancam,powermill<\/td>\n<\/tr>\n<tr>\n<td width=\"197\">Graphique au format Imagine<\/td>\n<td width=\"407\">BMP,GIF,JPGE,PCX,TGA,TIFF,PTLCDR,DMG,DXF<\/td>\n<\/tr>\n<tr>\n<td width=\"197\">Puissance de la broche (au choix)<\/td>\n<td width=\"407\">Broche HQD ATC 9kw<\/td>\n<\/tr>\n<tr>\n<td width=\"197\">Vitesse de rotation de la broche<\/td>\n<td width=\"407\">6000-24000rmp\/min<\/td>\n<\/tr>\n<tr>\n<td width=\"197\">Magazine de l'outil<\/td>\n<td width=\"407\">12 pi\u00e8ces d'emporte-pi\u00e8ce<\/td>\n<\/tr>\n<tr>\n<td width=\"197\">Diam\u00e8tre de l'outil de coupe<\/td>\n<td width=\"407\">\u03c63.175~\u03c620<\/td>\n<\/tr>\n<tr>\n<td width=\"197\">Syst\u00e8me de conduite<\/td>\n<td width=\"407\">syst\u00e8me d'asservissement<\/td>\n<\/tr>\n<tr>\n<td width=\"197\">Langue de travail<\/td>\n<td width=\"407\">Code G, plt, mmg, uoo, bmp, F\/S<\/td>\n<\/tr>\n<tr>\n<td width=\"197\">Tension de fonctionnement<\/td>\n<td width=\"407\">AC380V\/50Hz ou 220V<\/td>\n<\/tr>\n<tr>\n<td width=\"197\">Environnement de travail<\/td>\n<td width=\"407\">Temperature:0-45;Humidity:30%~70%<\/td>\n<\/tr>\n<tr>\n<td width=\"197\">Avec pi\u00e8ces en option<\/td>\n<td width=\"407\">Table de travail sous vide<\/td>\n<\/tr>\n<\/tbody>\n<\/table>","protected":false},"excerpt":{"rendered":"<p>Model (option) X\uff0cY\uff0cZ axis working area 2000*3000*200mm Guide rail Square guide linear rail from taiwan X,Y structure High-precision rack and pinion transmission Z axis ball screw Control system LNC\u00a0control Whole structure Steel\u00a0Welded Max.Rapid\u00a0speed 60m\/min Resolution 0.01mm Processing accuracy &lt;0.05mm Wood holding Vacuum table Competitive software AutoCAD,Artcam,Photoshop,Type3,Artcut,Ucancam,powermill Imagine format graphic BMP,GIF,JPGE,PCX,TGA,TIFF,PTLCDR,DMG,DXF Spindle power (you can choose) [&hellip;]<\/p>","protected":false},"featured_media":3457,"comment_status":"open","ping_status":"closed","template":"","meta":{"_seopress_robots_primary_cat":"none","_seopress_titles_title":"","_seopress_titles_desc":"","_seopress_robots_index":"","_uag_custom_page_level_css":"","site-sidebar-layout":"default","site-content-layout":"","ast-site-content-layout":"default","site-content-style":"default","site-sidebar-style":"default","ast-global-header-display":"","ast-banner-title-visibility":"","ast-main-header-display":"","ast-hfb-above-header-display":"","ast-hfb-below-header-display":"","ast-hfb-mobile-header-display":"","site-post-title":"","ast-breadcrumbs-content":"","ast-featured-img":"","footer-sml-layout":"","ast-disable-related-posts":"","theme-transparent-header-meta":"default","adv-header-id-meta":"","stick-header-meta":"default","header-above-stick-meta":"","header-main-stick-meta":"","header-below-stick-meta":"","astra-migrate-meta-layouts":"set","ast-page-background-enabled":"default","ast-page-background-meta":{"desktop":{"background-color":"","background-image":"","background-repeat":"repeat","background-position":"center center","background-size":"auto","background-attachment":"scroll","background-type":"","background-media":"","overlay-type":"","overlay-color":"","overlay-opacity":"","overlay-gradient":""},"tablet":{"background-color":"","background-image":"","background-repeat":"repeat","background-position":"center center","background-size":"auto","background-attachment":"scroll","background-type":"","background-media":"","overlay-type":"","overlay-color":"","overlay-opacity":"","overlay-gradient":""},"mobile":{"background-color":"","background-image":"","background-repeat":"repeat","background-position":"center center","background-size":"auto","background-attachment":"scroll","background-type":"","background-media":"","overlay-type":"","overlay-color":"","overlay-opacity":"","overlay-gradient":""}},"ast-content-background-meta":{"desktop":{"background-color":"var(--ast-global-color-5)","background-image":"","background-repeat":"repeat","background-position":"center center","background-size":"auto","background-attachment":"scroll","background-type":"","background-media":"","overlay-type":"","overlay-color":"","overlay-opacity":"","overlay-gradient":""},"tablet":{"background-color":"var(--ast-global-color-5)","background-image":"","background-repeat":"repeat","background-position":"center center","background-size":"auto","background-attachment":"scroll","background-type":"","background-media":"","overlay-type":"","overlay-color":"","overlay-opacity":"","overlay-gradient":""},"mobile":{"background-color":"var(--ast-global-color-5)","background-image":"","background-repeat":"repeat","background-position":"center center","background-size":"auto","background-attachment":"scroll","background-type":"","background-media":"","overlay-type":"","overlay-color":"","overlay-opacity":"","overlay-gradient":""}}},"product_brand":[],"product_cat":[74],"product_tag":[],"class_list":{"0":"post-3458","1":"product","2":"type-product","3":"status-publish","4":"has-post-thumbnail","6":"product_cat-atc-cnc-router","7":"desktop-align-left","8":"tablet-align-left","9":"mobile-align-left","10":"ast-product-gallery-layout-horizontal-slider","11":"ast-magnify-disabled","12":"ast-product-tabs-layout-distributed","14":"first","15":"instock","16":"shipping-taxable","17":"product-type-simple"},"uagb_featured_image_src":{"full":["https:\/\/www.queencncmachinery.com\/wp-content\/uploads\/2025\/11\/Photo-8.jpg",1920,1080,false],"thumbnail":["https:\/\/www.queencncmachinery.com\/wp-content\/uploads\/2025\/11\/Photo-8-150x150.jpg",150,150,true],"medium":["https:\/\/www.queencncmachinery.com\/wp-content\/uploads\/2025\/11\/Photo-8-300x169.jpg",300,169,true],"medium_large":["https:\/\/www.queencncmachinery.com\/wp-content\/uploads\/2025\/11\/Photo-8-768x432.jpg",768,432,true],"large":["https:\/\/www.queencncmachinery.com\/wp-content\/uploads\/2025\/11\/Photo-8-1024x576.jpg",1024,576,true],"1536x1536":["https:\/\/www.queencncmachinery.com\/wp-content\/uploads\/2025\/11\/Photo-8-1536x864.jpg",1536,864,true],"2048x2048":["https:\/\/www.queencncmachinery.com\/wp-content\/uploads\/2025\/11\/Photo-8.jpg",1920,1080,false],"trp-custom-language-flag":["https:\/\/www.queencncmachinery.com\/wp-content\/uploads\/2025\/11\/Photo-8-18x10.jpg",18,10,true],"woocommerce_thumbnail":["https:\/\/www.queencncmachinery.com\/wp-content\/uploads\/2025\/11\/Photo-8-800x450.jpg",800,450,true],"woocommerce_single":["https:\/\/www.queencncmachinery.com\/wp-content\/uploads\/2025\/11\/Photo-8-800x450.jpg",800,450,true],"woocommerce_gallery_thumbnail":["https:\/\/www.queencncmachinery.com\/wp-content\/uploads\/2025\/11\/Photo-8-100x100.jpg",100,100,true]},"uagb_author_info":{"display_name":"jinxing6611@gmail.com","author_link":"https:\/\/www.queencncmachinery.com\/fr\/author\/"},"uagb_comment_info":0,"uagb_excerpt":"Model (option) X\uff0cY\uff0cZ axis working area 2000*3000*200mm Guide rail Square guide linear rail from taiwan X,Y structure High-precision rack and pinion transmission Z axis ball screw Control system LNC\u00a0control Whole structure Steel\u00a0Welded Max.Rapid\u00a0speed 60m\/min Resolution 0.01mm Processing accuracy &lt;0.05mm Wood holding Vacuum table Competitive software AutoCAD,Artcam,Photoshop,Type3,Artcut,Ucancam,powermill Imagine format graphic BMP,GIF,JPGE,PCX,TGA,TIFF,PTLCDR,DMG,DXF Spindle power (you can choose)\u2026","_links":{"self":[{"href":"https:\/\/www.queencncmachinery.com\/fr\/wp-json\/wp\/v2\/product\/3458","targetHints":{"allow":["GET"]}}],"collection":[{"href":"https:\/\/www.queencncmachinery.com\/fr\/wp-json\/wp\/v2\/product"}],"about":[{"href":"https:\/\/www.queencncmachinery.com\/fr\/wp-json\/wp\/v2\/types\/product"}],"replies":[{"embeddable":true,"href":"https:\/\/www.queencncmachinery.com\/fr\/wp-json\/wp\/v2\/comments?post=3458"}],"wp:featuredmedia":[{"embeddable":true,"href":"https:\/\/www.queencncmachinery.com\/fr\/wp-json\/wp\/v2\/media\/3457"}],"wp:attachment":[{"href":"https:\/\/www.queencncmachinery.com\/fr\/wp-json\/wp\/v2\/media?parent=3458"}],"wp:term":[{"taxonomy":"product_brand","embeddable":true,"href":"https:\/\/www.queencncmachinery.com\/fr\/wp-json\/wp\/v2\/product_brand?post=3458"},{"taxonomy":"product_cat","embeddable":true,"href":"https:\/\/www.queencncmachinery.com\/fr\/wp-json\/wp\/v2\/product_cat?post=3458"},{"taxonomy":"product_tag","embeddable":true,"href":"https:\/\/www.queencncmachinery.com\/fr\/wp-json\/wp\/v2\/product_tag?post=3458"}],"curies":[{"name":"wp","href":"https:\/\/api.w.org\/{rel}","templated":true}]}}