{"id":3409,"date":"2025-11-04T12:33:03","date_gmt":"2025-11-04T12:33:03","guid":{"rendered":"https:\/\/www.queencncmachinery.com\/?post_type=product&#038;p=3409"},"modified":"2025-11-19T05:33:19","modified_gmt":"2025-11-19T05:33:19","slug":"1300mm-by-5000mm-atc-cnc-router","status":"publish","type":"product","link":"https:\/\/www.queencncmachinery.com\/fr\/produit\/1300mm-by-5000mm-atc-cnc-router\/","title":{"rendered":"D\u00e9fonceuse CNC ATC 1300mm par 5000mm"},"content":{"rendered":"<div class=\"ast-oembed-container\" style=\"height: 100%;\"><iframe title=\"Jinan Queen CNC Machinery Co.,Ltd\" width=\"500\" height=\"281\" src=\"https:\/\/www.youtube.com\/embed\/HeFuZLgJEuA?start=8&#038;feature=oembed\" frameborder=\"0\" allow=\"accelerometer; autoplay; clipboard-write; encrypted-media; gyroscope; picture-in-picture; web-share\" referrerpolicy=\"strict-origin-when-cross-origin\" allowfullscreen><\/iframe><\/div>\n<table>\n<tbody>\n<tr>\n<td width=\"266\">Mod\u00e8le (option)<\/td>\n<td width=\"415\">QN1350C<\/td>\n<\/tr>\n<tr>\n<td width=\"266\">Zone de travail de l'axe X\uff0cY\uff0cZ<\/td>\n<td width=\"415\">1300*5000*250mm<\/td>\n<\/tr>\n<tr>\n<td width=\"266\">Rail de guidage<\/td>\n<td width=\"415\">Ta\u00efwan 30 Rail lin\u00e9aire \u00e0 guidage carr\u00e9<\/td>\n<\/tr>\n<tr>\n<td width=\"266\">Structure X,Y<\/td>\n<td width=\"415\">Transmission \u00e0 cr\u00e9maill\u00e8re de haute pr\u00e9cision<\/td>\n<\/tr>\n<tr>\n<td width=\"266\">Axe Z<\/td>\n<td width=\"415\">vis \u00e0 bille<\/td>\n<\/tr>\n<tr>\n<td width=\"266\">Syst\u00e8me de contr\u00f4le<\/td>\n<td width=\"415\">Syst\u00e8me de contr\u00f4le LNC<\/td>\n<\/tr>\n<tr>\n<td width=\"266\">Structure compl\u00e8te<\/td>\n<td width=\"415\">Acier moul\u00e9<\/td>\n<\/tr>\n<tr>\n<td width=\"266\">Vitesse de travail maximale<\/td>\n<td width=\"415\">70m\/min<\/td>\n<\/tr>\n<tr>\n<td width=\"266\">Vitesse de coupe maximale<\/td>\n<td width=\"415\">20m\/min<\/td>\n<\/tr>\n<tr>\n<td width=\"266\">R\u00e9solution<\/td>\n<td width=\"415\">0,01 mm<\/td>\n<\/tr>\n<tr>\n<td width=\"266\">Pr\u00e9cision du traitement<\/td>\n<td width=\"415\">&lt;0,05mm<\/td>\n<\/tr>\n<tr>\n<td width=\"266\">Maintien du bois<\/td>\n<td width=\"415\">Absorption du vide (par aspiration)<\/td>\n<\/tr>\n<tr>\n<td width=\"266\">Logiciel comp\u00e9titif<\/td>\n<td width=\"415\">AutoCAD,Artcam,Photoshop,Type3,Artcut,Ucancam,powermill<\/td>\n<\/tr>\n<tr>\n<td width=\"266\">Graphique au format Imagine<\/td>\n<td width=\"415\">BMP,GIF,JPGE,PCX,TGA,TIFF,PTLCDR,DMG,DXF,<\/td>\n<\/tr>\n<tr>\n<td width=\"266\">Puissance de la broche<\/td>\n<td width=\"415\">Broche 9KW HQD ATC \u00e0 refroidissement par air<\/td>\n<\/tr>\n<tr>\n<td width=\"266\">Vitesse de rotation de la broche<\/td>\n<td width=\"415\">6000-18000rmp\/min<\/td>\n<\/tr>\n<tr>\n<td width=\"266\">Magazine de l'outil<\/td>\n<td width=\"415\">Syst\u00e8me ATC Carousle, avec 12 pi\u00e8ces de coupe<\/td>\n<\/tr>\n<tr>\n<td width=\"266\">Diam\u00e8tre de l'outil de coupe<\/td>\n<td width=\"415\">\u03c63.175~\u03c620<\/td>\n<\/tr>\n<tr>\n<td width=\"266\">Syst\u00e8me de conduite<\/td>\n<td width=\"415\">syst\u00e8me d'asservissement<\/td>\n<\/tr>\n<tr>\n<td width=\"266\">Langue de travail<\/td>\n<td width=\"415\">Code G, plt, mmg, uoo, bmp, F\/S<\/td>\n<\/tr>\n<tr>\n<td width=\"266\">Tension de fonctionnement<\/td>\n<td width=\"415\">AC380V\/50Hz ou 220V<\/td>\n<\/tr>\n<tr>\n<td width=\"266\">Environnement de travail<\/td>\n<td width=\"415\">Temperature:0-45;Humidity:30%~70%<\/td>\n<\/tr>\n<tr>\n<td width=\"266\">Avec pi\u00e8ces en option<\/td>\n<td width=\"415\">Table de travail sous vide, d\u00e9poussi\u00e9reur<\/td>\n<\/tr>\n<tr>\n<td width=\"266\">Pi\u00e8ces de machine<\/td>\n<td width=\"415\">Broche 9kw HQD refroidie par air<\/p>\n<p>Servomoteur et entra\u00eenement Leadshine<\/p>\n<p>Syst\u00e8me de contr\u00f4le LNC<\/p>\n<p>Rail de guidage plus carr\u00e9 de 30 cm de c\u00f4t\u00e9 \u00e0 Taiwan<\/p>\n<p>\u00c9quipement d'onduleur 11KW<\/p>\n<p>2 pcs de pompe \u00e0 vide 7.5kw refroidie par air et table de travail \u00e0 vide<\/p>\n<p>Syst\u00e8me de lubrification automatique<\/p>\n<p>mesure automatique des outils<\/p>\n<p>12 porte-outils et pinces de serrage<\/p>\n<p>D\u00e9poussi\u00e9reur 5.5kw<\/p>\n<p>bo\u00eete de contr\u00f4le\/cl\u00e9\/brosse<\/td>\n<\/tr>\n<\/tbody>\n<\/table>","protected":false},"excerpt":{"rendered":"<p>Model (option) QN1350C X\uff0cY\uff0cZ axis working area 1300*5000*250mm Guide rail Taiwan 30 Square guide linear rail X,Y structure High-precision rack and pinion transmission Z axis ball screw Control system LNC control system Whole structure Cast steel Max.working\u00a0speed 70m\/min Maxing cutting speed 20m\/min Resolution 0.01mm Processing accuracy &lt;0.05mm Wood holding Vacuum absorption(by suction) Competitive software AutoCAD,Artcam,Photoshop,Type3,Artcut,Ucancam,powermill [&hellip;]<\/p>","protected":false},"featured_media":3412,"comment_status":"open","ping_status":"closed","template":"","meta":{"_seopress_robots_primary_cat":"none","_seopress_titles_title":"","_seopress_titles_desc":"","_seopress_robots_index":"","_uag_custom_page_level_css":"","site-sidebar-layout":"default","site-content-layout":"","ast-site-content-layout":"default","site-content-style":"default","site-sidebar-style":"default","ast-global-header-display":"","ast-banner-title-visibility":"","ast-main-header-display":"","ast-hfb-above-header-display":"","ast-hfb-below-header-display":"","ast-hfb-mobile-header-display":"","site-post-title":"","ast-breadcrumbs-content":"","ast-featured-img":"","footer-sml-layout":"","ast-disable-related-posts":"","theme-transparent-header-meta":"default","adv-header-id-meta":"","stick-header-meta":"default","header-above-stick-meta":"","header-main-stick-meta":"","header-below-stick-meta":"","astra-migrate-meta-layouts":"set","ast-page-background-enabled":"default","ast-page-background-meta":{"desktop":{"background-color":"","background-image":"","background-repeat":"repeat","background-position":"center center","background-size":"auto","background-attachment":"scroll","background-type":"","background-media":"","overlay-type":"","overlay-color":"","overlay-opacity":"","overlay-gradient":""},"tablet":{"background-color":"","background-image":"","background-repeat":"repeat","background-position":"center center","background-size":"auto","background-attachment":"scroll","background-type":"","background-media":"","overlay-type":"","overlay-color":"","overlay-opacity":"","overlay-gradient":""},"mobile":{"background-color":"","background-image":"","background-repeat":"repeat","background-position":"center center","background-size":"auto","background-attachment":"scroll","background-type":"","background-media":"","overlay-type":"","overlay-color":"","overlay-opacity":"","overlay-gradient":""}},"ast-content-background-meta":{"desktop":{"background-color":"var(--ast-global-color-5)","background-image":"","background-repeat":"repeat","background-position":"center center","background-size":"auto","background-attachment":"scroll","background-type":"","background-media":"","overlay-type":"","overlay-color":"","overlay-opacity":"","overlay-gradient":""},"tablet":{"background-color":"var(--ast-global-color-5)","background-image":"","background-repeat":"repeat","background-position":"center center","background-size":"auto","background-attachment":"scroll","background-type":"","background-media":"","overlay-type":"","overlay-color":"","overlay-opacity":"","overlay-gradient":""},"mobile":{"background-color":"var(--ast-global-color-5)","background-image":"","background-repeat":"repeat","background-position":"center center","background-size":"auto","background-attachment":"scroll","background-type":"","background-media":"","overlay-type":"","overlay-color":"","overlay-opacity":"","overlay-gradient":""}}},"product_brand":[],"product_cat":[74],"product_tag":[],"class_list":{"0":"post-3409","1":"product","2":"type-product","3":"status-publish","4":"has-post-thumbnail","6":"product_cat-atc-cnc-router","7":"desktop-align-left","8":"tablet-align-left","9":"mobile-align-left","10":"ast-product-gallery-layout-horizontal-slider","11":"ast-product-gallery-with-no-image","12":"ast-magnify-disabled","13":"ast-product-tabs-layout-distributed","15":"first","16":"instock","17":"shipping-taxable","18":"product-type-simple"},"uagb_featured_image_src":{"full":["https:\/\/www.queencncmachinery.com\/wp-content\/uploads\/2025\/11\/Photo-2.jpg",1920,1080,false],"thumbnail":["https:\/\/www.queencncmachinery.com\/wp-content\/uploads\/2025\/11\/Photo-2-150x150.jpg",150,150,true],"medium":["https:\/\/www.queencncmachinery.com\/wp-content\/uploads\/2025\/11\/Photo-2-300x169.jpg",300,169,true],"medium_large":["https:\/\/www.queencncmachinery.com\/wp-content\/uploads\/2025\/11\/Photo-2-768x432.jpg",768,432,true],"large":["https:\/\/www.queencncmachinery.com\/wp-content\/uploads\/2025\/11\/Photo-2-1024x576.jpg",1024,576,true],"1536x1536":["https:\/\/www.queencncmachinery.com\/wp-content\/uploads\/2025\/11\/Photo-2-1536x864.jpg",1536,864,true],"2048x2048":["https:\/\/www.queencncmachinery.com\/wp-content\/uploads\/2025\/11\/Photo-2.jpg",1920,1080,false],"trp-custom-language-flag":["https:\/\/www.queencncmachinery.com\/wp-content\/uploads\/2025\/11\/Photo-2-18x10.jpg",18,10,true],"woocommerce_thumbnail":["https:\/\/www.queencncmachinery.com\/wp-content\/uploads\/2025\/11\/Photo-2-800x450.jpg",800,450,true],"woocommerce_single":["https:\/\/www.queencncmachinery.com\/wp-content\/uploads\/2025\/11\/Photo-2-800x450.jpg",800,450,true],"woocommerce_gallery_thumbnail":["https:\/\/www.queencncmachinery.com\/wp-content\/uploads\/2025\/11\/Photo-2-100x100.jpg",100,100,true]},"uagb_author_info":{"display_name":"jinxing6611@gmail.com","author_link":"https:\/\/www.queencncmachinery.com\/fr\/author\/"},"uagb_comment_info":0,"uagb_excerpt":"Model (option) QN1350C X\uff0cY\uff0cZ axis working area 1300*5000*250mm Guide rail Taiwan 30 Square guide linear rail X,Y structure High-precision rack and pinion transmission Z axis ball screw Control system LNC control system Whole structure Cast steel Max.working\u00a0speed 70m\/min Maxing cutting speed 20m\/min Resolution 0.01mm Processing accuracy &lt;0.05mm Wood holding Vacuum absorption(by suction) Competitive software AutoCAD,Artcam,Photoshop,Type3,Artcut,Ucancam,powermill\u2026","_links":{"self":[{"href":"https:\/\/www.queencncmachinery.com\/fr\/wp-json\/wp\/v2\/product\/3409","targetHints":{"allow":["GET"]}}],"collection":[{"href":"https:\/\/www.queencncmachinery.com\/fr\/wp-json\/wp\/v2\/product"}],"about":[{"href":"https:\/\/www.queencncmachinery.com\/fr\/wp-json\/wp\/v2\/types\/product"}],"replies":[{"embeddable":true,"href":"https:\/\/www.queencncmachinery.com\/fr\/wp-json\/wp\/v2\/comments?post=3409"}],"wp:featuredmedia":[{"embeddable":true,"href":"https:\/\/www.queencncmachinery.com\/fr\/wp-json\/wp\/v2\/media\/3412"}],"wp:attachment":[{"href":"https:\/\/www.queencncmachinery.com\/fr\/wp-json\/wp\/v2\/media?parent=3409"}],"wp:term":[{"taxonomy":"product_brand","embeddable":true,"href":"https:\/\/www.queencncmachinery.com\/fr\/wp-json\/wp\/v2\/product_brand?post=3409"},{"taxonomy":"product_cat","embeddable":true,"href":"https:\/\/www.queencncmachinery.com\/fr\/wp-json\/wp\/v2\/product_cat?post=3409"},{"taxonomy":"product_tag","embeddable":true,"href":"https:\/\/www.queencncmachinery.com\/fr\/wp-json\/wp\/v2\/product_tag?post=3409"}],"curies":[{"name":"wp","href":"https:\/\/api.w.org\/{rel}","templated":true}]}}