{"id":3378,"date":"2025-11-04T12:18:34","date_gmt":"2025-11-04T12:18:34","guid":{"rendered":"https:\/\/www.queencncmachinery.com\/?post_type=product&#038;p=3378"},"modified":"2025-11-19T05:53:56","modified_gmt":"2025-11-19T05:53:56","slug":"4-by-8-feet-follow-style-atc-cnc-router","status":"publish","type":"product","link":"https:\/\/www.queencncmachinery.com\/fr\/produit\/4-by-8-feet-follow-style-atc-cnc-router\/","title":{"rendered":"Routeur CNC ATC 4 par 8 pieds \u00e0 suivre"},"content":{"rendered":"<div class=\"ast-oembed-container\" style=\"height: 100%;\"><iframe title=\"Pr\u00e9sentation de notre fraiseuse \u00e0 commande num\u00e9rique atc de haute pr\u00e9cision\" width=\"500\" height=\"281\" src=\"https:\/\/www.youtube.com\/embed\/UvvXvRl_2f0?feature=oembed\" frameborder=\"0\" allow=\"accelerometer; autoplay; clipboard-write; encrypted-media; gyroscope; picture-in-picture; web-share\" referrerpolicy=\"strict-origin-when-cross-origin\" allowfullscreen><\/iframe><\/div>\n<p><strong><b>1.<\/b><\/strong><strong><b>Contr\u00f4leur LNC,<\/b><\/strong>Il s'agit d'un grand \u00e9cran, d'un contr\u00f4leur convivial qui est facile \u00e0 utiliser, largement utilis\u00e9 pour la d\u00e9fonceuse \u00e0 commande num\u00e9rique, et qui permet de changer le mode de porte et d'armoire.<\/p>\n<p>2.<strong><b>Magasin d'outils lin\u00e9aires,<\/b><\/strong>peut choisir jusqu'\u00e0 16 pi\u00e8ces, et se d\u00e9place avec un portique, ce qui est efficace pour le changement d'outils.<\/p>\n<p>3.<strong><b>La broche HQD est largement utilis\u00e9e,<\/b><\/strong>\u00a0tr\u00e8s bonnes performances, adapt\u00e9es \u00e0 une production de longue dur\u00e9e dans la cha\u00eene de traitement et faciles \u00e0 entretenir<\/p>\n<table>\n<tbody>\n<tr>\n<td width=\"266\">Mod\u00e8le (option)<\/td>\n<td width=\"415\">QN1325L<\/td>\n<\/tr>\n<tr>\n<td width=\"266\">Zone de travail de l'axe X\uff0cY\uff0cZ<\/td>\n<td width=\"415\">1300*2500*200mm<\/td>\n<\/tr>\n<tr>\n<td width=\"266\">Rail de guidage<\/td>\n<td width=\"415\">Taiwan30 Guide carr\u00e9 rail lin\u00e9aire<\/td>\n<\/tr>\n<tr>\n<td width=\"266\">Structure X,Y<\/td>\n<td width=\"415\">Transmission \u00e0 cr\u00e9maill\u00e8re de haute pr\u00e9cision<\/td>\n<\/tr>\n<tr>\n<td width=\"266\">Axe Z<\/td>\n<td width=\"415\">vis \u00e0 bille<\/td>\n<\/tr>\n<tr>\n<td width=\"266\">Syst\u00e8me de contr\u00f4le<\/td>\n<td width=\"415\">Syst\u00e8me de contr\u00f4le LNC<\/td>\n<\/tr>\n<tr>\n<td width=\"266\">Structure compl\u00e8te<\/td>\n<td width=\"415\">Acier moul\u00e9<\/td>\n<\/tr>\n<tr>\n<td width=\"266\">\\Vitesse de gravure maximale<\/td>\n<td width=\"415\">30m\/min<\/td>\n<\/tr>\n<tr>\n<td width=\"266\">Vitesse de coupe maximale<\/td>\n<td width=\"415\">20m\/min<\/td>\n<\/tr>\n<tr>\n<td width=\"266\">R\u00e9solution<\/td>\n<td width=\"415\">0,01 mm<\/td>\n<\/tr>\n<tr>\n<td width=\"266\">Pr\u00e9cision du traitement<\/td>\n<td width=\"415\">&lt;0,05mm<\/td>\n<\/tr>\n<tr>\n<td width=\"266\">Maintien du bois<\/td>\n<td width=\"415\">Absorption du vide (par aspiration)<\/td>\n<\/tr>\n<tr>\n<td width=\"266\">Logiciel comp\u00e9titif<\/td>\n<td width=\"415\">AutoCAD,Artcam,Photoshop,Type3,Artcut,Ucancam,powermill<\/td>\n<\/tr>\n<tr>\n<td width=\"266\">Graphique au format Imagine<\/td>\n<td width=\"415\">BMP,GIF,JPGE,PCX,TGA,TIFF,PTLCDR,DMG,DXF,<\/td>\n<\/tr>\n<tr>\n<td width=\"266\">Puissance de la broche<\/td>\n<td width=\"415\">Broche 9KW HQD ATC \u00e0 refroidissement par air<\/td>\n<\/tr>\n<tr>\n<td width=\"266\">Vitesse de rotation de la broche<\/td>\n<td width=\"415\">6000-24000rmp\/min<\/td>\n<\/tr>\n<tr>\n<td width=\"266\">Magazine de l'outil<\/td>\n<td width=\"415\">Syst\u00e8me ATC lin\u00e9aire, avec 12 pi\u00e8ces de coupe<\/td>\n<\/tr>\n<tr>\n<td width=\"266\">Diam\u00e8tre de l'outil de coupe<\/td>\n<td width=\"415\">\u03c63.175~\u03c620<\/td>\n<\/tr>\n<tr>\n<td width=\"266\">Syst\u00e8me de conduite<\/td>\n<td width=\"415\">Syst\u00e8me d'asservissement Leadshine<\/td>\n<\/tr>\n<tr>\n<td width=\"266\">Langue de travail<\/td>\n<td width=\"415\">Code G, plt, mmg, uoo, bmp, F\/S<\/td>\n<\/tr>\n<tr>\n<td width=\"266\">Tension de fonctionnement<\/td>\n<td width=\"415\">AC380V\/50Hz ou 220V<\/td>\n<\/tr>\n<tr>\n<td width=\"266\">Environnement de travail<\/td>\n<td width=\"415\">Temperature:0-45;Humidity:30%~70%<\/td>\n<\/tr>\n<tr>\n<td width=\"266\">Avec pi\u00e8ces en option<\/td>\n<td width=\"415\">Table de travail sous vide, d\u00e9poussi\u00e9reur<\/td>\n<\/tr>\n<\/tbody>\n<\/table>","protected":false},"excerpt":{"rendered":"<p>1.LNC controller,it is big screen,friendly controller which is easy to operate,widely used for cnc router,and support door and cabinet mode to change. 2.Linear tool magazine,can choose max 16 pcs,and it moves with gantry,efficient for tool changer. 3.HQD spindle is widely used,\u00a0very good performance, fit for long time producing in the processing line and easy maintain [&hellip;]<\/p>","protected":false},"featured_media":3381,"comment_status":"open","ping_status":"closed","template":"","meta":{"_seopress_robots_primary_cat":"none","_seopress_titles_title":"","_seopress_titles_desc":"","_seopress_robots_index":"","_uag_custom_page_level_css":"","site-sidebar-layout":"default","site-content-layout":"","ast-site-content-layout":"default","site-content-style":"default","site-sidebar-style":"default","ast-global-header-display":"","ast-banner-title-visibility":"","ast-main-header-display":"","ast-hfb-above-header-display":"","ast-hfb-below-header-display":"","ast-hfb-mobile-header-display":"","site-post-title":"","ast-breadcrumbs-content":"","ast-featured-img":"","footer-sml-layout":"","ast-disable-related-posts":"","theme-transparent-header-meta":"default","adv-header-id-meta":"","stick-header-meta":"default","header-above-stick-meta":"","header-main-stick-meta":"","header-below-stick-meta":"","astra-migrate-meta-layouts":"set","ast-page-background-enabled":"default","ast-page-background-meta":{"desktop":{"background-color":"","background-image":"","background-repeat":"repeat","background-position":"center center","background-size":"auto","background-attachment":"scroll","background-type":"","background-media":"","overlay-type":"","overlay-color":"","overlay-opacity":"","overlay-gradient":""},"tablet":{"background-color":"","background-image":"","background-repeat":"repeat","background-position":"center center","background-size":"auto","background-attachment":"scroll","background-type":"","background-media":"","overlay-type":"","overlay-color":"","overlay-opacity":"","overlay-gradient":""},"mobile":{"background-color":"","background-image":"","background-repeat":"repeat","background-position":"center center","background-size":"auto","background-attachment":"scroll","background-type":"","background-media":"","overlay-type":"","overlay-color":"","overlay-opacity":"","overlay-gradient":""}},"ast-content-background-meta":{"desktop":{"background-color":"var(--ast-global-color-5)","background-image":"","background-repeat":"repeat","background-position":"center center","background-size":"auto","background-attachment":"scroll","background-type":"","background-media":"","overlay-type":"","overlay-color":"","overlay-opacity":"","overlay-gradient":""},"tablet":{"background-color":"var(--ast-global-color-5)","background-image":"","background-repeat":"repeat","background-position":"center center","background-size":"auto","background-attachment":"scroll","background-type":"","background-media":"","overlay-type":"","overlay-color":"","overlay-opacity":"","overlay-gradient":""},"mobile":{"background-color":"var(--ast-global-color-5)","background-image":"","background-repeat":"repeat","background-position":"center center","background-size":"auto","background-attachment":"scroll","background-type":"","background-media":"","overlay-type":"","overlay-color":"","overlay-opacity":"","overlay-gradient":""}}},"product_brand":[],"product_cat":[74],"product_tag":[],"class_list":{"0":"post-3378","1":"product","2":"type-product","3":"status-publish","4":"has-post-thumbnail","6":"product_cat-atc-cnc-router","7":"desktop-align-left","8":"tablet-align-left","9":"mobile-align-left","10":"ast-product-gallery-layout-horizontal-slider","11":"ast-magnify-disabled","12":"ast-product-tabs-layout-distributed","14":"first","15":"instock","16":"shipping-taxable","17":"product-type-simple"},"uagb_featured_image_src":{"full":["https:\/\/www.queencncmachinery.com\/wp-content\/uploads\/2025\/11\/\u5fae\u4fe1\u56fe\u7247_20240704111916.jpg",1280,1280,false],"thumbnail":["https:\/\/www.queencncmachinery.com\/wp-content\/uploads\/2025\/11\/\u5fae\u4fe1\u56fe\u7247_20240704111916-150x150.jpg",150,150,true],"medium":["https:\/\/www.queencncmachinery.com\/wp-content\/uploads\/2025\/11\/\u5fae\u4fe1\u56fe\u7247_20240704111916-300x300.jpg",300,300,true],"medium_large":["https:\/\/www.queencncmachinery.com\/wp-content\/uploads\/2025\/11\/\u5fae\u4fe1\u56fe\u7247_20240704111916-768x768.jpg",768,768,true],"large":["https:\/\/www.queencncmachinery.com\/wp-content\/uploads\/2025\/11\/\u5fae\u4fe1\u56fe\u7247_20240704111916-1024x1024.jpg",1024,1024,true],"1536x1536":["https:\/\/www.queencncmachinery.com\/wp-content\/uploads\/2025\/11\/\u5fae\u4fe1\u56fe\u7247_20240704111916.jpg",1280,1280,false],"2048x2048":["https:\/\/www.queencncmachinery.com\/wp-content\/uploads\/2025\/11\/\u5fae\u4fe1\u56fe\u7247_20240704111916.jpg",1280,1280,false],"trp-custom-language-flag":["https:\/\/www.queencncmachinery.com\/wp-content\/uploads\/2025\/11\/\u5fae\u4fe1\u56fe\u7247_20240704111916-12x12.jpg",12,12,true],"woocommerce_thumbnail":["https:\/\/www.queencncmachinery.com\/wp-content\/uploads\/2025\/11\/\u5fae\u4fe1\u56fe\u7247_20240704111916-800x800.jpg",800,800,true],"woocommerce_single":["https:\/\/www.queencncmachinery.com\/wp-content\/uploads\/2025\/11\/\u5fae\u4fe1\u56fe\u7247_20240704111916-800x800.jpg",800,800,true],"woocommerce_gallery_thumbnail":["https:\/\/www.queencncmachinery.com\/wp-content\/uploads\/2025\/11\/\u5fae\u4fe1\u56fe\u7247_20240704111916-100x100.jpg",100,100,true]},"uagb_author_info":{"display_name":"jinxing6611@gmail.com","author_link":"https:\/\/www.queencncmachinery.com\/fr\/author\/"},"uagb_comment_info":0,"uagb_excerpt":"1.LNC controller,it is big screen,friendly controller which is easy to operate,widely used for cnc router,and support door and cabinet mode to change. 2.Linear tool magazine,can choose max 16 pcs,and it moves with gantry,efficient for tool changer. 3.HQD spindle is widely used,\u00a0very good performance, fit for long time producing in the processing line and easy maintain\u2026","_links":{"self":[{"href":"https:\/\/www.queencncmachinery.com\/fr\/wp-json\/wp\/v2\/product\/3378","targetHints":{"allow":["GET"]}}],"collection":[{"href":"https:\/\/www.queencncmachinery.com\/fr\/wp-json\/wp\/v2\/product"}],"about":[{"href":"https:\/\/www.queencncmachinery.com\/fr\/wp-json\/wp\/v2\/types\/product"}],"replies":[{"embeddable":true,"href":"https:\/\/www.queencncmachinery.com\/fr\/wp-json\/wp\/v2\/comments?post=3378"}],"wp:featuredmedia":[{"embeddable":true,"href":"https:\/\/www.queencncmachinery.com\/fr\/wp-json\/wp\/v2\/media\/3381"}],"wp:attachment":[{"href":"https:\/\/www.queencncmachinery.com\/fr\/wp-json\/wp\/v2\/media?parent=3378"}],"wp:term":[{"taxonomy":"product_brand","embeddable":true,"href":"https:\/\/www.queencncmachinery.com\/fr\/wp-json\/wp\/v2\/product_brand?post=3378"},{"taxonomy":"product_cat","embeddable":true,"href":"https:\/\/www.queencncmachinery.com\/fr\/wp-json\/wp\/v2\/product_cat?post=3378"},{"taxonomy":"product_tag","embeddable":true,"href":"https:\/\/www.queencncmachinery.com\/fr\/wp-json\/wp\/v2\/product_tag?post=3378"}],"curies":[{"name":"wp","href":"https:\/\/api.w.org\/{rel}","templated":true}]}}