{"id":4249,"date":"2025-12-29T08:13:36","date_gmt":"2025-12-29T08:13:36","guid":{"rendered":"https:\/\/www.queencncmachinery.com\/?post_type=product&#038;p=4249"},"modified":"2025-12-29T08:13:36","modified_gmt":"2025-12-29T08:13:36","slug":"spartan-atc-cnc-router-with-affordable-price","status":"publish","type":"product","link":"https:\/\/www.queencncmachinery.com\/es\/producto\/spartan-atc-cnc-router-with-affordable-price\/","title":{"rendered":"Fresadora CNC ATC Spartan con precio asequible"},"content":{"rendered":"<table>\n<tbody>\n<tr>\n<td width=\"393\">Modelo (opci\u00f3n)<\/td>\n<td width=\"563\">QN1325H<\/td>\n<\/tr>\n<tr>\n<td width=\"393\">\u00c1rea de trabajo de los ejes X, Y y Z<\/td>\n<td width=\"563\">1300*2500mm<\/td>\n<\/tr>\n<tr>\n<td width=\"393\">Carril gu\u00eda<\/td>\n<td width=\"563\">Taiwan30 Gu\u00eda lineal cuadrada<\/td>\n<\/tr>\n<tr>\n<td width=\"393\">Estructura X,Y<\/td>\n<td width=\"563\">Transmisi\u00f3n por cremallera de alta precisi\u00f3n<\/td>\n<\/tr>\n<tr>\n<td width=\"393\">Eje Z<\/td>\n<td width=\"563\">husillo de bolas<\/td>\n<\/tr>\n<tr>\n<td width=\"393\">Sistema de control<\/td>\n<td width=\"563\">NK280B\u00a0studio\u00a0control system<\/td>\n<\/tr>\n<tr>\n<td width=\"393\">Toda la estructura<\/td>\n<td width=\"563\">Acero soldado<\/td>\n<\/tr>\n<tr>\n<td width=\"393\">Velocidad m\u00e1xima de grabado<\/td>\n<td width=\"563\">30 m\/min<\/td>\n<\/tr>\n<tr>\n<td width=\"393\">Velocidad m\u00e1xima de corte<\/td>\n<td width=\"563\">20 m\/min<\/td>\n<\/tr>\n<tr>\n<td width=\"393\">Resoluci\u00f3n<\/td>\n<td width=\"563\">0,01 mm<\/td>\n<\/tr>\n<tr>\n<td width=\"393\">Precisi\u00f3n de procesamiento<\/td>\n<td width=\"563\">&lt;0,05 mm<\/td>\n<\/tr>\n<tr>\n<td width=\"393\">Sujeci\u00f3n de madera<\/td>\n<td width=\"563\">Absorci\u00f3n por vac\u00edo (por succi\u00f3n)<\/td>\n<\/tr>\n<tr>\n<td width=\"393\">Software competitivo<\/td>\n<td width=\"563\">AutoCAD,Artcam,Photoshop,Type3,Artcut,Ucancam,powermill<\/td>\n<\/tr>\n<tr>\n<td width=\"393\">Gr\u00e1fico en formato Imagine<\/td>\n<td width=\"563\">BMP,GIF,JPGE,PCX,TGA,TIFF,PTLCDR,DMG,DXF,<\/td>\n<\/tr>\n<tr>\n<td width=\"393\">Potencia del husillo<\/td>\n<td width=\"563\">9KW ATC air cooling spindle<\/td>\n<\/tr>\n<tr>\n<td width=\"393\">Velocidad de rotaci\u00f3n del husillo<\/td>\n<td width=\"563\">6000-24000rmp\/min<\/td>\n<\/tr>\n<tr>\n<td width=\"393\">Revista de herramientas<\/td>\n<td width=\"563\">Sistema ATC lineal, con 8 piezas de corte<\/td>\n<\/tr>\n<tr>\n<td width=\"393\">Di\u00e1metro de la cuchilla<\/td>\n<td width=\"563\">\u03c63.175~\u03c620<\/td>\n<\/tr>\n<tr>\n<td width=\"393\">Sistema de conducci\u00f3n<\/td>\n<td width=\"563\">\u00a0servosistema<\/td>\n<\/tr>\n<tr>\n<td width=\"393\">Lenguaje operativo<\/td>\n<td width=\"563\">G code,plt,mmg,uoo,bmp,F\/S<\/td>\n<\/tr>\n<tr>\n<td width=\"393\">Tensi\u00f3n de trabajo<\/td>\n<td width=\"563\">AC380V\/50Hz<\/td>\n<\/tr>\n<tr>\n<td width=\"393\">Entorno de funcionamiento<\/td>\n<td width=\"563\">Temperature:0-45;Humidity:30%~70%<\/td>\n<\/tr>\n<tr>\n<td width=\"393\">Con piezas opcionales<\/td>\n<td width=\"563\">Mesa de trabajo de vac\u00edo,aspirador<\/td>\n<\/tr>\n<tr>\n<td width=\"393\">Piezas de m\u00e1quinas<\/td>\n<td width=\"563\">9kw\u00a0ATC\u00a0air cooled spindle<\/p>\n<p>servo motor and driver<\/p>\n<p>Sistema de control LNC<\/p>\n<p>Taiwan squarer guide rail<\/p>\n<p>inverter equipment\u00a011KW<\/p>\n<p>7.5kw vacuum pump and vacuum worktable<\/p>\n<p>Sistema autom\u00e1tico de lubricaci\u00f3n por aceite<\/p>\n<p>medici\u00f3n autom\u00e1tica de herramientas<\/p>\n<p>8\u00a0tool holder and collets<\/p>\n<p>Colector de polvo<\/p>\n<p>caja de control\/llave\/cepillo<\/td>\n<\/tr>\n<\/tbody>\n<\/table>","protected":false},"excerpt":{"rendered":"<p>Model (option) QN1325H X\uff0cY\uff0cZ axis working area 1300*2500mm Guide rail Taiwan30 Square guide linear rail X,Y structure High-precision rack and pinion transmission Z axis ball screw Control system NK280B\u00a0studio\u00a0control system Whole structure Welded\u00a0steel Max.engraving speed 30m\/min Maxing cutting speed 20m\/min Resolution 0.01mm Processing accuracy &lt;0.05mm Wood holding Vacuum absorption(by suction) Competitive software AutoCAD,Artcam,Photoshop,Type3,Artcut,Ucancam,powermill Imagine format [&hellip;]<\/p>","protected":false},"featured_media":4252,"comment_status":"open","ping_status":"closed","template":"","meta":{"_seopress_robots_primary_cat":"","_seopress_titles_title":"","_seopress_titles_desc":"","_seopress_robots_index":"","_uag_custom_page_level_css":"","site-sidebar-layout":"default","site-content-layout":"","ast-site-content-layout":"default","site-content-style":"default","site-sidebar-style":"default","ast-global-header-display":"","ast-banner-title-visibility":"","ast-main-header-display":"","ast-hfb-above-header-display":"","ast-hfb-below-header-display":"","ast-hfb-mobile-header-display":"","site-post-title":"","ast-breadcrumbs-content":"","ast-featured-img":"","footer-sml-layout":"","ast-disable-related-posts":"","theme-transparent-header-meta":"default","adv-header-id-meta":"","stick-header-meta":"default","header-above-stick-meta":"","header-main-stick-meta":"","header-below-stick-meta":"","astra-migrate-meta-layouts":"set","ast-page-background-enabled":"default","ast-page-background-meta":{"desktop":{"background-color":"","background-image":"","background-repeat":"repeat","background-position":"center center","background-size":"auto","background-attachment":"scroll","background-type":"","background-media":"","overlay-type":"","overlay-color":"","overlay-opacity":"","overlay-gradient":""},"tablet":{"background-color":"","background-image":"","background-repeat":"repeat","background-position":"center center","background-size":"auto","background-attachment":"scroll","background-type":"","background-media":"","overlay-type":"","overlay-color":"","overlay-opacity":"","overlay-gradient":""},"mobile":{"background-color":"","background-image":"","background-repeat":"repeat","background-position":"center center","background-size":"auto","background-attachment":"scroll","background-type":"","background-media":"","overlay-type":"","overlay-color":"","overlay-opacity":"","overlay-gradient":""}},"ast-content-background-meta":{"desktop":{"background-color":"var(--ast-global-color-5)","background-image":"","background-repeat":"repeat","background-position":"center center","background-size":"auto","background-attachment":"scroll","background-type":"","background-media":"","overlay-type":"","overlay-color":"","overlay-opacity":"","overlay-gradient":""},"tablet":{"background-color":"var(--ast-global-color-5)","background-image":"","background-repeat":"repeat","background-position":"center center","background-size":"auto","background-attachment":"scroll","background-type":"","background-media":"","overlay-type":"","overlay-color":"","overlay-opacity":"","overlay-gradient":""},"mobile":{"background-color":"var(--ast-global-color-5)","background-image":"","background-repeat":"repeat","background-position":"center center","background-size":"auto","background-attachment":"scroll","background-type":"","background-media":"","overlay-type":"","overlay-color":"","overlay-opacity":"","overlay-gradient":""}}},"product_brand":[],"product_cat":[74,70],"product_tag":[90,91,92,89,88],"class_list":{"0":"post-4249","1":"product","2":"type-product","3":"status-publish","4":"has-post-thumbnail","6":"product_cat-atc-cnc-router","7":"product_cat-cnc-routers","8":"product_tag-1325-atc-cnc","9":"product_tag-atc-cnc","10":"product_tag-cnc-router","11":"product_tag-cnc-spartan","12":"product_tag-spartan-cnc","13":"desktop-align-left","14":"tablet-align-left","15":"mobile-align-left","16":"ast-product-gallery-layout-horizontal-slider","17":"ast-product-gallery-with-no-image","18":"ast-magnify-disabled","19":"ast-product-tabs-layout-distributed","21":"first","22":"instock","23":"shipping-taxable","24":"product-type-simple"},"uagb_featured_image_src":{"full":["https:\/\/www.queencncmachinery.com\/wp-content\/uploads\/2025\/12\/DSC_0065-e1766995947975.jpg",843,503,false],"thumbnail":["https:\/\/www.queencncmachinery.com\/wp-content\/uploads\/2025\/12\/DSC_0065-e1766995947975-150x150.jpg",150,150,true],"medium":["https:\/\/www.queencncmachinery.com\/wp-content\/uploads\/2025\/12\/DSC_0065-e1766995947975-300x179.jpg",300,179,true],"medium_large":["https:\/\/www.queencncmachinery.com\/wp-content\/uploads\/2025\/12\/DSC_0065-e1766995947975-768x458.jpg",768,458,true],"large":["https:\/\/www.queencncmachinery.com\/wp-content\/uploads\/2025\/12\/DSC_0065-e1766995947975.jpg",843,503,false],"1536x1536":["https:\/\/www.queencncmachinery.com\/wp-content\/uploads\/2025\/12\/DSC_0065-e1766995947975.jpg",843,503,false],"2048x2048":["https:\/\/www.queencncmachinery.com\/wp-content\/uploads\/2025\/12\/DSC_0065-e1766995947975.jpg",843,503,false],"trp-custom-language-flag":["https:\/\/www.queencncmachinery.com\/wp-content\/uploads\/2025\/12\/DSC_0065-e1766995947975-18x12.jpg",18,12,true],"woocommerce_thumbnail":["https:\/\/www.queencncmachinery.com\/wp-content\/uploads\/2025\/12\/DSC_0065-e1766995947975-800x477.jpg",800,477,true],"woocommerce_single":["https:\/\/www.queencncmachinery.com\/wp-content\/uploads\/2025\/12\/DSC_0065-e1766995947975-800x477.jpg",800,477,true],"woocommerce_gallery_thumbnail":["https:\/\/www.queencncmachinery.com\/wp-content\/uploads\/2025\/12\/DSC_0065-e1766995947975-100x100.jpg",100,100,true]},"uagb_author_info":{"display_name":"jinxing6611@gmail.com","author_link":"https:\/\/www.queencncmachinery.com\/es\/author\/"},"uagb_comment_info":0,"uagb_excerpt":"Model (option) QN1325H X\uff0cY\uff0cZ axis working area 1300*2500mm Guide rail Taiwan30 Square guide linear rail X,Y structure High-precision rack and pinion transmission Z axis ball screw Control system NK280B\u00a0studio\u00a0control system Whole structure Welded\u00a0steel Max.engraving speed 30m\/min Maxing cutting speed 20m\/min Resolution 0.01mm Processing accuracy &lt;0.05mm Wood holding Vacuum absorption(by suction) Competitive software AutoCAD,Artcam,Photoshop,Type3,Artcut,Ucancam,powermill Imagine format&hellip;","_links":{"self":[{"href":"https:\/\/www.queencncmachinery.com\/es\/wp-json\/wp\/v2\/product\/4249","targetHints":{"allow":["GET"]}}],"collection":[{"href":"https:\/\/www.queencncmachinery.com\/es\/wp-json\/wp\/v2\/product"}],"about":[{"href":"https:\/\/www.queencncmachinery.com\/es\/wp-json\/wp\/v2\/types\/product"}],"replies":[{"embeddable":true,"href":"https:\/\/www.queencncmachinery.com\/es\/wp-json\/wp\/v2\/comments?post=4249"}],"wp:featuredmedia":[{"embeddable":true,"href":"https:\/\/www.queencncmachinery.com\/es\/wp-json\/wp\/v2\/media\/4252"}],"wp:attachment":[{"href":"https:\/\/www.queencncmachinery.com\/es\/wp-json\/wp\/v2\/media?parent=4249"}],"wp:term":[{"taxonomy":"product_brand","embeddable":true,"href":"https:\/\/www.queencncmachinery.com\/es\/wp-json\/wp\/v2\/product_brand?post=4249"},{"taxonomy":"product_cat","embeddable":true,"href":"https:\/\/www.queencncmachinery.com\/es\/wp-json\/wp\/v2\/product_cat?post=4249"},{"taxonomy":"product_tag","embeddable":true,"href":"https:\/\/www.queencncmachinery.com\/es\/wp-json\/wp\/v2\/product_tag?post=4249"}],"curies":[{"name":"wp","href":"https:\/\/api.w.org\/{rel}","templated":true}]}}