{"id":4218,"date":"2025-12-04T08:45:43","date_gmt":"2025-12-04T08:45:43","guid":{"rendered":"https:\/\/www.queencncmachinery.com\/?post_type=product&#038;p=4218"},"modified":"2025-12-04T08:48:45","modified_gmt":"2025-12-04T08:48:45","slug":"cnc-router-and-co2-laser-combined-machine","status":"publish","type":"product","link":"https:\/\/www.queencncmachinery.com\/es\/producto\/cnc-router-and-co2-laser-combined-machine\/","title":{"rendered":"M\u00e1quina combinada de fresadora CNC y l\u00e1ser Co2"},"content":{"rendered":"<p><strong>CNC Router Y l\u00e1ser Co2 Par\u00e1metros de la m\u00e1quina combinada<\/strong><\/p>\n<table>\n<tbody>\n<tr>\n<td width=\"333\">Modelo (opci\u00f3n)<\/td>\n<td width=\"518\">QN1325L<\/td>\n<\/tr>\n<tr>\n<td width=\"333\">\u00c1rea de trabajo de los ejes X, Y y Z<\/td>\n<td width=\"518\">1300*2500*200mm<\/td>\n<\/tr>\n<tr>\n<td width=\"333\">Carril gu\u00eda<\/td>\n<td width=\"518\">Taiwan30 Gu\u00eda lineal cuadrada<\/td>\n<\/tr>\n<tr>\n<td width=\"333\">Estructura X,Y<\/td>\n<td width=\"518\">Transmisi\u00f3n por cremallera de alta precisi\u00f3n<\/td>\n<\/tr>\n<tr>\n<td width=\"333\">Eje Z<\/td>\n<td width=\"518\">husillo de bolas<\/td>\n<\/tr>\n<tr>\n<td width=\"333\">Sistema de control<\/td>\n<td width=\"518\">Sistema de control LNC<\/td>\n<\/tr>\n<tr>\n<td width=\"333\">Toda la estructura<\/td>\n<td width=\"518\">Acero fundido<\/td>\n<\/tr>\n<tr>\n<td width=\"333\">Velocidad m\u00e1xima de la m\u00e1quina en vac\u00edo<\/td>\n<td width=\"518\">70 m\/min<\/td>\n<\/tr>\n<tr>\n<td width=\"333\">Velocidad m\u00e1xima de trabajo<\/td>\n<td width=\"518\">30 m\/min<\/td>\n<\/tr>\n<tr>\n<td width=\"333\">Velocidad m\u00e1xima de corte<\/td>\n<td width=\"518\">20 m\/min<\/td>\n<\/tr>\n<tr>\n<td width=\"333\">Resoluci\u00f3n<\/td>\n<td width=\"518\">0,01 mm<\/td>\n<\/tr>\n<tr>\n<td width=\"333\">Precisi\u00f3n de procesamiento<\/td>\n<td width=\"518\">&lt;0,05 mm<\/td>\n<\/tr>\n<tr>\n<td width=\"333\">Sujeci\u00f3n de madera<\/td>\n<td width=\"518\">Absorci\u00f3n por vac\u00edo (por succi\u00f3n)<\/td>\n<\/tr>\n<tr>\n<td width=\"333\">Software competitivo<\/td>\n<td width=\"518\">AutoCAD,Artcam,Photoshop,Type3,Artcut,Ucancam,powermill<\/td>\n<\/tr>\n<tr>\n<td width=\"333\">Gr\u00e1fico en formato Imagine<\/td>\n<td width=\"518\">BMP,GIF,JPGE,PCX,TGA,TIFF,PTLCDR,DMG,DXF,<\/td>\n<\/tr>\n<tr>\n<td width=\"333\">Potencia del husillo<\/td>\n<td width=\"518\">Husillo refrigerado por aire HQD ATC de 9 kW<\/td>\n<\/tr>\n<tr>\n<td width=\"333\">Velocidad de rotaci\u00f3n del husillo<\/td>\n<td width=\"518\">6000-24000rmp\/min<\/td>\n<\/tr>\n<tr>\n<td width=\"333\">Revista de herramientas<\/td>\n<td width=\"518\">Sistema ATC lineal, con 12 piezas de corte<\/td>\n<\/tr>\n<tr>\n<td width=\"333\">Di\u00e1metro de la cuchilla<\/td>\n<td width=\"518\">\u03c63.175~\u03c625<\/td>\n<\/tr>\n<tr>\n<td width=\"333\">Sistema de conducci\u00f3n<\/td>\n<td width=\"518\">Servosistema Leadshine<\/td>\n<\/tr>\n<tr>\n<td width=\"333\">Lenguaje operativo<\/td>\n<td width=\"518\">G code,plt,mmg,uoo,bmp,F\/S<\/td>\n<\/tr>\n<tr>\n<td width=\"333\">Tensi\u00f3n de trabajo<\/td>\n<td width=\"518\">AC380V\/50Hz o 220V<\/td>\n<\/tr>\n<tr>\n<td width=\"333\">Entorno de funcionamiento<\/td>\n<td width=\"518\">Temperature:0-45;Humidity:30%~70%<\/td>\n<\/tr>\n<tr>\n<td width=\"333\">Con piezas opcionales<\/td>\n<td width=\"518\">Mesa de trabajo de vac\u00edo,aspirador<\/td>\n<\/tr>\n<tr>\n<td width=\"333\">Piezas de m\u00e1quinas<\/td>\n<td width=\"518\">Husillo refrigerado por aire HQD de 9 kW<\/p>\n<p>Servomotor y controlador Leadshine<\/p>\n<p>Sistema de control LNC<\/p>\n<p>Ra\u00edl gu\u00eda Taiwan 30 squarer<\/p>\n<p>Equipo inversor de 11 kW<\/p>\n<p>Bomba de vac\u00edo refrigerada por aire de 7,5 kW y mesa de trabajo de vac\u00edo<\/p>\n<p>Sistema autom\u00e1tico de lubricaci\u00f3n por aceite<\/p>\n<p>medici\u00f3n autom\u00e1tica de herramientas<\/p>\n<p>Reductor Shimpo<\/p>\n<p>12 portaherramientas y pinzas<\/p>\n<p>Colector de polvo 3kw<\/p>\n<p>caja de control\/llave\/cepillo<\/p>\n<p>manual del usuario \/CD v\u00eddeo\/software de dise\u00f1o<\/td>\n<\/tr>\n<\/tbody>\n<\/table>\n<table>\n<tbody>\n<tr>\n<td width=\"277\">Tipo l\u00e1ser<\/td>\n<td width=\"321\">CO sellado<sub>2<\/sub>\u00a0tubo l\u00e1ser<\/td>\n<td rowspan=\"18\" width=\"371\">&nbsp;<\/p>\n<p><img alt=\"\" fetchpriority=\"high\" decoding=\"async\" class=\"alignnone size-full wp-image-4222\" src=\"https:\/\/www.queencncmachinery.com\/wp-content\/uploads\/2025\/12\/IMG_4810-scaled.jpg\" width=\"2560\" height=\"1920\" srcset=\"https:\/\/www.queencncmachinery.com\/wp-content\/uploads\/2025\/12\/IMG_4810-scaled.jpg 2560w, https:\/\/www.queencncmachinery.com\/wp-content\/uploads\/2025\/12\/IMG_4810-300x225.jpg 300w, https:\/\/www.queencncmachinery.com\/wp-content\/uploads\/2025\/12\/IMG_4810-1024x768.jpg 1024w, https:\/\/www.queencncmachinery.com\/wp-content\/uploads\/2025\/12\/IMG_4810-768x576.jpg 768w, https:\/\/www.queencncmachinery.com\/wp-content\/uploads\/2025\/12\/IMG_4810-1536x1152.jpg 1536w, https:\/\/www.queencncmachinery.com\/wp-content\/uploads\/2025\/12\/IMG_4810-2048x1536.jpg 2048w, https:\/\/www.queencncmachinery.com\/wp-content\/uploads\/2025\/12\/IMG_4810-16x12.jpg 16w, https:\/\/www.queencncmachinery.com\/wp-content\/uploads\/2025\/12\/IMG_4810-800x600.jpg 800w\" sizes=\"(max-width: 2560px) 100vw, 2560px\" \/><\/td>\n<\/tr>\n<tr>\n<td width=\"277\">Potencia del l\u00e1ser<\/td>\n<td width=\"321\">Tubo l\u00e1ser de 150 W<\/td>\n<\/tr>\n<tr>\n<td width=\"277\">\u00c1rea de corte<\/td>\n<td width=\"321\">1300*2500mm<\/td>\n<\/tr>\n<tr>\n<td width=\"277\">Restablecer la precisi\u00f3n de la posici\u00f3n<\/td>\n<td width=\"321\">+\/-0,05 mm<\/td>\n<\/tr>\n<tr>\n<td width=\"277\">Tensi\u00f3n de trabajo<\/td>\n<td width=\"321\">AC110-220V +\/-10%.50-60HZ<\/td>\n<\/tr>\n<tr>\n<td width=\"277\">Potencia<\/td>\n<td width=\"321\">1500 W m\u00e1x.<\/td>\n<\/tr>\n<tr>\n<td width=\"277\">Temperatura de funcionamiento<\/td>\n<td width=\"321\">0-45 grados<\/td>\n<\/tr>\n<tr>\n<td width=\"277\">Humedad de funcionamiento<\/td>\n<td width=\"321\">5-95%<\/td>\n<\/tr>\n<tr>\n<td width=\"277\">Car\u00e1cter m\u00ednimo de conformaci\u00f3n<\/td>\n<td width=\"321\">Ingl\u00e9s 1*1mm<\/td>\n<\/tr>\n<tr>\n<td width=\"277\">Formato gr\u00e1fico compatible<\/td>\n<td width=\"321\">BMP, PLT, DST, DXF y AI<\/td>\n<\/tr>\n<tr>\n<td width=\"277\">Sistema de conducci\u00f3n<\/td>\n<td width=\"321\">Paso a paso Leadshine Accionamiento<\/td>\n<\/tr>\n<tr>\n<td width=\"277\">Modo refrigeraci\u00f3n<\/td>\n<td width=\"321\">Sistema de refrigeraci\u00f3n y protecci\u00f3n por agua<\/td>\n<\/tr>\n<tr>\n<td width=\"277\">Equipos auxiliares<\/td>\n<td width=\"321\">Ventilador de escape, tubo de escape de aire, compresor de aire<\/td>\n<\/tr>\n<tr>\n<td width=\"277\">Sistema de control<\/td>\n<td width=\"321\">Sistema de control Ruida<\/td>\n<\/tr>\n<tr>\n<td width=\"277\">Software compatible<\/td>\n<td width=\"321\">Coreldraw auto CAD photoshop<\/td>\n<\/tr>\n<tr>\n<td width=\"277\">Tipo l\u00e1ser<\/td>\n<td width=\"321\">CO sellado<sub>2<\/sub>\u00a0tubo l\u00e1ser<\/td>\n<\/tr>\n<tr>\n<td width=\"277\">Restablecer la precisi\u00f3n de la posici\u00f3n<\/td>\n<td width=\"321\">+\/-0,05 mm<\/td>\n<\/tr>\n<tr>\n<td width=\"277\">Tensi\u00f3n de trabajo<\/td>\n<td width=\"321\">AC110-220V +\/-10%.50-60HZ<\/td>\n<\/tr>\n<\/tbody>\n<\/table>","protected":false},"excerpt":{"rendered":"<p>CNC Router And Co2 laser Combined Machine Parameters Model (option) QN1325L X\uff0cY\uff0cZ axis working area 1300*2500*200mm Guide rail Taiwan30 Square guide linear rail X,Y structure High-precision rack and pinion transmission Z axis ball screw Control system LNC control system Whole structure Cast steel Max Machine idling speed 70m\/min Max.working\u00a0speed 30m\/min Maxing cutting speed 20m\/min Resolution [&hellip;]<\/p>","protected":false},"featured_media":4221,"comment_status":"open","ping_status":"closed","template":"","meta":{"_seopress_robots_primary_cat":"none","_seopress_titles_title":"","_seopress_titles_desc":"","_seopress_robots_index":"","_uag_custom_page_level_css":"","site-sidebar-layout":"default","site-content-layout":"","ast-site-content-layout":"default","site-content-style":"default","site-sidebar-style":"default","ast-global-header-display":"","ast-banner-title-visibility":"","ast-main-header-display":"","ast-hfb-above-header-display":"","ast-hfb-below-header-display":"","ast-hfb-mobile-header-display":"","site-post-title":"","ast-breadcrumbs-content":"","ast-featured-img":"","footer-sml-layout":"","ast-disable-related-posts":"","theme-transparent-header-meta":"default","adv-header-id-meta":"","stick-header-meta":"default","header-above-stick-meta":"","header-main-stick-meta":"","header-below-stick-meta":"","astra-migrate-meta-layouts":"set","ast-page-background-enabled":"default","ast-page-background-meta":{"desktop":{"background-color":"","background-image":"","background-repeat":"repeat","background-position":"center center","background-size":"auto","background-attachment":"scroll","background-type":"","background-media":"","overlay-type":"","overlay-color":"","overlay-opacity":"","overlay-gradient":""},"tablet":{"background-color":"","background-image":"","background-repeat":"repeat","background-position":"center center","background-size":"auto","background-attachment":"scroll","background-type":"","background-media":"","overlay-type":"","overlay-color":"","overlay-opacity":"","overlay-gradient":""},"mobile":{"background-color":"","background-image":"","background-repeat":"repeat","background-position":"center center","background-size":"auto","background-attachment":"scroll","background-type":"","background-media":"","overlay-type":"","overlay-color":"","overlay-opacity":"","overlay-gradient":""}},"ast-content-background-meta":{"desktop":{"background-color":"var(--ast-global-color-5)","background-image":"","background-repeat":"repeat","background-position":"center center","background-size":"auto","background-attachment":"scroll","background-type":"","background-media":"","overlay-type":"","overlay-color":"","overlay-opacity":"","overlay-gradient":""},"tablet":{"background-color":"var(--ast-global-color-5)","background-image":"","background-repeat":"repeat","background-position":"center center","background-size":"auto","background-attachment":"scroll","background-type":"","background-media":"","overlay-type":"","overlay-color":"","overlay-opacity":"","overlay-gradient":""},"mobile":{"background-color":"var(--ast-global-color-5)","background-image":"","background-repeat":"repeat","background-position":"center center","background-size":"auto","background-attachment":"scroll","background-type":"","background-media":"","overlay-type":"","overlay-color":"","overlay-opacity":"","overlay-gradient":""}}},"product_brand":[],"product_cat":[74,70],"product_tag":[],"class_list":{"0":"post-4218","1":"product","2":"type-product","3":"status-publish","4":"has-post-thumbnail","6":"product_cat-atc-cnc-router","7":"product_cat-cnc-routers","8":"desktop-align-left","9":"tablet-align-left","10":"mobile-align-left","11":"ast-product-gallery-layout-horizontal-slider","12":"ast-magnify-disabled","13":"ast-product-tabs-layout-distributed","15":"first","16":"instock","17":"shipping-taxable","18":"product-type-simple"},"uagb_featured_image_src":{"full":["https:\/\/www.queencncmachinery.com\/wp-content\/uploads\/2025\/12\/\u5fae\u4fe1\u56fe\u7247_20240326173746.jpg",1920,1080,false],"thumbnail":["https:\/\/www.queencncmachinery.com\/wp-content\/uploads\/2025\/12\/\u5fae\u4fe1\u56fe\u7247_20240326173746-150x150.jpg",150,150,true],"medium":["https:\/\/www.queencncmachinery.com\/wp-content\/uploads\/2025\/12\/\u5fae\u4fe1\u56fe\u7247_20240326173746-300x169.jpg",300,169,true],"medium_large":["https:\/\/www.queencncmachinery.com\/wp-content\/uploads\/2025\/12\/\u5fae\u4fe1\u56fe\u7247_20240326173746-768x432.jpg",768,432,true],"large":["https:\/\/www.queencncmachinery.com\/wp-content\/uploads\/2025\/12\/\u5fae\u4fe1\u56fe\u7247_20240326173746-1024x576.jpg",1024,576,true],"1536x1536":["https:\/\/www.queencncmachinery.com\/wp-content\/uploads\/2025\/12\/\u5fae\u4fe1\u56fe\u7247_20240326173746-1536x864.jpg",1536,864,true],"2048x2048":["https:\/\/www.queencncmachinery.com\/wp-content\/uploads\/2025\/12\/\u5fae\u4fe1\u56fe\u7247_20240326173746.jpg",1920,1080,false],"trp-custom-language-flag":["https:\/\/www.queencncmachinery.com\/wp-content\/uploads\/2025\/12\/\u5fae\u4fe1\u56fe\u7247_20240326173746-18x10.jpg",18,10,true],"woocommerce_thumbnail":["https:\/\/www.queencncmachinery.com\/wp-content\/uploads\/2025\/12\/\u5fae\u4fe1\u56fe\u7247_20240326173746-800x450.jpg",800,450,true],"woocommerce_single":["https:\/\/www.queencncmachinery.com\/wp-content\/uploads\/2025\/12\/\u5fae\u4fe1\u56fe\u7247_20240326173746-800x450.jpg",800,450,true],"woocommerce_gallery_thumbnail":["https:\/\/www.queencncmachinery.com\/wp-content\/uploads\/2025\/12\/\u5fae\u4fe1\u56fe\u7247_20240326173746-100x100.jpg",100,100,true]},"uagb_author_info":{"display_name":"jinxing6611@gmail.com","author_link":"https:\/\/www.queencncmachinery.com\/es\/author\/"},"uagb_comment_info":0,"uagb_excerpt":"CNC Router And Co2 laser Combined Machine Parameters Model (option) QN1325L X\uff0cY\uff0cZ axis working area 1300*2500*200mm Guide rail Taiwan30 Square guide linear rail X,Y structure High-precision rack and pinion transmission Z axis ball screw Control system LNC control system Whole structure Cast steel Max Machine idling speed 70m\/min Max.working\u00a0speed 30m\/min Maxing cutting speed 20m\/min Resolution&hellip;","_links":{"self":[{"href":"https:\/\/www.queencncmachinery.com\/es\/wp-json\/wp\/v2\/product\/4218","targetHints":{"allow":["GET"]}}],"collection":[{"href":"https:\/\/www.queencncmachinery.com\/es\/wp-json\/wp\/v2\/product"}],"about":[{"href":"https:\/\/www.queencncmachinery.com\/es\/wp-json\/wp\/v2\/types\/product"}],"replies":[{"embeddable":true,"href":"https:\/\/www.queencncmachinery.com\/es\/wp-json\/wp\/v2\/comments?post=4218"}],"wp:featuredmedia":[{"embeddable":true,"href":"https:\/\/www.queencncmachinery.com\/es\/wp-json\/wp\/v2\/media\/4221"}],"wp:attachment":[{"href":"https:\/\/www.queencncmachinery.com\/es\/wp-json\/wp\/v2\/media?parent=4218"}],"wp:term":[{"taxonomy":"product_brand","embeddable":true,"href":"https:\/\/www.queencncmachinery.com\/es\/wp-json\/wp\/v2\/product_brand?post=4218"},{"taxonomy":"product_cat","embeddable":true,"href":"https:\/\/www.queencncmachinery.com\/es\/wp-json\/wp\/v2\/product_cat?post=4218"},{"taxonomy":"product_tag","embeddable":true,"href":"https:\/\/www.queencncmachinery.com\/es\/wp-json\/wp\/v2\/product_tag?post=4218"}],"curies":[{"name":"wp","href":"https:\/\/api.w.org\/{rel}","templated":true}]}}