{"id":3606,"date":"2025-11-04T13:56:27","date_gmt":"2025-11-04T13:56:27","guid":{"rendered":"https:\/\/www.queencncmachinery.com\/?post_type=product&#038;p=3606"},"modified":"2025-11-18T06:18:06","modified_gmt":"2025-11-18T06:18:06","slug":"5-axis-cnc-foam-wood-moulding-machine-2","status":"publish","type":"product","link":"https:\/\/www.queencncmachinery.com\/es\/producto\/5-axis-cnc-foam-wood-moulding-machine-2\/","title":{"rendered":"M\u00e1quina CNC de moldeo de espuma de madera de 5 ejes"},"content":{"rendered":"<div class=\"ast-oembed-container\" style=\"height: 100%;\"><iframe title=\"m\u00e1quina de moldeo de espuma de madera cnc de 5 ejes\" width=\"500\" height=\"281\" src=\"https:\/\/www.youtube.com\/embed\/3cJ1FtOiQdk?feature=oembed\" frameborder=\"0\" allow=\"accelerometer; autoplay; clipboard-write; encrypted-media; gyroscope; picture-in-picture; web-share\" referrerpolicy=\"strict-origin-when-cross-origin\" allowfullscreen><\/iframe><\/div>\n<p><strong>\u4e00\u3001<\/strong><strong>Par\u00e1metros<\/strong><strong>\uff1a<\/strong><\/p>\n<p>1.Eje\uff1a5 Eje<\/p>\n<p>2.Tama\u00f1o de trabajo\uff1a<\/p>\n<p>Instalar 200mm herramienta brocas husillo horizontal de trabajo \uff1a<\/p>\n<p>Eje X \uff1a2000mm<\/p>\n<p>Eje Y \uff1a3000mm<\/p>\n<p>Eje Z\uff1a1000mm<\/p>\n<p>Eje B\uff1a\u00b1110\u00b0<\/p>\n<p>Eje C\uff1a\u00b1320\u00b0.<\/p>\n<p>Instalar husillo de brocas de herramienta de 200 mm Trabajo vertical \uff1a<\/p>\n<p>Eje X\uff1a3000mm<\/p>\n<p>Eje Y\uff1a4000mm<\/p>\n<p>Eje Z\uff1a800mm<\/p>\n<p>Eje B\uff1a\u00b1110\u00b0<\/p>\n<p>Eje C\uff1a\u00b1320\u00b0.<\/p>\n<p>3.Velocidad de desplazamiento\uff1a<\/p>\n<p>Eje X\u3001Eje Y\uff1a20m\/min<\/p>\n<p>Eje Z\uff1a10m\/min<\/p>\n<p>Eje B\u3001Eje C\uff1a60\u00b0\/s<\/p>\n<p><strong><b>Configuraciones<\/b><\/strong>\uff1a<\/p>\n<table>\n<tbody>\n<tr>\n<td width=\"30\">No<\/td>\n<td width=\"83\">Art\u00edculos<\/td>\n<td width=\"69\">Nombre<\/td>\n<td width=\"66\">Ubicaci\u00f3n<\/td>\n<td width=\"349\">Par\u00e1metros<\/td>\n<\/tr>\n<tr>\n<td rowspan=\"3\" width=\"30\">1<\/td>\n<td rowspan=\"3\" width=\"83\">Configuraciones de husillo<\/td>\n<td width=\"69\">Eje<\/td>\n<td width=\"66\">&nbsp;<\/p>\n<p>HQD<\/td>\n<td width=\"349\">marca\uff1aHQD<\/p>\n<p>potencia\uff1a12Kw<\/p>\n<p>Eje giratorio \uff1a24000rpm<\/p>\n<p>Refrigeraci\u00f3n\uff1a refrigeraci\u00f3n por agua<\/p>\n<p>Portaherramientas\uff1aHSK63F ER32<\/td>\n<\/tr>\n<tr>\n<td width=\"69\">Doble rotaci\u00f3n<\/td>\n<td width=\"66\"><\/td>\n<td width=\"349\">El cabezal oscilante de cinco ejes de alta resistencia utiliza el reductor de alta rigidez de Taiw\u00e1n, que tiene un par de frenado y una rigidez elevados y una gran precisi\u00f3n.<\/td>\n<\/tr>\n<tr>\n<td width=\"69\">Revista Tool<\/td>\n<td width=\"66\"><\/td>\n<td width=\"349\">Almac\u00e9n de cambio de herramienta de 6 posiciones; la especificaci\u00f3n m\u00e1xima de herramienta (longitud\/di\u00e1metro) permitida es de 200mm\/100mm. Si las estaciones de trabajo adyacentes no est\u00e1n equipadas con herramientas, el di\u00e1metro m\u00e1ximo de herramienta permitido es de 300 mm.<\/td>\n<\/tr>\n<tr>\n<td width=\"30\">2<\/td>\n<td width=\"83\">Servo<\/td>\n<td width=\"69\">Syntec<\/td>\n<td width=\"66\">taiw\u00e1n<\/td>\n<td width=\"349\">Los ejes X\/Y1\/Y2\/Z\/B\/C utilizan todos servomotores de alta velocidad de nueva generaci\u00f3n de Taiw\u00e1n (sin mantenimiento), control por bus, buena eficiencia de transmisi\u00f3n, alta precisi\u00f3n de transmisi\u00f3n y sin necesidad de volver al origen durante el movimiento; el servomotor del eje Z tiene freno.<\/td>\n<\/tr>\n<tr>\n<td width=\"30\">3<\/td>\n<td width=\"83\">Inversor<\/td>\n<td width=\"69\">Delta<\/td>\n<td width=\"66\">Taiw\u00e1n<\/td>\n<td width=\"349\">El inversor de la serie Ms300 de Taiwan Delta es resistente a los impactos y tiene una buena estabilidad, lo que proporciona una garant\u00eda para el ajuste de la velocidad del husillo.<\/td>\n<\/tr>\n<tr>\n<td rowspan=\"2\" width=\"30\">4<\/td>\n<td rowspan=\"2\" width=\"83\">Controlador<\/td>\n<td rowspan=\"2\" width=\"69\">Syntec<\/td>\n<td rowspan=\"2\" width=\"66\">Taiw\u00e1n<\/td>\n<td width=\"349\">El sistema principal de control de cinco ejes completamente digital Taiwan Xinda, el sistema WINCE desarrollado por Magic CNC, tiene funci\u00f3n de seguimiento autom\u00e1tico de punta de herramienta RTCP y funci\u00f3n de compensaci\u00f3n de longitud y di\u00e1metro de herramienta, soporta teclado y rat\u00f3n; puede importar y ejecutar programas a trav\u00e9s de disco U, transmisi\u00f3n por Internet y otros modos.<\/p>\n<p>Control de bus de sistema, con funci\u00f3n de memoria de apagado, memoria de origen, sin necesidad de volver al origen al arrancar.<\/td>\n<\/tr>\n<tr>\n<td width=\"349\">La nueva generaci\u00f3n de volantes inal\u00e1mbricos m\u00f3viles de ajuste de m\u00e1quina especial con sistema de cinco ejes de Taiw\u00e1n puede ajustar la velocidad de la operaci\u00f3n de control del volante de 1 a 100 veces, y puede realizar el control de selecci\u00f3n multieje X\/Y\/Z\/4(B)\/5(C) en el mango, lo cual es conveniente y simple, f\u00e1cil de operar y mejora la eficiencia del trabajo.<\/td>\n<\/tr>\n<tr>\n<td width=\"30\">5<\/td>\n<td width=\"83\">Lubricaci\u00f3n autom\u00e1tica por aceite<\/td>\n<td width=\"69\"><\/td>\n<td width=\"66\"><\/td>\n<td width=\"349\">Control por software, cronometraje autom\u00e1tico y lubricaci\u00f3n cuantitativa, y lubricaci\u00f3n de las piezas m\u00f3viles seg\u00fan sea necesario.<\/td>\n<\/tr>\n<tr>\n<td width=\"30\">6<\/td>\n<td width=\"83\">Rieles<\/td>\n<td width=\"69\">HIWIN<\/td>\n<td width=\"66\">Taiw\u00e1n<\/td>\n<td width=\"349\">El eje XYZ utiliza gu\u00edas deslizantes TWIN de alta precisi\u00f3n fabricadas en Taiw\u00e1n, que adoptan el mejor dise\u00f1o de precisi\u00f3n. Los cuatro lados tienen alta rigidez y capacidad de carga ultra-pesada, bajo ruido, movimiento suave, y un dise\u00f1o g\u00f3tico de cuatro puntos de contacto. Puede soportar cargas en todas las direcciones y tiene una fuerte rigidez y alta precisi\u00f3n.<\/td>\n<\/tr>\n<tr>\n<td width=\"30\">7<\/td>\n<td width=\"83\">Husillo de bolas<\/td>\n<td width=\"69\">HIWIN\/ TBI<\/td>\n<td width=\"66\">Taiw\u00e1n<\/td>\n<td width=\"349\">El eje Z utiliza un husillo de bolas para accionar el ariete a trav\u00e9s de un acoplamiento para controlar la elevaci\u00f3n. El husillo de bolas se produce de forma continua utilizando el equipo mec\u00e1nico de m\u00e1s alto nivel del mundo fabricado en Jap\u00f3n, y tiene una gran rigidez y alta precisi\u00f3n.<\/td>\n<\/tr>\n<tr>\n<td width=\"30\">8<\/td>\n<td width=\"83\">Cremallera y pi\u00f1\u00f3n<\/td>\n<td width=\"69\">T-WIN<\/td>\n<td width=\"66\">Taiw\u00e1n<\/td>\n<td width=\"349\">El eje X\/Y1\/Y2 utiliza cremalleras helicoidales M2 templadas a alta temperatura fabricadas en Taiw\u00e1n, que tienen las caracter\u00edsticas de desplazamiento suave, gran par de transmisi\u00f3n, bajo nivel de ruido y alta velocidad.<\/td>\n<\/tr>\n<tr>\n<td width=\"30\">9<\/td>\n<td width=\"83\">Dispositivos el\u00e9ctricos<\/td>\n<td width=\"69\">Schneider<\/td>\n<td width=\"66\">Francia<\/td>\n<td width=\"349\">Para garantizar la durabilidad y seguridad de los componentes el\u00e9ctricos clave, los rel\u00e9s, disyuntores y pulsadores son todos de la marca francesa Schneider.<\/td>\n<\/tr>\n<\/tbody>\n<\/table>\n<p>&nbsp;<\/p>","protected":false},"excerpt":{"rendered":"<p>\u4e00\u3001Parameters\uff1a 1.Axis\uff1a5\u00a0Axis 2.Working size\uff1a Install 200mm\u00a0tool bits spindle horizontal working \uff1a X axis \uff1a2000mm Y axis \uff1a3000mm Z\u00a0Axis\uff1a1000mm B\u00a0Axis\uff1a\u00b1110\u00b0 C\u00a0Axis\uff1a\u00b1320\u00b0 Install 200mm\u00a0tool bits spindle Vertical working \uff1a X\u00a0Axis\uff1a3000mm Y Axis\uff1a4000mm Z Axis\uff1a800mm B\u00a0Axis\uff1a\u00b1110\u00b0 C\u00a0Axis\uff1a\u00b1320\u00b0 3.Moving Speed\uff1a X\u00a0axis\u3001Y\u00a0axis\uff1a20m\/min Z\u00a0axis\uff1a10m\/min B\u00a0axis\u3001C\u00a0axis\uff1a60\u00b0\/s Configurations\uff1a No Items Name Location Parameters 1 Spindle configurations Spindle &nbsp; HQD brand\uff1aHQD power\uff1a12Kw Spindle rotating\u00a0\uff1a24000rpm [&hellip;]<\/p>","protected":false},"featured_media":3609,"comment_status":"open","ping_status":"closed","template":"","meta":{"_seopress_robots_primary_cat":"none","_seopress_titles_title":"","_seopress_titles_desc":"","_seopress_robots_index":"","_uag_custom_page_level_css":"","site-sidebar-layout":"default","site-content-layout":"","ast-site-content-layout":"default","site-content-style":"default","site-sidebar-style":"default","ast-global-header-display":"","ast-banner-title-visibility":"","ast-main-header-display":"","ast-hfb-above-header-display":"","ast-hfb-below-header-display":"","ast-hfb-mobile-header-display":"","site-post-title":"","ast-breadcrumbs-content":"","ast-featured-img":"","footer-sml-layout":"","ast-disable-related-posts":"","theme-transparent-header-meta":"default","adv-header-id-meta":"","stick-header-meta":"default","header-above-stick-meta":"","header-main-stick-meta":"","header-below-stick-meta":"","astra-migrate-meta-layouts":"set","ast-page-background-enabled":"default","ast-page-background-meta":{"desktop":{"background-color":"","background-image":"","background-repeat":"repeat","background-position":"center center","background-size":"auto","background-attachment":"scroll","background-type":"","background-media":"","overlay-type":"","overlay-color":"","overlay-opacity":"","overlay-gradient":""},"tablet":{"background-color":"","background-image":"","background-repeat":"repeat","background-position":"center center","background-size":"auto","background-attachment":"scroll","background-type":"","background-media":"","overlay-type":"","overlay-color":"","overlay-opacity":"","overlay-gradient":""},"mobile":{"background-color":"","background-image":"","background-repeat":"repeat","background-position":"center center","background-size":"auto","background-attachment":"scroll","background-type":"","background-media":"","overlay-type":"","overlay-color":"","overlay-opacity":"","overlay-gradient":""}},"ast-content-background-meta":{"desktop":{"background-color":"var(--ast-global-color-5)","background-image":"","background-repeat":"repeat","background-position":"center center","background-size":"auto","background-attachment":"scroll","background-type":"","background-media":"","overlay-type":"","overlay-color":"","overlay-opacity":"","overlay-gradient":""},"tablet":{"background-color":"var(--ast-global-color-5)","background-image":"","background-repeat":"repeat","background-position":"center center","background-size":"auto","background-attachment":"scroll","background-type":"","background-media":"","overlay-type":"","overlay-color":"","overlay-opacity":"","overlay-gradient":""},"mobile":{"background-color":"var(--ast-global-color-5)","background-image":"","background-repeat":"repeat","background-position":"center center","background-size":"auto","background-attachment":"scroll","background-type":"","background-media":"","overlay-type":"","overlay-color":"","overlay-opacity":"","overlay-gradient":""}}},"product_brand":[],"product_cat":[83],"product_tag":[],"class_list":{"0":"post-3606","1":"product","2":"type-product","3":"status-publish","4":"has-post-thumbnail","6":"product_cat-5-axis-cnc-foam-wood-moulding-machine","7":"desktop-align-left","8":"tablet-align-left","9":"mobile-align-left","10":"ast-product-gallery-layout-horizontal-slider","11":"ast-product-gallery-with-no-image","12":"ast-magnify-disabled","13":"ast-product-tabs-layout-distributed","15":"first","16":"instock","17":"shipping-taxable","18":"product-type-simple"},"uagb_featured_image_src":{"full":["https:\/\/www.queencncmachinery.com\/wp-content\/uploads\/2025\/11\/\u5fae\u4fe1\u56fe\u7247_20241228172550-1-scaled.jpg",2560,1920,false],"thumbnail":["https:\/\/www.queencncmachinery.com\/wp-content\/uploads\/2025\/11\/\u5fae\u4fe1\u56fe\u7247_20241228172550-1-150x150.jpg",150,150,true],"medium":["https:\/\/www.queencncmachinery.com\/wp-content\/uploads\/2025\/11\/\u5fae\u4fe1\u56fe\u7247_20241228172550-1-300x225.jpg",300,225,true],"medium_large":["https:\/\/www.queencncmachinery.com\/wp-content\/uploads\/2025\/11\/\u5fae\u4fe1\u56fe\u7247_20241228172550-1-768x576.jpg",768,576,true],"large":["https:\/\/www.queencncmachinery.com\/wp-content\/uploads\/2025\/11\/\u5fae\u4fe1\u56fe\u7247_20241228172550-1-1024x768.jpg",1024,768,true],"1536x1536":["https:\/\/www.queencncmachinery.com\/wp-content\/uploads\/2025\/11\/\u5fae\u4fe1\u56fe\u7247_20241228172550-1-1536x1152.jpg",1536,1152,true],"2048x2048":["https:\/\/www.queencncmachinery.com\/wp-content\/uploads\/2025\/11\/\u5fae\u4fe1\u56fe\u7247_20241228172550-1-2048x1536.jpg",2048,1536,true],"trp-custom-language-flag":["https:\/\/www.queencncmachinery.com\/wp-content\/uploads\/2025\/11\/\u5fae\u4fe1\u56fe\u7247_20241228172550-1-16x12.jpg",16,12,true],"woocommerce_thumbnail":["https:\/\/www.queencncmachinery.com\/wp-content\/uploads\/2025\/11\/\u5fae\u4fe1\u56fe\u7247_20241228172550-1-scaled-800x600.jpg",800,600,true],"woocommerce_single":["https:\/\/www.queencncmachinery.com\/wp-content\/uploads\/2025\/11\/\u5fae\u4fe1\u56fe\u7247_20241228172550-1-scaled-800x600.jpg",800,600,true],"woocommerce_gallery_thumbnail":["https:\/\/www.queencncmachinery.com\/wp-content\/uploads\/2025\/11\/\u5fae\u4fe1\u56fe\u7247_20241228172550-1-scaled-100x100.jpg",100,100,true]},"uagb_author_info":{"display_name":"jinxing6611@gmail.com","author_link":"https:\/\/www.queencncmachinery.com\/es\/author\/"},"uagb_comment_info":0,"uagb_excerpt":"\u4e00\u3001Parameters\uff1a 1.Axis\uff1a5\u00a0Axis 2.Working size\uff1a Install 200mm\u00a0tool bits spindle horizontal working \uff1a X axis \uff1a2000mm Y axis \uff1a3000mm Z\u00a0Axis\uff1a1000mm B\u00a0Axis\uff1a\u00b1110\u00b0 C\u00a0Axis\uff1a\u00b1320\u00b0 Install 200mm\u00a0tool bits spindle Vertical working \uff1a X\u00a0Axis\uff1a3000mm Y Axis\uff1a4000mm Z Axis\uff1a800mm B\u00a0Axis\uff1a\u00b1110\u00b0 C\u00a0Axis\uff1a\u00b1320\u00b0 3.Moving Speed\uff1a X\u00a0axis\u3001Y\u00a0axis\uff1a20m\/min Z\u00a0axis\uff1a10m\/min B\u00a0axis\u3001C\u00a0axis\uff1a60\u00b0\/s Configurations\uff1a No Items Name Location Parameters 1 Spindle configurations Spindle &nbsp; HQD brand\uff1aHQD power\uff1a12Kw Spindle rotating\u00a0\uff1a24000rpm&hellip;","_links":{"self":[{"href":"https:\/\/www.queencncmachinery.com\/es\/wp-json\/wp\/v2\/product\/3606","targetHints":{"allow":["GET"]}}],"collection":[{"href":"https:\/\/www.queencncmachinery.com\/es\/wp-json\/wp\/v2\/product"}],"about":[{"href":"https:\/\/www.queencncmachinery.com\/es\/wp-json\/wp\/v2\/types\/product"}],"replies":[{"embeddable":true,"href":"https:\/\/www.queencncmachinery.com\/es\/wp-json\/wp\/v2\/comments?post=3606"}],"wp:featuredmedia":[{"embeddable":true,"href":"https:\/\/www.queencncmachinery.com\/es\/wp-json\/wp\/v2\/media\/3609"}],"wp:attachment":[{"href":"https:\/\/www.queencncmachinery.com\/es\/wp-json\/wp\/v2\/media?parent=3606"}],"wp:term":[{"taxonomy":"product_brand","embeddable":true,"href":"https:\/\/www.queencncmachinery.com\/es\/wp-json\/wp\/v2\/product_brand?post=3606"},{"taxonomy":"product_cat","embeddable":true,"href":"https:\/\/www.queencncmachinery.com\/es\/wp-json\/wp\/v2\/product_cat?post=3606"},{"taxonomy":"product_tag","embeddable":true,"href":"https:\/\/www.queencncmachinery.com\/es\/wp-json\/wp\/v2\/product_tag?post=3606"}],"curies":[{"name":"wp","href":"https:\/\/api.w.org\/{rel}","templated":true}]}}