{"id":3598,"date":"2025-11-04T13:52:11","date_gmt":"2025-11-04T13:52:11","guid":{"rendered":"https:\/\/www.queencncmachinery.com\/?post_type=product&#038;p=3598"},"modified":"2025-11-18T06:37:10","modified_gmt":"2025-11-18T06:37:10","slug":"cnc-oscillating-knife-cutting-machine","status":"publish","type":"product","link":"https:\/\/www.queencncmachinery.com\/es\/producto\/cnc-oscillating-knife-cutting-machine\/","title":{"rendered":"M\u00e1quina de corte de cuchilla oscilante CNC"},"content":{"rendered":"<div class=\"ast-oembed-container\" style=\"height: 100%;\"><iframe title=\"cortadora digital cnc de cuchillas con corte por arrastre\" width=\"422\" height=\"750\" src=\"https:\/\/www.youtube.com\/embed\/sgt01HoCKiY?feature=oembed\" frameborder=\"0\" allow=\"accelerometer; autoplay; clipboard-write; encrypted-media; gyroscope; picture-in-picture; web-share\" referrerpolicy=\"strict-origin-when-cross-origin\" allowfullscreen><\/iframe><\/div>\n<table>\n<tbody>\n<tr>\n<td colspan=\"2\" width=\"662\"><strong>Descripci\u00f3n y especificaciones:<\/strong><\/td>\n<\/tr>\n<tr>\n<td width=\"211\">X tama\u00f1o \u00fatil<\/td>\n<td width=\"451\">1600mm<\/td>\n<\/tr>\n<tr>\n<td width=\"211\">Tama\u00f1o \u00fatil Y<\/td>\n<td width=\"451\">2500mm<\/td>\n<\/tr>\n<tr>\n<td width=\"211\">Z Espesor de corte<\/td>\n<td width=\"451\">50 mm<\/td>\n<\/tr>\n<tr>\n<td width=\"211\">Cabezal de corte<\/td>\n<td width=\"451\">cnc Cabezal de corte de cuchilla oscilante y cabezal de hendido<\/td>\n<\/tr>\n<tr>\n<td width=\"211\">Modo de visualizaci\u00f3n<\/td>\n<td width=\"451\">Pantalla t\u00e1ctil LED en ingl\u00e9s<\/td>\n<\/tr>\n<tr>\n<td width=\"211\">Mesa de m\u00e1quinas<\/td>\n<td width=\"451\">Mesa de succi\u00f3n de carga autom\u00e1tica, adecuada para textiles, caucho, pegatinas y otros materiales blandos.<\/td>\n<\/tr>\n<tr>\n<td width=\"211\">Modo de transferencia de datos<\/td>\n<td width=\"451\">Intel<\/td>\n<\/tr>\n<tr>\n<td width=\"211\">Bomba de vac\u00edo<\/td>\n<td width=\"451\">Mesa de vac\u00edo neum\u00e1tica de 9 kW<\/td>\n<\/tr>\n<tr>\n<td width=\"211\">Sistema de conducci\u00f3n<\/td>\n<td width=\"451\">Servocontrolador y motor Panasonic o delta o huichuan<\/td>\n<\/tr>\n<tr>\n<td width=\"211\">Sistema de control<\/td>\n<td width=\"451\">Controlador de 6 ejes<\/td>\n<\/tr>\n<tr>\n<td width=\"211\">Sistema de guiado<\/td>\n<td width=\"451\">PMI Taiw\u00e1n 20<\/td>\n<\/tr>\n<tr>\n<td width=\"211\">Sensor de herramientas<\/td>\n<td width=\"451\">con<\/td>\n<\/tr>\n<tr>\n<td width=\"211\">Transmisi\u00f3n<\/td>\n<td width=\"451\">pi\u00f1\u00f3n cremallera<\/td>\n<\/tr>\n<tr>\n<td width=\"211\">Velocidad de corte<\/td>\n<td width=\"451\">30 m\/min<\/td>\n<\/tr>\n<tr>\n<td width=\"211\">Velocidad de desplazamiento<\/td>\n<td width=\"451\">50 m\/min<\/td>\n<\/tr>\n<tr>\n<td width=\"211\">Peso<\/td>\n<td width=\"451\">Unos 1500 kg<\/td>\n<\/tr>\n<tr>\n<td width=\"211\">Talla<\/td>\n<td width=\"451\">2250*3500*1650mm<\/td>\n<\/tr>\n<tr>\n<td width=\"211\">Tensi\u00f3n<\/td>\n<td width=\"451\">Trif\u00e1sico 380V o 220V 50HZ\/60hz<\/td>\n<\/tr>\n<tr>\n<td width=\"211\">Software<\/td>\n<td width=\"451\">Vcutworks, m\u00e1quina tiene este software<\/td>\n<\/tr>\n<\/tbody>\n<\/table>\n<p>Diferentes herramientas con diferentes funciones<\/p>\n<p>1.Herramienta electr\u00f3nica oscilante - con carrera de 1 mm para cortar materiales blandos y de densidad media.<\/p>\n<p>Herramienta de corte universal - para corte pasante de materiales con espesores de hasta 0,196 pulgadas. Corte de alta velocidad a bajo coste.<\/p>\n<p>Material aplicable: cart\u00f3n publicitario KT, cart\u00f3n vesicante, pl\u00e1stico ABS, l\u00e1mina ondulada de pl\u00e1stico, cart\u00f3n ondulado, cart\u00f3n, aglomerado, alfombrilla antipolvo, moqueta, junta de estanqueidad, fibra de carbono, etc.<\/p>\n<p>2.Kiss Cut Tool (medio corte) - para cortar vinilo, l\u00e1minas, pel\u00edculas, soportes finos, cart\u00f3n, textiles y otros sustratos finos.<\/p>\n<p>3.Drive Rotary Tool (Cuchillo redondo)-Es adecuado para el corte de material tejido de punto, textiles y l\u00e1mina delgada de cobre muy bien<\/p>\n<p>Se pueden instalar diferentes cuchillas para cortar diferentes materiales<\/p>\n<p>Material aplicable: franela de esquila de oveja, tejido UV, fibra de carbono, fibra de vidrio, banderolas, tejidos para banderas, tejidos resistentes a la luz y otros tipos de tejidos.<\/p>\n<p>4.El husillo de la fresadora. Dise\u00f1ado para un rendimiento s\u00f3lido en una amplia gama de aplicaciones y sustratos. El Router tambi\u00e9n puede realizar grabados de precisi\u00f3n como la herramienta Kiss-Cut.<\/p>\n<p>5.Las herramientas de corte en V - son perfectas para producir dise\u00f1os estructurales complejos a partir de n\u00facleos de espuma o materiales aglomerados. La herramienta puede ajustarse para cortar 5 \u00e1ngulos diferentes. 0\u00b0, 15\u00b0, 22.5\u00b0, 30\u00b0, 45\u00b0.<\/p>\n<p>6.Rueda de hendido-Con diferentes tama\u00f1os de rueda de hendido para diferentes grosores de cart\u00f3n, la rueda m\u00e1s peque\u00f1a se utiliza para el hendido de cart\u00f3n fino, y la rueda m\u00e1s grande se utiliza para el hendido de cart\u00f3n m\u00e1s grueso.<\/p>\n<p>Material aplicable: cart\u00f3n ondulado, cart\u00f3n de papel, cart\u00f3n ondulado de pl\u00e1stico<\/p>\n<p>7.La Herramienta Neum\u00e1tica Oscilante - es un dispositivo accionado por aire con una alta frecuencia de oscilaci\u00f3n. La carrera de hasta 8 mm es adecuada para cortar materiales r\u00edgidos y de alta densidad de hasta 1,96\u2033 de grosor utilizando una cuchilla especializada. (Opci\u00f3n)<\/p>\n<p>8.Cuchillo de arrastre<\/p>\n<p>Puede cortar con velocidad r\u00e1pida, alto rendimiento, bajo coste de mantenimiento, con diferentes cuchillas puede cortar diferentes dise\u00f1os, alta eficiencia, di\u00e1metro: D40mm para la cuchilla<\/p>\n<p>Material aplicable: PP papel, PP aplicaci\u00f3n de goma de mascar, material reflectante de luz, almohadilla para pegar coches, pl\u00e1sticos ABS, pl\u00e1sticos finos, l\u00e1mina de caucho, imitaci\u00f3n de cuero, tablero KT, tablero de papel, l\u00e1mina de expansi\u00f3n de pvc, tablero Chevron, vidrio blando.<\/p>\n<p>9.Cabezal perforador<\/p>\n<p>10.Rotulador<\/p>\n<p>11.Mesa de carga autom\u00e1tica<\/p>\n<p>12.Peque\u00f1o ccd<\/p>\n<p>13.Big ccd y proyector<\/p>","protected":false},"excerpt":{"rendered":"<p>Description &amp; Specifications: X working size 1600mm Y working size 2500mm Z Cutting thickness 50mm Cutting head cnc Oscillating knife cutting head\u00a0and creasing\u00a0head Display way English LED touch screen Machine table Auto loading Suction Table, suitable for textile,\u00a0rubber,sticker and other soft material Data transfer way Intel Vacuum pump 9KW air\u00a0type vacuum table Driving system Panasonic\u00a0or [&hellip;]<\/p>","protected":false},"featured_media":3601,"comment_status":"open","ping_status":"closed","template":"","meta":{"_seopress_robots_primary_cat":"none","_seopress_titles_title":"","_seopress_titles_desc":"","_seopress_robots_index":"","_uag_custom_page_level_css":"","site-sidebar-layout":"default","site-content-layout":"","ast-site-content-layout":"default","site-content-style":"default","site-sidebar-style":"default","ast-global-header-display":"","ast-banner-title-visibility":"","ast-main-header-display":"","ast-hfb-above-header-display":"","ast-hfb-below-header-display":"","ast-hfb-mobile-header-display":"","site-post-title":"","ast-breadcrumbs-content":"","ast-featured-img":"","footer-sml-layout":"","ast-disable-related-posts":"","theme-transparent-header-meta":"default","adv-header-id-meta":"","stick-header-meta":"default","header-above-stick-meta":"","header-main-stick-meta":"","header-below-stick-meta":"","astra-migrate-meta-layouts":"set","ast-page-background-enabled":"default","ast-page-background-meta":{"desktop":{"background-color":"","background-image":"","background-repeat":"repeat","background-position":"center center","background-size":"auto","background-attachment":"scroll","background-type":"","background-media":"","overlay-type":"","overlay-color":"","overlay-opacity":"","overlay-gradient":""},"tablet":{"background-color":"","background-image":"","background-repeat":"repeat","background-position":"center center","background-size":"auto","background-attachment":"scroll","background-type":"","background-media":"","overlay-type":"","overlay-color":"","overlay-opacity":"","overlay-gradient":""},"mobile":{"background-color":"","background-image":"","background-repeat":"repeat","background-position":"center center","background-size":"auto","background-attachment":"scroll","background-type":"","background-media":"","overlay-type":"","overlay-color":"","overlay-opacity":"","overlay-gradient":""}},"ast-content-background-meta":{"desktop":{"background-color":"var(--ast-global-color-5)","background-image":"","background-repeat":"repeat","background-position":"center center","background-size":"auto","background-attachment":"scroll","background-type":"","background-media":"","overlay-type":"","overlay-color":"","overlay-opacity":"","overlay-gradient":""},"tablet":{"background-color":"var(--ast-global-color-5)","background-image":"","background-repeat":"repeat","background-position":"center center","background-size":"auto","background-attachment":"scroll","background-type":"","background-media":"","overlay-type":"","overlay-color":"","overlay-opacity":"","overlay-gradient":""},"mobile":{"background-color":"var(--ast-global-color-5)","background-image":"","background-repeat":"repeat","background-position":"center center","background-size":"auto","background-attachment":"scroll","background-type":"","background-media":"","overlay-type":"","overlay-color":"","overlay-opacity":"","overlay-gradient":""}}},"product_brand":[],"product_cat":[81],"product_tag":[],"class_list":{"0":"post-3598","1":"product","2":"type-product","3":"status-publish","4":"has-post-thumbnail","6":"product_cat-cnc-oscillating-knife-cutting-machine-cnc-oscillating-knife-cutting-machine","7":"desktop-align-left","8":"tablet-align-left","9":"mobile-align-left","10":"ast-product-gallery-layout-horizontal-slider","11":"ast-product-gallery-with-no-image","12":"ast-magnify-disabled","13":"ast-product-tabs-layout-distributed","15":"first","16":"instock","17":"shipping-taxable","18":"product-type-simple"},"uagb_featured_image_src":{"full":["https:\/\/www.queencncmachinery.com\/wp-content\/uploads\/2025\/11\/QQ20250403-102632.png",1072,581,false],"thumbnail":["https:\/\/www.queencncmachinery.com\/wp-content\/uploads\/2025\/11\/QQ20250403-102632-150x150.png",150,150,true],"medium":["https:\/\/www.queencncmachinery.com\/wp-content\/uploads\/2025\/11\/QQ20250403-102632-300x163.png",300,163,true],"medium_large":["https:\/\/www.queencncmachinery.com\/wp-content\/uploads\/2025\/11\/QQ20250403-102632-768x416.png",768,416,true],"large":["https:\/\/www.queencncmachinery.com\/wp-content\/uploads\/2025\/11\/QQ20250403-102632-1024x555.png",1024,555,true],"1536x1536":["https:\/\/www.queencncmachinery.com\/wp-content\/uploads\/2025\/11\/QQ20250403-102632.png",1072,581,false],"2048x2048":["https:\/\/www.queencncmachinery.com\/wp-content\/uploads\/2025\/11\/QQ20250403-102632.png",1072,581,false],"trp-custom-language-flag":["https:\/\/www.queencncmachinery.com\/wp-content\/uploads\/2025\/11\/QQ20250403-102632-18x10.png",18,10,true],"woocommerce_thumbnail":["https:\/\/www.queencncmachinery.com\/wp-content\/uploads\/2025\/11\/QQ20250403-102632-800x434.png",800,434,true],"woocommerce_single":["https:\/\/www.queencncmachinery.com\/wp-content\/uploads\/2025\/11\/QQ20250403-102632-800x434.png",800,434,true],"woocommerce_gallery_thumbnail":["https:\/\/www.queencncmachinery.com\/wp-content\/uploads\/2025\/11\/QQ20250403-102632-100x100.png",100,100,true]},"uagb_author_info":{"display_name":"jinxing6611@gmail.com","author_link":"https:\/\/www.queencncmachinery.com\/es\/author\/"},"uagb_comment_info":0,"uagb_excerpt":"Description &amp; Specifications: X working size 1600mm Y working size 2500mm Z Cutting thickness 50mm Cutting head cnc Oscillating knife cutting head\u00a0and creasing\u00a0head Display way English LED touch screen Machine table Auto loading Suction Table, suitable for textile,\u00a0rubber,sticker and other soft material Data transfer way Intel Vacuum pump 9KW air\u00a0type vacuum table Driving system Panasonic\u00a0or&hellip;","_links":{"self":[{"href":"https:\/\/www.queencncmachinery.com\/es\/wp-json\/wp\/v2\/product\/3598","targetHints":{"allow":["GET"]}}],"collection":[{"href":"https:\/\/www.queencncmachinery.com\/es\/wp-json\/wp\/v2\/product"}],"about":[{"href":"https:\/\/www.queencncmachinery.com\/es\/wp-json\/wp\/v2\/types\/product"}],"replies":[{"embeddable":true,"href":"https:\/\/www.queencncmachinery.com\/es\/wp-json\/wp\/v2\/comments?post=3598"}],"wp:featuredmedia":[{"embeddable":true,"href":"https:\/\/www.queencncmachinery.com\/es\/wp-json\/wp\/v2\/media\/3601"}],"wp:attachment":[{"href":"https:\/\/www.queencncmachinery.com\/es\/wp-json\/wp\/v2\/media?parent=3598"}],"wp:term":[{"taxonomy":"product_brand","embeddable":true,"href":"https:\/\/www.queencncmachinery.com\/es\/wp-json\/wp\/v2\/product_brand?post=3598"},{"taxonomy":"product_cat","embeddable":true,"href":"https:\/\/www.queencncmachinery.com\/es\/wp-json\/wp\/v2\/product_cat?post=3598"},{"taxonomy":"product_tag","embeddable":true,"href":"https:\/\/www.queencncmachinery.com\/es\/wp-json\/wp\/v2\/product_tag?post=3598"}],"curies":[{"name":"wp","href":"https:\/\/api.w.org\/{rel}","templated":true}]}}