{"id":3590,"date":"2025-11-04T13:48:37","date_gmt":"2025-11-04T13:48:37","guid":{"rendered":"https:\/\/www.queencncmachinery.com\/?post_type=product&#038;p=3590"},"modified":"2025-11-19T05:26:32","modified_gmt":"2025-11-19T05:26:32","slug":"3000w-fiber-welding-machine","status":"publish","type":"product","link":"https:\/\/www.queencncmachinery.com\/es\/producto\/3000w-fiber-welding-machine\/","title":{"rendered":"Soldadora de fibra de 3000W"},"content":{"rendered":"<div class=\"ast-oembed-container\" style=\"height: 100%;\"><iframe title=\"2kw soldadura por l\u00e1ser de fibra de corte m\u00e1quina de limpieza\" width=\"422\" height=\"750\" src=\"https:\/\/www.youtube.com\/embed\/kooGzoQb9eo?feature=oembed\" frameborder=\"0\" allow=\"accelerometer; autoplay; clipboard-write; encrypted-media; gyroscope; picture-in-picture; web-share\" referrerpolicy=\"strict-origin-when-cross-origin\" allowfullscreen><\/iframe><\/div>\n<table>\n<tbody>\n<tr>\n<td colspan=\"2\" width=\"711\">Especificaciones t\u00e9cnicas<\/td>\n<\/tr>\n<tr>\n<td width=\"351\">Nombre de la m\u00e1quina<\/td>\n<td width=\"360\">M\u00e1quina port\u00e1til de soldadura por l\u00e1ser de fibra<\/td>\n<\/tr>\n<tr>\n<td width=\"351\">Potencia l\u00e1ser<\/td>\n<td width=\"360\">1KW 1,5KW 2KW 3kw<\/td>\n<\/tr>\n<tr>\n<td width=\"351\">Longitud de onda l\u00e1ser<\/td>\n<td width=\"360\">1080nm<\/td>\n<\/tr>\n<tr>\n<td width=\"351\">Fuente l\u00e1ser<\/td>\n<td width=\"360\">MAX<\/td>\n<\/tr>\n<tr>\n<td width=\"351\">Longitud de la fibra<\/td>\n<td width=\"360\">10M<\/td>\n<\/tr>\n<tr>\n<td width=\"351\">Modo refrigeraci\u00f3n<\/td>\n<td width=\"360\">Refrigeraci\u00f3n por agua<\/td>\n<\/tr>\n<tr>\n<td width=\"351\">Frecuencia del pulso l\u00e1ser<\/td>\n<td width=\"360\">1-20HZ<\/td>\n<\/tr>\n<tr>\n<td width=\"351\">Ancho de pulso<\/td>\n<td width=\"360\">0,1-20 ms<\/td>\n<\/tr>\n<tr>\n<td width=\"351\">Alcance puntual ajustado<\/td>\n<td width=\"360\">0,1-3 mm<\/td>\n<\/tr>\n<tr>\n<td width=\"351\">Piscina de soldadura m\u00ednima<\/td>\n<td width=\"360\">0,1 mm<\/td>\n<\/tr>\n<tr>\n<td width=\"351\">Fuente de gas<\/td>\n<td width=\"360\">0,2Mpa (Arg\u00f3n )<\/td>\n<\/tr>\n<tr>\n<td width=\"351\">Tensi\u00f3n de trabajo<\/td>\n<td width=\"360\">AC220V \/ 50Hz \/ 60HZ AC380V \/ 50Hz \/ 60HZ<\/td>\n<\/tr>\n<tr>\n<td width=\"351\">Tama\u00f1o del paquete<\/td>\n<td width=\"360\">162 CM DE LARGO *70 CM DE ANCHO*144 CM DE ALTO<\/td>\n<\/tr>\n<tr>\n<td width=\"351\">Peso bruto<\/td>\n<td width=\"360\">320KG<\/td>\n<\/tr>\n<tr>\n<td colspan=\"2\" width=\"711\">Capacidad de soldadura l\u00e1ser de 1KW 1.5KW 2KW<\/td>\n<\/tr>\n<tr>\n<td colspan=\"2\" width=\"711\">\n<table>\n<tbody>\n<tr>\n<td colspan=\"5\" width=\"735\"><strong><b>1000W<\/b><\/strong><\/td>\n<\/tr>\n<tr>\n<td width=\"136\">Acero inoxidable<\/td>\n<td width=\"106\">Hierro<\/td>\n<td width=\"199\">Acero al carbono<\/td>\n<td width=\"117\">Aluminio<\/td>\n<td width=\"175\">Chapa galvanizada blanca<\/td>\n<\/tr>\n<tr>\n<td width=\"136\">2 mm<\/td>\n<td width=\"106\">2 mm<\/td>\n<td width=\"199\">1,7-2 mm<\/td>\n<td width=\"117\">1,5 mm<\/td>\n<td width=\"175\">1,5 mm<\/td>\n<\/tr>\n<\/tbody>\n<\/table>\n<table>\n<tbody>\n<tr>\n<td colspan=\"5\" width=\"734\"><strong><b>1500W<\/b><\/strong><\/td>\n<\/tr>\n<tr>\n<td width=\"136\">Acero inoxidable<\/td>\n<td width=\"107\">Hierro<\/td>\n<td width=\"194\">Acero al carbono<\/td>\n<td width=\"120\">Aluminio<\/td>\n<td width=\"176\">Chapa galvanizada blanca<\/td>\n<\/tr>\n<tr>\n<td width=\"136\">3 mm<\/td>\n<td width=\"107\">3 mm<\/td>\n<td width=\"194\">1,7- 2,5 mm<\/td>\n<td width=\"120\">2 mm<\/td>\n<td width=\"176\">1,5-2,5 mm<\/td>\n<\/tr>\n<\/tbody>\n<\/table>\n<table>\n<tbody>\n<tr>\n<td colspan=\"5\" width=\"734\"><strong><b>2000W<\/b><\/strong><\/td>\n<\/tr>\n<tr>\n<td width=\"139\">Acero inoxidable<\/td>\n<td width=\"105\">Hierro<\/td>\n<td width=\"191\">Acero al carbono<\/td>\n<td width=\"123\">Aluminio<\/td>\n<td width=\"174\">Chapa galvanizada blanca<\/td>\n<\/tr>\n<tr>\n<td width=\"139\">4 mm<\/td>\n<td width=\"105\">4 mm<\/td>\n<td width=\"191\">1,7- 4 mm<\/td>\n<td width=\"123\">3 mm<\/td>\n<td width=\"174\">1,5-3 mm<\/td>\n<\/tr>\n<tr>\n<td colspan=\"5\" width=\"734\"><strong><b>3000W<\/b><\/strong><\/td>\n<\/tr>\n<tr>\n<td width=\"139\">Acero inoxidable<\/td>\n<td width=\"105\">Hierro<\/td>\n<td width=\"191\">Acero al carbono<\/td>\n<td width=\"123\">Aluminio<\/td>\n<td width=\"174\">Chapa galvanizada blanca<\/td>\n<\/tr>\n<tr>\n<td width=\"139\">6 mm<\/td>\n<td width=\"105\">6 mm<\/td>\n<td width=\"191\">1,7-7 mm<\/td>\n<td width=\"123\">4 mm<\/td>\n<td width=\"174\">1,5-4 mm<\/td>\n<\/tr>\n<\/tbody>\n<\/table>\n<\/td>\n<\/tr>\n<\/tbody>\n<\/table>","protected":false},"excerpt":{"rendered":"<p>Technical specification Machine Name Handheld Fiber Laser Welding Machine Laser Power 1KW \u00a0\u00a0\u00a01.5KW\u00a0\u00a0\u00a0\u00a0\u00a0\u00a02KW\u00a0\u00a0\u00a0\u00a03kw Laser Wave Length 1080nm Laser Source MAX Fiber Length 10M Cooling Mode Water cooling Laser Pulse Frequency 1-20HZ Pulse Width 0.1-20ms Adjusted spot range 0.1-3mm Minimum Welding pool 0.1mm Gas source 0.2Mpa (Argon ) Working Voltage AC220V\u00a0\/ 50Hz\u00a0\/ 60HZ \u00a0AC380V\u00a0\/ 50Hz\u00a0\/ 60HZ [&hellip;]<\/p>","protected":false},"featured_media":3593,"comment_status":"open","ping_status":"closed","template":"","meta":{"_seopress_robots_primary_cat":"none","_seopress_titles_title":"","_seopress_titles_desc":"","_seopress_robots_index":"","_uag_custom_page_level_css":"","site-sidebar-layout":"default","site-content-layout":"","ast-site-content-layout":"default","site-content-style":"default","site-sidebar-style":"default","ast-global-header-display":"","ast-banner-title-visibility":"","ast-main-header-display":"","ast-hfb-above-header-display":"","ast-hfb-below-header-display":"","ast-hfb-mobile-header-display":"","site-post-title":"","ast-breadcrumbs-content":"","ast-featured-img":"","footer-sml-layout":"","ast-disable-related-posts":"","theme-transparent-header-meta":"default","adv-header-id-meta":"","stick-header-meta":"default","header-above-stick-meta":"","header-main-stick-meta":"","header-below-stick-meta":"","astra-migrate-meta-layouts":"set","ast-page-background-enabled":"default","ast-page-background-meta":{"desktop":{"background-color":"","background-image":"","background-repeat":"repeat","background-position":"center center","background-size":"auto","background-attachment":"scroll","background-type":"","background-media":"","overlay-type":"","overlay-color":"","overlay-opacity":"","overlay-gradient":""},"tablet":{"background-color":"","background-image":"","background-repeat":"repeat","background-position":"center center","background-size":"auto","background-attachment":"scroll","background-type":"","background-media":"","overlay-type":"","overlay-color":"","overlay-opacity":"","overlay-gradient":""},"mobile":{"background-color":"","background-image":"","background-repeat":"repeat","background-position":"center center","background-size":"auto","background-attachment":"scroll","background-type":"","background-media":"","overlay-type":"","overlay-color":"","overlay-opacity":"","overlay-gradient":""}},"ast-content-background-meta":{"desktop":{"background-color":"var(--ast-global-color-5)","background-image":"","background-repeat":"repeat","background-position":"center center","background-size":"auto","background-attachment":"scroll","background-type":"","background-media":"","overlay-type":"","overlay-color":"","overlay-opacity":"","overlay-gradient":""},"tablet":{"background-color":"var(--ast-global-color-5)","background-image":"","background-repeat":"repeat","background-position":"center center","background-size":"auto","background-attachment":"scroll","background-type":"","background-media":"","overlay-type":"","overlay-color":"","overlay-opacity":"","overlay-gradient":""},"mobile":{"background-color":"var(--ast-global-color-5)","background-image":"","background-repeat":"repeat","background-position":"center center","background-size":"auto","background-attachment":"scroll","background-type":"","background-media":"","overlay-type":"","overlay-color":"","overlay-opacity":"","overlay-gradient":""}}},"product_brand":[],"product_cat":[79],"product_tag":[],"class_list":{"0":"post-3590","1":"product","2":"type-product","3":"status-publish","4":"has-post-thumbnail","6":"product_cat-fiber-welding-cutting-cleaning-machine","7":"desktop-align-left","8":"tablet-align-left","9":"mobile-align-left","10":"ast-product-gallery-layout-horizontal-slider","11":"ast-product-gallery-with-no-image","12":"ast-magnify-disabled","13":"ast-product-tabs-layout-distributed","15":"first","16":"instock","17":"shipping-taxable","18":"product-type-simple"},"uagb_featured_image_src":{"full":["https:\/\/www.queencncmachinery.com\/wp-content\/uploads\/2025\/11\/\u5fae\u4fe1\u56fe\u7247_20241114095114.jpg",750,750,false],"thumbnail":["https:\/\/www.queencncmachinery.com\/wp-content\/uploads\/2025\/11\/\u5fae\u4fe1\u56fe\u7247_20241114095114-150x150.jpg",150,150,true],"medium":["https:\/\/www.queencncmachinery.com\/wp-content\/uploads\/2025\/11\/\u5fae\u4fe1\u56fe\u7247_20241114095114-300x300.jpg",300,300,true],"medium_large":["https:\/\/www.queencncmachinery.com\/wp-content\/uploads\/2025\/11\/\u5fae\u4fe1\u56fe\u7247_20241114095114.jpg",750,750,false],"large":["https:\/\/www.queencncmachinery.com\/wp-content\/uploads\/2025\/11\/\u5fae\u4fe1\u56fe\u7247_20241114095114.jpg",750,750,false],"1536x1536":["https:\/\/www.queencncmachinery.com\/wp-content\/uploads\/2025\/11\/\u5fae\u4fe1\u56fe\u7247_20241114095114.jpg",750,750,false],"2048x2048":["https:\/\/www.queencncmachinery.com\/wp-content\/uploads\/2025\/11\/\u5fae\u4fe1\u56fe\u7247_20241114095114.jpg",750,750,false],"trp-custom-language-flag":["https:\/\/www.queencncmachinery.com\/wp-content\/uploads\/2025\/11\/\u5fae\u4fe1\u56fe\u7247_20241114095114-12x12.jpg",12,12,true],"woocommerce_thumbnail":["https:\/\/www.queencncmachinery.com\/wp-content\/uploads\/2025\/11\/\u5fae\u4fe1\u56fe\u7247_20241114095114.jpg",750,750,false],"woocommerce_single":["https:\/\/www.queencncmachinery.com\/wp-content\/uploads\/2025\/11\/\u5fae\u4fe1\u56fe\u7247_20241114095114.jpg",750,750,false],"woocommerce_gallery_thumbnail":["https:\/\/www.queencncmachinery.com\/wp-content\/uploads\/2025\/11\/\u5fae\u4fe1\u56fe\u7247_20241114095114-100x100.jpg",100,100,true]},"uagb_author_info":{"display_name":"jinxing6611@gmail.com","author_link":"https:\/\/www.queencncmachinery.com\/es\/author\/"},"uagb_comment_info":0,"uagb_excerpt":"Technical specification Machine Name Handheld Fiber Laser Welding Machine Laser Power 1KW \u00a0\u00a0\u00a01.5KW\u00a0\u00a0\u00a0\u00a0\u00a0\u00a02KW\u00a0\u00a0\u00a0\u00a03kw Laser Wave Length 1080nm Laser Source MAX Fiber Length 10M Cooling Mode Water cooling Laser Pulse Frequency 1-20HZ Pulse Width 0.1-20ms Adjusted spot range 0.1-3mm Minimum Welding pool 0.1mm Gas source 0.2Mpa (Argon ) Working Voltage AC220V\u00a0\/ 50Hz\u00a0\/ 60HZ \u00a0AC380V\u00a0\/ 50Hz\u00a0\/ 60HZ&hellip;","_links":{"self":[{"href":"https:\/\/www.queencncmachinery.com\/es\/wp-json\/wp\/v2\/product\/3590","targetHints":{"allow":["GET"]}}],"collection":[{"href":"https:\/\/www.queencncmachinery.com\/es\/wp-json\/wp\/v2\/product"}],"about":[{"href":"https:\/\/www.queencncmachinery.com\/es\/wp-json\/wp\/v2\/types\/product"}],"replies":[{"embeddable":true,"href":"https:\/\/www.queencncmachinery.com\/es\/wp-json\/wp\/v2\/comments?post=3590"}],"wp:featuredmedia":[{"embeddable":true,"href":"https:\/\/www.queencncmachinery.com\/es\/wp-json\/wp\/v2\/media\/3593"}],"wp:attachment":[{"href":"https:\/\/www.queencncmachinery.com\/es\/wp-json\/wp\/v2\/media?parent=3590"}],"wp:term":[{"taxonomy":"product_brand","embeddable":true,"href":"https:\/\/www.queencncmachinery.com\/es\/wp-json\/wp\/v2\/product_brand?post=3590"},{"taxonomy":"product_cat","embeddable":true,"href":"https:\/\/www.queencncmachinery.com\/es\/wp-json\/wp\/v2\/product_cat?post=3590"},{"taxonomy":"product_tag","embeddable":true,"href":"https:\/\/www.queencncmachinery.com\/es\/wp-json\/wp\/v2\/product_tag?post=3590"}],"curies":[{"name":"wp","href":"https:\/\/api.w.org\/{rel}","templated":true}]}}