{"id":3474,"date":"2025-11-04T12:51:40","date_gmt":"2025-11-04T12:51:40","guid":{"rendered":"https:\/\/www.queencncmachinery.com\/?post_type=product&#038;p=3474"},"modified":"2025-11-04T12:51:40","modified_gmt":"2025-11-04T12:51:40","slug":"qn1212l-atc-cnc-router-with-rotary","status":"publish","type":"product","link":"https:\/\/www.queencncmachinery.com\/es\/producto\/qn1212l-atc-cnc-router-with-rotary\/","title":{"rendered":"Ruteadora CNC ATC QN1212L con Rotary"},"content":{"rendered":"<table>\n<tbody>\n<tr>\n<td width=\"266\">Modelo (opci\u00f3n)<\/td>\n<td width=\"415\">QN1212L<\/td>\n<\/tr>\n<tr>\n<td width=\"266\">\u00c1rea de trabajo de los ejes X, Y y Z<\/td>\n<td width=\"415\">1300*2500*300mm<\/td>\n<\/tr>\n<tr>\n<td width=\"266\">Carril gu\u00eda<\/td>\n<td width=\"415\">Taiwan25 Square guide linear rail<\/td>\n<\/tr>\n<tr>\n<td width=\"266\">4 Axis Rotary<\/td>\n<td width=\"415\">100*1000MM(can be customized)<\/td>\n<\/tr>\n<tr>\n<td width=\"266\">Estructura X,Y<\/td>\n<td width=\"415\">Transmisi\u00f3n por cremallera de alta precisi\u00f3n<\/td>\n<\/tr>\n<tr>\n<td width=\"266\">Eje Z<\/td>\n<td width=\"415\">husillo de bolas<\/td>\n<\/tr>\n<tr>\n<td width=\"266\">Sistema de control<\/td>\n<td width=\"415\">Sistema de control LNC<\/td>\n<\/tr>\n<tr>\n<td width=\"266\">Toda la estructura<\/td>\n<td width=\"415\">Acero fundido<\/td>\n<\/tr>\n<tr>\n<td width=\"266\">Velocidad m\u00e1xima de la m\u00e1quina en vac\u00edo<\/td>\n<td width=\"415\">60 m\/min<\/td>\n<\/tr>\n<tr>\n<td width=\"266\">Velocidad m\u00e1xima de grabado<\/td>\n<td width=\"415\">30 m\/min<\/td>\n<\/tr>\n<tr>\n<td width=\"266\">Velocidad m\u00e1xima de corte<\/td>\n<td width=\"415\">20 m\/min<\/td>\n<\/tr>\n<tr>\n<td width=\"266\">Resoluci\u00f3n<\/td>\n<td width=\"415\">0,01 mm<\/td>\n<\/tr>\n<tr>\n<td width=\"266\">Precisi\u00f3n de procesamiento<\/td>\n<td width=\"415\">&lt;0,05 mm<\/td>\n<\/tr>\n<tr>\n<td width=\"266\">Sujeci\u00f3n de madera<\/td>\n<td width=\"415\">Absorci\u00f3n por vac\u00edo (por succi\u00f3n)<\/td>\n<\/tr>\n<tr>\n<td width=\"266\">Software competitivo<\/td>\n<td width=\"415\">AutoCAD,Artcam,Photoshop,Type3,Artcut,Ucancam,powermill<\/td>\n<\/tr>\n<tr>\n<td width=\"266\">Gr\u00e1fico en formato Imagine<\/td>\n<td width=\"415\">BMP,GIF,JPGE,PCX,TGA,TIFF,PTLCDR,DMG,DXF,<\/td>\n<\/tr>\n<tr>\n<td width=\"266\">Potencia del husillo<\/td>\n<td width=\"415\">Husillo refrigerado por aire HQD ATC de 9 kW<\/td>\n<\/tr>\n<tr>\n<td width=\"266\">Velocidad de rotaci\u00f3n del husillo<\/td>\n<td width=\"415\">6000-24000rmp\/min<\/td>\n<\/tr>\n<tr>\n<td width=\"266\">Revista de herramientas<\/td>\n<td width=\"415\">Linear ATC system\u00a0,whit 10 pieces of cutters<\/td>\n<\/tr>\n<tr>\n<td width=\"266\">Di\u00e1metro de la cuchilla<\/td>\n<td width=\"415\">\u03c63.175~\u03c625<\/td>\n<\/tr>\n<tr>\n<td width=\"266\">Sistema de conducci\u00f3n<\/td>\n<td width=\"415\">Servosistema Leadshine<\/td>\n<\/tr>\n<tr>\n<td width=\"266\">Lenguaje operativo<\/td>\n<td width=\"415\">G code,plt,mmg,uoo,bmp,F\/S<\/td>\n<\/tr>\n<tr>\n<td width=\"266\">Tensi\u00f3n de trabajo<\/td>\n<td width=\"415\">AC380V\/50Hz o 220V<\/td>\n<\/tr>\n<tr>\n<td width=\"266\">Entorno de funcionamiento<\/td>\n<td width=\"415\">Temperature:0-45;Humidity:30%~70%<\/td>\n<\/tr>\n<tr>\n<td width=\"266\">Con piezas opcionales<\/td>\n<td width=\"415\">Mesa de trabajo de vac\u00edo,aspirador<\/td>\n<\/tr>\n<\/tbody>\n<\/table>","protected":false},"excerpt":{"rendered":"<p>Model (option) QN1212L X\uff0cY\uff0cZ axis working area 1300*2500*300mm Guide rail Taiwan25 Square guide linear rail 4 Axis Rotary 100*1000MM(can be customized) X,Y structure High-precision rack and pinion transmission Z axis ball screw Control system LNC control system Whole structure Cast steel Max Machine idling speed 60m\/min Max.engraving speed 30m\/min Maxing cutting speed 20m\/min Resolution 0.01mm [&hellip;]<\/p>","protected":false},"featured_media":3477,"comment_status":"open","ping_status":"closed","template":"","meta":{"_seopress_robots_primary_cat":"","_seopress_titles_title":"","_seopress_titles_desc":"","_seopress_robots_index":"","_uag_custom_page_level_css":"","site-sidebar-layout":"default","site-content-layout":"","ast-site-content-layout":"default","site-content-style":"default","site-sidebar-style":"default","ast-global-header-display":"","ast-banner-title-visibility":"","ast-main-header-display":"","ast-hfb-above-header-display":"","ast-hfb-below-header-display":"","ast-hfb-mobile-header-display":"","site-post-title":"","ast-breadcrumbs-content":"","ast-featured-img":"","footer-sml-layout":"","ast-disable-related-posts":"","theme-transparent-header-meta":"default","adv-header-id-meta":"","stick-header-meta":"default","header-above-stick-meta":"","header-main-stick-meta":"","header-below-stick-meta":"","astra-migrate-meta-layouts":"set","ast-page-background-enabled":"default","ast-page-background-meta":{"desktop":{"background-color":"","background-image":"","background-repeat":"repeat","background-position":"center center","background-size":"auto","background-attachment":"scroll","background-type":"","background-media":"","overlay-type":"","overlay-color":"","overlay-opacity":"","overlay-gradient":""},"tablet":{"background-color":"","background-image":"","background-repeat":"repeat","background-position":"center center","background-size":"auto","background-attachment":"scroll","background-type":"","background-media":"","overlay-type":"","overlay-color":"","overlay-opacity":"","overlay-gradient":""},"mobile":{"background-color":"","background-image":"","background-repeat":"repeat","background-position":"center center","background-size":"auto","background-attachment":"scroll","background-type":"","background-media":"","overlay-type":"","overlay-color":"","overlay-opacity":"","overlay-gradient":""}},"ast-content-background-meta":{"desktop":{"background-color":"var(--ast-global-color-5)","background-image":"","background-repeat":"repeat","background-position":"center center","background-size":"auto","background-attachment":"scroll","background-type":"","background-media":"","overlay-type":"","overlay-color":"","overlay-opacity":"","overlay-gradient":""},"tablet":{"background-color":"var(--ast-global-color-5)","background-image":"","background-repeat":"repeat","background-position":"center center","background-size":"auto","background-attachment":"scroll","background-type":"","background-media":"","overlay-type":"","overlay-color":"","overlay-opacity":"","overlay-gradient":""},"mobile":{"background-color":"var(--ast-global-color-5)","background-image":"","background-repeat":"repeat","background-position":"center center","background-size":"auto","background-attachment":"scroll","background-type":"","background-media":"","overlay-type":"","overlay-color":"","overlay-opacity":"","overlay-gradient":""}}},"product_brand":[],"product_cat":[74],"product_tag":[],"class_list":{"0":"post-3474","1":"product","2":"type-product","3":"status-publish","4":"has-post-thumbnail","6":"product_cat-atc-cnc-router","7":"desktop-align-left","8":"tablet-align-left","9":"mobile-align-left","10":"ast-product-gallery-layout-horizontal-slider","11":"ast-magnify-disabled","12":"ast-product-tabs-layout-distributed","14":"first","15":"instock","16":"shipping-taxable","17":"product-type-simple"},"uagb_featured_image_src":{"full":["https:\/\/www.queencncmachinery.com\/wp-content\/uploads\/2025\/11\/Photo-10.jpg",2048,1536,false],"thumbnail":["https:\/\/www.queencncmachinery.com\/wp-content\/uploads\/2025\/11\/Photo-10-150x150.jpg",150,150,true],"medium":["https:\/\/www.queencncmachinery.com\/wp-content\/uploads\/2025\/11\/Photo-10-300x225.jpg",300,225,true],"medium_large":["https:\/\/www.queencncmachinery.com\/wp-content\/uploads\/2025\/11\/Photo-10-768x576.jpg",768,576,true],"large":["https:\/\/www.queencncmachinery.com\/wp-content\/uploads\/2025\/11\/Photo-10-1024x768.jpg",1024,768,true],"1536x1536":["https:\/\/www.queencncmachinery.com\/wp-content\/uploads\/2025\/11\/Photo-10-1536x1152.jpg",1536,1152,true],"2048x2048":["https:\/\/www.queencncmachinery.com\/wp-content\/uploads\/2025\/11\/Photo-10.jpg",2048,1536,false],"trp-custom-language-flag":["https:\/\/www.queencncmachinery.com\/wp-content\/uploads\/2025\/11\/Photo-10-16x12.jpg",16,12,true],"woocommerce_thumbnail":["https:\/\/www.queencncmachinery.com\/wp-content\/uploads\/2025\/11\/Photo-10-800x600.jpg",800,600,true],"woocommerce_single":["https:\/\/www.queencncmachinery.com\/wp-content\/uploads\/2025\/11\/Photo-10-800x600.jpg",800,600,true],"woocommerce_gallery_thumbnail":["https:\/\/www.queencncmachinery.com\/wp-content\/uploads\/2025\/11\/Photo-10-100x100.jpg",100,100,true]},"uagb_author_info":{"display_name":"jinxing6611@gmail.com","author_link":"https:\/\/www.queencncmachinery.com\/es\/author\/"},"uagb_comment_info":0,"uagb_excerpt":"Model (option) QN1212L X\uff0cY\uff0cZ axis working area 1300*2500*300mm Guide rail Taiwan25 Square guide linear rail 4 Axis Rotary 100*1000MM(can be customized) X,Y structure High-precision rack and pinion transmission Z axis ball screw Control system LNC control system Whole structure Cast steel Max Machine idling speed 60m\/min Max.engraving speed 30m\/min Maxing cutting speed 20m\/min Resolution 0.01mm&hellip;","_links":{"self":[{"href":"https:\/\/www.queencncmachinery.com\/es\/wp-json\/wp\/v2\/product\/3474","targetHints":{"allow":["GET"]}}],"collection":[{"href":"https:\/\/www.queencncmachinery.com\/es\/wp-json\/wp\/v2\/product"}],"about":[{"href":"https:\/\/www.queencncmachinery.com\/es\/wp-json\/wp\/v2\/types\/product"}],"replies":[{"embeddable":true,"href":"https:\/\/www.queencncmachinery.com\/es\/wp-json\/wp\/v2\/comments?post=3474"}],"wp:featuredmedia":[{"embeddable":true,"href":"https:\/\/www.queencncmachinery.com\/es\/wp-json\/wp\/v2\/media\/3477"}],"wp:attachment":[{"href":"https:\/\/www.queencncmachinery.com\/es\/wp-json\/wp\/v2\/media?parent=3474"}],"wp:term":[{"taxonomy":"product_brand","embeddable":true,"href":"https:\/\/www.queencncmachinery.com\/es\/wp-json\/wp\/v2\/product_brand?post=3474"},{"taxonomy":"product_cat","embeddable":true,"href":"https:\/\/www.queencncmachinery.com\/es\/wp-json\/wp\/v2\/product_cat?post=3474"},{"taxonomy":"product_tag","embeddable":true,"href":"https:\/\/www.queencncmachinery.com\/es\/wp-json\/wp\/v2\/product_tag?post=3474"}],"curies":[{"name":"wp","href":"https:\/\/api.w.org\/{rel}","templated":true}]}}