{"id":3866,"date":"2025-11-14T03:34:30","date_gmt":"2025-11-14T03:34:30","guid":{"rendered":"https:\/\/www.queencncmachinery.com\/?page_id=3866"},"modified":"2026-03-23T06:14:55","modified_gmt":"2026-03-23T06:14:55","slug":"machine-working","status":"publish","type":"page","link":"https:\/\/www.queencncmachinery.com\/es\/machine-working\/","title":{"rendered":"Trabajo a m\u00e1quina"},"content":{"rendered":"<div data-elementor-type=\"wp-page\" data-elementor-id=\"3866\" class=\"elementor elementor-3866\" data-elementor-post-type=\"page\">\n\t\t\t\t<div class=\"elementor-element elementor-element-190de155 e-flex e-con-boxed e-con e-parent\" data-id=\"190de155\" data-element_type=\"container\" data-e-type=\"container\" data-settings=\"{&quot;background_background&quot;:&quot;classic&quot;}\">\n\t\t\t\t\t<div class=\"e-con-inner\">\n\t\t<div class=\"elementor-element elementor-element-3c4cb24d e-flex e-con-boxed e-con e-child\" data-id=\"3c4cb24d\" data-element_type=\"container\" data-e-type=\"container\">\n\t\t\t\t\t<div class=\"e-con-inner\">\n\t\t\t\t<div class=\"elementor-element elementor-element-6e852fa elementor-widget elementor-widget-heading\" data-id=\"6e852fa\" data-element_type=\"widget\" data-e-type=\"widget\" data-widget_type=\"heading.default\">\n\t\t\t\t<div class=\"elementor-widget-container\">\n\t\t\t\t\t<h1 class=\"elementor-heading-title elementor-size-default\">Trabajo a m\u00e1quina<\/h1>\t\t\t\t<\/div>\n\t\t\t\t<\/div>\n\t\t\t\t\t<\/div>\n\t\t\t\t<\/div>\n\t\t\t\t\t<\/div>\n\t\t\t\t<\/div>\n\t\t<div class=\"elementor-element elementor-element-1fecb74 e-flex e-con-boxed e-con e-parent\" data-id=\"1fecb74\" data-element_type=\"container\" data-e-type=\"container\">\n\t\t\t\t\t<div class=\"e-con-inner\">\n\t\t\t\t<div class=\"elementor-element elementor-element-1a332a6 elementor-widget elementor-widget-image\" data-id=\"1a332a6\" data-element_type=\"widget\" data-e-type=\"widget\" data-widget_type=\"image.default\">\n\t\t\t\t<div class=\"elementor-widget-container\">\n\t\t\t\t\t\t\t\t\t\t\t\t\t\t\t<img alt=\"\" fetchpriority=\"high\" decoding=\"async\" width=\"768\" height=\"1024\" src=\"https:\/\/www.queencncmachinery.com\/wp-content\/uploads\/2025\/11\/78-e1764301619702-768x1024.jpg\" class=\"attachment-large size-large wp-image-3885\" srcset=\"https:\/\/www.queencncmachinery.com\/wp-content\/uploads\/2025\/11\/78-e1764301619702-768x1024.jpg 768w, https:\/\/www.queencncmachinery.com\/wp-content\/uploads\/2025\/11\/78-e1764301619702-225x300.jpg 225w, https:\/\/www.queencncmachinery.com\/wp-content\/uploads\/2025\/11\/78-e1764301619702-1152x1536.jpg 1152w, https:\/\/www.queencncmachinery.com\/wp-content\/uploads\/2025\/11\/78-e1764301619702-9x12.jpg 9w, https:\/\/www.queencncmachinery.com\/wp-content\/uploads\/2025\/11\/78-e1764301619702-800x1067.jpg 800w, https:\/\/www.queencncmachinery.com\/wp-content\/uploads\/2025\/11\/78-e1764301619702.jpg 1200w\" sizes=\"(max-width: 768px) 100vw, 768px\" \/>\t\t\t\t\t\t\t\t\t\t\t\t\t\t\t<\/div>\n\t\t\t\t<\/div>\n\t\t\t\t<div class=\"elementor-element elementor-element-f32584b elementor-widget elementor-widget-text-editor\" data-id=\"f32584b\" data-element_type=\"widget\" data-e-type=\"widget\" data-widget_type=\"text-editor.default\">\n\t\t\t\t<div class=\"elementor-widget-container\">\n\t\t\t\t\t\t\t\t\t<p><strong>Pira\u00f1a 2030 ATC CNC router en el Reino Unido<\/strong><\/p><p>Es modelo de venta caliente en Europe.Main configuraciones como:<\/p><p>2000*3000*250mm \u00e1rea de trabajo<\/p><p>Controlador Syntec60W-E<\/p><p>Taiw\u00e1n 30 carriles<\/p><p>Servomotor y controlador Yaskawa<\/p><p>Husillo ATC HQD o HSD 9KW<\/p><p>Factura Fuling o delta<\/p><p>Bomba de vac\u00edo neum\u00e1tica para mesa de vac\u00edo<\/p><p>Colector de polvo<\/p><p>Reductor Shimpo<\/p><p>\u00a0<\/p><p>El modelo de alta precisi\u00f3n es eficiente para su negocio de muebles.<\/p>\t\t\t\t\t\t\t\t<\/div>\n\t\t\t\t<\/div>\n\t\t\t\t<div class=\"elementor-element elementor-element-701a7c1 elementor-widget elementor-widget-video\" data-id=\"701a7c1\" data-element_type=\"widget\" data-e-type=\"widget\" data-settings=\"{&quot;youtube_url&quot;:&quot;https:\\\/\\\/www.youtube.com\\\/watch?v=ZgzmYMlRUOM&quot;,&quot;video_type&quot;:&quot;youtube&quot;,&quot;controls&quot;:&quot;yes&quot;}\" data-widget_type=\"video.default\">\n\t\t\t\t<div class=\"elementor-widget-container\">\n\t\t\t\t\t\t\t<div class=\"elementor-wrapper elementor-open-inline\">\n\t\t\t<div class=\"elementor-video\"><\/div>\t\t<\/div>\n\t\t\t\t\t\t<\/div>\n\t\t\t\t<\/div>\n\t\t\t\t\t<\/div>\n\t\t\t\t<\/div>\n\t\t<div class=\"elementor-element elementor-element-7d791d1 e-flex e-con-boxed e-con e-parent\" data-id=\"7d791d1\" data-element_type=\"container\" data-e-type=\"container\">\n\t\t\t\t\t<div class=\"e-con-inner\">\n\t\t\t\t\t<\/div>\n\t\t\t\t<\/div>\n\t\t<div class=\"elementor-element elementor-element-e0bd5fd e-flex e-con-boxed e-con e-parent\" data-id=\"e0bd5fd\" data-element_type=\"container\" data-e-type=\"container\">\n\t\t\t\t\t<div class=\"e-con-inner\">\n\t\t\t\t<div class=\"elementor-element elementor-element-df74654 elementor-widget elementor-widget-heading\" data-id=\"df74654\" data-element_type=\"widget\" data-e-type=\"widget\" data-widget_type=\"heading.default\">\n\t\t\t\t<div class=\"elementor-widget-container\">\n\t\t\t\t\t<h2 class=\"elementor-heading-title elementor-size-default\">Bienvenido cliente EE.UU. para visitar nuestra f\u00e1brica para comprobar atc cnc router m\u00e1quina de trabajo<\/h2>\t\t\t\t<\/div>\n\t\t\t\t<\/div>\n\t\t\t\t<div class=\"elementor-element elementor-element-3844600 elementor-widget elementor-widget-text-editor\" data-id=\"3844600\" data-element_type=\"widget\" data-e-type=\"widget\" data-widget_type=\"text-editor.default\">\n\t\t\t\t<div class=\"elementor-widget-container\">\n\t\t\t\t\t\t\t\t\t<p>Este es un cliente muy agradable, su negocio es para el gabinete, furniture.and que est\u00e1 encontrando la cnc atc para el \u00e1rea de trabajo 5 * 10 pies, y enumer\u00f3 m\u00e1s de 40 preguntas confusas para la m\u00e1quina, y nos gusta que el cliente tiene que hacer preguntas, por lo que puede hacer todo m\u00e1s clear.and mostramos nuestra m\u00e1quina Deo de trabajo, \u00e9l est\u00e1 satisfecho con nuestra cnc de trabajo y nos dan retroalimentaci\u00f3n muy positiva.<\/p>\t\t\t\t\t\t\t\t<\/div>\n\t\t\t\t<\/div>\n\t\t\t\t<div class=\"elementor-element elementor-element-45c9089 elementor-widget elementor-widget-video\" data-id=\"45c9089\" data-element_type=\"widget\" data-e-type=\"widget\" data-settings=\"{&quot;youtube_url&quot;:&quot;https:\\\/\\\/www.youtube.com\\\/shorts\\\/V9P5xvzx9Bw&quot;,&quot;video_type&quot;:&quot;youtube&quot;,&quot;controls&quot;:&quot;yes&quot;}\" data-widget_type=\"video.default\">\n\t\t\t\t<div class=\"elementor-widget-container\">\n\t\t\t\t\t\t\t<div class=\"elementor-wrapper elementor-open-inline\">\n\t\t\t<div class=\"elementor-video\"><\/div>\t\t<\/div>\n\t\t\t\t\t\t<\/div>\n\t\t\t\t<\/div>\n\t\t\t\t<div class=\"elementor-element elementor-element-a98d332 elementor-widget elementor-widget-image\" data-id=\"a98d332\" data-element_type=\"widget\" data-e-type=\"widget\" data-widget_type=\"image.default\">\n\t\t\t\t<div class=\"elementor-widget-container\">\n\t\t\t\t\t\t\t\t\t\t\t\t\t\t\t<img alt=\"\" decoding=\"async\" width=\"768\" height=\"1024\" src=\"https:\/\/www.queencncmachinery.com\/wp-content\/uploads\/2025\/12\/f4d65ca1-e5c6-44ff-95f0-423dcdf60d31-768x1024.jpg\" class=\"attachment-large size-large wp-image-4253\" srcset=\"https:\/\/www.queencncmachinery.com\/wp-content\/uploads\/2025\/12\/f4d65ca1-e5c6-44ff-95f0-423dcdf60d31-768x1024.jpg 768w, https:\/\/www.queencncmachinery.com\/wp-content\/uploads\/2025\/12\/f4d65ca1-e5c6-44ff-95f0-423dcdf60d31-225x300.jpg 225w, https:\/\/www.queencncmachinery.com\/wp-content\/uploads\/2025\/12\/f4d65ca1-e5c6-44ff-95f0-423dcdf60d31-1152x1536.jpg 1152w, https:\/\/www.queencncmachinery.com\/wp-content\/uploads\/2025\/12\/f4d65ca1-e5c6-44ff-95f0-423dcdf60d31-1536x2048.jpg 1536w, https:\/\/www.queencncmachinery.com\/wp-content\/uploads\/2025\/12\/f4d65ca1-e5c6-44ff-95f0-423dcdf60d31-9x12.jpg 9w, https:\/\/www.queencncmachinery.com\/wp-content\/uploads\/2025\/12\/f4d65ca1-e5c6-44ff-95f0-423dcdf60d31-800x1067.jpg 800w, https:\/\/www.queencncmachinery.com\/wp-content\/uploads\/2025\/12\/f4d65ca1-e5c6-44ff-95f0-423dcdf60d31-scaled.jpg 1920w\" sizes=\"(max-width: 768px) 100vw, 768px\" \/>\t\t\t\t\t\t\t\t\t\t\t\t\t\t\t<\/div>\n\t\t\t\t<\/div>\n\t\t\t\t\t<\/div>\n\t\t\t\t<\/div>\n\t\t<div class=\"elementor-element elementor-element-aef309a e-flex e-con-boxed e-con e-parent\" data-id=\"aef309a\" data-element_type=\"container\" data-e-type=\"container\">\n\t\t\t\t\t<div class=\"e-con-inner\">\n\t\t\t\t<div class=\"elementor-element elementor-element-c118d96 elementor-widget elementor-widget-heading\" data-id=\"c118d96\" data-element_type=\"widget\" data-e-type=\"widget\" data-widget_type=\"heading.default\">\n\t\t\t\t<div class=\"elementor-widget-container\">\n\t\t\t\t\t<h2 class=\"elementor-heading-title elementor-size-default\">Fresadora CNC para el fresado de aluminio<\/h2>\t\t\t\t<\/div>\n\t\t\t\t<\/div>\n\t\t\t\t<div class=\"elementor-element elementor-element-ac6c358 elementor-widget elementor-widget-text-editor\" data-id=\"ac6c358\" data-element_type=\"widget\" data-e-type=\"widget\" data-widget_type=\"text-editor.default\">\n\t\t\t\t<div class=\"elementor-widget-container\">\n\t\t\t\t\t\t\t\t\t<p>La fresadora CNC no solo puede trabajar en madera,acrilico,sino que tambien puede cortar y grabar aluminio,para dentro de 8mm de aluminio,puede cortar de una pasada.pero necesita a\u00f1adir sistema de nebulizacion de aceite para enfriar las brocas cuando trabaje en aluminio.<\/p>\t\t\t\t\t\t\t\t<\/div>\n\t\t\t\t<\/div>\n\t\t\t\t<div class=\"elementor-element elementor-element-b8d24da elementor-widget elementor-widget-image\" data-id=\"b8d24da\" data-element_type=\"widget\" data-e-type=\"widget\" data-widget_type=\"image.default\">\n\t\t\t\t<div class=\"elementor-widget-container\">\n\t\t\t\t\t\t\t\t\t\t\t\t\t\t\t<img alt=\"\" decoding=\"async\" width=\"1024\" height=\"768\" src=\"https:\/\/www.queencncmachinery.com\/wp-content\/uploads\/2025\/12\/\u5fae\u4fe1\u56fe\u7247_20200923150816-1024x768.jpg\" class=\"attachment-large size-large wp-image-4305\" srcset=\"https:\/\/www.queencncmachinery.com\/wp-content\/uploads\/2025\/12\/\u5fae\u4fe1\u56fe\u7247_20200923150816-1024x768.jpg 1024w, https:\/\/www.queencncmachinery.com\/wp-content\/uploads\/2025\/12\/\u5fae\u4fe1\u56fe\u7247_20200923150816-300x225.jpg 300w, https:\/\/www.queencncmachinery.com\/wp-content\/uploads\/2025\/12\/\u5fae\u4fe1\u56fe\u7247_20200923150816-768x576.jpg 768w, https:\/\/www.queencncmachinery.com\/wp-content\/uploads\/2025\/12\/\u5fae\u4fe1\u56fe\u7247_20200923150816-1536x1152.jpg 1536w, https:\/\/www.queencncmachinery.com\/wp-content\/uploads\/2025\/12\/\u5fae\u4fe1\u56fe\u7247_20200923150816-2048x1536.jpg 2048w, https:\/\/www.queencncmachinery.com\/wp-content\/uploads\/2025\/12\/\u5fae\u4fe1\u56fe\u7247_20200923150816-16x12.jpg 16w, https:\/\/www.queencncmachinery.com\/wp-content\/uploads\/2025\/12\/\u5fae\u4fe1\u56fe\u7247_20200923150816-800x600.jpg 800w\" sizes=\"(max-width: 1024px) 100vw, 1024px\" \/>\t\t\t\t\t\t\t\t\t\t\t\t\t\t\t<\/div>\n\t\t\t\t<\/div>\n\t\t\t\t<div class=\"elementor-element elementor-element-4b41c25 elementor-widget elementor-widget-image\" data-id=\"4b41c25\" data-element_type=\"widget\" data-e-type=\"widget\" data-widget_type=\"image.default\">\n\t\t\t\t<div class=\"elementor-widget-container\">\n\t\t\t\t\t\t\t\t\t\t\t\t\t\t\t<img alt=\"\" loading=\"lazy\" decoding=\"async\" width=\"1024\" height=\"768\" src=\"https:\/\/www.queencncmachinery.com\/wp-content\/uploads\/2025\/12\/\u5fae\u4fe1\u56fe\u7247_20200923151657-1024x768.jpg\" class=\"attachment-large size-large wp-image-4306\" srcset=\"https:\/\/www.queencncmachinery.com\/wp-content\/uploads\/2025\/12\/\u5fae\u4fe1\u56fe\u7247_20200923151657-1024x768.jpg 1024w, https:\/\/www.queencncmachinery.com\/wp-content\/uploads\/2025\/12\/\u5fae\u4fe1\u56fe\u7247_20200923151657-300x225.jpg 300w, https:\/\/www.queencncmachinery.com\/wp-content\/uploads\/2025\/12\/\u5fae\u4fe1\u56fe\u7247_20200923151657-768x576.jpg 768w, https:\/\/www.queencncmachinery.com\/wp-content\/uploads\/2025\/12\/\u5fae\u4fe1\u56fe\u7247_20200923151657-1536x1152.jpg 1536w, https:\/\/www.queencncmachinery.com\/wp-content\/uploads\/2025\/12\/\u5fae\u4fe1\u56fe\u7247_20200923151657-2048x1536.jpg 2048w, https:\/\/www.queencncmachinery.com\/wp-content\/uploads\/2025\/12\/\u5fae\u4fe1\u56fe\u7247_20200923151657-16x12.jpg 16w, https:\/\/www.queencncmachinery.com\/wp-content\/uploads\/2025\/12\/\u5fae\u4fe1\u56fe\u7247_20200923151657-800x600.jpg 800w\" sizes=\"(max-width: 1024px) 100vw, 1024px\" \/>\t\t\t\t\t\t\t\t\t\t\t\t\t\t\t<\/div>\n\t\t\t\t<\/div>\n\t\t\t\t\t<\/div>\n\t\t\t\t<\/div>\n\t\t<div class=\"elementor-element elementor-element-20fbd7a e-flex e-con-boxed e-con e-parent\" data-id=\"20fbd7a\" data-element_type=\"container\" data-e-type=\"container\">\n\t\t\t\t\t<div class=\"e-con-inner\">\n\t\t\t\t<div class=\"elementor-element elementor-element-ae715ca elementor-widget elementor-widget-video\" data-id=\"ae715ca\" data-element_type=\"widget\" data-e-type=\"widget\" data-settings=\"{&quot;youtube_url&quot;:&quot;https:\\\/\\\/www.youtube.com\\\/watch?v=CBJhpX1nqkI&quot;,&quot;video_type&quot;:&quot;youtube&quot;,&quot;controls&quot;:&quot;yes&quot;}\" data-widget_type=\"video.default\">\n\t\t\t\t<div class=\"elementor-widget-container\">\n\t\t\t\t\t\t\t<div class=\"elementor-wrapper elementor-open-inline\">\n\t\t\t<div class=\"elementor-video\"><\/div>\t\t<\/div>\n\t\t\t\t\t\t<\/div>\n\t\t\t\t<\/div>\n\t\t\t\t<div class=\"elementor-element elementor-element-1e7162c elementor-widget elementor-widget-heading\" data-id=\"1e7162c\" data-element_type=\"widget\" data-e-type=\"widget\" data-widget_type=\"heading.default\">\n\t\t\t\t<div class=\"elementor-widget-container\">\n\t\t\t\t\t<h2 class=\"elementor-heading-title elementor-size-default\">fresadora cnc atc de 4 ejes con husillo giratorio<\/h2>\t\t\t\t<\/div>\n\t\t\t\t<\/div>\n\t\t\t\t<div class=\"elementor-element elementor-element-daa5829 elementor-widget elementor-widget-text-editor\" data-id=\"daa5829\" data-element_type=\"widget\" data-e-type=\"widget\" data-widget_type=\"text-editor.default\">\n\t\t\t\t<div class=\"elementor-widget-container\">\n\t\t\t\t\t\t\t\t\t<p>4 ejes cnc router no s\u00f3lo para el corte normal y el trabajo de grabado, pero ofrecen la posibilidad de moldeado de madera de espuma, y tambi\u00e9n puede ofrecer la perforaci\u00f3n lateral.<\/p>\t\t\t\t\t\t\t\t<\/div>\n\t\t\t\t<\/div>\n\t\t\t\t<div class=\"elementor-element elementor-element-1c588b3 elementor-widget elementor-widget-image\" data-id=\"1c588b3\" data-element_type=\"widget\" data-e-type=\"widget\" data-widget_type=\"image.default\">\n\t\t\t\t<div class=\"elementor-widget-container\">\n\t\t\t\t\t\t\t\t\t\t\t\t\t\t\t<img alt=\"\" loading=\"lazy\" decoding=\"async\" width=\"1024\" height=\"768\" src=\"https:\/\/www.queencncmachinery.com\/wp-content\/uploads\/2025\/12\/IMG_4314-1024x768.jpg\" class=\"attachment-large size-large wp-image-4314\" srcset=\"https:\/\/www.queencncmachinery.com\/wp-content\/uploads\/2025\/12\/IMG_4314-1024x768.jpg 1024w, https:\/\/www.queencncmachinery.com\/wp-content\/uploads\/2025\/12\/IMG_4314-300x225.jpg 300w, https:\/\/www.queencncmachinery.com\/wp-content\/uploads\/2025\/12\/IMG_4314-768x576.jpg 768w, https:\/\/www.queencncmachinery.com\/wp-content\/uploads\/2025\/12\/IMG_4314-1536x1152.jpg 1536w, https:\/\/www.queencncmachinery.com\/wp-content\/uploads\/2025\/12\/IMG_4314-2048x1536.jpg 2048w, https:\/\/www.queencncmachinery.com\/wp-content\/uploads\/2025\/12\/IMG_4314-16x12.jpg 16w, https:\/\/www.queencncmachinery.com\/wp-content\/uploads\/2025\/12\/IMG_4314-800x600.jpg 800w\" sizes=\"(max-width: 1024px) 100vw, 1024px\" \/>\t\t\t\t\t\t\t\t\t\t\t\t\t\t\t<\/div>\n\t\t\t\t<\/div>\n\t\t\t\t<div class=\"elementor-element elementor-element-b6bde47 elementor-widget elementor-widget-video\" data-id=\"b6bde47\" data-element_type=\"widget\" data-e-type=\"widget\" data-settings=\"{&quot;youtube_url&quot;:&quot;https:\\\/\\\/www.youtube.com\\\/watch?v=d-TDuyXQoCQ&quot;,&quot;video_type&quot;:&quot;youtube&quot;,&quot;controls&quot;:&quot;yes&quot;}\" data-widget_type=\"video.default\">\n\t\t\t\t<div class=\"elementor-widget-container\">\n\t\t\t\t\t\t\t<div class=\"elementor-wrapper elementor-open-inline\">\n\t\t\t<div class=\"elementor-video\"><\/div>\t\t<\/div>\n\t\t\t\t\t\t<\/div>\n\t\t\t\t<\/div>\n\t\t\t\t<div class=\"elementor-element elementor-element-66e20c3 elementor-widget elementor-widget-video\" data-id=\"66e20c3\" data-element_type=\"widget\" data-e-type=\"widget\" data-settings=\"{&quot;youtube_url&quot;:&quot;https:\\\/\\\/www.youtube.com\\\/watch?v=apQfzI_YTgo&quot;,&quot;video_type&quot;:&quot;youtube&quot;,&quot;controls&quot;:&quot;yes&quot;}\" data-widget_type=\"video.default\">\n\t\t\t\t<div class=\"elementor-widget-container\">\n\t\t\t\t\t\t\t<div class=\"elementor-wrapper elementor-open-inline\">\n\t\t\t<div class=\"elementor-video\"><\/div>\t\t<\/div>\n\t\t\t\t\t\t<\/div>\n\t\t\t\t<\/div>\n\t\t\t\t\t<\/div>\n\t\t\t\t<\/div>\n\t\t<div class=\"elementor-element elementor-element-42a90c4 e-flex e-con-boxed e-con e-parent\" data-id=\"42a90c4\" data-element_type=\"container\" data-e-type=\"container\">\n\t\t\t\t\t<div class=\"e-con-inner\">\n\t\t\t\t<div class=\"elementor-element elementor-element-b8a8f7a elementor-widget elementor-widget-heading\" data-id=\"b8a8f7a\" data-element_type=\"widget\" data-e-type=\"widget\" data-widget_type=\"heading.default\">\n\t\t\t\t<div class=\"elementor-widget-container\">\n\t\t\t\t\t<h2 class=\"elementor-heading-title elementor-size-default\">Nesting ATC CNC Router with Loading and Unloading Table<\/h2>\t\t\t\t<\/div>\n\t\t\t\t<\/div>\n\t\t\t\t<div class=\"elementor-element elementor-element-d58aa73 elementor-widget elementor-widget-image\" data-id=\"d58aa73\" data-element_type=\"widget\" data-e-type=\"widget\" data-widget_type=\"image.default\">\n\t\t\t\t<div class=\"elementor-widget-container\">\n\t\t\t\t\t\t\t\t\t\t\t\t\t\t\t<img alt=\"\" loading=\"lazy\" decoding=\"async\" width=\"1024\" height=\"576\" src=\"https:\/\/www.queencncmachinery.com\/wp-content\/uploads\/2026\/03\/\u5fae\u4fe1\u56fe\u7247_20240412152344-1024x576.jpg\" class=\"attachment-large size-large wp-image-4466\" srcset=\"https:\/\/www.queencncmachinery.com\/wp-content\/uploads\/2026\/03\/\u5fae\u4fe1\u56fe\u7247_20240412152344-1024x576.jpg 1024w, https:\/\/www.queencncmachinery.com\/wp-content\/uploads\/2026\/03\/\u5fae\u4fe1\u56fe\u7247_20240412152344-300x169.jpg 300w, https:\/\/www.queencncmachinery.com\/wp-content\/uploads\/2026\/03\/\u5fae\u4fe1\u56fe\u7247_20240412152344-768x432.jpg 768w, https:\/\/www.queencncmachinery.com\/wp-content\/uploads\/2026\/03\/\u5fae\u4fe1\u56fe\u7247_20240412152344-1536x864.jpg 1536w, https:\/\/www.queencncmachinery.com\/wp-content\/uploads\/2026\/03\/\u5fae\u4fe1\u56fe\u7247_20240412152344-18x10.jpg 18w, https:\/\/www.queencncmachinery.com\/wp-content\/uploads\/2026\/03\/\u5fae\u4fe1\u56fe\u7247_20240412152344-800x450.jpg 800w, https:\/\/www.queencncmachinery.com\/wp-content\/uploads\/2026\/03\/\u5fae\u4fe1\u56fe\u7247_20240412152344.jpg 1920w\" sizes=\"(max-width: 1024px) 100vw, 1024px\" \/>\t\t\t\t\t\t\t\t\t\t\t\t\t\t\t<\/div>\n\t\t\t\t<\/div>\n\t\t\t\t\t<\/div>\n\t\t\t\t<\/div>\n\t\t<div class=\"elementor-element elementor-element-1a2c078 e-flex e-con-boxed e-con e-parent\" data-id=\"1a2c078\" data-element_type=\"container\" data-e-type=\"container\">\n\t\t\t\t\t<div class=\"e-con-inner\">\n\t\t\t\t<div class=\"elementor-element elementor-element-5beba02 elementor-widget elementor-widget-text-editor\" data-id=\"5beba02\" data-element_type=\"widget\" data-e-type=\"widget\" data-widget_type=\"text-editor.default\">\n\t\t\t\t<div class=\"elementor-widget-container\">\n\t\t\t\t\t\t\t\t\t<p>For this nesting atc cnc,you can choose to add drilling bank and labeling functions according to your demands.And different working size can be customized.Such as 1300*2500mm,1500*3000mm,2000*3000mm,2100*3600mm,2000*4000mm and so on.<\/p>\t\t\t\t\t\t\t\t<\/div>\n\t\t\t\t<\/div>\n\t\t\t\t<div class=\"elementor-element elementor-element-33f683e elementor-widget elementor-widget-video\" data-id=\"33f683e\" data-element_type=\"widget\" data-e-type=\"widget\" data-settings=\"{&quot;youtube_url&quot;:&quot;https:\\\/\\\/www.youtube.com\\\/watch?v=y47ne6Os5JM&quot;,&quot;video_type&quot;:&quot;youtube&quot;,&quot;controls&quot;:&quot;yes&quot;}\" data-widget_type=\"video.default\">\n\t\t\t\t<div class=\"elementor-widget-container\">\n\t\t\t\t\t\t\t<div class=\"elementor-wrapper elementor-open-inline\">\n\t\t\t<div class=\"elementor-video\"><\/div>\t\t<\/div>\n\t\t\t\t\t\t<\/div>\n\t\t\t\t<\/div>\n\t\t\t\t\t<\/div>\n\t\t\t\t<\/div>\n\t\t\t\t<\/div>","protected":false},"excerpt":{"rendered":"<p>Piranha 2030 ATC CNC router in UK It is hot selling model in Europe.Main configurations as: 2000*3000*250mm working area Syntec60W-E controller Taiwan 30 rails Yaskawa Servo motor and driver HQD or HSD 9KW ATC Spindle Fuling or delta invoice Air vacuum pump for vacuum table Dust collector Shimpo Reducer \u00a0 High precision model is efficient [&hellip;]<\/p>","protected":false},"author":1,"featured_media":0,"parent":0,"menu_order":0,"comment_status":"closed","ping_status":"closed","template":"","meta":{"_seopress_robots_primary_cat":"","_seopress_titles_title":"","_seopress_titles_desc":"","_seopress_robots_index":"","_uag_custom_page_level_css":"","site-sidebar-layout":"no-sidebar","site-content-layout":"page-builder","ast-site-content-layout":"full-width-container","site-content-style":"default","site-sidebar-style":"default","ast-global-header-display":"","ast-banner-title-visibility":"","ast-main-header-display":"","ast-hfb-above-header-display":"","ast-hfb-below-header-display":"","ast-hfb-mobile-header-display":"","site-post-title":"","ast-breadcrumbs-content":"","ast-featured-img":"disabled","footer-sml-layout":"","ast-disable-related-posts":"","theme-transparent-header-meta":"","adv-header-id-meta":"","stick-header-meta":"","header-above-stick-meta":"","header-main-stick-meta":"","header-below-stick-meta":"","astra-migrate-meta-layouts":"set","ast-page-background-enabled":"default","ast-page-background-meta":{"desktop":{"background-color":"","background-image":"","background-repeat":"repeat","background-position":"center center","background-size":"auto","background-attachment":"scroll","background-type":"","background-media":"","overlay-type":"","overlay-color":"","overlay-opacity":"","overlay-gradient":""},"tablet":{"background-color":"","background-image":"","background-repeat":"repeat","background-position":"center center","background-size":"auto","background-attachment":"scroll","background-type":"","background-media":"","overlay-type":"","overlay-color":"","overlay-opacity":"","overlay-gradient":""},"mobile":{"background-color":"","background-image":"","background-repeat":"repeat","background-position":"center center","background-size":"auto","background-attachment":"scroll","background-type":"","background-media":"","overlay-type":"","overlay-color":"","overlay-opacity":"","overlay-gradient":""}},"ast-content-background-meta":{"desktop":{"background-color":"var(--ast-global-color-5)","background-image":"","background-repeat":"repeat","background-position":"center center","background-size":"auto","background-attachment":"scroll","background-type":"","background-media":"","overlay-type":"","overlay-color":"","overlay-opacity":"","overlay-gradient":""},"tablet":{"background-color":"var(--ast-global-color-5)","background-image":"","background-repeat":"repeat","background-position":"center center","background-size":"auto","background-attachment":"scroll","background-type":"","background-media":"","overlay-type":"","overlay-color":"","overlay-opacity":"","overlay-gradient":""},"mobile":{"background-color":"var(--ast-global-color-5)","background-image":"","background-repeat":"repeat","background-position":"center center","background-size":"auto","background-attachment":"scroll","background-type":"","background-media":"","overlay-type":"","overlay-color":"","overlay-opacity":"","overlay-gradient":""}},"footnotes":""},"class_list":["post-3866","page","type-page","status-publish","hentry"],"uagb_featured_image_src":{"full":false,"thumbnail":false,"medium":false,"medium_large":false,"large":false,"1536x1536":false,"2048x2048":false,"trp-custom-language-flag":false,"woocommerce_thumbnail":false,"woocommerce_single":false,"woocommerce_gallery_thumbnail":false},"uagb_author_info":{"display_name":"jinxing6611@gmail.com","author_link":"https:\/\/www.queencncmachinery.com\/es\/author\/jinxing6611gmail-com\/"},"uagb_comment_info":0,"uagb_excerpt":"Piranha 2030 ATC CNC router in UK It is hot selling model in Europe.Main configurations as: 2000*3000*250mm working area Syntec60W-E controller Taiwan 30 rails Yaskawa Servo motor and driver HQD or HSD 9KW ATC Spindle Fuling or delta invoice Air vacuum pump for vacuum table Dust collector Shimpo Reducer \u00a0 High precision model is efficient&hellip;","_links":{"self":[{"href":"https:\/\/www.queencncmachinery.com\/es\/wp-json\/wp\/v2\/pages\/3866","targetHints":{"allow":["GET"]}}],"collection":[{"href":"https:\/\/www.queencncmachinery.com\/es\/wp-json\/wp\/v2\/pages"}],"about":[{"href":"https:\/\/www.queencncmachinery.com\/es\/wp-json\/wp\/v2\/types\/page"}],"author":[{"embeddable":true,"href":"https:\/\/www.queencncmachinery.com\/es\/wp-json\/wp\/v2\/users\/1"}],"replies":[{"embeddable":true,"href":"https:\/\/www.queencncmachinery.com\/es\/wp-json\/wp\/v2\/comments?post=3866"}],"version-history":[{"count":121,"href":"https:\/\/www.queencncmachinery.com\/es\/wp-json\/wp\/v2\/pages\/3866\/revisions"}],"predecessor-version":[{"id":4504,"href":"https:\/\/www.queencncmachinery.com\/es\/wp-json\/wp\/v2\/pages\/3866\/revisions\/4504"}],"wp:attachment":[{"href":"https:\/\/www.queencncmachinery.com\/es\/wp-json\/wp\/v2\/media?parent=3866"}],"curies":[{"name":"wp","href":"https:\/\/api.w.org\/{rel}","templated":true}]}}