{"id":3632,"date":"2025-11-04T14:08:17","date_gmt":"2025-11-04T14:08:17","guid":{"rendered":"https:\/\/www.queencncmachinery.com\/?page_id=3632"},"modified":"2025-11-05T12:58:07","modified_gmt":"2025-11-05T12:58:07","slug":"news","status":"publish","type":"page","link":"https:\/\/www.queencncmachinery.com\/es\/news\/","title":{"rendered":"Noticias"},"content":{"rendered":"<div data-elementor-type=\"wp-page\" data-elementor-id=\"3632\" class=\"elementor elementor-3632\" data-elementor-post-type=\"page\">\n\t\t\t\t<div class=\"elementor-element elementor-element-3612b977 e-flex e-con-boxed e-con e-parent\" data-id=\"3612b977\" data-element_type=\"container\" data-e-type=\"container\" data-settings=\"{&quot;background_background&quot;:&quot;classic&quot;}\">\n\t\t\t\t\t<div class=\"e-con-inner\">\n\t\t<div class=\"elementor-element elementor-element-50462376 e-flex e-con-boxed e-con e-child\" data-id=\"50462376\" data-element_type=\"container\" data-e-type=\"container\">\n\t\t\t\t\t<div class=\"e-con-inner\">\n\t\t\t\t<div class=\"elementor-element elementor-element-4e59adbc elementor-widget elementor-widget-heading\" data-id=\"4e59adbc\" data-element_type=\"widget\" data-e-type=\"widget\" data-widget_type=\"heading.default\">\n\t\t\t\t<div class=\"elementor-widget-container\">\n\t\t\t\t\t<h1 class=\"elementor-heading-title elementor-size-default\">Noticias y art\u00edculos<\/h1>\t\t\t\t<\/div>\n\t\t\t\t<\/div>\n\t\t\t\t\t<\/div>\n\t\t\t\t<\/div>\n\t\t\t\t\t<\/div>\n\t\t\t\t<\/div>\n\t\t<div class=\"elementor-element elementor-element-3880d2d6 e-flex e-con-boxed e-con e-parent\" data-id=\"3880d2d6\" data-element_type=\"container\" data-e-type=\"container\">\n\t\t\t\t\t<div class=\"e-con-inner\">\n\t\t<div class=\"elementor-element elementor-element-2f0f9fef e-flex e-con-boxed e-con e-child\" data-id=\"2f0f9fef\" data-element_type=\"container\" data-e-type=\"container\">\n\t\t\t\t\t<div class=\"e-con-inner\">\n\t\t\t\t<div class=\"elementor-element elementor-element-5f7eb6c elementor-grid-3 elementor-grid-tablet-2 elementor-grid-mobile-1 elementor-posts--thumbnail-top elementor-posts--show-avatar elementor-card-shadow-yes elementor-posts__hover-gradient elementor-widget elementor-widget-posts\" data-id=\"5f7eb6c\" data-element_type=\"widget\" data-e-type=\"widget\" data-settings=\"{&quot;cards_columns&quot;:&quot;3&quot;,&quot;cards_columns_tablet&quot;:&quot;2&quot;,&quot;cards_columns_mobile&quot;:&quot;1&quot;,&quot;cards_row_gap&quot;:{&quot;unit&quot;:&quot;px&quot;,&quot;size&quot;:35,&quot;sizes&quot;:[]},&quot;cards_row_gap_tablet&quot;:{&quot;unit&quot;:&quot;px&quot;,&quot;size&quot;:&quot;&quot;,&quot;sizes&quot;:[]},&quot;cards_row_gap_mobile&quot;:{&quot;unit&quot;:&quot;px&quot;,&quot;size&quot;:&quot;&quot;,&quot;sizes&quot;:[]}}\" data-widget_type=\"posts.cards\">\n\t\t\t\t<div class=\"elementor-widget-container\">\n\t\t\t\t\t\t\t<div class=\"elementor-posts-container elementor-posts elementor-posts--skin-cards elementor-grid\" role=\"list\">\n\t\t\t\t<article class=\"elementor-post elementor-grid-item post-4223 post type-post status-publish format-standard has-post-thumbnail hentry category-news\" role=\"listitem\">\n\t\t\t<div class=\"elementor-post__card\">\n\t\t\t\t<a class=\"elementor-post__thumbnail__link\" href=\"https:\/\/www.queencncmachinery.com\/es\/finished-strictly-working-testing-for-4-sets-of-nesting-cnc-router\/\" tabindex=\"-1\" ><div class=\"elementor-post__thumbnail\"><img alt=\"\" decoding=\"async\" width=\"300\" height=\"161\" src=\"https:\/\/www.queencncmachinery.com\/wp-content\/uploads\/2025\/12\/\u5fae\u4fe1\u56fe\u7247_20250616135652_\u526f\u672c-300x161.png\" class=\"attachment-medium size-medium wp-image-4230\" srcset=\"https:\/\/www.queencncmachinery.com\/wp-content\/uploads\/2025\/12\/\u5fae\u4fe1\u56fe\u7247_20250616135652_\u526f\u672c-300x161.png 300w, https:\/\/www.queencncmachinery.com\/wp-content\/uploads\/2025\/12\/\u5fae\u4fe1\u56fe\u7247_20250616135652_\u526f\u672c-1024x551.png 1024w, https:\/\/www.queencncmachinery.com\/wp-content\/uploads\/2025\/12\/\u5fae\u4fe1\u56fe\u7247_20250616135652_\u526f\u672c-768x413.png 768w, https:\/\/www.queencncmachinery.com\/wp-content\/uploads\/2025\/12\/\u5fae\u4fe1\u56fe\u7247_20250616135652_\u526f\u672c-18x10.png 18w, https:\/\/www.queencncmachinery.com\/wp-content\/uploads\/2025\/12\/\u5fae\u4fe1\u56fe\u7247_20250616135652_\u526f\u672c-800x430.png 800w, https:\/\/www.queencncmachinery.com\/wp-content\/uploads\/2025\/12\/\u5fae\u4fe1\u56fe\u7247_20250616135652_\u526f\u672c.png 1076w\" sizes=\"(max-width: 300px) 100vw, 300px\" \/><\/div><\/a>\n\t\t\t\t<div class=\"elementor-post__badge\">Noticias<\/div>\n\t\t\t\t<div class=\"elementor-post__avatar\">\n\t\t\t<img alt='jinxing6611@gmail.com' src='https:\/\/secure.gravatar.com\/avatar\/3e402e2873bc6bbb4fd312757aef3f820eace40f44660b49a40b976e2893c594?s=128&#038;d=mm&#038;r=g' srcset='https:\/\/secure.gravatar.com\/avatar\/3e402e2873bc6bbb4fd312757aef3f820eace40f44660b49a40b976e2893c594?s=256&#038;d=mm&#038;r=g 2x' class='avatar avatar-128 photo' height='128' width='128' \/>\t\t<\/div>\n\t\t\t\t<div class=\"elementor-post__text\">\n\t\t\t\t<h3 class=\"elementor-post__title\">\n\t\t\t<a href=\"https:\/\/www.queencncmachinery.com\/es\/finished-strictly-working-testing-for-4-sets-of-nesting-cnc-router\/\" >\n\t\t\t\tTerminado estrictamente pruebas de trabajo para 4 conjuntos de anidaci\u00f3n cnc router\t\t\t<\/a>\n\t\t<\/h3>\n\t\t\t\t<div class=\"elementor-post__excerpt\">\n\t\t\t<p>Mantenga Cada precisi\u00f3n de la m\u00e1quina dentro de 0,1 mm, y hacer todo lo posible para satisfacer las demandas de los clientes. Se trata de un nesting atc cnc router con mesa de etiquetado, carga y descarga, banco de perforaci\u00f3n y la sierra. Las ventajas de la m\u00e1quina como: Ventajas de las m\u00e1quinas de carga\/descarga, etiquetado, taladrado multihusillo y grabado Este tipo de m\u00e1quina integrada combina varios pasos cr\u00edticos de procesamiento de madera o paneles en<\/p>\n\t\t<\/div>\n\t\t\n\t\t<a class=\"elementor-post__read-more\" href=\"https:\/\/www.queencncmachinery.com\/es\/finished-strictly-working-testing-for-4-sets-of-nesting-cnc-router\/\" aria-label=\"M\u00e1s informaci\u00f3n sobre Finished strictly working testing for 4 sets of nesting cnc router\" tabindex=\"-1\" >\n\t\t\tLeer M\u00e1s \"\t\t<\/a>\n\n\t\t\t\t<\/div>\n\t\t\t\t<div class=\"elementor-post__meta-data\">\n\t\t\t\t\t<span class=\"elementor-post-date\">\n\t\t\t19 de diciembre de 2025\t\t<\/span>\n\t\t\t\t<span class=\"elementor-post-avatar\">\n\t\t\tNo hay comentarios\t\t<\/span>\n\t\t\t\t<\/div>\n\t\t\t\t\t<\/div>\n\t\t<\/article>\n\t\t\t\t<article class=\"elementor-post elementor-grid-item post-4155 post type-post status-publish format-standard has-post-thumbnail hentry category-news\" role=\"listitem\">\n\t\t\t<div class=\"elementor-post__card\">\n\t\t\t\t<a class=\"elementor-post__thumbnail__link\" href=\"https:\/\/www.queencncmachinery.com\/es\/strict-cnc-router-machine-working-testing-before-sending\/\" tabindex=\"-1\" ><div class=\"elementor-post__thumbnail\"><img alt=\"\" decoding=\"async\" width=\"300\" height=\"162\" src=\"https:\/\/www.queencncmachinery.com\/wp-content\/uploads\/2025\/11\/QQ20251128-141601-300x162.png\" class=\"attachment-medium size-medium wp-image-4163\" srcset=\"https:\/\/www.queencncmachinery.com\/wp-content\/uploads\/2025\/11\/QQ20251128-141601-300x162.png 300w, https:\/\/www.queencncmachinery.com\/wp-content\/uploads\/2025\/11\/QQ20251128-141601-1024x553.png 1024w, https:\/\/www.queencncmachinery.com\/wp-content\/uploads\/2025\/11\/QQ20251128-141601-768x415.png 768w, https:\/\/www.queencncmachinery.com\/wp-content\/uploads\/2025\/11\/QQ20251128-141601-18x10.png 18w, https:\/\/www.queencncmachinery.com\/wp-content\/uploads\/2025\/11\/QQ20251128-141601-800x432.png 800w, https:\/\/www.queencncmachinery.com\/wp-content\/uploads\/2025\/11\/QQ20251128-141601.png 1099w\" sizes=\"(max-width: 300px) 100vw, 300px\" \/><\/div><\/a>\n\t\t\t\t<div class=\"elementor-post__badge\">Noticias<\/div>\n\t\t\t\t<div class=\"elementor-post__avatar\">\n\t\t\t<img alt='jinxing6611@gmail.com' src='https:\/\/secure.gravatar.com\/avatar\/3e402e2873bc6bbb4fd312757aef3f820eace40f44660b49a40b976e2893c594?s=128&#038;d=mm&#038;r=g' srcset='https:\/\/secure.gravatar.com\/avatar\/3e402e2873bc6bbb4fd312757aef3f820eace40f44660b49a40b976e2893c594?s=256&#038;d=mm&#038;r=g 2x' class='avatar avatar-128 photo' height='128' width='128' \/>\t\t<\/div>\n\t\t\t\t<div class=\"elementor-post__text\">\n\t\t\t\t<h3 class=\"elementor-post__title\">\n\t\t\t<a href=\"https:\/\/www.queencncmachinery.com\/es\/strict-cnc-router-machine-working-testing-before-sending\/\" >\n\t\t\t\tEstricto CNC Router M\u00e1quina de trabajo de prueba antes de enviar\t\t\t<\/a>\n\t\t<\/h3>\n\t\t\t\t<div class=\"elementor-post__excerpt\">\n\t\t\t<p>I. Inspecci\u00f3n de calidad a la llegada 1. Despu\u00e9s de la llegada de las piezas mecanizadas, compruebe si hay errores, soldaduras y rebabas de acuerdo con los planos 2. 2. Despu\u00e9s de pulverizar la bancada y las piezas mecanizadas, compruebe la pulverizaci\u00f3n de la superficie en la f\u00e1brica para ver si hay pulverizaci\u00f3n desigual y si la masilla est\u00e1 nivelada. II. Montaje del banco 1. Raspar<\/p>\n\t\t<\/div>\n\t\t\n\t\t<a class=\"elementor-post__read-more\" href=\"https:\/\/www.queencncmachinery.com\/es\/strict-cnc-router-machine-working-testing-before-sending\/\" aria-label=\"M\u00e1s informaci\u00f3n sobre Strict CNC Router Machine Working Testing Before Sending\" tabindex=\"-1\" >\n\t\t\tLeer M\u00e1s \"\t\t<\/a>\n\n\t\t\t\t<\/div>\n\t\t\t\t<div class=\"elementor-post__meta-data\">\n\t\t\t\t\t<span class=\"elementor-post-date\">\n\t\t\t28 de noviembre de 2025\t\t<\/span>\n\t\t\t\t<span class=\"elementor-post-avatar\">\n\t\t\tNo hay comentarios\t\t<\/span>\n\t\t\t\t<\/div>\n\t\t\t\t\t<\/div>\n\t\t<\/article>\n\t\t\t\t<article class=\"elementor-post elementor-grid-item post-4058 post type-post status-publish format-standard has-post-thumbnail hentry category-news\" role=\"listitem\">\n\t\t\t<div class=\"elementor-post__card\">\n\t\t\t\t<a class=\"elementor-post__thumbnail__link\" href=\"https:\/\/www.queencncmachinery.com\/es\/our-cnc-machines-in-indonesia\/\" tabindex=\"-1\" ><div class=\"elementor-post__thumbnail\"><img alt=\"\" fetchpriority=\"high\" decoding=\"async\" width=\"300\" height=\"225\" src=\"https:\/\/www.queencncmachinery.com\/wp-content\/uploads\/2025\/11\/Photo-6-300x225.jpg\" class=\"attachment-medium size-medium wp-image-3437\" srcset=\"https:\/\/www.queencncmachinery.com\/wp-content\/uploads\/2025\/11\/Photo-6-300x225.jpg 300w, https:\/\/www.queencncmachinery.com\/wp-content\/uploads\/2025\/11\/Photo-6-scaled-800x600.jpg 800w, https:\/\/www.queencncmachinery.com\/wp-content\/uploads\/2025\/11\/Photo-6-1024x768.jpg 1024w, https:\/\/www.queencncmachinery.com\/wp-content\/uploads\/2025\/11\/Photo-6-768x576.jpg 768w, https:\/\/www.queencncmachinery.com\/wp-content\/uploads\/2025\/11\/Photo-6-1536x1152.jpg 1536w, https:\/\/www.queencncmachinery.com\/wp-content\/uploads\/2025\/11\/Photo-6-2048x1536.jpg 2048w, https:\/\/www.queencncmachinery.com\/wp-content\/uploads\/2025\/11\/Photo-6-16x12.jpg 16w\" sizes=\"(max-width: 300px) 100vw, 300px\" \/><\/div><\/a>\n\t\t\t\t<div class=\"elementor-post__badge\">Noticias<\/div>\n\t\t\t\t<div class=\"elementor-post__avatar\">\n\t\t\t<img alt='jinxing6611@gmail.com' src='https:\/\/secure.gravatar.com\/avatar\/3e402e2873bc6bbb4fd312757aef3f820eace40f44660b49a40b976e2893c594?s=128&#038;d=mm&#038;r=g' srcset='https:\/\/secure.gravatar.com\/avatar\/3e402e2873bc6bbb4fd312757aef3f820eace40f44660b49a40b976e2893c594?s=256&#038;d=mm&#038;r=g 2x' class='avatar avatar-128 photo' height='128' width='128' \/>\t\t<\/div>\n\t\t\t\t<div class=\"elementor-post__text\">\n\t\t\t\t<h3 class=\"elementor-post__title\">\n\t\t\t<a href=\"https:\/\/www.queencncmachinery.com\/es\/our-cnc-machines-in-indonesia\/\" >\n\t\t\t\tNuestras m\u00e1quinas CNC en Indonesia\t\t\t<\/a>\n\t\t<\/h3>\n\t\t\t\t<div class=\"elementor-post__excerpt\">\n\t\t\t<p>\u00a1La cooperaci\u00f3n de una vez traer\u00e1 la cooperaci\u00f3n del tiempo largo! Este es un buen cliente que conocimos en exhibition.He y su amigo compr\u00f3 1350 carrusel atc,1325 150w m\u00e1quina l\u00e1ser de nosotros en 2017.Y luego compr\u00f3 2 juegos de 2050 atc,1 conjunto de m\u00e1quina de corte de cuchillo digital,cnc torno de madera de nosotros en 2021.Ellos est\u00e1n muy contentos por nuestra<\/p>\n\t\t<\/div>\n\t\t\n\t\t<a class=\"elementor-post__read-more\" href=\"https:\/\/www.queencncmachinery.com\/es\/our-cnc-machines-in-indonesia\/\" aria-label=\"M\u00e1s informaci\u00f3n sobre Our CNC Machines in Indonesia\" tabindex=\"-1\" >\n\t\t\tLeer M\u00e1s \"\t\t<\/a>\n\n\t\t\t\t<\/div>\n\t\t\t\t<div class=\"elementor-post__meta-data\">\n\t\t\t\t\t<span class=\"elementor-post-date\">\n\t\t\t27 de noviembre de 2025\t\t<\/span>\n\t\t\t\t<span class=\"elementor-post-avatar\">\n\t\t\tNo hay comentarios\t\t<\/span>\n\t\t\t\t<\/div>\n\t\t\t\t\t<\/div>\n\t\t<\/article>\n\t\t\t\t<article class=\"elementor-post elementor-grid-item post-4029 post type-post status-publish format-standard has-post-thumbnail hentry category-news\" role=\"listitem\">\n\t\t\t<div class=\"elementor-post__card\">\n\t\t\t\t<a class=\"elementor-post__thumbnail__link\" href=\"https:\/\/www.queencncmachinery.com\/es\/our-technician-in-peru-for-fiber-cutting-machine-training-for-service\/\" tabindex=\"-1\" ><div class=\"elementor-post__thumbnail\"><img alt=\"\" loading=\"lazy\" decoding=\"async\" width=\"300\" height=\"225\" src=\"https:\/\/www.queencncmachinery.com\/wp-content\/uploads\/2025\/11\/IMG_8935-300x225.jpg\" class=\"attachment-medium size-medium wp-image-3551\" srcset=\"https:\/\/www.queencncmachinery.com\/wp-content\/uploads\/2025\/11\/IMG_8935-300x225.jpg 300w, https:\/\/www.queencncmachinery.com\/wp-content\/uploads\/2025\/11\/IMG_8935-scaled-800x600.jpg 800w, https:\/\/www.queencncmachinery.com\/wp-content\/uploads\/2025\/11\/IMG_8935-1024x768.jpg 1024w, https:\/\/www.queencncmachinery.com\/wp-content\/uploads\/2025\/11\/IMG_8935-768x576.jpg 768w, https:\/\/www.queencncmachinery.com\/wp-content\/uploads\/2025\/11\/IMG_8935-1536x1152.jpg 1536w, https:\/\/www.queencncmachinery.com\/wp-content\/uploads\/2025\/11\/IMG_8935-2048x1536.jpg 2048w, https:\/\/www.queencncmachinery.com\/wp-content\/uploads\/2025\/11\/IMG_8935-16x12.jpg 16w\" sizes=\"(max-width: 300px) 100vw, 300px\" \/><\/div><\/a>\n\t\t\t\t<div class=\"elementor-post__badge\">Noticias<\/div>\n\t\t\t\t<div class=\"elementor-post__avatar\">\n\t\t\t<img alt='jinxing6611@gmail.com' src='https:\/\/secure.gravatar.com\/avatar\/3e402e2873bc6bbb4fd312757aef3f820eace40f44660b49a40b976e2893c594?s=128&#038;d=mm&#038;r=g' srcset='https:\/\/secure.gravatar.com\/avatar\/3e402e2873bc6bbb4fd312757aef3f820eace40f44660b49a40b976e2893c594?s=256&#038;d=mm&#038;r=g 2x' class='avatar avatar-128 photo' height='128' width='128' \/>\t\t<\/div>\n\t\t\t\t<div class=\"elementor-post__text\">\n\t\t\t\t<h3 class=\"elementor-post__title\">\n\t\t\t<a href=\"https:\/\/www.queencncmachinery.com\/es\/our-technician-in-peru-for-fiber-cutting-machine-training-for-service\/\" >\n\t\t\t\tNuestro t\u00e9cnico en Per\u00fa para la formaci\u00f3n y el servicio de m\u00e1quinas de corte de fibra\t\t\t<\/a>\n\t\t<\/h3>\n\t\t\t\t<div class=\"elementor-post__excerpt\">\n\t\t\t<p>1. \u00bfc\u00f3mo conectar bien el cable de tierra? Es necesario poner una barra de hierro insertada en el suelo, mejor alrededor de 1,5 m de profundidad en el suelo, y conectar el cable de tierra en la parte superior de la barra de hierro. El suelo debe estar h\u00famedo, a\u00f1adir un poco de agua salada. 2. \u00bfC\u00f3mo comprobar si la cremallera y el pi\u00f1\u00f3n del eje Y tienen holgura? Cuando el<\/p>\n\t\t<\/div>\n\t\t\n\t\t<a class=\"elementor-post__read-more\" href=\"https:\/\/www.queencncmachinery.com\/es\/our-technician-in-peru-for-fiber-cutting-machine-training-for-service\/\" aria-label=\"M\u00e1s informaci\u00f3n sobre Our technician in Peru for fiber cutting machine training and service\" tabindex=\"-1\" >\n\t\t\tLeer M\u00e1s \"\t\t<\/a>\n\n\t\t\t\t<\/div>\n\t\t\t\t<div class=\"elementor-post__meta-data\">\n\t\t\t\t\t<span class=\"elementor-post-date\">\n\t\t\t19 de noviembre de 2025\t\t<\/span>\n\t\t\t\t<span class=\"elementor-post-avatar\">\n\t\t\tNo hay comentarios\t\t<\/span>\n\t\t\t\t<\/div>\n\t\t\t\t\t<\/div>\n\t\t<\/article>\n\t\t\t\t<article class=\"elementor-post elementor-grid-item post-3666 post type-post status-publish format-standard has-post-thumbnail hentry category-news\" role=\"listitem\">\n\t\t\t<div class=\"elementor-post__card\">\n\t\t\t\t<a class=\"elementor-post__thumbnail__link\" href=\"https:\/\/www.queencncmachinery.com\/es\/consider-your-application-and-work-requirements\/\" tabindex=\"-1\" ><div class=\"elementor-post__thumbnail\"><img alt=\"\" loading=\"lazy\" decoding=\"async\" width=\"225\" height=\"300\" src=\"https:\/\/www.queencncmachinery.com\/wp-content\/uploads\/2025\/11\/78-e1764301619702-225x300.jpg\" class=\"attachment-medium size-medium wp-image-3885\" srcset=\"https:\/\/www.queencncmachinery.com\/wp-content\/uploads\/2025\/11\/78-e1764301619702-225x300.jpg 225w, https:\/\/www.queencncmachinery.com\/wp-content\/uploads\/2025\/11\/78-e1764301619702-768x1024.jpg 768w, https:\/\/www.queencncmachinery.com\/wp-content\/uploads\/2025\/11\/78-e1764301619702-1152x1536.jpg 1152w, https:\/\/www.queencncmachinery.com\/wp-content\/uploads\/2025\/11\/78-e1764301619702-9x12.jpg 9w, https:\/\/www.queencncmachinery.com\/wp-content\/uploads\/2025\/11\/78-e1764301619702-800x1067.jpg 800w, https:\/\/www.queencncmachinery.com\/wp-content\/uploads\/2025\/11\/78-e1764301619702.jpg 1200w\" sizes=\"(max-width: 225px) 100vw, 225px\" \/><\/div><\/a>\n\t\t\t\t<div class=\"elementor-post__badge\">Noticias<\/div>\n\t\t\t\t<div class=\"elementor-post__avatar\">\n\t\t\t<img alt='jinxing6611@gmail.com' src='https:\/\/secure.gravatar.com\/avatar\/3e402e2873bc6bbb4fd312757aef3f820eace40f44660b49a40b976e2893c594?s=128&#038;d=mm&#038;r=g' srcset='https:\/\/secure.gravatar.com\/avatar\/3e402e2873bc6bbb4fd312757aef3f820eace40f44660b49a40b976e2893c594?s=256&#038;d=mm&#038;r=g 2x' class='avatar avatar-128 photo' height='128' width='128' \/>\t\t<\/div>\n\t\t\t\t<div class=\"elementor-post__text\">\n\t\t\t\t<h3 class=\"elementor-post__title\">\n\t\t\t<a href=\"https:\/\/www.queencncmachinery.com\/es\/consider-your-application-and-work-requirements\/\" >\n\t\t\t\tConsidere su solicitud y los requisitos de trabajo\t\t\t<\/a>\n\t\t<\/h3>\n\t\t\t\t<div class=\"elementor-post__excerpt\">\n\t\t\t<p>El primer paso para elegir una fresadora CNC es determinar su aplicaci\u00f3n espec\u00edfica y sus requisitos de trabajo. \u00bfLa va a utilizar para trabajar la madera, el metal, la rotulaci\u00f3n u otro sector? Diferentes aplicaciones requieren diferentes caracter\u00edsticas y capacidades en una fresadora CNC. Por ejemplo, si va a trabajar con madera, una m\u00e1quina con un<\/p>\n\t\t<\/div>\n\t\t\n\t\t<a class=\"elementor-post__read-more\" href=\"https:\/\/www.queencncmachinery.com\/es\/consider-your-application-and-work-requirements\/\" aria-label=\"M\u00e1s informaci\u00f3n sobre Consider Your Application and Work Requirements\" tabindex=\"-1\" >\n\t\t\tLeer M\u00e1s \"\t\t<\/a>\n\n\t\t\t\t<\/div>\n\t\t\t\t<div class=\"elementor-post__meta-data\">\n\t\t\t\t\t<span class=\"elementor-post-date\">\n\t\t\t5 de noviembre de 2025\t\t<\/span>\n\t\t\t\t<span class=\"elementor-post-avatar\">\n\t\t\tNo hay comentarios\t\t<\/span>\n\t\t\t\t<\/div>\n\t\t\t\t\t<\/div>\n\t\t<\/article>\n\t\t\t\t<article class=\"elementor-post elementor-grid-item post-3662 post type-post status-publish format-standard has-post-thumbnail hentry category-news\" role=\"listitem\">\n\t\t\t<div class=\"elementor-post__card\">\n\t\t\t\t<a class=\"elementor-post__thumbnail__link\" href=\"https:\/\/www.queencncmachinery.com\/es\/howtochooseagoodqualitycncroutermachine\/\" tabindex=\"-1\" ><div class=\"elementor-post__thumbnail\"><img alt=\"\" loading=\"lazy\" decoding=\"async\" width=\"300\" height=\"225\" src=\"https:\/\/www.queencncmachinery.com\/wp-content\/uploads\/2025\/11\/IMG_3320-300x225.jpg\" class=\"attachment-medium size-medium wp-image-4047\" srcset=\"https:\/\/www.queencncmachinery.com\/wp-content\/uploads\/2025\/11\/IMG_3320-300x225.jpg 300w, https:\/\/www.queencncmachinery.com\/wp-content\/uploads\/2025\/11\/IMG_3320-1024x768.jpg 1024w, https:\/\/www.queencncmachinery.com\/wp-content\/uploads\/2025\/11\/IMG_3320-768x576.jpg 768w, https:\/\/www.queencncmachinery.com\/wp-content\/uploads\/2025\/11\/IMG_3320-1536x1152.jpg 1536w, https:\/\/www.queencncmachinery.com\/wp-content\/uploads\/2025\/11\/IMG_3320-2048x1536.jpg 2048w, https:\/\/www.queencncmachinery.com\/wp-content\/uploads\/2025\/11\/IMG_3320-16x12.jpg 16w, https:\/\/www.queencncmachinery.com\/wp-content\/uploads\/2025\/11\/IMG_3320-800x600.jpg 800w\" sizes=\"(max-width: 300px) 100vw, 300px\" \/><\/div><\/a>\n\t\t\t\t<div class=\"elementor-post__badge\">Noticias<\/div>\n\t\t\t\t<div class=\"elementor-post__avatar\">\n\t\t\t<img alt='jinxing6611@gmail.com' src='https:\/\/secure.gravatar.com\/avatar\/3e402e2873bc6bbb4fd312757aef3f820eace40f44660b49a40b976e2893c594?s=128&#038;d=mm&#038;r=g' srcset='https:\/\/secure.gravatar.com\/avatar\/3e402e2873bc6bbb4fd312757aef3f820eace40f44660b49a40b976e2893c594?s=256&#038;d=mm&#038;r=g 2x' class='avatar avatar-128 photo' height='128' width='128' \/>\t\t<\/div>\n\t\t\t\t<div class=\"elementor-post__text\">\n\t\t\t\t<h3 class=\"elementor-post__title\">\n\t\t\t<a href=\"https:\/\/www.queencncmachinery.com\/es\/howtochooseagoodqualitycncroutermachine\/\" >\n\t\t\t\tC\u00f3mo elegir una m\u00e1quina fresadora CNC de buena calidad\t\t\t<\/a>\n\t\t<\/h3>\n\t\t\t\t<div class=\"elementor-post__excerpt\">\n\t\t\t<p>#H\u00f3moElegirUnaM\u00e1quinaRouterCNDeBuenaCalidad En la industria moderna de fabricaci\u00f3n y procesamiento, la m\u00e1quina ruteadora CNC se ha convertido en una herramienta indispensable. Ofrece alta precisi\u00f3n, eficacia y flexibilidad, permitiendo la creaci\u00f3n de dise\u00f1os complejos e intrincados en diversos materiales. Sin embargo, con la amplia gama de fresadoras CNC disponibles en el mercado, elegir una de alta calidad puede ser una tarea dif\u00edcil.<\/p>\n\t\t<\/div>\n\t\t\n\t\t<a class=\"elementor-post__read-more\" href=\"https:\/\/www.queencncmachinery.com\/es\/howtochooseagoodqualitycncroutermachine\/\" aria-label=\"M\u00e1s informaci\u00f3n sobre How to Choose a Good Quality CNC Router Machine\" tabindex=\"-1\" >\n\t\t\tLeer M\u00e1s \"\t\t<\/a>\n\n\t\t\t\t<\/div>\n\t\t\t\t<div class=\"elementor-post__meta-data\">\n\t\t\t\t\t<span class=\"elementor-post-date\">\n\t\t\t5 de noviembre de 2025\t\t<\/span>\n\t\t\t\t<span class=\"elementor-post-avatar\">\n\t\t\tNo hay comentarios\t\t<\/span>\n\t\t\t\t<\/div>\n\t\t\t\t\t<\/div>\n\t\t<\/article>\n\t\t\t\t<\/div>\n\t\t\n\t\t\t\t\t\t<\/div>\n\t\t\t\t<\/div>\n\t\t\t\t\t<\/div>\n\t\t\t\t<\/div>\n\t\t\t\t\t<\/div>\n\t\t\t\t<\/div>\n\t\t\t\t<\/div>","protected":false},"excerpt":{"rendered":"<p>Noticias y art\u00edculos<\/p>","protected":false},"author":1,"featured_media":0,"parent":0,"menu_order":0,"comment_status":"closed","ping_status":"closed","template":"","meta":{"_seopress_robots_primary_cat":"","_seopress_titles_title":"","_seopress_titles_desc":"","_seopress_robots_index":"","_uag_custom_page_level_css":"","site-sidebar-layout":"no-sidebar","site-content-layout":"page-builder","ast-site-content-layout":"full-width-container","site-content-style":"default","site-sidebar-style":"default","ast-global-header-display":"","ast-banner-title-visibility":"","ast-main-header-display":"","ast-hfb-above-header-display":"","ast-hfb-below-header-display":"","ast-hfb-mobile-header-display":"","site-post-title":"","ast-breadcrumbs-content":"","ast-featured-img":"disabled","footer-sml-layout":"","ast-disable-related-posts":"","theme-transparent-header-meta":"","adv-header-id-meta":"","stick-header-meta":"","header-above-stick-meta":"","header-main-stick-meta":"","header-below-stick-meta":"","astra-migrate-meta-layouts":"set","ast-page-background-enabled":"default","ast-page-background-meta":{"desktop":{"background-color":"","background-image":"","background-repeat":"repeat","background-position":"center center","background-size":"auto","background-attachment":"scroll","background-type":"","background-media":"","overlay-type":"","overlay-color":"","overlay-opacity":"","overlay-gradient":""},"tablet":{"background-color":"","background-image":"","background-repeat":"repeat","background-position":"center center","background-size":"auto","background-attachment":"scroll","background-type":"","background-media":"","overlay-type":"","overlay-color":"","overlay-opacity":"","overlay-gradient":""},"mobile":{"background-color":"","background-image":"","background-repeat":"repeat","background-position":"center center","background-size":"auto","background-attachment":"scroll","background-type":"","background-media":"","overlay-type":"","overlay-color":"","overlay-opacity":"","overlay-gradient":""}},"ast-content-background-meta":{"desktop":{"background-color":"var(--ast-global-color-5)","background-image":"","background-repeat":"repeat","background-position":"center center","background-size":"auto","background-attachment":"scroll","background-type":"","background-media":"","overlay-type":"","overlay-color":"","overlay-opacity":"","overlay-gradient":""},"tablet":{"background-color":"var(--ast-global-color-5)","background-image":"","background-repeat":"repeat","background-position":"center center","background-size":"auto","background-attachment":"scroll","background-type":"","background-media":"","overlay-type":"","overlay-color":"","overlay-opacity":"","overlay-gradient":""},"mobile":{"background-color":"var(--ast-global-color-5)","background-image":"","background-repeat":"repeat","background-position":"center center","background-size":"auto","background-attachment":"scroll","background-type":"","background-media":"","overlay-type":"","overlay-color":"","overlay-opacity":"","overlay-gradient":""}},"footnotes":""},"class_list":["post-3632","page","type-page","status-publish","hentry"],"uagb_featured_image_src":{"full":false,"thumbnail":false,"medium":false,"medium_large":false,"large":false,"1536x1536":false,"2048x2048":false,"trp-custom-language-flag":false,"woocommerce_thumbnail":false,"woocommerce_single":false,"woocommerce_gallery_thumbnail":false},"uagb_author_info":{"display_name":"jinxing6611@gmail.com","author_link":"https:\/\/www.queencncmachinery.com\/es\/author\/jinxing6611gmail-com\/"},"uagb_comment_info":0,"uagb_excerpt":"News &amp; Article","_links":{"self":[{"href":"https:\/\/www.queencncmachinery.com\/es\/wp-json\/wp\/v2\/pages\/3632","targetHints":{"allow":["GET"]}}],"collection":[{"href":"https:\/\/www.queencncmachinery.com\/es\/wp-json\/wp\/v2\/pages"}],"about":[{"href":"https:\/\/www.queencncmachinery.com\/es\/wp-json\/wp\/v2\/types\/page"}],"author":[{"embeddable":true,"href":"https:\/\/www.queencncmachinery.com\/es\/wp-json\/wp\/v2\/users\/1"}],"replies":[{"embeddable":true,"href":"https:\/\/www.queencncmachinery.com\/es\/wp-json\/wp\/v2\/comments?post=3632"}],"version-history":[{"count":10,"href":"https:\/\/www.queencncmachinery.com\/es\/wp-json\/wp\/v2\/pages\/3632\/revisions"}],"predecessor-version":[{"id":3747,"href":"https:\/\/www.queencncmachinery.com\/es\/wp-json\/wp\/v2\/pages\/3632\/revisions\/3747"}],"wp:attachment":[{"href":"https:\/\/www.queencncmachinery.com\/es\/wp-json\/wp\/v2\/media?parent=3632"}],"curies":[{"name":"wp","href":"https:\/\/api.w.org\/{rel}","templated":true}]}}